{"id":1990,"date":"2026-03-02T09:53:57","date_gmt":"2026-03-02T06:53:57","guid":{"rendered":"https:\/\/label.bet\/?page_id=1931"},"modified":"2026-03-30T11:00:39","modified_gmt":"2026-03-30T08:00:39","slug":"trustpilot","status":"publish","type":"page","link":"https:\/\/label.bet\/hu\/trustpilot\/","title":{"rendered":"Trustpilot"},"content":{"rendered":"","protected":false},"excerpt":{"rendered":"","protected":false},"author":1,"featured_media":0,"parent":0,"menu_order":0,"comment_status":"closed","ping_status":"closed","template":"","meta":{"_acf_changed":false,"footnotes":""},"class_list":["post-1990","page","type-page","status-publish","hentry"],"acf":[],"yoast_head":"<!-- This site is optimized with the Yoast SEO plugin v26.5 - https:\/\/yoast.com\/wordpress\/plugins\/seo\/ -->\n<title>BetLabel Trustpilot \u2014 Val\u00f3di felhaszn\u00e1l\u00f3i v\u00e9lem\u00e9nyek<\/title>\n<meta name=\"description\" content=\"A BetLabel \u00e1ltal\u00e1ban pozit\u00edv \u00e9rt\u00e9kel\u00e9seket kap a Trustpiloton: a j\u00e1t\u00e9kosok dics\u00e9rik a gyors kifizet\u00e9seket, a felhaszn\u00e1l\u00f3bar\u00e1t fel\u00fcletet, a szem\u00e9lyre szabott VIP-szolg\u00e1ltat\u00e1st \u00e9s a tisztess\u00e9ges b\u00f3nuszfelt\u00e9teleket, de egyes v\u00e9lem\u00e9nyekben felmer\u00fclnek bizonyos fizet\u00e9si m\u00f3dok haszn\u00e1lat\u00e1val kapcsolatos kifizet\u00e9si neh\u00e9zs\u00e9gek, valamint a szem\u00e9lyazonoss\u00e1g-ellen\u0151rz\u00e9ssel kapcsolatos vitatott helyzetek.\" \/>\n<meta name=\"robots\" content=\"index, follow, max-snippet:-1, max-image-preview:large, max-video-preview:-1\" \/>\n<link rel=\"canonical\" href=\"https:\/\/label.bet\/hu\/trustpilot\/\" \/>\n<meta property=\"og:locale\" content=\"hu_HU\" \/>\n<meta property=\"og:type\" content=\"article\" \/>\n<meta property=\"og:title\" content=\"BetLabel Trustpilot \u2014 Val\u00f3di felhaszn\u00e1l\u00f3i v\u00e9lem\u00e9nyek\" \/>\n<meta property=\"og:description\" content=\"A BetLabel \u00e1ltal\u00e1ban pozit\u00edv \u00e9rt\u00e9kel\u00e9seket kap a Trustpiloton: a j\u00e1t\u00e9kosok dics\u00e9rik a gyors kifizet\u00e9seket, a felhaszn\u00e1l\u00f3bar\u00e1t fel\u00fcletet, a szem\u00e9lyre szabott VIP-szolg\u00e1ltat\u00e1st \u00e9s a tisztess\u00e9ges b\u00f3nuszfelt\u00e9teleket, de egyes v\u00e9lem\u00e9nyekben felmer\u00fclnek bizonyos fizet\u00e9si m\u00f3dok haszn\u00e1lat\u00e1val kapcsolatos kifizet\u00e9si neh\u00e9zs\u00e9gek, valamint a szem\u00e9lyazonoss\u00e1g-ellen\u0151rz\u00e9ssel kapcsolatos vitatott helyzetek.\" \/>\n<meta property=\"og:url\" content=\"https:\/\/label.bet\/hu\/trustpilot\/\" \/>\n<meta property=\"og:site_name\" content=\"BetLabel hu\" \/>\n<meta property=\"article:modified_time\" content=\"2026-03-30T08:00:39+00:00\" \/>\n<meta name=\"twitter:card\" content=\"summary_large_image\" \/>\n<script type=\"application\/ld+json\" class=\"yoast-schema-graph\">{\"@context\":\"https:\/\/schema.org\",\"@graph\":[{\"@type\":\"WebPage\",\"@id\":\"https:\/\/label.bet\/hu\/trustpilot\/\",\"url\":\"https:\/\/label.bet\/hu\/trustpilot\/\",\"name\":\"BetLabel Trustpilot \u2014 Val\u00f3di felhaszn\u00e1l\u00f3i v\u00e9lem\u00e9nyek\",\"isPartOf\":{\"@id\":\"https:\/\/label.bet\/hu\/#website\"},\"datePublished\":\"2026-03-02T06:53:57+00:00\",\"dateModified\":\"2026-03-30T08:00:39+00:00\",\"description\":\"A BetLabel \u00e1ltal\u00e1ban pozit\u00edv \u00e9rt\u00e9kel\u00e9seket kap a Trustpiloton: a j\u00e1t\u00e9kosok dics\u00e9rik a gyors kifizet\u00e9seket, a felhaszn\u00e1l\u00f3bar\u00e1t fel\u00fcletet, a szem\u00e9lyre szabott VIP-szolg\u00e1ltat\u00e1st \u00e9s a tisztess\u00e9ges b\u00f3nuszfelt\u00e9teleket, de egyes v\u00e9lem\u00e9nyekben felmer\u00fclnek bizonyos fizet\u00e9si m\u00f3dok haszn\u00e1lat\u00e1val kapcsolatos kifizet\u00e9si neh\u00e9zs\u00e9gek, valamint a szem\u00e9lyazonoss\u00e1g-ellen\u0151rz\u00e9ssel kapcsolatos vitatott helyzetek.\",\"inLanguage\":\"hu\",\"potentialAction\":[{\"@type\":\"ReadAction\",\"target\":[\"https:\/\/label.bet\/hu\/trustpilot\/\"]}]},{\"@type\":\"WebSite\",\"@id\":\"https:\/\/label.bet\/hu\/#website\",\"url\":\"https:\/\/label.bet\/hu\/\",\"name\":\"BetLabel hu\",\"description\":\"\",\"potentialAction\":[{\"@type\":\"SearchAction\",\"target\":{\"@type\":\"EntryPoint\",\"urlTemplate\":\"https:\/\/label.bet\/hu\/?s={search_term_string}\"},\"query-input\":{\"@type\":\"PropertyValueSpecification\",\"valueRequired\":true,\"valueName\":\"search_term_string\"}}],\"inLanguage\":\"hu\"}]}<\/script>\n<!-- \/ Yoast SEO plugin. -->","yoast_head_json":{"title":"BetLabel Trustpilot \u2014 Val\u00f3di felhaszn\u00e1l\u00f3i v\u00e9lem\u00e9nyek","description":"A BetLabel \u00e1ltal\u00e1ban pozit\u00edv \u00e9rt\u00e9kel\u00e9seket kap a Trustpiloton: a j\u00e1t\u00e9kosok dics\u00e9rik a gyors kifizet\u00e9seket, a felhaszn\u00e1l\u00f3bar\u00e1t fel\u00fcletet, a szem\u00e9lyre szabott VIP-szolg\u00e1ltat\u00e1st \u00e9s a tisztess\u00e9ges b\u00f3nuszfelt\u00e9teleket, de egyes v\u00e9lem\u00e9nyekben felmer\u00fclnek bizonyos fizet\u00e9si m\u00f3dok haszn\u00e1lat\u00e1val kapcsolatos kifizet\u00e9si neh\u00e9zs\u00e9gek, valamint a szem\u00e9lyazonoss\u00e1g-ellen\u0151rz\u00e9ssel kapcsolatos vitatott helyzetek.","robots":{"index":"index","follow":"follow","max-snippet":"max-snippet:-1","max-image-preview":"max-image-preview:large","max-video-preview":"max-video-preview:-1"},"canonical":"https:\/\/label.bet\/hu\/trustpilot\/","og_locale":"hu_HU","og_type":"article","og_title":"BetLabel Trustpilot \u2014 Val\u00f3di felhaszn\u00e1l\u00f3i v\u00e9lem\u00e9nyek","og_description":"A BetLabel \u00e1ltal\u00e1ban pozit\u00edv \u00e9rt\u00e9kel\u00e9seket kap a Trustpiloton: a j\u00e1t\u00e9kosok dics\u00e9rik a gyors kifizet\u00e9seket, a felhaszn\u00e1l\u00f3bar\u00e1t fel\u00fcletet, a szem\u00e9lyre szabott VIP-szolg\u00e1ltat\u00e1st \u00e9s a tisztess\u00e9ges b\u00f3nuszfelt\u00e9teleket, de egyes v\u00e9lem\u00e9nyekben felmer\u00fclnek bizonyos fizet\u00e9si m\u00f3dok haszn\u00e1lat\u00e1val kapcsolatos kifizet\u00e9si neh\u00e9zs\u00e9gek, valamint a szem\u00e9lyazonoss\u00e1g-ellen\u0151rz\u00e9ssel kapcsolatos vitatott helyzetek.","og_url":"https:\/\/label.bet\/hu\/trustpilot\/","og_site_name":"BetLabel hu","article_modified_time":"2026-03-30T08:00:39+00:00","twitter_card":"summary_large_image","schema":{"@context":"https:\/\/schema.org","@graph":[{"@type":"WebPage","@id":"https:\/\/label.bet\/hu\/trustpilot\/","url":"https:\/\/label.bet\/hu\/trustpilot\/","name":"BetLabel Trustpilot \u2014 Val\u00f3di felhaszn\u00e1l\u00f3i v\u00e9lem\u00e9nyek","isPartOf":{"@id":"https:\/\/label.bet\/hu\/#website"},"datePublished":"2026-03-02T06:53:57+00:00","dateModified":"2026-03-30T08:00:39+00:00","description":"A BetLabel \u00e1ltal\u00e1ban pozit\u00edv \u00e9rt\u00e9kel\u00e9seket kap a Trustpiloton: a j\u00e1t\u00e9kosok dics\u00e9rik a gyors kifizet\u00e9seket, a felhaszn\u00e1l\u00f3bar\u00e1t fel\u00fcletet, a szem\u00e9lyre szabott VIP-szolg\u00e1ltat\u00e1st \u00e9s a tisztess\u00e9ges b\u00f3nuszfelt\u00e9teleket, de egyes v\u00e9lem\u00e9nyekben felmer\u00fclnek bizonyos fizet\u00e9si m\u00f3dok haszn\u00e1lat\u00e1val kapcsolatos kifizet\u00e9si neh\u00e9zs\u00e9gek, valamint a szem\u00e9lyazonoss\u00e1g-ellen\u0151rz\u00e9ssel kapcsolatos vitatott helyzetek.","inLanguage":"hu","potentialAction":[{"@type":"ReadAction","target":["https:\/\/label.bet\/hu\/trustpilot\/"]}]},{"@type":"WebSite","@id":"https:\/\/label.bet\/hu\/#website","url":"https:\/\/label.bet\/hu\/","name":"BetLabel hu","description":"","potentialAction":[{"@type":"SearchAction","target":{"@type":"EntryPoint","urlTemplate":"https:\/\/label.bet\/hu\/?s={search_term_string}"},"query-input":{"@type":"PropertyValueSpecification","valueRequired":true,"valueName":"search_term_string"}}],"inLanguage":"hu"}]}},"_links":{"self":[{"href":"https:\/\/label.bet\/hu\/wp-json\/wp\/v2\/pages\/1990","targetHints":{"allow":["GET"]}}],"collection":[{"href":"https:\/\/label.bet\/hu\/wp-json\/wp\/v2\/pages"}],"about":[{"href":"https:\/\/label.bet\/hu\/wp-json\/wp\/v2\/types\/page"}],"author":[{"embeddable":true,"href":"https:\/\/label.bet\/hu\/wp-json\/wp\/v2\/users\/1"}],"replies":[{"embeddable":true,"href":"https:\/\/label.bet\/hu\/wp-json\/wp\/v2\/comments?post=1990"}],"version-history":[{"count":2,"href":"https:\/\/label.bet\/hu\/wp-json\/wp\/v2\/pages\/1990\/revisions"}],"predecessor-version":[{"id":2056,"href":"https:\/\/label.bet\/hu\/wp-json\/wp\/v2\/pages\/1990\/revisions\/2056"}],"wp:attachment":[{"href":"https:\/\/label.bet\/hu\/wp-json\/wp\/v2\/media?parent=1990"}],"curies":[{"name":"wp","href":"https:\/\/api.w.org\/{rel}","templated":true}]}}