{"id":1999,"date":"2026-03-16T10:14:38","date_gmt":"2026-03-16T07:14:38","guid":{"rendered":"https:\/\/label.bet\/?page_id=1999"},"modified":"2026-03-30T10:56:21","modified_gmt":"2026-03-30T07:56:21","slug":"first-deposit","status":"publish","type":"page","link":"https:\/\/label.bet\/hu\/first-deposit\/","title":{"rendered":"First Deposit"},"content":{"rendered":"","protected":false},"excerpt":{"rendered":"","protected":false},"author":1,"featured_media":0,"parent":0,"menu_order":0,"comment_status":"closed","ping_status":"closed","template":"","meta":{"_acf_changed":false,"footnotes":""},"class_list":["post-1999","page","type-page","status-publish","hentry"],"acf":[],"yoast_head":"<!-- This site is optimized with the Yoast SEO plugin v26.5 - https:\/\/yoast.com\/wordpress\/plugins\/seo\/ -->\n<title>BetLabel 100%-os els\u0151 befizet\u00e9si b\u00f3nusz, ak\u00e1r 39 000 HUF-ig<\/title>\n<meta name=\"description\" content=\"Regisztr\u00e1lj a BetLabeln\u00e9l, \u00e9s kapj 100%-os els\u0151 befizet\u00e9si b\u00f3nuszt, ak\u00e1r 39 000 HUF \u00e9rt\u00e9kben. Dupl\u00e1zd meg a j\u00e1t\u00e9kp\u00e9nzedet, t\u00e9gy fogad\u00e1sokat, \u00e9s kezdj el j\u00e1tszani m\u00e9g ma a BetLabel \u00fcdv\u00f6zl\u0151aj\u00e1nlat\u00e1val.\" \/>\n<meta name=\"robots\" content=\"index, follow, max-snippet:-1, max-image-preview:large, max-video-preview:-1\" \/>\n<meta property=\"og:locale\" content=\"hu_HU\" \/>\n<meta property=\"og:type\" content=\"article\" \/>\n<meta property=\"og:title\" content=\"BetLabel 100%-os els\u0151 befizet\u00e9si b\u00f3nusz, ak\u00e1r 39 000 HUF-ig\" \/>\n<meta property=\"og:description\" content=\"Regisztr\u00e1lj a BetLabeln\u00e9l, \u00e9s kapj 100%-os els\u0151 befizet\u00e9si b\u00f3nuszt, ak\u00e1r 39 000 HUF \u00e9rt\u00e9kben. Dupl\u00e1zd meg a j\u00e1t\u00e9kp\u00e9nzedet, t\u00e9gy fogad\u00e1sokat, \u00e9s kezdj el j\u00e1tszani m\u00e9g ma a BetLabel \u00fcdv\u00f6zl\u0151aj\u00e1nlat\u00e1val.\" \/>\n<meta property=\"og:url\" content=\"https:\/\/label.bet\/hu\/first-deposit\/\" \/>\n<meta property=\"og:site_name\" content=\"BetLabel hu\" \/>\n<meta property=\"article:modified_time\" content=\"2026-03-30T07:56:21+00:00\" \/>\n<meta name=\"twitter:card\" content=\"summary_large_image\" \/>\n<script type=\"application\/ld+json\" class=\"yoast-schema-graph\">{\"@context\":\"https:\/\/schema.org\",\"@graph\":[{\"@type\":\"WebPage\",\"@id\":\"https:\/\/label.bet\/hu\/first-deposit\/\",\"url\":\"https:\/\/label.bet\/hu\/first-deposit\/\",\"name\":\"BetLabel 100%-os els\u0151 befizet\u00e9si b\u00f3nusz, ak\u00e1r 39 000 HUF-ig\",\"isPartOf\":{\"@id\":\"https:\/\/label.bet\/hu\/#website\"},\"datePublished\":\"2026-03-16T07:14:38+00:00\",\"dateModified\":\"2026-03-30T07:56:21+00:00\",\"description\":\"Regisztr\u00e1lj a BetLabeln\u00e9l, \u00e9s kapj 100%-os els\u0151 befizet\u00e9si b\u00f3nuszt, ak\u00e1r 39 000 HUF \u00e9rt\u00e9kben. Dupl\u00e1zd meg a j\u00e1t\u00e9kp\u00e9nzedet, t\u00e9gy fogad\u00e1sokat, \u00e9s kezdj el j\u00e1tszani m\u00e9g ma a BetLabel \u00fcdv\u00f6zl\u0151aj\u00e1nlat\u00e1val.\",\"inLanguage\":\"hu\",\"potentialAction\":[{\"@type\":\"ReadAction\",\"target\":[\"https:\/\/label.bet\/hu\/first-deposit\/\"]}]},{\"@type\":\"WebSite\",\"@id\":\"https:\/\/label.bet\/hu\/#website\",\"url\":\"https:\/\/label.bet\/hu\/\",\"name\":\"BetLabel hu\",\"description\":\"\",\"potentialAction\":[{\"@type\":\"SearchAction\",\"target\":{\"@type\":\"EntryPoint\",\"urlTemplate\":\"https:\/\/label.bet\/hu\/?s={search_term_string}\"},\"query-input\":{\"@type\":\"PropertyValueSpecification\",\"valueRequired\":true,\"valueName\":\"search_term_string\"}}],\"inLanguage\":\"hu\"}]}<\/script>\n<!-- \/ Yoast SEO plugin. -->","yoast_head_json":{"title":"BetLabel 100%-os els\u0151 befizet\u00e9si b\u00f3nusz, ak\u00e1r 39 000 HUF-ig","description":"Regisztr\u00e1lj a BetLabeln\u00e9l, \u00e9s kapj 100%-os els\u0151 befizet\u00e9si b\u00f3nuszt, ak\u00e1r 39 000 HUF \u00e9rt\u00e9kben. Dupl\u00e1zd meg a j\u00e1t\u00e9kp\u00e9nzedet, t\u00e9gy fogad\u00e1sokat, \u00e9s kezdj el j\u00e1tszani m\u00e9g ma a BetLabel \u00fcdv\u00f6zl\u0151aj\u00e1nlat\u00e1val.","robots":{"index":"index","follow":"follow","max-snippet":"max-snippet:-1","max-image-preview":"max-image-preview:large","max-video-preview":"max-video-preview:-1"},"og_locale":"hu_HU","og_type":"article","og_title":"BetLabel 100%-os els\u0151 befizet\u00e9si b\u00f3nusz, ak\u00e1r 39 000 HUF-ig","og_description":"Regisztr\u00e1lj a BetLabeln\u00e9l, \u00e9s kapj 100%-os els\u0151 befizet\u00e9si b\u00f3nuszt, ak\u00e1r 39 000 HUF \u00e9rt\u00e9kben. Dupl\u00e1zd meg a j\u00e1t\u00e9kp\u00e9nzedet, t\u00e9gy fogad\u00e1sokat, \u00e9s kezdj el j\u00e1tszani m\u00e9g ma a BetLabel \u00fcdv\u00f6zl\u0151aj\u00e1nlat\u00e1val.","og_url":"https:\/\/label.bet\/hu\/first-deposit\/","og_site_name":"BetLabel hu","article_modified_time":"2026-03-30T07:56:21+00:00","twitter_card":"summary_large_image","schema":{"@context":"https:\/\/schema.org","@graph":[{"@type":"WebPage","@id":"https:\/\/label.bet\/hu\/first-deposit\/","url":"https:\/\/label.bet\/hu\/first-deposit\/","name":"BetLabel 100%-os els\u0151 befizet\u00e9si b\u00f3nusz, ak\u00e1r 39 000 HUF-ig","isPartOf":{"@id":"https:\/\/label.bet\/hu\/#website"},"datePublished":"2026-03-16T07:14:38+00:00","dateModified":"2026-03-30T07:56:21+00:00","description":"Regisztr\u00e1lj a BetLabeln\u00e9l, \u00e9s kapj 100%-os els\u0151 befizet\u00e9si b\u00f3nuszt, ak\u00e1r 39 000 HUF \u00e9rt\u00e9kben. Dupl\u00e1zd meg a j\u00e1t\u00e9kp\u00e9nzedet, t\u00e9gy fogad\u00e1sokat, \u00e9s kezdj el j\u00e1tszani m\u00e9g ma a BetLabel \u00fcdv\u00f6zl\u0151aj\u00e1nlat\u00e1val.","inLanguage":"hu","potentialAction":[{"@type":"ReadAction","target":["https:\/\/label.bet\/hu\/first-deposit\/"]}]},{"@type":"WebSite","@id":"https:\/\/label.bet\/hu\/#website","url":"https:\/\/label.bet\/hu\/","name":"BetLabel hu","description":"","potentialAction":[{"@type":"SearchAction","target":{"@type":"EntryPoint","urlTemplate":"https:\/\/label.bet\/hu\/?s={search_term_string}"},"query-input":{"@type":"PropertyValueSpecification","valueRequired":true,"valueName":"search_term_string"}}],"inLanguage":"hu"}]}},"_links":{"self":[{"href":"https:\/\/label.bet\/hu\/wp-json\/wp\/v2\/pages\/1999","targetHints":{"allow":["GET"]}}],"collection":[{"href":"https:\/\/label.bet\/hu\/wp-json\/wp\/v2\/pages"}],"about":[{"href":"https:\/\/label.bet\/hu\/wp-json\/wp\/v2\/types\/page"}],"author":[{"embeddable":true,"href":"https:\/\/label.bet\/hu\/wp-json\/wp\/v2\/users\/1"}],"replies":[{"embeddable":true,"href":"https:\/\/label.bet\/hu\/wp-json\/wp\/v2\/comments?post=1999"}],"version-history":[{"count":1,"href":"https:\/\/label.bet\/hu\/wp-json\/wp\/v2\/pages\/1999\/revisions"}],"predecessor-version":[{"id":2054,"href":"https:\/\/label.bet\/hu\/wp-json\/wp\/v2\/pages\/1999\/revisions\/2054"}],"wp:attachment":[{"href":"https:\/\/label.bet\/hu\/wp-json\/wp\/v2\/media?parent=1999"}],"curies":[{"name":"wp","href":"https:\/\/api.w.org\/{rel}","templated":true}]}}