{"id":2002,"date":"2026-03-16T10:38:59","date_gmt":"2026-03-16T07:38:59","guid":{"rendered":"https:\/\/label.bet\/?page_id=2002"},"modified":"2026-03-30T10:52:15","modified_gmt":"2026-03-30T07:52:15","slug":"welcome-package","status":"publish","type":"page","link":"https:\/\/label.bet\/hu\/welcome-package\/","title":{"rendered":"Welcome package"},"content":{"rendered":"","protected":false},"excerpt":{"rendered":"","protected":false},"author":1,"featured_media":0,"parent":0,"menu_order":0,"comment_status":"closed","ping_status":"closed","template":"","meta":{"_acf_changed":false,"footnotes":""},"class_list":["post-2002","page","type-page","status-publish","hentry"],"acf":[],"yoast_head":"<!-- This site is optimized with the Yoast SEO plugin v26.5 - https:\/\/yoast.com\/wordpress\/plugins\/seo\/ -->\n<title>BetLabel Kaszin\u00f3 \u00fcdv\u00f6zl\u0151 b\u00f3nusz \u2013 Ak\u00e1r 585,000 HUF + 150 FS<\/title>\n<meta name=\"description\" content=\"Csatlakozz a BetLabel Kaszin\u00f3hoz, \u00e9s szerezze meg az ak\u00e1r 585 000 HUF + 150 ingyenes p\u00f6rget\u00e9s \u00e9rt\u00e9k\u0171 \u00fcdv\u00f6zl\u0151csomagot. Tegyen befizet\u00e9seket, aktiv\u00e1lja az egyes b\u00f3nuszszinteket, \u00e9s n\u00f6velje j\u00e1t\u00e9k\u00e9lm\u00e9ny\u00e9t a plusz p\u00e9nzeszk\u00f6z\u00f6kkel.\" \/>\n<meta name=\"robots\" content=\"index, follow, max-snippet:-1, max-image-preview:large, max-video-preview:-1\" \/>\n<meta property=\"og:locale\" content=\"hu_HU\" \/>\n<meta property=\"og:type\" content=\"article\" \/>\n<meta property=\"og:title\" content=\"BetLabel Kaszin\u00f3 \u00fcdv\u00f6zl\u0151 b\u00f3nusz \u2013 Ak\u00e1r 585,000 HUF + 150 FS\" \/>\n<meta property=\"og:description\" content=\"Csatlakozz a BetLabel Kaszin\u00f3hoz, \u00e9s szerezze meg az ak\u00e1r 585 000 HUF + 150 ingyenes p\u00f6rget\u00e9s \u00e9rt\u00e9k\u0171 \u00fcdv\u00f6zl\u0151csomagot. Tegyen befizet\u00e9seket, aktiv\u00e1lja az egyes b\u00f3nuszszinteket, \u00e9s n\u00f6velje j\u00e1t\u00e9k\u00e9lm\u00e9ny\u00e9t a plusz p\u00e9nzeszk\u00f6z\u00f6kkel.\" \/>\n<meta property=\"og:url\" content=\"https:\/\/label.bet\/hu\/welcome-package\/\" \/>\n<meta property=\"og:site_name\" content=\"BetLabel hu\" \/>\n<meta property=\"article:modified_time\" content=\"2026-03-30T07:52:15+00:00\" \/>\n<meta name=\"twitter:card\" content=\"summary_large_image\" \/>\n<script type=\"application\/ld+json\" class=\"yoast-schema-graph\">{\"@context\":\"https:\/\/schema.org\",\"@graph\":[{\"@type\":\"WebPage\",\"@id\":\"https:\/\/label.bet\/hu\/welcome-package\/\",\"url\":\"https:\/\/label.bet\/hu\/welcome-package\/\",\"name\":\"BetLabel Kaszin\u00f3 \u00fcdv\u00f6zl\u0151 b\u00f3nusz \u2013 Ak\u00e1r 585,000 HUF + 150 FS\",\"isPartOf\":{\"@id\":\"https:\/\/label.bet\/hu\/#website\"},\"datePublished\":\"2026-03-16T07:38:59+00:00\",\"dateModified\":\"2026-03-30T07:52:15+00:00\",\"description\":\"Csatlakozz a BetLabel Kaszin\u00f3hoz, \u00e9s szerezze meg az ak\u00e1r 585 000 HUF + 150 ingyenes p\u00f6rget\u00e9s \u00e9rt\u00e9k\u0171 \u00fcdv\u00f6zl\u0151csomagot. Tegyen befizet\u00e9seket, aktiv\u00e1lja az egyes b\u00f3nuszszinteket, \u00e9s n\u00f6velje j\u00e1t\u00e9k\u00e9lm\u00e9ny\u00e9t a plusz p\u00e9nzeszk\u00f6z\u00f6kkel.\",\"inLanguage\":\"hu\",\"potentialAction\":[{\"@type\":\"ReadAction\",\"target\":[\"https:\/\/label.bet\/hu\/welcome-package\/\"]}]},{\"@type\":\"WebSite\",\"@id\":\"https:\/\/label.bet\/hu\/#website\",\"url\":\"https:\/\/label.bet\/hu\/\",\"name\":\"BetLabel hu\",\"description\":\"\",\"potentialAction\":[{\"@type\":\"SearchAction\",\"target\":{\"@type\":\"EntryPoint\",\"urlTemplate\":\"https:\/\/label.bet\/hu\/?s={search_term_string}\"},\"query-input\":{\"@type\":\"PropertyValueSpecification\",\"valueRequired\":true,\"valueName\":\"search_term_string\"}}],\"inLanguage\":\"hu\"}]}<\/script>\n<!-- \/ Yoast SEO plugin. -->","yoast_head_json":{"title":"BetLabel Kaszin\u00f3 \u00fcdv\u00f6zl\u0151 b\u00f3nusz \u2013 Ak\u00e1r 585,000 HUF + 150 FS","description":"Csatlakozz a BetLabel Kaszin\u00f3hoz, \u00e9s szerezze meg az ak\u00e1r 585 000 HUF + 150 ingyenes p\u00f6rget\u00e9s \u00e9rt\u00e9k\u0171 \u00fcdv\u00f6zl\u0151csomagot. Tegyen befizet\u00e9seket, aktiv\u00e1lja az egyes b\u00f3nuszszinteket, \u00e9s n\u00f6velje j\u00e1t\u00e9k\u00e9lm\u00e9ny\u00e9t a plusz p\u00e9nzeszk\u00f6z\u00f6kkel.","robots":{"index":"index","follow":"follow","max-snippet":"max-snippet:-1","max-image-preview":"max-image-preview:large","max-video-preview":"max-video-preview:-1"},"og_locale":"hu_HU","og_type":"article","og_title":"BetLabel Kaszin\u00f3 \u00fcdv\u00f6zl\u0151 b\u00f3nusz \u2013 Ak\u00e1r 585,000 HUF + 150 FS","og_description":"Csatlakozz a BetLabel Kaszin\u00f3hoz, \u00e9s szerezze meg az ak\u00e1r 585 000 HUF + 150 ingyenes p\u00f6rget\u00e9s \u00e9rt\u00e9k\u0171 \u00fcdv\u00f6zl\u0151csomagot. Tegyen befizet\u00e9seket, aktiv\u00e1lja az egyes b\u00f3nuszszinteket, \u00e9s n\u00f6velje j\u00e1t\u00e9k\u00e9lm\u00e9ny\u00e9t a plusz p\u00e9nzeszk\u00f6z\u00f6kkel.","og_url":"https:\/\/label.bet\/hu\/welcome-package\/","og_site_name":"BetLabel hu","article_modified_time":"2026-03-30T07:52:15+00:00","twitter_card":"summary_large_image","schema":{"@context":"https:\/\/schema.org","@graph":[{"@type":"WebPage","@id":"https:\/\/label.bet\/hu\/welcome-package\/","url":"https:\/\/label.bet\/hu\/welcome-package\/","name":"BetLabel Kaszin\u00f3 \u00fcdv\u00f6zl\u0151 b\u00f3nusz \u2013 Ak\u00e1r 585,000 HUF + 150 FS","isPartOf":{"@id":"https:\/\/label.bet\/hu\/#website"},"datePublished":"2026-03-16T07:38:59+00:00","dateModified":"2026-03-30T07:52:15+00:00","description":"Csatlakozz a BetLabel Kaszin\u00f3hoz, \u00e9s szerezze meg az ak\u00e1r 585 000 HUF + 150 ingyenes p\u00f6rget\u00e9s \u00e9rt\u00e9k\u0171 \u00fcdv\u00f6zl\u0151csomagot. Tegyen befizet\u00e9seket, aktiv\u00e1lja az egyes b\u00f3nuszszinteket, \u00e9s n\u00f6velje j\u00e1t\u00e9k\u00e9lm\u00e9ny\u00e9t a plusz p\u00e9nzeszk\u00f6z\u00f6kkel.","inLanguage":"hu","potentialAction":[{"@type":"ReadAction","target":["https:\/\/label.bet\/hu\/welcome-package\/"]}]},{"@type":"WebSite","@id":"https:\/\/label.bet\/hu\/#website","url":"https:\/\/label.bet\/hu\/","name":"BetLabel hu","description":"","potentialAction":[{"@type":"SearchAction","target":{"@type":"EntryPoint","urlTemplate":"https:\/\/label.bet\/hu\/?s={search_term_string}"},"query-input":{"@type":"PropertyValueSpecification","valueRequired":true,"valueName":"search_term_string"}}],"inLanguage":"hu"}]}},"_links":{"self":[{"href":"https:\/\/label.bet\/hu\/wp-json\/wp\/v2\/pages\/2002","targetHints":{"allow":["GET"]}}],"collection":[{"href":"https:\/\/label.bet\/hu\/wp-json\/wp\/v2\/pages"}],"about":[{"href":"https:\/\/label.bet\/hu\/wp-json\/wp\/v2\/types\/page"}],"author":[{"embeddable":true,"href":"https:\/\/label.bet\/hu\/wp-json\/wp\/v2\/users\/1"}],"replies":[{"embeddable":true,"href":"https:\/\/label.bet\/hu\/wp-json\/wp\/v2\/comments?post=2002"}],"version-history":[{"count":1,"href":"https:\/\/label.bet\/hu\/wp-json\/wp\/v2\/pages\/2002\/revisions"}],"predecessor-version":[{"id":2053,"href":"https:\/\/label.bet\/hu\/wp-json\/wp\/v2\/pages\/2002\/revisions\/2053"}],"wp:attachment":[{"href":"https:\/\/label.bet\/hu\/wp-json\/wp\/v2\/media?parent=2002"}],"curies":[{"name":"wp","href":"https:\/\/api.w.org\/{rel}","templated":true}]}}