{"id":2013,"date":"2026-03-16T11:17:51","date_gmt":"2026-03-16T08:17:51","guid":{"rendered":"https:\/\/label.bet\/?page_id=2013"},"modified":"2026-03-30T10:43:56","modified_gmt":"2026-03-30T07:43:56","slug":"vip-cashback","status":"publish","type":"page","link":"https:\/\/label.bet\/hu\/vip-cashback\/","title":{"rendered":"VIP cashback"},"content":{"rendered":"","protected":false},"excerpt":{"rendered":"","protected":false},"author":1,"featured_media":0,"parent":0,"menu_order":0,"comment_status":"closed","ping_status":"closed","template":"","meta":{"_acf_changed":false,"footnotes":""},"class_list":["post-2013","page","type-page","status-publish","hentry"],"acf":[],"yoast_head":"<!-- This site is optimized with the Yoast SEO plugin v26.5 - https:\/\/yoast.com\/wordpress\/plugins\/seo\/ -->\n<title>BetLabel VIP-program \u2013 Visszat\u00e9r\u00edt\u00e9s, exkluz\u00edv jutalmak<\/title>\n<meta name=\"description\" content=\"K\u00f6sz\u00f6nj\u00fck, hogy a BetLabel-t v\u00e1lasztotta! Csatlakozzon VIP h\u0171s\u00e9gprogramunkhoz, \u00e9s \u00e9lvezze az exkluz\u00edv el\u0151ny\u00f6ket, a n\u00f6vekv\u0151 cashback-jutalmakat \u00e9s a h\u0171s\u00e9ges j\u00e1t\u00e9kosoknak j\u00e1r\u00f3 pr\u00e9mium kedvezm\u00e9nyeket.\" \/>\n<meta name=\"robots\" content=\"index, follow, max-snippet:-1, max-image-preview:large, max-video-preview:-1\" \/>\n<meta property=\"og:locale\" content=\"hu_HU\" \/>\n<meta property=\"og:type\" content=\"article\" \/>\n<meta property=\"og:title\" content=\"BetLabel VIP-program \u2013 Visszat\u00e9r\u00edt\u00e9s, exkluz\u00edv jutalmak\" \/>\n<meta property=\"og:description\" content=\"K\u00f6sz\u00f6nj\u00fck, hogy a BetLabel-t v\u00e1lasztotta! Csatlakozzon VIP h\u0171s\u00e9gprogramunkhoz, \u00e9s \u00e9lvezze az exkluz\u00edv el\u0151ny\u00f6ket, a n\u00f6vekv\u0151 cashback-jutalmakat \u00e9s a h\u0171s\u00e9ges j\u00e1t\u00e9kosoknak j\u00e1r\u00f3 pr\u00e9mium kedvezm\u00e9nyeket.\" \/>\n<meta property=\"og:url\" content=\"https:\/\/label.bet\/hu\/vip-cashback\/\" \/>\n<meta property=\"og:site_name\" content=\"BetLabel hu\" \/>\n<meta property=\"article:modified_time\" content=\"2026-03-30T07:43:56+00:00\" \/>\n<meta name=\"twitter:card\" content=\"summary_large_image\" \/>\n<script type=\"application\/ld+json\" class=\"yoast-schema-graph\">{\"@context\":\"https:\/\/schema.org\",\"@graph\":[{\"@type\":\"WebPage\",\"@id\":\"https:\/\/label.bet\/hu\/vip-cashback\/\",\"url\":\"https:\/\/label.bet\/hu\/vip-cashback\/\",\"name\":\"BetLabel VIP-program \u2013 Visszat\u00e9r\u00edt\u00e9s, exkluz\u00edv jutalmak\",\"isPartOf\":{\"@id\":\"https:\/\/label.bet\/hu\/#website\"},\"datePublished\":\"2026-03-16T08:17:51+00:00\",\"dateModified\":\"2026-03-30T07:43:56+00:00\",\"description\":\"K\u00f6sz\u00f6nj\u00fck, hogy a BetLabel-t v\u00e1lasztotta! Csatlakozzon VIP h\u0171s\u00e9gprogramunkhoz, \u00e9s \u00e9lvezze az exkluz\u00edv el\u0151ny\u00f6ket, a n\u00f6vekv\u0151 cashback-jutalmakat \u00e9s a h\u0171s\u00e9ges j\u00e1t\u00e9kosoknak j\u00e1r\u00f3 pr\u00e9mium kedvezm\u00e9nyeket.\",\"inLanguage\":\"hu\",\"potentialAction\":[{\"@type\":\"ReadAction\",\"target\":[\"https:\/\/label.bet\/hu\/vip-cashback\/\"]}]},{\"@type\":\"WebSite\",\"@id\":\"https:\/\/label.bet\/hu\/#website\",\"url\":\"https:\/\/label.bet\/hu\/\",\"name\":\"BetLabel hu\",\"description\":\"\",\"potentialAction\":[{\"@type\":\"SearchAction\",\"target\":{\"@type\":\"EntryPoint\",\"urlTemplate\":\"https:\/\/label.bet\/hu\/?s={search_term_string}\"},\"query-input\":{\"@type\":\"PropertyValueSpecification\",\"valueRequired\":true,\"valueName\":\"search_term_string\"}}],\"inLanguage\":\"hu\"}]}<\/script>\n<!-- \/ Yoast SEO plugin. -->","yoast_head_json":{"title":"BetLabel VIP-program \u2013 Visszat\u00e9r\u00edt\u00e9s, exkluz\u00edv jutalmak","description":"K\u00f6sz\u00f6nj\u00fck, hogy a BetLabel-t v\u00e1lasztotta! Csatlakozzon VIP h\u0171s\u00e9gprogramunkhoz, \u00e9s \u00e9lvezze az exkluz\u00edv el\u0151ny\u00f6ket, a n\u00f6vekv\u0151 cashback-jutalmakat \u00e9s a h\u0171s\u00e9ges j\u00e1t\u00e9kosoknak j\u00e1r\u00f3 pr\u00e9mium kedvezm\u00e9nyeket.","robots":{"index":"index","follow":"follow","max-snippet":"max-snippet:-1","max-image-preview":"max-image-preview:large","max-video-preview":"max-video-preview:-1"},"og_locale":"hu_HU","og_type":"article","og_title":"BetLabel VIP-program \u2013 Visszat\u00e9r\u00edt\u00e9s, exkluz\u00edv jutalmak","og_description":"K\u00f6sz\u00f6nj\u00fck, hogy a BetLabel-t v\u00e1lasztotta! Csatlakozzon VIP h\u0171s\u00e9gprogramunkhoz, \u00e9s \u00e9lvezze az exkluz\u00edv el\u0151ny\u00f6ket, a n\u00f6vekv\u0151 cashback-jutalmakat \u00e9s a h\u0171s\u00e9ges j\u00e1t\u00e9kosoknak j\u00e1r\u00f3 pr\u00e9mium kedvezm\u00e9nyeket.","og_url":"https:\/\/label.bet\/hu\/vip-cashback\/","og_site_name":"BetLabel hu","article_modified_time":"2026-03-30T07:43:56+00:00","twitter_card":"summary_large_image","schema":{"@context":"https:\/\/schema.org","@graph":[{"@type":"WebPage","@id":"https:\/\/label.bet\/hu\/vip-cashback\/","url":"https:\/\/label.bet\/hu\/vip-cashback\/","name":"BetLabel VIP-program \u2013 Visszat\u00e9r\u00edt\u00e9s, exkluz\u00edv jutalmak","isPartOf":{"@id":"https:\/\/label.bet\/hu\/#website"},"datePublished":"2026-03-16T08:17:51+00:00","dateModified":"2026-03-30T07:43:56+00:00","description":"K\u00f6sz\u00f6nj\u00fck, hogy a BetLabel-t v\u00e1lasztotta! Csatlakozzon VIP h\u0171s\u00e9gprogramunkhoz, \u00e9s \u00e9lvezze az exkluz\u00edv el\u0151ny\u00f6ket, a n\u00f6vekv\u0151 cashback-jutalmakat \u00e9s a h\u0171s\u00e9ges j\u00e1t\u00e9kosoknak j\u00e1r\u00f3 pr\u00e9mium kedvezm\u00e9nyeket.","inLanguage":"hu","potentialAction":[{"@type":"ReadAction","target":["https:\/\/label.bet\/hu\/vip-cashback\/"]}]},{"@type":"WebSite","@id":"https:\/\/label.bet\/hu\/#website","url":"https:\/\/label.bet\/hu\/","name":"BetLabel hu","description":"","potentialAction":[{"@type":"SearchAction","target":{"@type":"EntryPoint","urlTemplate":"https:\/\/label.bet\/hu\/?s={search_term_string}"},"query-input":{"@type":"PropertyValueSpecification","valueRequired":true,"valueName":"search_term_string"}}],"inLanguage":"hu"}]}},"_links":{"self":[{"href":"https:\/\/label.bet\/hu\/wp-json\/wp\/v2\/pages\/2013","targetHints":{"allow":["GET"]}}],"collection":[{"href":"https:\/\/label.bet\/hu\/wp-json\/wp\/v2\/pages"}],"about":[{"href":"https:\/\/label.bet\/hu\/wp-json\/wp\/v2\/types\/page"}],"author":[{"embeddable":true,"href":"https:\/\/label.bet\/hu\/wp-json\/wp\/v2\/users\/1"}],"replies":[{"embeddable":true,"href":"https:\/\/label.bet\/hu\/wp-json\/wp\/v2\/comments?post=2013"}],"version-history":[{"count":1,"href":"https:\/\/label.bet\/hu\/wp-json\/wp\/v2\/pages\/2013\/revisions"}],"predecessor-version":[{"id":2051,"href":"https:\/\/label.bet\/hu\/wp-json\/wp\/v2\/pages\/2013\/revisions\/2051"}],"wp:attachment":[{"href":"https:\/\/label.bet\/hu\/wp-json\/wp\/v2\/media?parent=2013"}],"curies":[{"name":"wp","href":"https:\/\/api.w.org\/{rel}","templated":true}]}}