{"id":2016,"date":"2026-03-16T12:21:51","date_gmt":"2026-03-16T09:21:51","guid":{"rendered":"https:\/\/label.bet\/?page_id=2016"},"modified":"2026-03-30T10:42:03","modified_gmt":"2026-03-30T07:42:03","slug":"bonus-app","status":"publish","type":"page","link":"https:\/\/label.bet\/hu\/bonus-app\/","title":{"rendered":"Mobile App Bonus"},"content":{"rendered":"","protected":false},"excerpt":{"rendered":"","protected":false},"author":1,"featured_media":0,"parent":0,"menu_order":0,"comment_status":"closed","ping_status":"closed","template":"","meta":{"_acf_changed":false,"footnotes":""},"class_list":["post-2016","page","type-page","status-publish","hentry"],"acf":[],"yoast_head":"<!-- This site is optimized with the Yoast SEO plugin v26.5 - https:\/\/yoast.com\/wordpress\/plugins\/seo\/ -->\n<title>BetLabel alkalmaz\u00e1s b\u00f3nusz \u2013 Ak\u00e1r 95 000 HUF<\/title>\n<meta name=\"description\" content=\"Tegye meg fogad\u00e1sait a BetLabel mobilalkalmaz\u00e1son kereszt\u00fcl, \u00e9s havi b\u00f3nuszt kaphat ak\u00e1r 95 000 forint \u00e9rt\u00e9kben. Maradjon akt\u00edv, fogadjon a telefonj\u00e1r\u00f3l, \u00e9s \u00e9lvezze az alkalmaz\u00e1s exkluz\u00edv jutalmait.\" \/>\n<meta name=\"robots\" content=\"index, follow, max-snippet:-1, max-image-preview:large, max-video-preview:-1\" \/>\n<meta property=\"og:locale\" content=\"hu_HU\" \/>\n<meta property=\"og:type\" content=\"article\" \/>\n<meta property=\"og:title\" content=\"BetLabel alkalmaz\u00e1s b\u00f3nusz \u2013 Ak\u00e1r 95 000 HUF\" \/>\n<meta property=\"og:description\" content=\"Tegye meg fogad\u00e1sait a BetLabel mobilalkalmaz\u00e1son kereszt\u00fcl, \u00e9s havi b\u00f3nuszt kaphat ak\u00e1r 95 000 forint \u00e9rt\u00e9kben. Maradjon akt\u00edv, fogadjon a telefonj\u00e1r\u00f3l, \u00e9s \u00e9lvezze az alkalmaz\u00e1s exkluz\u00edv jutalmait.\" \/>\n<meta property=\"og:url\" content=\"https:\/\/label.bet\/hu\/bonus-app\/\" \/>\n<meta property=\"og:site_name\" content=\"BetLabel hu\" \/>\n<meta property=\"article:modified_time\" content=\"2026-03-30T07:42:03+00:00\" \/>\n<meta name=\"twitter:card\" content=\"summary_large_image\" \/>\n<script type=\"application\/ld+json\" class=\"yoast-schema-graph\">{\"@context\":\"https:\/\/schema.org\",\"@graph\":[{\"@type\":\"WebPage\",\"@id\":\"https:\/\/label.bet\/hu\/bonus-app\/\",\"url\":\"https:\/\/label.bet\/hu\/bonus-app\/\",\"name\":\"BetLabel alkalmaz\u00e1s b\u00f3nusz \u2013 Ak\u00e1r 95 000 HUF\",\"isPartOf\":{\"@id\":\"https:\/\/label.bet\/hu\/#website\"},\"datePublished\":\"2026-03-16T09:21:51+00:00\",\"dateModified\":\"2026-03-30T07:42:03+00:00\",\"description\":\"Tegye meg fogad\u00e1sait a BetLabel mobilalkalmaz\u00e1son kereszt\u00fcl, \u00e9s havi b\u00f3nuszt kaphat ak\u00e1r 95 000 forint \u00e9rt\u00e9kben. Maradjon akt\u00edv, fogadjon a telefonj\u00e1r\u00f3l, \u00e9s \u00e9lvezze az alkalmaz\u00e1s exkluz\u00edv jutalmait.\",\"inLanguage\":\"hu\",\"potentialAction\":[{\"@type\":\"ReadAction\",\"target\":[\"https:\/\/label.bet\/hu\/bonus-app\/\"]}]},{\"@type\":\"WebSite\",\"@id\":\"https:\/\/label.bet\/hu\/#website\",\"url\":\"https:\/\/label.bet\/hu\/\",\"name\":\"BetLabel hu\",\"description\":\"\",\"potentialAction\":[{\"@type\":\"SearchAction\",\"target\":{\"@type\":\"EntryPoint\",\"urlTemplate\":\"https:\/\/label.bet\/hu\/?s={search_term_string}\"},\"query-input\":{\"@type\":\"PropertyValueSpecification\",\"valueRequired\":true,\"valueName\":\"search_term_string\"}}],\"inLanguage\":\"hu\"}]}<\/script>\n<!-- \/ Yoast SEO plugin. -->","yoast_head_json":{"title":"BetLabel alkalmaz\u00e1s b\u00f3nusz \u2013 Ak\u00e1r 95 000 HUF","description":"Tegye meg fogad\u00e1sait a BetLabel mobilalkalmaz\u00e1son kereszt\u00fcl, \u00e9s havi b\u00f3nuszt kaphat ak\u00e1r 95 000 forint \u00e9rt\u00e9kben. Maradjon akt\u00edv, fogadjon a telefonj\u00e1r\u00f3l, \u00e9s \u00e9lvezze az alkalmaz\u00e1s exkluz\u00edv jutalmait.","robots":{"index":"index","follow":"follow","max-snippet":"max-snippet:-1","max-image-preview":"max-image-preview:large","max-video-preview":"max-video-preview:-1"},"og_locale":"hu_HU","og_type":"article","og_title":"BetLabel alkalmaz\u00e1s b\u00f3nusz \u2013 Ak\u00e1r 95 000 HUF","og_description":"Tegye meg fogad\u00e1sait a BetLabel mobilalkalmaz\u00e1son kereszt\u00fcl, \u00e9s havi b\u00f3nuszt kaphat ak\u00e1r 95 000 forint \u00e9rt\u00e9kben. Maradjon akt\u00edv, fogadjon a telefonj\u00e1r\u00f3l, \u00e9s \u00e9lvezze az alkalmaz\u00e1s exkluz\u00edv jutalmait.","og_url":"https:\/\/label.bet\/hu\/bonus-app\/","og_site_name":"BetLabel hu","article_modified_time":"2026-03-30T07:42:03+00:00","twitter_card":"summary_large_image","schema":{"@context":"https:\/\/schema.org","@graph":[{"@type":"WebPage","@id":"https:\/\/label.bet\/hu\/bonus-app\/","url":"https:\/\/label.bet\/hu\/bonus-app\/","name":"BetLabel alkalmaz\u00e1s b\u00f3nusz \u2013 Ak\u00e1r 95 000 HUF","isPartOf":{"@id":"https:\/\/label.bet\/hu\/#website"},"datePublished":"2026-03-16T09:21:51+00:00","dateModified":"2026-03-30T07:42:03+00:00","description":"Tegye meg fogad\u00e1sait a BetLabel mobilalkalmaz\u00e1son kereszt\u00fcl, \u00e9s havi b\u00f3nuszt kaphat ak\u00e1r 95 000 forint \u00e9rt\u00e9kben. Maradjon akt\u00edv, fogadjon a telefonj\u00e1r\u00f3l, \u00e9s \u00e9lvezze az alkalmaz\u00e1s exkluz\u00edv jutalmait.","inLanguage":"hu","potentialAction":[{"@type":"ReadAction","target":["https:\/\/label.bet\/hu\/bonus-app\/"]}]},{"@type":"WebSite","@id":"https:\/\/label.bet\/hu\/#website","url":"https:\/\/label.bet\/hu\/","name":"BetLabel hu","description":"","potentialAction":[{"@type":"SearchAction","target":{"@type":"EntryPoint","urlTemplate":"https:\/\/label.bet\/hu\/?s={search_term_string}"},"query-input":{"@type":"PropertyValueSpecification","valueRequired":true,"valueName":"search_term_string"}}],"inLanguage":"hu"}]}},"_links":{"self":[{"href":"https:\/\/label.bet\/hu\/wp-json\/wp\/v2\/pages\/2016","targetHints":{"allow":["GET"]}}],"collection":[{"href":"https:\/\/label.bet\/hu\/wp-json\/wp\/v2\/pages"}],"about":[{"href":"https:\/\/label.bet\/hu\/wp-json\/wp\/v2\/types\/page"}],"author":[{"embeddable":true,"href":"https:\/\/label.bet\/hu\/wp-json\/wp\/v2\/users\/1"}],"replies":[{"embeddable":true,"href":"https:\/\/label.bet\/hu\/wp-json\/wp\/v2\/comments?post=2016"}],"version-history":[{"count":2,"href":"https:\/\/label.bet\/hu\/wp-json\/wp\/v2\/pages\/2016\/revisions"}],"predecessor-version":[{"id":2050,"href":"https:\/\/label.bet\/hu\/wp-json\/wp\/v2\/pages\/2016\/revisions\/2050"}],"wp:attachment":[{"href":"https:\/\/label.bet\/hu\/wp-json\/wp\/v2\/media?parent=2016"}],"curies":[{"name":"wp","href":"https:\/\/api.w.org\/{rel}","templated":true}]}}