{"id":2019,"date":"2026-03-16T12:32:13","date_gmt":"2026-03-16T09:32:13","guid":{"rendered":"https:\/\/label.bet\/?page_id=2019"},"modified":"2026-03-30T10:35:45","modified_gmt":"2026-03-30T07:35:45","slug":"saturday-bonus","status":"publish","type":"page","link":"https:\/\/label.bet\/hu\/saturday-bonus\/","title":{"rendered":"Saturday Sports Bonus"},"content":{"rendered":"","protected":false},"excerpt":{"rendered":"","protected":false},"author":1,"featured_media":0,"parent":0,"menu_order":0,"comment_status":"closed","ping_status":"closed","template":"","meta":{"_acf_changed":false,"footnotes":""},"class_list":["post-2019","page","type-page","status-publish","hentry"],"acf":[],"yoast_head":"<!-- This site is optimized with the Yoast SEO plugin v26.5 - https:\/\/yoast.com\/wordpress\/plugins\/seo\/ -->\n<title>BetLabel 100%-os szombati sportb\u00f3nusz \u2013 Ak\u00e1r 39 000 HUF<\/title>\n<meta name=\"description\" content=\"Tegyen be p\u00e9nzt minden szombaton a BetLabeln\u00e9l, \u00e9s kapjon 100%-os sportfogad\u00e1si b\u00f3nuszt, ak\u00e1r 39 000 forintig. N\u00f6velje a t\u00e9talapj\u00e1t, \u00e9s \u00e9lvezze a h\u00e9tv\u00e9gi fogad\u00e1sokhoz rendelkez\u00e9sre \u00e1ll\u00f3 extra p\u00e9nzt.\" \/>\n<meta name=\"robots\" content=\"index, follow, max-snippet:-1, max-image-preview:large, max-video-preview:-1\" \/>\n<meta property=\"og:locale\" content=\"hu_HU\" \/>\n<meta property=\"og:type\" content=\"article\" \/>\n<meta property=\"og:title\" content=\"BetLabel 100%-os szombati sportb\u00f3nusz \u2013 Ak\u00e1r 39 000 HUF\" \/>\n<meta property=\"og:description\" content=\"Tegyen be p\u00e9nzt minden szombaton a BetLabeln\u00e9l, \u00e9s kapjon 100%-os sportfogad\u00e1si b\u00f3nuszt, ak\u00e1r 39 000 forintig. N\u00f6velje a t\u00e9talapj\u00e1t, \u00e9s \u00e9lvezze a h\u00e9tv\u00e9gi fogad\u00e1sokhoz rendelkez\u00e9sre \u00e1ll\u00f3 extra p\u00e9nzt.\" \/>\n<meta property=\"og:url\" content=\"https:\/\/label.bet\/hu\/saturday-bonus\/\" \/>\n<meta property=\"og:site_name\" content=\"BetLabel hu\" \/>\n<meta property=\"article:modified_time\" content=\"2026-03-30T07:35:45+00:00\" \/>\n<meta name=\"twitter:card\" content=\"summary_large_image\" \/>\n<script type=\"application\/ld+json\" class=\"yoast-schema-graph\">{\"@context\":\"https:\/\/schema.org\",\"@graph\":[{\"@type\":\"WebPage\",\"@id\":\"https:\/\/label.bet\/hu\/saturday-bonus\/\",\"url\":\"https:\/\/label.bet\/hu\/saturday-bonus\/\",\"name\":\"BetLabel 100%-os szombati sportb\u00f3nusz \u2013 Ak\u00e1r 39 000 HUF\",\"isPartOf\":{\"@id\":\"https:\/\/label.bet\/hu\/#website\"},\"datePublished\":\"2026-03-16T09:32:13+00:00\",\"dateModified\":\"2026-03-30T07:35:45+00:00\",\"description\":\"Tegyen be p\u00e9nzt minden szombaton a BetLabeln\u00e9l, \u00e9s kapjon 100%-os sportfogad\u00e1si b\u00f3nuszt, ak\u00e1r 39 000 forintig. N\u00f6velje a t\u00e9talapj\u00e1t, \u00e9s \u00e9lvezze a h\u00e9tv\u00e9gi fogad\u00e1sokhoz rendelkez\u00e9sre \u00e1ll\u00f3 extra p\u00e9nzt.\",\"inLanguage\":\"hu\",\"potentialAction\":[{\"@type\":\"ReadAction\",\"target\":[\"https:\/\/label.bet\/hu\/saturday-bonus\/\"]}]},{\"@type\":\"WebSite\",\"@id\":\"https:\/\/label.bet\/hu\/#website\",\"url\":\"https:\/\/label.bet\/hu\/\",\"name\":\"BetLabel hu\",\"description\":\"\",\"potentialAction\":[{\"@type\":\"SearchAction\",\"target\":{\"@type\":\"EntryPoint\",\"urlTemplate\":\"https:\/\/label.bet\/hu\/?s={search_term_string}\"},\"query-input\":{\"@type\":\"PropertyValueSpecification\",\"valueRequired\":true,\"valueName\":\"search_term_string\"}}],\"inLanguage\":\"hu\"}]}<\/script>\n<!-- \/ Yoast SEO plugin. -->","yoast_head_json":{"title":"BetLabel 100%-os szombati sportb\u00f3nusz \u2013 Ak\u00e1r 39 000 HUF","description":"Tegyen be p\u00e9nzt minden szombaton a BetLabeln\u00e9l, \u00e9s kapjon 100%-os sportfogad\u00e1si b\u00f3nuszt, ak\u00e1r 39 000 forintig. N\u00f6velje a t\u00e9talapj\u00e1t, \u00e9s \u00e9lvezze a h\u00e9tv\u00e9gi fogad\u00e1sokhoz rendelkez\u00e9sre \u00e1ll\u00f3 extra p\u00e9nzt.","robots":{"index":"index","follow":"follow","max-snippet":"max-snippet:-1","max-image-preview":"max-image-preview:large","max-video-preview":"max-video-preview:-1"},"og_locale":"hu_HU","og_type":"article","og_title":"BetLabel 100%-os szombati sportb\u00f3nusz \u2013 Ak\u00e1r 39 000 HUF","og_description":"Tegyen be p\u00e9nzt minden szombaton a BetLabeln\u00e9l, \u00e9s kapjon 100%-os sportfogad\u00e1si b\u00f3nuszt, ak\u00e1r 39 000 forintig. N\u00f6velje a t\u00e9talapj\u00e1t, \u00e9s \u00e9lvezze a h\u00e9tv\u00e9gi fogad\u00e1sokhoz rendelkez\u00e9sre \u00e1ll\u00f3 extra p\u00e9nzt.","og_url":"https:\/\/label.bet\/hu\/saturday-bonus\/","og_site_name":"BetLabel hu","article_modified_time":"2026-03-30T07:35:45+00:00","twitter_card":"summary_large_image","schema":{"@context":"https:\/\/schema.org","@graph":[{"@type":"WebPage","@id":"https:\/\/label.bet\/hu\/saturday-bonus\/","url":"https:\/\/label.bet\/hu\/saturday-bonus\/","name":"BetLabel 100%-os szombati sportb\u00f3nusz \u2013 Ak\u00e1r 39 000 HUF","isPartOf":{"@id":"https:\/\/label.bet\/hu\/#website"},"datePublished":"2026-03-16T09:32:13+00:00","dateModified":"2026-03-30T07:35:45+00:00","description":"Tegyen be p\u00e9nzt minden szombaton a BetLabeln\u00e9l, \u00e9s kapjon 100%-os sportfogad\u00e1si b\u00f3nuszt, ak\u00e1r 39 000 forintig. N\u00f6velje a t\u00e9talapj\u00e1t, \u00e9s \u00e9lvezze a h\u00e9tv\u00e9gi fogad\u00e1sokhoz rendelkez\u00e9sre \u00e1ll\u00f3 extra p\u00e9nzt.","inLanguage":"hu","potentialAction":[{"@type":"ReadAction","target":["https:\/\/label.bet\/hu\/saturday-bonus\/"]}]},{"@type":"WebSite","@id":"https:\/\/label.bet\/hu\/#website","url":"https:\/\/label.bet\/hu\/","name":"BetLabel hu","description":"","potentialAction":[{"@type":"SearchAction","target":{"@type":"EntryPoint","urlTemplate":"https:\/\/label.bet\/hu\/?s={search_term_string}"},"query-input":{"@type":"PropertyValueSpecification","valueRequired":true,"valueName":"search_term_string"}}],"inLanguage":"hu"}]}},"_links":{"self":[{"href":"https:\/\/label.bet\/hu\/wp-json\/wp\/v2\/pages\/2019","targetHints":{"allow":["GET"]}}],"collection":[{"href":"https:\/\/label.bet\/hu\/wp-json\/wp\/v2\/pages"}],"about":[{"href":"https:\/\/label.bet\/hu\/wp-json\/wp\/v2\/types\/page"}],"author":[{"embeddable":true,"href":"https:\/\/label.bet\/hu\/wp-json\/wp\/v2\/users\/1"}],"replies":[{"embeddable":true,"href":"https:\/\/label.bet\/hu\/wp-json\/wp\/v2\/comments?post=2019"}],"version-history":[{"count":1,"href":"https:\/\/label.bet\/hu\/wp-json\/wp\/v2\/pages\/2019\/revisions"}],"predecessor-version":[{"id":2048,"href":"https:\/\/label.bet\/hu\/wp-json\/wp\/v2\/pages\/2019\/revisions\/2048"}],"wp:attachment":[{"href":"https:\/\/label.bet\/hu\/wp-json\/wp\/v2\/media?parent=2019"}],"curies":[{"name":"wp","href":"https:\/\/api.w.org\/{rel}","templated":true}]}}