{"id":2027,"date":"2026-03-16T13:17:17","date_gmt":"2026-03-16T10:17:17","guid":{"rendered":"https:\/\/label.bet\/?page_id=2027"},"modified":"2026-03-30T10:26:52","modified_gmt":"2026-03-30T07:26:52","slug":"accumulator-insurance","status":"publish","type":"page","link":"https:\/\/label.bet\/hu\/accumulator-insurance\/","title":{"rendered":"Accumulator Insurance"},"content":{"rendered":"","protected":false},"excerpt":{"rendered":"","protected":false},"author":1,"featured_media":0,"parent":0,"menu_order":0,"comment_status":"closed","ping_status":"closed","template":"","meta":{"_acf_changed":false,"footnotes":""},"class_list":["post-2027","page","type-page","status-publish","hentry"],"acf":[],"yoast_head":"<!-- This site is optimized with the Yoast SEO plugin v26.5 - https:\/\/yoast.com\/wordpress\/plugins\/seo\/ -->\n<title>BetLabel kombin\u00e1lt fogad\u00e1s-biztos\u00edt\u00e1s \u2013 100%-os visszat\u00e9r\u00edt\u00e9s<\/title>\n<meta name=\"description\" content=\"Tegyen 7 vagy t\u00f6bb v\u00e1laszt\u00e1st tartalmaz\u00f3 kombin\u00e1lt fogad\u00e1st a BetLabel-en, \u00e9s \u00e9lvezze a 100%-os kombin\u00e1lt biztos\u00edt\u00e1st. Ha csak egy v\u00e1laszt\u00e1s nem nyer, visszakapja a t\u00e9tj\u00e9t. A m\u00e9rk\u0151z\u00e9s el\u0151tti \u00e9s az \u00e9l\u0151 fogad\u00e1sok is \u00e9rv\u00e9nyesek.\" \/>\n<meta name=\"robots\" content=\"index, follow, max-snippet:-1, max-image-preview:large, max-video-preview:-1\" \/>\n<meta property=\"og:locale\" content=\"hu_HU\" \/>\n<meta property=\"og:type\" content=\"article\" \/>\n<meta property=\"og:title\" content=\"BetLabel kombin\u00e1lt fogad\u00e1s-biztos\u00edt\u00e1s \u2013 100%-os visszat\u00e9r\u00edt\u00e9s\" \/>\n<meta property=\"og:description\" content=\"Tegyen 7 vagy t\u00f6bb v\u00e1laszt\u00e1st tartalmaz\u00f3 kombin\u00e1lt fogad\u00e1st a BetLabel-en, \u00e9s \u00e9lvezze a 100%-os kombin\u00e1lt biztos\u00edt\u00e1st. Ha csak egy v\u00e1laszt\u00e1s nem nyer, visszakapja a t\u00e9tj\u00e9t. A m\u00e9rk\u0151z\u00e9s el\u0151tti \u00e9s az \u00e9l\u0151 fogad\u00e1sok is \u00e9rv\u00e9nyesek.\" \/>\n<meta property=\"og:url\" content=\"https:\/\/label.bet\/hu\/accumulator-insurance\/\" \/>\n<meta property=\"og:site_name\" content=\"BetLabel hu\" \/>\n<meta property=\"article:modified_time\" content=\"2026-03-30T07:26:52+00:00\" \/>\n<meta name=\"twitter:card\" content=\"summary_large_image\" \/>\n<script type=\"application\/ld+json\" class=\"yoast-schema-graph\">{\"@context\":\"https:\/\/schema.org\",\"@graph\":[{\"@type\":\"WebPage\",\"@id\":\"https:\/\/label.bet\/hu\/accumulator-insurance\/\",\"url\":\"https:\/\/label.bet\/hu\/accumulator-insurance\/\",\"name\":\"BetLabel kombin\u00e1lt fogad\u00e1s-biztos\u00edt\u00e1s \u2013 100%-os visszat\u00e9r\u00edt\u00e9s\",\"isPartOf\":{\"@id\":\"https:\/\/label.bet\/hu\/#website\"},\"datePublished\":\"2026-03-16T10:17:17+00:00\",\"dateModified\":\"2026-03-30T07:26:52+00:00\",\"description\":\"Tegyen 7 vagy t\u00f6bb v\u00e1laszt\u00e1st tartalmaz\u00f3 kombin\u00e1lt fogad\u00e1st a BetLabel-en, \u00e9s \u00e9lvezze a 100%-os kombin\u00e1lt biztos\u00edt\u00e1st. Ha csak egy v\u00e1laszt\u00e1s nem nyer, visszakapja a t\u00e9tj\u00e9t. A m\u00e9rk\u0151z\u00e9s el\u0151tti \u00e9s az \u00e9l\u0151 fogad\u00e1sok is \u00e9rv\u00e9nyesek.\",\"inLanguage\":\"hu\",\"potentialAction\":[{\"@type\":\"ReadAction\",\"target\":[\"https:\/\/label.bet\/hu\/accumulator-insurance\/\"]}]},{\"@type\":\"WebSite\",\"@id\":\"https:\/\/label.bet\/hu\/#website\",\"url\":\"https:\/\/label.bet\/hu\/\",\"name\":\"BetLabel hu\",\"description\":\"\",\"potentialAction\":[{\"@type\":\"SearchAction\",\"target\":{\"@type\":\"EntryPoint\",\"urlTemplate\":\"https:\/\/label.bet\/hu\/?s={search_term_string}\"},\"query-input\":{\"@type\":\"PropertyValueSpecification\",\"valueRequired\":true,\"valueName\":\"search_term_string\"}}],\"inLanguage\":\"hu\"}]}<\/script>\n<!-- \/ Yoast SEO plugin. -->","yoast_head_json":{"title":"BetLabel kombin\u00e1lt fogad\u00e1s-biztos\u00edt\u00e1s \u2013 100%-os visszat\u00e9r\u00edt\u00e9s","description":"Tegyen 7 vagy t\u00f6bb v\u00e1laszt\u00e1st tartalmaz\u00f3 kombin\u00e1lt fogad\u00e1st a BetLabel-en, \u00e9s \u00e9lvezze a 100%-os kombin\u00e1lt biztos\u00edt\u00e1st. Ha csak egy v\u00e1laszt\u00e1s nem nyer, visszakapja a t\u00e9tj\u00e9t. A m\u00e9rk\u0151z\u00e9s el\u0151tti \u00e9s az \u00e9l\u0151 fogad\u00e1sok is \u00e9rv\u00e9nyesek.","robots":{"index":"index","follow":"follow","max-snippet":"max-snippet:-1","max-image-preview":"max-image-preview:large","max-video-preview":"max-video-preview:-1"},"og_locale":"hu_HU","og_type":"article","og_title":"BetLabel kombin\u00e1lt fogad\u00e1s-biztos\u00edt\u00e1s \u2013 100%-os visszat\u00e9r\u00edt\u00e9s","og_description":"Tegyen 7 vagy t\u00f6bb v\u00e1laszt\u00e1st tartalmaz\u00f3 kombin\u00e1lt fogad\u00e1st a BetLabel-en, \u00e9s \u00e9lvezze a 100%-os kombin\u00e1lt biztos\u00edt\u00e1st. Ha csak egy v\u00e1laszt\u00e1s nem nyer, visszakapja a t\u00e9tj\u00e9t. A m\u00e9rk\u0151z\u00e9s el\u0151tti \u00e9s az \u00e9l\u0151 fogad\u00e1sok is \u00e9rv\u00e9nyesek.","og_url":"https:\/\/label.bet\/hu\/accumulator-insurance\/","og_site_name":"BetLabel hu","article_modified_time":"2026-03-30T07:26:52+00:00","twitter_card":"summary_large_image","schema":{"@context":"https:\/\/schema.org","@graph":[{"@type":"WebPage","@id":"https:\/\/label.bet\/hu\/accumulator-insurance\/","url":"https:\/\/label.bet\/hu\/accumulator-insurance\/","name":"BetLabel kombin\u00e1lt fogad\u00e1s-biztos\u00edt\u00e1s \u2013 100%-os visszat\u00e9r\u00edt\u00e9s","isPartOf":{"@id":"https:\/\/label.bet\/hu\/#website"},"datePublished":"2026-03-16T10:17:17+00:00","dateModified":"2026-03-30T07:26:52+00:00","description":"Tegyen 7 vagy t\u00f6bb v\u00e1laszt\u00e1st tartalmaz\u00f3 kombin\u00e1lt fogad\u00e1st a BetLabel-en, \u00e9s \u00e9lvezze a 100%-os kombin\u00e1lt biztos\u00edt\u00e1st. Ha csak egy v\u00e1laszt\u00e1s nem nyer, visszakapja a t\u00e9tj\u00e9t. A m\u00e9rk\u0151z\u00e9s el\u0151tti \u00e9s az \u00e9l\u0151 fogad\u00e1sok is \u00e9rv\u00e9nyesek.","inLanguage":"hu","potentialAction":[{"@type":"ReadAction","target":["https:\/\/label.bet\/hu\/accumulator-insurance\/"]}]},{"@type":"WebSite","@id":"https:\/\/label.bet\/hu\/#website","url":"https:\/\/label.bet\/hu\/","name":"BetLabel hu","description":"","potentialAction":[{"@type":"SearchAction","target":{"@type":"EntryPoint","urlTemplate":"https:\/\/label.bet\/hu\/?s={search_term_string}"},"query-input":{"@type":"PropertyValueSpecification","valueRequired":true,"valueName":"search_term_string"}}],"inLanguage":"hu"}]}},"_links":{"self":[{"href":"https:\/\/label.bet\/hu\/wp-json\/wp\/v2\/pages\/2027","targetHints":{"allow":["GET"]}}],"collection":[{"href":"https:\/\/label.bet\/hu\/wp-json\/wp\/v2\/pages"}],"about":[{"href":"https:\/\/label.bet\/hu\/wp-json\/wp\/v2\/types\/page"}],"author":[{"embeddable":true,"href":"https:\/\/label.bet\/hu\/wp-json\/wp\/v2\/users\/1"}],"replies":[{"embeddable":true,"href":"https:\/\/label.bet\/hu\/wp-json\/wp\/v2\/comments?post=2027"}],"version-history":[{"count":1,"href":"https:\/\/label.bet\/hu\/wp-json\/wp\/v2\/pages\/2027\/revisions"}],"predecessor-version":[{"id":2046,"href":"https:\/\/label.bet\/hu\/wp-json\/wp\/v2\/pages\/2027\/revisions\/2046"}],"wp:attachment":[{"href":"https:\/\/label.bet\/hu\/wp-json\/wp\/v2\/media?parent=2027"}],"curies":[{"name":"wp","href":"https:\/\/api.w.org\/{rel}","templated":true}]}}