{"id":2031,"date":"2026-03-16T13:36:20","date_gmt":"2026-03-16T10:36:20","guid":{"rendered":"https:\/\/label.bet\/?page_id=2031"},"modified":"2026-03-30T10:24:20","modified_gmt":"2026-03-30T07:24:20","slug":"tuesday-cashback","status":"publish","type":"page","link":"https:\/\/label.bet\/hu\/tuesday-cashback\/","title":{"rendered":"Tuesday Cashback"},"content":{"rendered":"","protected":false},"excerpt":{"rendered":"","protected":false},"author":1,"featured_media":0,"parent":0,"menu_order":0,"comment_status":"closed","ping_status":"closed","template":"","meta":{"_acf_changed":false,"footnotes":""},"class_list":["post-2031","page","type-page","status-publish","hentry"],"acf":[],"yoast_head":"<!-- This site is optimized with the Yoast SEO plugin v26.5 - https:\/\/yoast.com\/wordpress\/plugins\/seo\/ -->\n<title>BetLabel 3%-os keddi p\u00e9nzvisszat\u00e9r\u00edt\u00e9s \u2013 Heti p\u00e9nzvisszat\u00e9r\u00edt\u00e9s<\/title>\n<meta name=\"description\" content=\"Tegyen fogad\u00e1sokat a h\u00e9ten a BetLabeln\u00e9l, \u00e9s minden kedden 3%-os cashbacket kap a fogad\u00e1sok teljes t\u00e9tj\u00e9nek \u00f6sszeg\u00e9re. Maradjon akt\u00edv, \u00e9s n\u00f6velje bankrollj\u00e1t ezzel a heti jutalommal.\" \/>\n<meta name=\"robots\" content=\"index, follow, max-snippet:-1, max-image-preview:large, max-video-preview:-1\" \/>\n<meta property=\"og:locale\" content=\"hu_HU\" \/>\n<meta property=\"og:type\" content=\"article\" \/>\n<meta property=\"og:title\" content=\"BetLabel 3%-os keddi p\u00e9nzvisszat\u00e9r\u00edt\u00e9s \u2013 Heti p\u00e9nzvisszat\u00e9r\u00edt\u00e9s\" \/>\n<meta property=\"og:description\" content=\"Tegyen fogad\u00e1sokat a h\u00e9ten a BetLabeln\u00e9l, \u00e9s minden kedden 3%-os cashbacket kap a fogad\u00e1sok teljes t\u00e9tj\u00e9nek \u00f6sszeg\u00e9re. Maradjon akt\u00edv, \u00e9s n\u00f6velje bankrollj\u00e1t ezzel a heti jutalommal.\" \/>\n<meta property=\"og:url\" content=\"https:\/\/label.bet\/hu\/tuesday-cashback\/\" \/>\n<meta property=\"og:site_name\" content=\"BetLabel hu\" \/>\n<meta property=\"article:modified_time\" content=\"2026-03-30T07:24:20+00:00\" \/>\n<meta name=\"twitter:card\" content=\"summary_large_image\" \/>\n<script type=\"application\/ld+json\" class=\"yoast-schema-graph\">{\"@context\":\"https:\/\/schema.org\",\"@graph\":[{\"@type\":\"WebPage\",\"@id\":\"https:\/\/label.bet\/hu\/tuesday-cashback\/\",\"url\":\"https:\/\/label.bet\/hu\/tuesday-cashback\/\",\"name\":\"BetLabel 3%-os keddi p\u00e9nzvisszat\u00e9r\u00edt\u00e9s \u2013 Heti p\u00e9nzvisszat\u00e9r\u00edt\u00e9s\",\"isPartOf\":{\"@id\":\"https:\/\/label.bet\/hu\/#website\"},\"datePublished\":\"2026-03-16T10:36:20+00:00\",\"dateModified\":\"2026-03-30T07:24:20+00:00\",\"description\":\"Tegyen fogad\u00e1sokat a h\u00e9ten a BetLabeln\u00e9l, \u00e9s minden kedden 3%-os cashbacket kap a fogad\u00e1sok teljes t\u00e9tj\u00e9nek \u00f6sszeg\u00e9re. Maradjon akt\u00edv, \u00e9s n\u00f6velje bankrollj\u00e1t ezzel a heti jutalommal.\",\"inLanguage\":\"hu\",\"potentialAction\":[{\"@type\":\"ReadAction\",\"target\":[\"https:\/\/label.bet\/hu\/tuesday-cashback\/\"]}]},{\"@type\":\"WebSite\",\"@id\":\"https:\/\/label.bet\/hu\/#website\",\"url\":\"https:\/\/label.bet\/hu\/\",\"name\":\"BetLabel hu\",\"description\":\"\",\"potentialAction\":[{\"@type\":\"SearchAction\",\"target\":{\"@type\":\"EntryPoint\",\"urlTemplate\":\"https:\/\/label.bet\/hu\/?s={search_term_string}\"},\"query-input\":{\"@type\":\"PropertyValueSpecification\",\"valueRequired\":true,\"valueName\":\"search_term_string\"}}],\"inLanguage\":\"hu\"}]}<\/script>\n<!-- \/ Yoast SEO plugin. -->","yoast_head_json":{"title":"BetLabel 3%-os keddi p\u00e9nzvisszat\u00e9r\u00edt\u00e9s \u2013 Heti p\u00e9nzvisszat\u00e9r\u00edt\u00e9s","description":"Tegyen fogad\u00e1sokat a h\u00e9ten a BetLabeln\u00e9l, \u00e9s minden kedden 3%-os cashbacket kap a fogad\u00e1sok teljes t\u00e9tj\u00e9nek \u00f6sszeg\u00e9re. Maradjon akt\u00edv, \u00e9s n\u00f6velje bankrollj\u00e1t ezzel a heti jutalommal.","robots":{"index":"index","follow":"follow","max-snippet":"max-snippet:-1","max-image-preview":"max-image-preview:large","max-video-preview":"max-video-preview:-1"},"og_locale":"hu_HU","og_type":"article","og_title":"BetLabel 3%-os keddi p\u00e9nzvisszat\u00e9r\u00edt\u00e9s \u2013 Heti p\u00e9nzvisszat\u00e9r\u00edt\u00e9s","og_description":"Tegyen fogad\u00e1sokat a h\u00e9ten a BetLabeln\u00e9l, \u00e9s minden kedden 3%-os cashbacket kap a fogad\u00e1sok teljes t\u00e9tj\u00e9nek \u00f6sszeg\u00e9re. Maradjon akt\u00edv, \u00e9s n\u00f6velje bankrollj\u00e1t ezzel a heti jutalommal.","og_url":"https:\/\/label.bet\/hu\/tuesday-cashback\/","og_site_name":"BetLabel hu","article_modified_time":"2026-03-30T07:24:20+00:00","twitter_card":"summary_large_image","schema":{"@context":"https:\/\/schema.org","@graph":[{"@type":"WebPage","@id":"https:\/\/label.bet\/hu\/tuesday-cashback\/","url":"https:\/\/label.bet\/hu\/tuesday-cashback\/","name":"BetLabel 3%-os keddi p\u00e9nzvisszat\u00e9r\u00edt\u00e9s \u2013 Heti p\u00e9nzvisszat\u00e9r\u00edt\u00e9s","isPartOf":{"@id":"https:\/\/label.bet\/hu\/#website"},"datePublished":"2026-03-16T10:36:20+00:00","dateModified":"2026-03-30T07:24:20+00:00","description":"Tegyen fogad\u00e1sokat a h\u00e9ten a BetLabeln\u00e9l, \u00e9s minden kedden 3%-os cashbacket kap a fogad\u00e1sok teljes t\u00e9tj\u00e9nek \u00f6sszeg\u00e9re. Maradjon akt\u00edv, \u00e9s n\u00f6velje bankrollj\u00e1t ezzel a heti jutalommal.","inLanguage":"hu","potentialAction":[{"@type":"ReadAction","target":["https:\/\/label.bet\/hu\/tuesday-cashback\/"]}]},{"@type":"WebSite","@id":"https:\/\/label.bet\/hu\/#website","url":"https:\/\/label.bet\/hu\/","name":"BetLabel hu","description":"","potentialAction":[{"@type":"SearchAction","target":{"@type":"EntryPoint","urlTemplate":"https:\/\/label.bet\/hu\/?s={search_term_string}"},"query-input":{"@type":"PropertyValueSpecification","valueRequired":true,"valueName":"search_term_string"}}],"inLanguage":"hu"}]}},"_links":{"self":[{"href":"https:\/\/label.bet\/hu\/wp-json\/wp\/v2\/pages\/2031","targetHints":{"allow":["GET"]}}],"collection":[{"href":"https:\/\/label.bet\/hu\/wp-json\/wp\/v2\/pages"}],"about":[{"href":"https:\/\/label.bet\/hu\/wp-json\/wp\/v2\/types\/page"}],"author":[{"embeddable":true,"href":"https:\/\/label.bet\/hu\/wp-json\/wp\/v2\/users\/1"}],"replies":[{"embeddable":true,"href":"https:\/\/label.bet\/hu\/wp-json\/wp\/v2\/comments?post=2031"}],"version-history":[{"count":1,"href":"https:\/\/label.bet\/hu\/wp-json\/wp\/v2\/pages\/2031\/revisions"}],"predecessor-version":[{"id":2045,"href":"https:\/\/label.bet\/hu\/wp-json\/wp\/v2\/pages\/2031\/revisions\/2045"}],"wp:attachment":[{"href":"https:\/\/label.bet\/hu\/wp-json\/wp\/v2\/media?parent=2031"}],"curies":[{"name":"wp","href":"https:\/\/api.w.org\/{rel}","templated":true}]}}