{"id":1718,"date":"2026-01-22T13:07:55","date_gmt":"2026-01-22T10:07:55","guid":{"rendered":"https:\/\/label.bet\/no\/?page_id=1718"},"modified":"2026-03-13T16:46:50","modified_gmt":"2026-03-13T13:46:50","slug":"football","status":"publish","type":"page","link":"https:\/\/label.bet\/no\/football\/","title":{"rendered":"Fotball"},"content":{"rendered":"","protected":false},"excerpt":{"rendered":"","protected":false},"author":1,"featured_media":0,"parent":0,"menu_order":0,"comment_status":"closed","ping_status":"closed","template":"","meta":{"_acf_changed":false,"footnotes":""},"class_list":["post-1718","page","type-page","status-publish","hentry"],"acf":[],"yoast_head":"<!-- This site is optimized with the Yoast SEO plugin v26.5 - https:\/\/yoast.com\/wordpress\/plugins\/seo\/ -->\n<title>BetLabel Fotball \u25b6\ufe0f Odds og sp\u00e5dommer for kamper<\/title>\n<meta name=\"description\" content=\"Spill fotball hos BetLabel! Gj\u00f8r treffsikre sp\u00e5dommer om mesterskap og turneringer, f\u00e5 gode odds og vinn. En moderne bookmaker med fokus p\u00e5 sportsbetting venter p\u00e5 deg.\" \/>\n<meta name=\"robots\" content=\"index, follow, max-snippet:-1, max-image-preview:large, max-video-preview:-1\" \/>\n<meta property=\"og:locale\" content=\"nb_NO\" \/>\n<meta property=\"og:type\" content=\"article\" \/>\n<meta property=\"og:title\" content=\"BetLabel Fotball \u25b6\ufe0f Odds og sp\u00e5dommer for kamper\" \/>\n<meta property=\"og:description\" content=\"Spill fotball hos BetLabel! Gj\u00f8r treffsikre sp\u00e5dommer om mesterskap og turneringer, f\u00e5 gode odds og vinn. En moderne bookmaker med fokus p\u00e5 sportsbetting venter p\u00e5 deg.\" \/>\n<meta property=\"og:url\" content=\"https:\/\/label.bet\/no\/football\/\" \/>\n<meta property=\"og:site_name\" content=\"Betlabel no\" \/>\n<meta property=\"article:modified_time\" content=\"2026-03-13T13:46:50+00:00\" \/>\n<meta name=\"twitter:card\" content=\"summary_large_image\" \/>\n<script type=\"application\/ld+json\" class=\"yoast-schema-graph\">{\"@context\":\"https:\/\/schema.org\",\"@graph\":[{\"@type\":\"WebPage\",\"@id\":\"https:\/\/label.bet\/no\/football\/\",\"url\":\"https:\/\/label.bet\/no\/football\/\",\"name\":\"BetLabel Fotball \u25b6\ufe0f Odds og sp\u00e5dommer for kamper\",\"isPartOf\":{\"@id\":\"https:\/\/label.bet\/no\/#website\"},\"datePublished\":\"2026-01-22T10:07:55+00:00\",\"dateModified\":\"2026-03-13T13:46:50+00:00\",\"description\":\"Spill fotball hos BetLabel! Gj\u00f8r treffsikre sp\u00e5dommer om mesterskap og turneringer, f\u00e5 gode odds og vinn. En moderne bookmaker med fokus p\u00e5 sportsbetting venter p\u00e5 deg.\",\"inLanguage\":\"nb-NO\",\"potentialAction\":[{\"@type\":\"ReadAction\",\"target\":[\"https:\/\/label.bet\/no\/football\/\"]}]},{\"@type\":\"WebSite\",\"@id\":\"https:\/\/label.bet\/no\/#website\",\"url\":\"https:\/\/label.bet\/no\/\",\"name\":\"Betlabel no\",\"description\":\"\",\"potentialAction\":[{\"@type\":\"SearchAction\",\"target\":{\"@type\":\"EntryPoint\",\"urlTemplate\":\"https:\/\/label.bet\/no\/?s={search_term_string}\"},\"query-input\":{\"@type\":\"PropertyValueSpecification\",\"valueRequired\":true,\"valueName\":\"search_term_string\"}}],\"inLanguage\":\"nb-NO\"}]}<\/script>\n<!-- \/ Yoast SEO plugin. -->","yoast_head_json":{"title":"BetLabel Fotball \u25b6\ufe0f Odds og sp\u00e5dommer for kamper","description":"Spill fotball hos BetLabel! Gj\u00f8r treffsikre sp\u00e5dommer om mesterskap og turneringer, f\u00e5 gode odds og vinn. En moderne bookmaker med fokus p\u00e5 sportsbetting venter p\u00e5 deg.","robots":{"index":"index","follow":"follow","max-snippet":"max-snippet:-1","max-image-preview":"max-image-preview:large","max-video-preview":"max-video-preview:-1"},"og_locale":"nb_NO","og_type":"article","og_title":"BetLabel Fotball \u25b6\ufe0f Odds og sp\u00e5dommer for kamper","og_description":"Spill fotball hos BetLabel! Gj\u00f8r treffsikre sp\u00e5dommer om mesterskap og turneringer, f\u00e5 gode odds og vinn. En moderne bookmaker med fokus p\u00e5 sportsbetting venter p\u00e5 deg.","og_url":"https:\/\/label.bet\/no\/football\/","og_site_name":"Betlabel no","article_modified_time":"2026-03-13T13:46:50+00:00","twitter_card":"summary_large_image","schema":{"@context":"https:\/\/schema.org","@graph":[{"@type":"WebPage","@id":"https:\/\/label.bet\/no\/football\/","url":"https:\/\/label.bet\/no\/football\/","name":"BetLabel Fotball \u25b6\ufe0f Odds og sp\u00e5dommer for kamper","isPartOf":{"@id":"https:\/\/label.bet\/no\/#website"},"datePublished":"2026-01-22T10:07:55+00:00","dateModified":"2026-03-13T13:46:50+00:00","description":"Spill fotball hos BetLabel! Gj\u00f8r treffsikre sp\u00e5dommer om mesterskap og turneringer, f\u00e5 gode odds og vinn. En moderne bookmaker med fokus p\u00e5 sportsbetting venter p\u00e5 deg.","inLanguage":"nb-NO","potentialAction":[{"@type":"ReadAction","target":["https:\/\/label.bet\/no\/football\/"]}]},{"@type":"WebSite","@id":"https:\/\/label.bet\/no\/#website","url":"https:\/\/label.bet\/no\/","name":"Betlabel no","description":"","potentialAction":[{"@type":"SearchAction","target":{"@type":"EntryPoint","urlTemplate":"https:\/\/label.bet\/no\/?s={search_term_string}"},"query-input":{"@type":"PropertyValueSpecification","valueRequired":true,"valueName":"search_term_string"}}],"inLanguage":"nb-NO"}]}},"_links":{"self":[{"href":"https:\/\/label.bet\/no\/wp-json\/wp\/v2\/pages\/1718","targetHints":{"allow":["GET"]}}],"collection":[{"href":"https:\/\/label.bet\/no\/wp-json\/wp\/v2\/pages"}],"about":[{"href":"https:\/\/label.bet\/no\/wp-json\/wp\/v2\/types\/page"}],"author":[{"embeddable":true,"href":"https:\/\/label.bet\/no\/wp-json\/wp\/v2\/users\/1"}],"replies":[{"embeddable":true,"href":"https:\/\/label.bet\/no\/wp-json\/wp\/v2\/comments?post=1718"}],"version-history":[{"count":4,"href":"https:\/\/label.bet\/no\/wp-json\/wp\/v2\/pages\/1718\/revisions"}],"predecessor-version":[{"id":2017,"href":"https:\/\/label.bet\/no\/wp-json\/wp\/v2\/pages\/1718\/revisions\/2017"}],"wp:attachment":[{"href":"https:\/\/label.bet\/no\/wp-json\/wp\/v2\/media?parent=1718"}],"curies":[{"name":"wp","href":"https:\/\/api.w.org\/{rel}","templated":true}]}}