{"id":1729,"date":"2026-01-22T15:02:05","date_gmt":"2026-01-22T12:02:05","guid":{"rendered":"https:\/\/label.bet\/no\/?page_id=1729"},"modified":"2026-03-16T18:08:20","modified_gmt":"2026-03-16T15:08:20","slug":"tennis","status":"publish","type":"page","link":"https:\/\/label.bet\/no\/tennis\/","title":{"rendered":"Tennis"},"content":{"rendered":"","protected":false},"excerpt":{"rendered":"","protected":false},"author":1,"featured_media":0,"parent":0,"menu_order":0,"comment_status":"closed","ping_status":"closed","template":"","meta":{"_acf_changed":false,"footnotes":""},"class_list":["post-1729","page","type-page","status-publish","hentry"],"acf":[],"yoast_head":"<!-- This site is optimized with the Yoast SEO plugin v26.5 - https:\/\/yoast.com\/wordpress\/plugins\/seo\/ -->\n<title>BetLabel Tennis \u26a1\ufe0f Odds, tips til turneringer<\/title>\n<meta name=\"description\" content=\"Tennisspill hos BetLabel! Spill p\u00e5 ATP-, WTA- og Grand Slam-turneringer, f\u00e5 gode odds og vinn. En p\u00e5litelig bookmaker med fokus p\u00e5 sport venter p\u00e5 deg.\" \/>\n<meta name=\"robots\" content=\"index, follow, max-snippet:-1, max-image-preview:large, max-video-preview:-1\" \/>\n<meta property=\"og:locale\" content=\"nb_NO\" \/>\n<meta property=\"og:type\" content=\"article\" \/>\n<meta property=\"og:title\" content=\"BetLabel Tennis \u26a1\ufe0f Odds, tips til turneringer\" \/>\n<meta property=\"og:description\" content=\"Tennisspill hos BetLabel! Spill p\u00e5 ATP-, WTA- og Grand Slam-turneringer, f\u00e5 gode odds og vinn. En p\u00e5litelig bookmaker med fokus p\u00e5 sport venter p\u00e5 deg.\" \/>\n<meta property=\"og:url\" content=\"https:\/\/label.bet\/no\/tennis\/\" \/>\n<meta property=\"og:site_name\" content=\"Betlabel no\" \/>\n<meta property=\"article:modified_time\" content=\"2026-03-16T15:08:20+00:00\" \/>\n<meta name=\"twitter:card\" content=\"summary_large_image\" \/>\n<script type=\"application\/ld+json\" class=\"yoast-schema-graph\">{\"@context\":\"https:\/\/schema.org\",\"@graph\":[{\"@type\":\"WebPage\",\"@id\":\"https:\/\/label.bet\/no\/tennis\/\",\"url\":\"https:\/\/label.bet\/no\/tennis\/\",\"name\":\"BetLabel Tennis \u26a1\ufe0f Odds, tips til turneringer\",\"isPartOf\":{\"@id\":\"https:\/\/label.bet\/no\/#website\"},\"datePublished\":\"2026-01-22T12:02:05+00:00\",\"dateModified\":\"2026-03-16T15:08:20+00:00\",\"description\":\"Tennisspill hos BetLabel! Spill p\u00e5 ATP-, WTA- og Grand Slam-turneringer, f\u00e5 gode odds og vinn. En p\u00e5litelig bookmaker med fokus p\u00e5 sport venter p\u00e5 deg.\",\"inLanguage\":\"nb-NO\",\"potentialAction\":[{\"@type\":\"ReadAction\",\"target\":[\"https:\/\/label.bet\/no\/tennis\/\"]}]},{\"@type\":\"WebSite\",\"@id\":\"https:\/\/label.bet\/no\/#website\",\"url\":\"https:\/\/label.bet\/no\/\",\"name\":\"Betlabel no\",\"description\":\"\",\"potentialAction\":[{\"@type\":\"SearchAction\",\"target\":{\"@type\":\"EntryPoint\",\"urlTemplate\":\"https:\/\/label.bet\/no\/?s={search_term_string}\"},\"query-input\":{\"@type\":\"PropertyValueSpecification\",\"valueRequired\":true,\"valueName\":\"search_term_string\"}}],\"inLanguage\":\"nb-NO\"}]}<\/script>\n<!-- \/ Yoast SEO plugin. -->","yoast_head_json":{"title":"BetLabel Tennis \u26a1\ufe0f Odds, tips til turneringer","description":"Tennisspill hos BetLabel! Spill p\u00e5 ATP-, WTA- og Grand Slam-turneringer, f\u00e5 gode odds og vinn. En p\u00e5litelig bookmaker med fokus p\u00e5 sport venter p\u00e5 deg.","robots":{"index":"index","follow":"follow","max-snippet":"max-snippet:-1","max-image-preview":"max-image-preview:large","max-video-preview":"max-video-preview:-1"},"og_locale":"nb_NO","og_type":"article","og_title":"BetLabel Tennis \u26a1\ufe0f Odds, tips til turneringer","og_description":"Tennisspill hos BetLabel! Spill p\u00e5 ATP-, WTA- og Grand Slam-turneringer, f\u00e5 gode odds og vinn. En p\u00e5litelig bookmaker med fokus p\u00e5 sport venter p\u00e5 deg.","og_url":"https:\/\/label.bet\/no\/tennis\/","og_site_name":"Betlabel no","article_modified_time":"2026-03-16T15:08:20+00:00","twitter_card":"summary_large_image","schema":{"@context":"https:\/\/schema.org","@graph":[{"@type":"WebPage","@id":"https:\/\/label.bet\/no\/tennis\/","url":"https:\/\/label.bet\/no\/tennis\/","name":"BetLabel Tennis \u26a1\ufe0f Odds, tips til turneringer","isPartOf":{"@id":"https:\/\/label.bet\/no\/#website"},"datePublished":"2026-01-22T12:02:05+00:00","dateModified":"2026-03-16T15:08:20+00:00","description":"Tennisspill hos BetLabel! Spill p\u00e5 ATP-, WTA- og Grand Slam-turneringer, f\u00e5 gode odds og vinn. En p\u00e5litelig bookmaker med fokus p\u00e5 sport venter p\u00e5 deg.","inLanguage":"nb-NO","potentialAction":[{"@type":"ReadAction","target":["https:\/\/label.bet\/no\/tennis\/"]}]},{"@type":"WebSite","@id":"https:\/\/label.bet\/no\/#website","url":"https:\/\/label.bet\/no\/","name":"Betlabel no","description":"","potentialAction":[{"@type":"SearchAction","target":{"@type":"EntryPoint","urlTemplate":"https:\/\/label.bet\/no\/?s={search_term_string}"},"query-input":{"@type":"PropertyValueSpecification","valueRequired":true,"valueName":"search_term_string"}}],"inLanguage":"nb-NO"}]}},"_links":{"self":[{"href":"https:\/\/label.bet\/no\/wp-json\/wp\/v2\/pages\/1729","targetHints":{"allow":["GET"]}}],"collection":[{"href":"https:\/\/label.bet\/no\/wp-json\/wp\/v2\/pages"}],"about":[{"href":"https:\/\/label.bet\/no\/wp-json\/wp\/v2\/types\/page"}],"author":[{"embeddable":true,"href":"https:\/\/label.bet\/no\/wp-json\/wp\/v2\/users\/1"}],"replies":[{"embeddable":true,"href":"https:\/\/label.bet\/no\/wp-json\/wp\/v2\/comments?post=1729"}],"version-history":[{"count":4,"href":"https:\/\/label.bet\/no\/wp-json\/wp\/v2\/pages\/1729\/revisions"}],"predecessor-version":[{"id":2036,"href":"https:\/\/label.bet\/no\/wp-json\/wp\/v2\/pages\/1729\/revisions\/2036"}],"wp:attachment":[{"href":"https:\/\/label.bet\/no\/wp-json\/wp\/v2\/media?parent=1729"}],"curies":[{"name":"wp","href":"https:\/\/api.w.org\/{rel}","templated":true}]}}