{"id":1743,"date":"2026-01-22T17:36:57","date_gmt":"2026-01-22T14:36:57","guid":{"rendered":"https:\/\/label.bet\/no\/?page_id=1743"},"modified":"2026-03-16T18:55:21","modified_gmt":"2026-03-16T15:55:21","slug":"volleyball","status":"publish","type":"page","link":"https:\/\/label.bet\/no\/volleyball\/","title":{"rendered":"Volleyball"},"content":{"rendered":"","protected":false},"excerpt":{"rendered":"","protected":false},"author":1,"featured_media":0,"parent":0,"menu_order":0,"comment_status":"closed","ping_status":"closed","template":"","meta":{"_acf_changed":false,"footnotes":""},"class_list":["post-1743","page","type-page","status-publish","hentry"],"acf":[],"yoast_head":"<!-- This site is optimized with the Yoast SEO plugin v26.5 - https:\/\/yoast.com\/wordpress\/plugins\/seo\/ -->\n<title>BetLabel Volleyballspill \u1409 H\u00f8ye odds og unike bonuser<\/title>\n<meta name=\"description\" content=\"Spill p\u00e5 volleyball med BetLabel! H\u00f8ye odds, et bredt utvalg av ligaer og turneringer samt unike bonuser garanterer en spennende spillopplevelse. Bli med oss og begynn \u00e5 vinne i dag!\" \/>\n<meta name=\"robots\" content=\"index, follow, max-snippet:-1, max-image-preview:large, max-video-preview:-1\" \/>\n<meta property=\"og:locale\" content=\"nb_NO\" \/>\n<meta property=\"og:type\" content=\"article\" \/>\n<meta property=\"og:title\" content=\"BetLabel Volleyballspill \u1409 H\u00f8ye odds og unike bonuser\" \/>\n<meta property=\"og:description\" content=\"Spill p\u00e5 volleyball med BetLabel! H\u00f8ye odds, et bredt utvalg av ligaer og turneringer samt unike bonuser garanterer en spennende spillopplevelse. Bli med oss og begynn \u00e5 vinne i dag!\" \/>\n<meta property=\"og:url\" content=\"https:\/\/label.bet\/no\/volleyball\/\" \/>\n<meta property=\"og:site_name\" content=\"Betlabel no\" \/>\n<meta property=\"article:modified_time\" content=\"2026-03-16T15:55:21+00:00\" \/>\n<meta name=\"twitter:card\" content=\"summary_large_image\" \/>\n<script type=\"application\/ld+json\" class=\"yoast-schema-graph\">{\"@context\":\"https:\/\/schema.org\",\"@graph\":[{\"@type\":\"WebPage\",\"@id\":\"https:\/\/label.bet\/no\/volleyball\/\",\"url\":\"https:\/\/label.bet\/no\/volleyball\/\",\"name\":\"BetLabel Volleyballspill \u1409 H\u00f8ye odds og unike bonuser\",\"isPartOf\":{\"@id\":\"https:\/\/label.bet\/no\/#website\"},\"datePublished\":\"2026-01-22T14:36:57+00:00\",\"dateModified\":\"2026-03-16T15:55:21+00:00\",\"description\":\"Spill p\u00e5 volleyball med BetLabel! H\u00f8ye odds, et bredt utvalg av ligaer og turneringer samt unike bonuser garanterer en spennende spillopplevelse. Bli med oss og begynn \u00e5 vinne i dag!\",\"inLanguage\":\"nb-NO\",\"potentialAction\":[{\"@type\":\"ReadAction\",\"target\":[\"https:\/\/label.bet\/no\/volleyball\/\"]}]},{\"@type\":\"WebSite\",\"@id\":\"https:\/\/label.bet\/no\/#website\",\"url\":\"https:\/\/label.bet\/no\/\",\"name\":\"Betlabel no\",\"description\":\"\",\"potentialAction\":[{\"@type\":\"SearchAction\",\"target\":{\"@type\":\"EntryPoint\",\"urlTemplate\":\"https:\/\/label.bet\/no\/?s={search_term_string}\"},\"query-input\":{\"@type\":\"PropertyValueSpecification\",\"valueRequired\":true,\"valueName\":\"search_term_string\"}}],\"inLanguage\":\"nb-NO\"}]}<\/script>\n<!-- \/ Yoast SEO plugin. -->","yoast_head_json":{"title":"BetLabel Volleyballspill \u1409 H\u00f8ye odds og unike bonuser","description":"Spill p\u00e5 volleyball med BetLabel! H\u00f8ye odds, et bredt utvalg av ligaer og turneringer samt unike bonuser garanterer en spennende spillopplevelse. Bli med oss og begynn \u00e5 vinne i dag!","robots":{"index":"index","follow":"follow","max-snippet":"max-snippet:-1","max-image-preview":"max-image-preview:large","max-video-preview":"max-video-preview:-1"},"og_locale":"nb_NO","og_type":"article","og_title":"BetLabel Volleyballspill \u1409 H\u00f8ye odds og unike bonuser","og_description":"Spill p\u00e5 volleyball med BetLabel! H\u00f8ye odds, et bredt utvalg av ligaer og turneringer samt unike bonuser garanterer en spennende spillopplevelse. Bli med oss og begynn \u00e5 vinne i dag!","og_url":"https:\/\/label.bet\/no\/volleyball\/","og_site_name":"Betlabel no","article_modified_time":"2026-03-16T15:55:21+00:00","twitter_card":"summary_large_image","schema":{"@context":"https:\/\/schema.org","@graph":[{"@type":"WebPage","@id":"https:\/\/label.bet\/no\/volleyball\/","url":"https:\/\/label.bet\/no\/volleyball\/","name":"BetLabel Volleyballspill \u1409 H\u00f8ye odds og unike bonuser","isPartOf":{"@id":"https:\/\/label.bet\/no\/#website"},"datePublished":"2026-01-22T14:36:57+00:00","dateModified":"2026-03-16T15:55:21+00:00","description":"Spill p\u00e5 volleyball med BetLabel! H\u00f8ye odds, et bredt utvalg av ligaer og turneringer samt unike bonuser garanterer en spennende spillopplevelse. Bli med oss og begynn \u00e5 vinne i dag!","inLanguage":"nb-NO","potentialAction":[{"@type":"ReadAction","target":["https:\/\/label.bet\/no\/volleyball\/"]}]},{"@type":"WebSite","@id":"https:\/\/label.bet\/no\/#website","url":"https:\/\/label.bet\/no\/","name":"Betlabel no","description":"","potentialAction":[{"@type":"SearchAction","target":{"@type":"EntryPoint","urlTemplate":"https:\/\/label.bet\/no\/?s={search_term_string}"},"query-input":{"@type":"PropertyValueSpecification","valueRequired":true,"valueName":"search_term_string"}}],"inLanguage":"nb-NO"}]}},"_links":{"self":[{"href":"https:\/\/label.bet\/no\/wp-json\/wp\/v2\/pages\/1743","targetHints":{"allow":["GET"]}}],"collection":[{"href":"https:\/\/label.bet\/no\/wp-json\/wp\/v2\/pages"}],"about":[{"href":"https:\/\/label.bet\/no\/wp-json\/wp\/v2\/types\/page"}],"author":[{"embeddable":true,"href":"https:\/\/label.bet\/no\/wp-json\/wp\/v2\/users\/1"}],"replies":[{"embeddable":true,"href":"https:\/\/label.bet\/no\/wp-json\/wp\/v2\/comments?post=1743"}],"version-history":[{"count":5,"href":"https:\/\/label.bet\/no\/wp-json\/wp\/v2\/pages\/1743\/revisions"}],"predecessor-version":[{"id":2039,"href":"https:\/\/label.bet\/no\/wp-json\/wp\/v2\/pages\/1743\/revisions\/2039"}],"wp:attachment":[{"href":"https:\/\/label.bet\/no\/wp-json\/wp\/v2\/media?parent=1743"}],"curies":[{"name":"wp","href":"https:\/\/api.w.org\/{rel}","templated":true}]}}