{"id":1821,"date":"2026-01-25T16:26:05","date_gmt":"2026-01-25T13:26:05","guid":{"rendered":"https:\/\/label.bet\/no\/?page_id=1821"},"modified":"2026-03-13T17:30:58","modified_gmt":"2026-03-13T14:30:58","slug":"gates-of-olympus","status":"publish","type":"page","link":"https:\/\/label.bet\/no\/gates-of-olympus\/","title":{"rendered":"Gates of Olympus"},"content":{"rendered":"","protected":false},"excerpt":{"rendered":"","protected":false},"author":1,"featured_media":0,"parent":0,"menu_order":0,"comment_status":"closed","ping_status":"closed","template":"","meta":{"_acf_changed":false,"footnotes":""},"class_list":["post-1821","page","type-page","status-publish","hentry"],"acf":[],"yoast_head":"<!-- This site is optimized with the Yoast SEO plugin v26.5 - https:\/\/yoast.com\/wordpress\/plugins\/seo\/ -->\n<title>Gates of Olympus hos BetLabel \u2714\ufe0f Spilleautomat med opptil 500 ganger innsatsen<\/title>\n<meta name=\"description\" content=\"Spill Gates of Olympus hos BetLabel Casino \u2714\ufe0f En popul\u00e6r spilleautomat fra Pragmatic Play med kaskadehjul, bonuskj\u00f8p og multiplikatorer p\u00e5 opptil 500x. Oversikt over spillopplevelsen, volatilitet og muligheter for store gevinster.\" \/>\n<meta name=\"robots\" content=\"index, follow, max-snippet:-1, max-image-preview:large, max-video-preview:-1\" \/>\n<meta property=\"og:locale\" content=\"nb_NO\" \/>\n<meta property=\"og:type\" content=\"article\" \/>\n<meta property=\"og:title\" content=\"Gates of Olympus hos BetLabel \u2714\ufe0f Spilleautomat med opptil 500 ganger innsatsen\" \/>\n<meta property=\"og:description\" content=\"Spill Gates of Olympus hos BetLabel Casino \u2714\ufe0f En popul\u00e6r spilleautomat fra Pragmatic Play med kaskadehjul, bonuskj\u00f8p og multiplikatorer p\u00e5 opptil 500x. Oversikt over spillopplevelsen, volatilitet og muligheter for store gevinster.\" \/>\n<meta property=\"og:url\" content=\"https:\/\/label.bet\/no\/gates-of-olympus\/\" \/>\n<meta property=\"og:site_name\" content=\"Betlabel no\" \/>\n<meta property=\"article:modified_time\" content=\"2026-03-13T14:30:58+00:00\" \/>\n<meta name=\"twitter:card\" content=\"summary_large_image\" \/>\n<script type=\"application\/ld+json\" class=\"yoast-schema-graph\">{\"@context\":\"https:\/\/schema.org\",\"@graph\":[{\"@type\":\"WebPage\",\"@id\":\"https:\/\/label.bet\/no\/gates-of-olympus\/\",\"url\":\"https:\/\/label.bet\/no\/gates-of-olympus\/\",\"name\":\"Gates of Olympus hos BetLabel \u2714\ufe0f Spilleautomat med opptil 500 ganger innsatsen\",\"isPartOf\":{\"@id\":\"https:\/\/label.bet\/no\/#website\"},\"datePublished\":\"2026-01-25T13:26:05+00:00\",\"dateModified\":\"2026-03-13T14:30:58+00:00\",\"description\":\"Spill Gates of Olympus hos BetLabel Casino \u2714\ufe0f En popul\u00e6r spilleautomat fra Pragmatic Play med kaskadehjul, bonuskj\u00f8p og multiplikatorer p\u00e5 opptil 500x. Oversikt over spillopplevelsen, volatilitet og muligheter for store gevinster.\",\"inLanguage\":\"nb-NO\",\"potentialAction\":[{\"@type\":\"ReadAction\",\"target\":[\"https:\/\/label.bet\/no\/gates-of-olympus\/\"]}]},{\"@type\":\"WebSite\",\"@id\":\"https:\/\/label.bet\/no\/#website\",\"url\":\"https:\/\/label.bet\/no\/\",\"name\":\"Betlabel no\",\"description\":\"\",\"potentialAction\":[{\"@type\":\"SearchAction\",\"target\":{\"@type\":\"EntryPoint\",\"urlTemplate\":\"https:\/\/label.bet\/no\/?s={search_term_string}\"},\"query-input\":{\"@type\":\"PropertyValueSpecification\",\"valueRequired\":true,\"valueName\":\"search_term_string\"}}],\"inLanguage\":\"nb-NO\"}]}<\/script>\n<!-- \/ Yoast SEO plugin. -->","yoast_head_json":{"title":"Gates of Olympus hos BetLabel \u2714\ufe0f Spilleautomat med opptil 500 ganger innsatsen","description":"Spill Gates of Olympus hos BetLabel Casino \u2714\ufe0f En popul\u00e6r spilleautomat fra Pragmatic Play med kaskadehjul, bonuskj\u00f8p og multiplikatorer p\u00e5 opptil 500x. Oversikt over spillopplevelsen, volatilitet og muligheter for store gevinster.","robots":{"index":"index","follow":"follow","max-snippet":"max-snippet:-1","max-image-preview":"max-image-preview:large","max-video-preview":"max-video-preview:-1"},"og_locale":"nb_NO","og_type":"article","og_title":"Gates of Olympus hos BetLabel \u2714\ufe0f Spilleautomat med opptil 500 ganger innsatsen","og_description":"Spill Gates of Olympus hos BetLabel Casino \u2714\ufe0f En popul\u00e6r spilleautomat fra Pragmatic Play med kaskadehjul, bonuskj\u00f8p og multiplikatorer p\u00e5 opptil 500x. Oversikt over spillopplevelsen, volatilitet og muligheter for store gevinster.","og_url":"https:\/\/label.bet\/no\/gates-of-olympus\/","og_site_name":"Betlabel no","article_modified_time":"2026-03-13T14:30:58+00:00","twitter_card":"summary_large_image","schema":{"@context":"https:\/\/schema.org","@graph":[{"@type":"WebPage","@id":"https:\/\/label.bet\/no\/gates-of-olympus\/","url":"https:\/\/label.bet\/no\/gates-of-olympus\/","name":"Gates of Olympus hos BetLabel \u2714\ufe0f Spilleautomat med opptil 500 ganger innsatsen","isPartOf":{"@id":"https:\/\/label.bet\/no\/#website"},"datePublished":"2026-01-25T13:26:05+00:00","dateModified":"2026-03-13T14:30:58+00:00","description":"Spill Gates of Olympus hos BetLabel Casino \u2714\ufe0f En popul\u00e6r spilleautomat fra Pragmatic Play med kaskadehjul, bonuskj\u00f8p og multiplikatorer p\u00e5 opptil 500x. Oversikt over spillopplevelsen, volatilitet og muligheter for store gevinster.","inLanguage":"nb-NO","potentialAction":[{"@type":"ReadAction","target":["https:\/\/label.bet\/no\/gates-of-olympus\/"]}]},{"@type":"WebSite","@id":"https:\/\/label.bet\/no\/#website","url":"https:\/\/label.bet\/no\/","name":"Betlabel no","description":"","potentialAction":[{"@type":"SearchAction","target":{"@type":"EntryPoint","urlTemplate":"https:\/\/label.bet\/no\/?s={search_term_string}"},"query-input":{"@type":"PropertyValueSpecification","valueRequired":true,"valueName":"search_term_string"}}],"inLanguage":"nb-NO"}]}},"_links":{"self":[{"href":"https:\/\/label.bet\/no\/wp-json\/wp\/v2\/pages\/1821","targetHints":{"allow":["GET"]}}],"collection":[{"href":"https:\/\/label.bet\/no\/wp-json\/wp\/v2\/pages"}],"about":[{"href":"https:\/\/label.bet\/no\/wp-json\/wp\/v2\/types\/page"}],"author":[{"embeddable":true,"href":"https:\/\/label.bet\/no\/wp-json\/wp\/v2\/users\/1"}],"replies":[{"embeddable":true,"href":"https:\/\/label.bet\/no\/wp-json\/wp\/v2\/comments?post=1821"}],"version-history":[{"count":4,"href":"https:\/\/label.bet\/no\/wp-json\/wp\/v2\/pages\/1821\/revisions"}],"predecessor-version":[{"id":2020,"href":"https:\/\/label.bet\/no\/wp-json\/wp\/v2\/pages\/1821\/revisions\/2020"}],"wp:attachment":[{"href":"https:\/\/label.bet\/no\/wp-json\/wp\/v2\/media?parent=1821"}],"curies":[{"name":"wp","href":"https:\/\/api.w.org\/{rel}","templated":true}]}}