{"id":1842,"date":"2026-01-26T10:38:10","date_gmt":"2026-01-26T07:38:10","guid":{"rendered":"https:\/\/label.bet\/no\/?page_id=1842"},"modified":"2026-03-16T17:03:04","modified_gmt":"2026-03-16T14:03:04","slug":"jetx","status":"publish","type":"page","link":"https:\/\/label.bet\/no\/jetx\/","title":{"rendered":"JetX"},"content":{"rendered":"","protected":false},"excerpt":{"rendered":"","protected":false},"author":1,"featured_media":0,"parent":0,"menu_order":0,"comment_status":"closed","ping_status":"closed","template":"","meta":{"_acf_changed":false,"footnotes":""},"class_list":["post-1842","page","type-page","status-publish","hentry"],"acf":[],"yoast_head":"<!-- This site is optimized with the Yoast SEO plugin v26.5 - https:\/\/yoast.com\/wordpress\/plugins\/seo\/ -->\n<title>JetX hos BetLabel Casino \u2611\ufe0f Crash-spill med stigende odds<\/title>\n<meta name=\"description\" content=\"JetX hos BetLabel er et popul\u00e6rt crash-spill der oddsen \u00f8ker i sanntid. L\u00e6r hvordan du spiller, n\u00e5r du b\u00f8r ta ut gevinsten, hvilke strategier som fungerer best, og hvorfor JetX er perfekt for raske spill\u00f8kter.\" \/>\n<meta name=\"robots\" content=\"index, follow, max-snippet:-1, max-image-preview:large, max-video-preview:-1\" \/>\n<meta property=\"og:locale\" content=\"nb_NO\" \/>\n<meta property=\"og:type\" content=\"article\" \/>\n<meta property=\"og:title\" content=\"JetX hos BetLabel Casino \u2611\ufe0f Crash-spill med stigende odds\" \/>\n<meta property=\"og:description\" content=\"JetX hos BetLabel er et popul\u00e6rt crash-spill der oddsen \u00f8ker i sanntid. L\u00e6r hvordan du spiller, n\u00e5r du b\u00f8r ta ut gevinsten, hvilke strategier som fungerer best, og hvorfor JetX er perfekt for raske spill\u00f8kter.\" \/>\n<meta property=\"og:url\" content=\"https:\/\/label.bet\/no\/jetx\/\" \/>\n<meta property=\"og:site_name\" content=\"Betlabel no\" \/>\n<meta property=\"article:modified_time\" content=\"2026-03-16T14:03:04+00:00\" \/>\n<meta name=\"twitter:card\" content=\"summary_large_image\" \/>\n<script type=\"application\/ld+json\" class=\"yoast-schema-graph\">{\"@context\":\"https:\/\/schema.org\",\"@graph\":[{\"@type\":\"WebPage\",\"@id\":\"https:\/\/label.bet\/no\/jetx\/\",\"url\":\"https:\/\/label.bet\/no\/jetx\/\",\"name\":\"JetX hos BetLabel Casino \u2611\ufe0f Crash-spill med stigende odds\",\"isPartOf\":{\"@id\":\"https:\/\/label.bet\/no\/#website\"},\"datePublished\":\"2026-01-26T07:38:10+00:00\",\"dateModified\":\"2026-03-16T14:03:04+00:00\",\"description\":\"JetX hos BetLabel er et popul\u00e6rt crash-spill der oddsen \u00f8ker i sanntid. L\u00e6r hvordan du spiller, n\u00e5r du b\u00f8r ta ut gevinsten, hvilke strategier som fungerer best, og hvorfor JetX er perfekt for raske spill\u00f8kter.\",\"inLanguage\":\"nb-NO\",\"potentialAction\":[{\"@type\":\"ReadAction\",\"target\":[\"https:\/\/label.bet\/no\/jetx\/\"]}]},{\"@type\":\"WebSite\",\"@id\":\"https:\/\/label.bet\/no\/#website\",\"url\":\"https:\/\/label.bet\/no\/\",\"name\":\"Betlabel no\",\"description\":\"\",\"potentialAction\":[{\"@type\":\"SearchAction\",\"target\":{\"@type\":\"EntryPoint\",\"urlTemplate\":\"https:\/\/label.bet\/no\/?s={search_term_string}\"},\"query-input\":{\"@type\":\"PropertyValueSpecification\",\"valueRequired\":true,\"valueName\":\"search_term_string\"}}],\"inLanguage\":\"nb-NO\"}]}<\/script>\n<!-- \/ Yoast SEO plugin. -->","yoast_head_json":{"title":"JetX hos BetLabel Casino \u2611\ufe0f Crash-spill med stigende odds","description":"JetX hos BetLabel er et popul\u00e6rt crash-spill der oddsen \u00f8ker i sanntid. L\u00e6r hvordan du spiller, n\u00e5r du b\u00f8r ta ut gevinsten, hvilke strategier som fungerer best, og hvorfor JetX er perfekt for raske spill\u00f8kter.","robots":{"index":"index","follow":"follow","max-snippet":"max-snippet:-1","max-image-preview":"max-image-preview:large","max-video-preview":"max-video-preview:-1"},"og_locale":"nb_NO","og_type":"article","og_title":"JetX hos BetLabel Casino \u2611\ufe0f Crash-spill med stigende odds","og_description":"JetX hos BetLabel er et popul\u00e6rt crash-spill der oddsen \u00f8ker i sanntid. L\u00e6r hvordan du spiller, n\u00e5r du b\u00f8r ta ut gevinsten, hvilke strategier som fungerer best, og hvorfor JetX er perfekt for raske spill\u00f8kter.","og_url":"https:\/\/label.bet\/no\/jetx\/","og_site_name":"Betlabel no","article_modified_time":"2026-03-16T14:03:04+00:00","twitter_card":"summary_large_image","schema":{"@context":"https:\/\/schema.org","@graph":[{"@type":"WebPage","@id":"https:\/\/label.bet\/no\/jetx\/","url":"https:\/\/label.bet\/no\/jetx\/","name":"JetX hos BetLabel Casino \u2611\ufe0f Crash-spill med stigende odds","isPartOf":{"@id":"https:\/\/label.bet\/no\/#website"},"datePublished":"2026-01-26T07:38:10+00:00","dateModified":"2026-03-16T14:03:04+00:00","description":"JetX hos BetLabel er et popul\u00e6rt crash-spill der oddsen \u00f8ker i sanntid. L\u00e6r hvordan du spiller, n\u00e5r du b\u00f8r ta ut gevinsten, hvilke strategier som fungerer best, og hvorfor JetX er perfekt for raske spill\u00f8kter.","inLanguage":"nb-NO","potentialAction":[{"@type":"ReadAction","target":["https:\/\/label.bet\/no\/jetx\/"]}]},{"@type":"WebSite","@id":"https:\/\/label.bet\/no\/#website","url":"https:\/\/label.bet\/no\/","name":"Betlabel no","description":"","potentialAction":[{"@type":"SearchAction","target":{"@type":"EntryPoint","urlTemplate":"https:\/\/label.bet\/no\/?s={search_term_string}"},"query-input":{"@type":"PropertyValueSpecification","valueRequired":true,"valueName":"search_term_string"}}],"inLanguage":"nb-NO"}]}},"_links":{"self":[{"href":"https:\/\/label.bet\/no\/wp-json\/wp\/v2\/pages\/1842","targetHints":{"allow":["GET"]}}],"collection":[{"href":"https:\/\/label.bet\/no\/wp-json\/wp\/v2\/pages"}],"about":[{"href":"https:\/\/label.bet\/no\/wp-json\/wp\/v2\/types\/page"}],"author":[{"embeddable":true,"href":"https:\/\/label.bet\/no\/wp-json\/wp\/v2\/users\/1"}],"replies":[{"embeddable":true,"href":"https:\/\/label.bet\/no\/wp-json\/wp\/v2\/comments?post=1842"}],"version-history":[{"count":5,"href":"https:\/\/label.bet\/no\/wp-json\/wp\/v2\/pages\/1842\/revisions"}],"predecessor-version":[{"id":2025,"href":"https:\/\/label.bet\/no\/wp-json\/wp\/v2\/pages\/1842\/revisions\/2025"}],"wp:attachment":[{"href":"https:\/\/label.bet\/no\/wp-json\/wp\/v2\/media?parent=1842"}],"curies":[{"name":"wp","href":"https:\/\/api.w.org\/{rel}","templated":true}]}}