{"id":1914,"date":"2026-02-12T17:09:47","date_gmt":"2026-02-12T14:09:47","guid":{"rendered":"https:\/\/label.bet\/no\/?page_id=1914"},"modified":"2026-03-16T18:03:44","modified_gmt":"2026-03-16T15:03:44","slug":"telegram","status":"publish","type":"page","link":"https:\/\/label.bet\/no\/telegram\/","title":{"rendered":"Telegram"},"content":{"rendered":"","protected":false},"excerpt":{"rendered":"","protected":false},"author":1,"featured_media":0,"parent":0,"menu_order":0,"comment_status":"closed","ping_status":"closed","template":"","meta":{"_acf_changed":false,"footnotes":""},"class_list":["post-1914","page","type-page","status-publish","hentry"],"acf":[],"yoast_head":"<!-- This site is optimized with the Yoast SEO plugin v26.5 - https:\/\/yoast.com\/wordpress\/plugins\/seo\/ -->\n<title>BetLabel Telegram-kanal \u2014 Bonuser og sportsprognoser<\/title>\n<meta name=\"description\" content=\"Abonner p\u00e5 BetLabels Telegram-kanal og v\u00e6r den f\u00f8rste til \u00e5 f\u00e5 de nyeste bonusene, eksklusive kampanjekoder, aktuelle tilbud og sp\u00e5dommer for viktige sportsbegivenheter.\" \/>\n<meta name=\"robots\" content=\"index, follow, max-snippet:-1, max-image-preview:large, max-video-preview:-1\" \/>\n<meta property=\"og:locale\" content=\"nb_NO\" \/>\n<meta property=\"og:type\" content=\"article\" \/>\n<meta property=\"og:title\" content=\"BetLabel Telegram-kanal \u2014 Bonuser og sportsprognoser\" \/>\n<meta property=\"og:description\" content=\"Abonner p\u00e5 BetLabels Telegram-kanal og v\u00e6r den f\u00f8rste til \u00e5 f\u00e5 de nyeste bonusene, eksklusive kampanjekoder, aktuelle tilbud og sp\u00e5dommer for viktige sportsbegivenheter.\" \/>\n<meta property=\"og:url\" content=\"https:\/\/label.bet\/no\/telegram\/\" \/>\n<meta property=\"og:site_name\" content=\"Betlabel no\" \/>\n<meta property=\"article:modified_time\" content=\"2026-03-16T15:03:44+00:00\" \/>\n<meta name=\"twitter:card\" content=\"summary_large_image\" \/>\n<script type=\"application\/ld+json\" class=\"yoast-schema-graph\">{\"@context\":\"https:\/\/schema.org\",\"@graph\":[{\"@type\":\"WebPage\",\"@id\":\"https:\/\/label.bet\/no\/telegram\/\",\"url\":\"https:\/\/label.bet\/no\/telegram\/\",\"name\":\"BetLabel Telegram-kanal \u2014 Bonuser og sportsprognoser\",\"isPartOf\":{\"@id\":\"https:\/\/label.bet\/no\/#website\"},\"datePublished\":\"2026-02-12T14:09:47+00:00\",\"dateModified\":\"2026-03-16T15:03:44+00:00\",\"description\":\"Abonner p\u00e5 BetLabels Telegram-kanal og v\u00e6r den f\u00f8rste til \u00e5 f\u00e5 de nyeste bonusene, eksklusive kampanjekoder, aktuelle tilbud og sp\u00e5dommer for viktige sportsbegivenheter.\",\"inLanguage\":\"nb-NO\",\"potentialAction\":[{\"@type\":\"ReadAction\",\"target\":[\"https:\/\/label.bet\/no\/telegram\/\"]}]},{\"@type\":\"WebSite\",\"@id\":\"https:\/\/label.bet\/no\/#website\",\"url\":\"https:\/\/label.bet\/no\/\",\"name\":\"Betlabel no\",\"description\":\"\",\"potentialAction\":[{\"@type\":\"SearchAction\",\"target\":{\"@type\":\"EntryPoint\",\"urlTemplate\":\"https:\/\/label.bet\/no\/?s={search_term_string}\"},\"query-input\":{\"@type\":\"PropertyValueSpecification\",\"valueRequired\":true,\"valueName\":\"search_term_string\"}}],\"inLanguage\":\"nb-NO\"}]}<\/script>\n<!-- \/ Yoast SEO plugin. -->","yoast_head_json":{"title":"BetLabel Telegram-kanal \u2014 Bonuser og sportsprognoser","description":"Abonner p\u00e5 BetLabels Telegram-kanal og v\u00e6r den f\u00f8rste til \u00e5 f\u00e5 de nyeste bonusene, eksklusive kampanjekoder, aktuelle tilbud og sp\u00e5dommer for viktige sportsbegivenheter.","robots":{"index":"index","follow":"follow","max-snippet":"max-snippet:-1","max-image-preview":"max-image-preview:large","max-video-preview":"max-video-preview:-1"},"og_locale":"nb_NO","og_type":"article","og_title":"BetLabel Telegram-kanal \u2014 Bonuser og sportsprognoser","og_description":"Abonner p\u00e5 BetLabels Telegram-kanal og v\u00e6r den f\u00f8rste til \u00e5 f\u00e5 de nyeste bonusene, eksklusive kampanjekoder, aktuelle tilbud og sp\u00e5dommer for viktige sportsbegivenheter.","og_url":"https:\/\/label.bet\/no\/telegram\/","og_site_name":"Betlabel no","article_modified_time":"2026-03-16T15:03:44+00:00","twitter_card":"summary_large_image","schema":{"@context":"https:\/\/schema.org","@graph":[{"@type":"WebPage","@id":"https:\/\/label.bet\/no\/telegram\/","url":"https:\/\/label.bet\/no\/telegram\/","name":"BetLabel Telegram-kanal \u2014 Bonuser og sportsprognoser","isPartOf":{"@id":"https:\/\/label.bet\/no\/#website"},"datePublished":"2026-02-12T14:09:47+00:00","dateModified":"2026-03-16T15:03:44+00:00","description":"Abonner p\u00e5 BetLabels Telegram-kanal og v\u00e6r den f\u00f8rste til \u00e5 f\u00e5 de nyeste bonusene, eksklusive kampanjekoder, aktuelle tilbud og sp\u00e5dommer for viktige sportsbegivenheter.","inLanguage":"nb-NO","potentialAction":[{"@type":"ReadAction","target":["https:\/\/label.bet\/no\/telegram\/"]}]},{"@type":"WebSite","@id":"https:\/\/label.bet\/no\/#website","url":"https:\/\/label.bet\/no\/","name":"Betlabel no","description":"","potentialAction":[{"@type":"SearchAction","target":{"@type":"EntryPoint","urlTemplate":"https:\/\/label.bet\/no\/?s={search_term_string}"},"query-input":{"@type":"PropertyValueSpecification","valueRequired":true,"valueName":"search_term_string"}}],"inLanguage":"nb-NO"}]}},"_links":{"self":[{"href":"https:\/\/label.bet\/no\/wp-json\/wp\/v2\/pages\/1914","targetHints":{"allow":["GET"]}}],"collection":[{"href":"https:\/\/label.bet\/no\/wp-json\/wp\/v2\/pages"}],"about":[{"href":"https:\/\/label.bet\/no\/wp-json\/wp\/v2\/types\/page"}],"author":[{"embeddable":true,"href":"https:\/\/label.bet\/no\/wp-json\/wp\/v2\/users\/1"}],"replies":[{"embeddable":true,"href":"https:\/\/label.bet\/no\/wp-json\/wp\/v2\/comments?post=1914"}],"version-history":[{"count":3,"href":"https:\/\/label.bet\/no\/wp-json\/wp\/v2\/pages\/1914\/revisions"}],"predecessor-version":[{"id":2035,"href":"https:\/\/label.bet\/no\/wp-json\/wp\/v2\/pages\/1914\/revisions\/2035"}],"wp:attachment":[{"href":"https:\/\/label.bet\/no\/wp-json\/wp\/v2\/media?parent=1914"}],"curies":[{"name":"wp","href":"https:\/\/api.w.org\/{rel}","templated":true}]}}