{"id":1086,"date":"2025-11-15T16:52:15","date_gmt":"2025-11-15T13:52:15","guid":{"rendered":"https:\/\/label.bet\/pl\/?page_id=1086"},"modified":"2026-02-27T15:06:15","modified_gmt":"2026-02-27T12:06:15","slug":"home","status":"publish","type":"page","link":"https:\/\/label.bet\/pl\/","title":{"rendered":"Strona g\u0142\u00f3wna"},"content":{"rendered":"","protected":false},"excerpt":{"rendered":"","protected":false},"author":1,"featured_media":0,"parent":0,"menu_order":0,"comment_status":"closed","ping_status":"closed","template":"","meta":{"_acf_changed":false,"footnotes":""},"class_list":["post-1086","page","type-page","status-publish","hentry"],"acf":[],"yoast_head":"<!-- This site is optimized with the Yoast SEO plugin v26.5 - https:\/\/yoast.com\/wordpress\/plugins\/seo\/ -->\n<title>Zak\u0142ady sportowe i najlepsze kursy \u2014 Bet Label \u2014 maj 2026<\/title>\n<meta name=\"description\" content=\"Betlabel oferuje zak\u0142ady sportowe na najwa\u017cniejsze ligi i wydarzenia \u015bwiatowe, zapewniaj\u0105c konkurencyjne kursy, szeroki zasi\u0119g rynkowy, szybkie obstawianie zak\u0142ad\u00f3w i p\u0142ynn\u0105 obs\u0142ug\u0119 dla aktywnych graczy.\" \/>\n<meta name=\"robots\" content=\"index, follow, max-snippet:-1, max-image-preview:large, max-video-preview:-1\" \/>\n<meta property=\"og:locale\" content=\"pl_PL\" \/>\n<meta property=\"og:type\" content=\"article\" \/>\n<meta property=\"og:title\" content=\"Zak\u0142ady sportowe i najlepsze kursy \u2014 Bet Label \u2014 maj 2026\" \/>\n<meta property=\"og:description\" content=\"Betlabel oferuje zak\u0142ady sportowe na najwa\u017cniejsze ligi i wydarzenia \u015bwiatowe, zapewniaj\u0105c konkurencyjne kursy, szeroki zasi\u0119g rynkowy, szybkie obstawianie zak\u0142ad\u00f3w i p\u0142ynn\u0105 obs\u0142ug\u0119 dla aktywnych graczy.\" \/>\n<meta property=\"og:url\" content=\"https:\/\/label.bet\/pl\/\" \/>\n<meta property=\"og:site_name\" content=\"BetLabel pl\" \/>\n<meta property=\"article:modified_time\" content=\"2026-02-27T12:06:15+00:00\" \/>\n<meta name=\"twitter:card\" content=\"summary_large_image\" \/>\n<script type=\"application\/ld+json\" class=\"yoast-schema-graph\">{\"@context\":\"https:\/\/schema.org\",\"@graph\":[{\"@type\":\"WebPage\",\"@id\":\"https:\/\/label.bet\/pl\/\",\"url\":\"https:\/\/label.bet\/pl\/\",\"name\":\"Zak\u0142ady sportowe i najlepsze kursy \u2014 Bet Label \u2014 maj 2026\",\"isPartOf\":{\"@id\":\"https:\/\/label.bet\/pl\/#website\"},\"datePublished\":\"2025-11-15T13:52:15+00:00\",\"dateModified\":\"2026-02-27T12:06:15+00:00\",\"description\":\"Betlabel oferuje zak\u0142ady sportowe na najwa\u017cniejsze ligi i wydarzenia \u015bwiatowe, zapewniaj\u0105c konkurencyjne kursy, szeroki zasi\u0119g rynkowy, szybkie obstawianie zak\u0142ad\u00f3w i p\u0142ynn\u0105 obs\u0142ug\u0119 dla aktywnych graczy.\",\"inLanguage\":\"pl-PL\",\"potentialAction\":[{\"@type\":\"ReadAction\",\"target\":[\"https:\/\/label.bet\/pl\/\"]}]},{\"@type\":\"WebSite\",\"@id\":\"https:\/\/label.bet\/pl\/#website\",\"url\":\"https:\/\/label.bet\/pl\/\",\"name\":\"BetLabel pl\",\"description\":\"\",\"potentialAction\":[{\"@type\":\"SearchAction\",\"target\":{\"@type\":\"EntryPoint\",\"urlTemplate\":\"https:\/\/label.bet\/pl\/?s={search_term_string}\"},\"query-input\":{\"@type\":\"PropertyValueSpecification\",\"valueRequired\":true,\"valueName\":\"search_term_string\"}}],\"inLanguage\":\"pl-PL\"}]}<\/script>\n<!-- \/ Yoast SEO plugin. -->","yoast_head_json":{"title":"Zak\u0142ady sportowe i najlepsze kursy \u2014 Bet Label \u2014 maj 2026","description":"Betlabel oferuje zak\u0142ady sportowe na najwa\u017cniejsze ligi i wydarzenia \u015bwiatowe, zapewniaj\u0105c konkurencyjne kursy, szeroki zasi\u0119g rynkowy, szybkie obstawianie zak\u0142ad\u00f3w i p\u0142ynn\u0105 obs\u0142ug\u0119 dla aktywnych graczy.","robots":{"index":"index","follow":"follow","max-snippet":"max-snippet:-1","max-image-preview":"max-image-preview:large","max-video-preview":"max-video-preview:-1"},"og_locale":"pl_PL","og_type":"article","og_title":"Zak\u0142ady sportowe i najlepsze kursy \u2014 Bet Label \u2014 maj 2026","og_description":"Betlabel oferuje zak\u0142ady sportowe na najwa\u017cniejsze ligi i wydarzenia \u015bwiatowe, zapewniaj\u0105c konkurencyjne kursy, szeroki zasi\u0119g rynkowy, szybkie obstawianie zak\u0142ad\u00f3w i p\u0142ynn\u0105 obs\u0142ug\u0119 dla aktywnych graczy.","og_url":"https:\/\/label.bet\/pl\/","og_site_name":"BetLabel pl","article_modified_time":"2026-02-27T12:06:15+00:00","twitter_card":"summary_large_image","schema":{"@context":"https:\/\/schema.org","@graph":[{"@type":"WebPage","@id":"https:\/\/label.bet\/pl\/","url":"https:\/\/label.bet\/pl\/","name":"Zak\u0142ady sportowe i najlepsze kursy \u2014 Bet Label \u2014 maj 2026","isPartOf":{"@id":"https:\/\/label.bet\/pl\/#website"},"datePublished":"2025-11-15T13:52:15+00:00","dateModified":"2026-02-27T12:06:15+00:00","description":"Betlabel oferuje zak\u0142ady sportowe na najwa\u017cniejsze ligi i wydarzenia \u015bwiatowe, zapewniaj\u0105c konkurencyjne kursy, szeroki zasi\u0119g rynkowy, szybkie obstawianie zak\u0142ad\u00f3w i p\u0142ynn\u0105 obs\u0142ug\u0119 dla aktywnych graczy.","inLanguage":"pl-PL","potentialAction":[{"@type":"ReadAction","target":["https:\/\/label.bet\/pl\/"]}]},{"@type":"WebSite","@id":"https:\/\/label.bet\/pl\/#website","url":"https:\/\/label.bet\/pl\/","name":"BetLabel pl","description":"","potentialAction":[{"@type":"SearchAction","target":{"@type":"EntryPoint","urlTemplate":"https:\/\/label.bet\/pl\/?s={search_term_string}"},"query-input":{"@type":"PropertyValueSpecification","valueRequired":true,"valueName":"search_term_string"}}],"inLanguage":"pl-PL"}]}},"_links":{"self":[{"href":"https:\/\/label.bet\/pl\/wp-json\/wp\/v2\/pages\/1086","targetHints":{"allow":["GET"]}}],"collection":[{"href":"https:\/\/label.bet\/pl\/wp-json\/wp\/v2\/pages"}],"about":[{"href":"https:\/\/label.bet\/pl\/wp-json\/wp\/v2\/types\/page"}],"author":[{"embeddable":true,"href":"https:\/\/label.bet\/pl\/wp-json\/wp\/v2\/users\/1"}],"replies":[{"embeddable":true,"href":"https:\/\/label.bet\/pl\/wp-json\/wp\/v2\/comments?post=1086"}],"version-history":[{"count":5,"href":"https:\/\/label.bet\/pl\/wp-json\/wp\/v2\/pages\/1086\/revisions"}],"predecessor-version":[{"id":1991,"href":"https:\/\/label.bet\/pl\/wp-json\/wp\/v2\/pages\/1086\/revisions\/1991"}],"wp:attachment":[{"href":"https:\/\/label.bet\/pl\/wp-json\/wp\/v2\/media?parent=1086"}],"curies":[{"name":"wp","href":"https:\/\/api.w.org\/{rel}","templated":true}]}}