{"id":1679,"date":"2026-01-02T15:08:59","date_gmt":"2026-01-02T12:08:59","guid":{"rendered":"https:\/\/label.bet\/pl\/?page_id=1679"},"modified":"2026-02-19T17:22:25","modified_gmt":"2026-02-19T14:22:25","slug":"partners","status":"publish","type":"page","link":"https:\/\/label.bet\/pl\/partners\/","title":{"rendered":"Partner"},"content":{"rendered":"","protected":false},"excerpt":{"rendered":"","protected":false},"author":1,"featured_media":0,"parent":0,"menu_order":0,"comment_status":"closed","ping_status":"closed","template":"","meta":{"_acf_changed":false,"footnotes":""},"class_list":["post-1679","page","type-page","status-publish","hentry"],"acf":[],"yoast_head":"<!-- This site is optimized with the Yoast SEO plugin v26.5 - https:\/\/yoast.com\/wordpress\/plugins\/seo\/ -->\n<title>BetLabel Program partnerski \u1409 RevShare 50%, CPA 800 PLN<\/title>\n<meta name=\"description\" content=\"BetLabel Partnerzy Program partnerski \u2014 RevShare do 50% na ca\u0142e \u017cycie, CPA do 800 PLN i modele hybrydowe. Cotygodniowe p\u0142atno\u015bci od 200 PLN, dowolny ruch, osobisty mened\u017cer i brak ujemnego przeniesienia. Zarejestruj si\u0119 TERAZ!\" \/>\n<meta name=\"robots\" content=\"index, follow, max-snippet:-1, max-image-preview:large, max-video-preview:-1\" \/>\n<link rel=\"canonical\" href=\"https:\/\/label.bet\/pl\/partners\/\" \/>\n<meta property=\"og:locale\" content=\"pl_PL\" \/>\n<meta property=\"og:type\" content=\"article\" \/>\n<meta property=\"og:title\" content=\"BetLabel Program partnerski \u1409 RevShare 50%, CPA 800 PLN\" \/>\n<meta property=\"og:description\" content=\"BetLabel Partnerzy Program partnerski \u2014 RevShare do 50% na ca\u0142e \u017cycie, CPA do 800 PLN i modele hybrydowe. Cotygodniowe p\u0142atno\u015bci od 200 PLN, dowolny ruch, osobisty mened\u017cer i brak ujemnego przeniesienia. Zarejestruj si\u0119 TERAZ!\" \/>\n<meta property=\"og:url\" content=\"https:\/\/label.bet\/pl\/partners\/\" \/>\n<meta property=\"og:site_name\" content=\"BetLabel pl\" \/>\n<meta property=\"article:modified_time\" content=\"2026-02-19T14:22:25+00:00\" \/>\n<meta name=\"twitter:card\" content=\"summary_large_image\" \/>\n<script type=\"application\/ld+json\" class=\"yoast-schema-graph\">{\"@context\":\"https:\/\/schema.org\",\"@graph\":[{\"@type\":\"WebPage\",\"@id\":\"https:\/\/label.bet\/pl\/partners\/\",\"url\":\"https:\/\/label.bet\/pl\/partners\/\",\"name\":\"BetLabel Program partnerski \u1409 RevShare 50%, CPA 800 PLN\",\"isPartOf\":{\"@id\":\"https:\/\/label.bet\/pl\/#website\"},\"datePublished\":\"2026-01-02T12:08:59+00:00\",\"dateModified\":\"2026-02-19T14:22:25+00:00\",\"description\":\"BetLabel Partnerzy Program partnerski \u2014 RevShare do 50% na ca\u0142e \u017cycie, CPA do 800 PLN i modele hybrydowe. Cotygodniowe p\u0142atno\u015bci od 200 PLN, dowolny ruch, osobisty mened\u017cer i brak ujemnego przeniesienia. Zarejestruj si\u0119 TERAZ!\",\"inLanguage\":\"pl-PL\",\"potentialAction\":[{\"@type\":\"ReadAction\",\"target\":[\"https:\/\/label.bet\/pl\/partners\/\"]}]},{\"@type\":\"WebSite\",\"@id\":\"https:\/\/label.bet\/pl\/#website\",\"url\":\"https:\/\/label.bet\/pl\/\",\"name\":\"BetLabel pl\",\"description\":\"\",\"potentialAction\":[{\"@type\":\"SearchAction\",\"target\":{\"@type\":\"EntryPoint\",\"urlTemplate\":\"https:\/\/label.bet\/pl\/?s={search_term_string}\"},\"query-input\":{\"@type\":\"PropertyValueSpecification\",\"valueRequired\":true,\"valueName\":\"search_term_string\"}}],\"inLanguage\":\"pl-PL\"}]}<\/script>\n<!-- \/ Yoast SEO plugin. -->","yoast_head_json":{"title":"BetLabel Program partnerski \u1409 RevShare 50%, CPA 800 PLN","description":"BetLabel Partnerzy Program partnerski \u2014 RevShare do 50% na ca\u0142e \u017cycie, CPA do 800 PLN i modele hybrydowe. Cotygodniowe p\u0142atno\u015bci od 200 PLN, dowolny ruch, osobisty mened\u017cer i brak ujemnego przeniesienia. Zarejestruj si\u0119 TERAZ!","robots":{"index":"index","follow":"follow","max-snippet":"max-snippet:-1","max-image-preview":"max-image-preview:large","max-video-preview":"max-video-preview:-1"},"canonical":"https:\/\/label.bet\/pl\/partners\/","og_locale":"pl_PL","og_type":"article","og_title":"BetLabel Program partnerski \u1409 RevShare 50%, CPA 800 PLN","og_description":"BetLabel Partnerzy Program partnerski \u2014 RevShare do 50% na ca\u0142e \u017cycie, CPA do 800 PLN i modele hybrydowe. Cotygodniowe p\u0142atno\u015bci od 200 PLN, dowolny ruch, osobisty mened\u017cer i brak ujemnego przeniesienia. Zarejestruj si\u0119 TERAZ!","og_url":"https:\/\/label.bet\/pl\/partners\/","og_site_name":"BetLabel pl","article_modified_time":"2026-02-19T14:22:25+00:00","twitter_card":"summary_large_image","schema":{"@context":"https:\/\/schema.org","@graph":[{"@type":"WebPage","@id":"https:\/\/label.bet\/pl\/partners\/","url":"https:\/\/label.bet\/pl\/partners\/","name":"BetLabel Program partnerski \u1409 RevShare 50%, CPA 800 PLN","isPartOf":{"@id":"https:\/\/label.bet\/pl\/#website"},"datePublished":"2026-01-02T12:08:59+00:00","dateModified":"2026-02-19T14:22:25+00:00","description":"BetLabel Partnerzy Program partnerski \u2014 RevShare do 50% na ca\u0142e \u017cycie, CPA do 800 PLN i modele hybrydowe. Cotygodniowe p\u0142atno\u015bci od 200 PLN, dowolny ruch, osobisty mened\u017cer i brak ujemnego przeniesienia. Zarejestruj si\u0119 TERAZ!","inLanguage":"pl-PL","potentialAction":[{"@type":"ReadAction","target":["https:\/\/label.bet\/pl\/partners\/"]}]},{"@type":"WebSite","@id":"https:\/\/label.bet\/pl\/#website","url":"https:\/\/label.bet\/pl\/","name":"BetLabel pl","description":"","potentialAction":[{"@type":"SearchAction","target":{"@type":"EntryPoint","urlTemplate":"https:\/\/label.bet\/pl\/?s={search_term_string}"},"query-input":{"@type":"PropertyValueSpecification","valueRequired":true,"valueName":"search_term_string"}}],"inLanguage":"pl-PL"}]}},"_links":{"self":[{"href":"https:\/\/label.bet\/pl\/wp-json\/wp\/v2\/pages\/1679","targetHints":{"allow":["GET"]}}],"collection":[{"href":"https:\/\/label.bet\/pl\/wp-json\/wp\/v2\/pages"}],"about":[{"href":"https:\/\/label.bet\/pl\/wp-json\/wp\/v2\/types\/page"}],"author":[{"embeddable":true,"href":"https:\/\/label.bet\/pl\/wp-json\/wp\/v2\/users\/1"}],"replies":[{"embeddable":true,"href":"https:\/\/label.bet\/pl\/wp-json\/wp\/v2\/comments?post=1679"}],"version-history":[{"count":5,"href":"https:\/\/label.bet\/pl\/wp-json\/wp\/v2\/pages\/1679\/revisions"}],"predecessor-version":[{"id":1979,"href":"https:\/\/label.bet\/pl\/wp-json\/wp\/v2\/pages\/1679\/revisions\/1979"}],"wp:attachment":[{"href":"https:\/\/label.bet\/pl\/wp-json\/wp\/v2\/media?parent=1679"}],"curies":[{"name":"wp","href":"https:\/\/api.w.org\/{rel}","templated":true}]}}