{"id":1743,"date":"2026-01-22T17:36:57","date_gmt":"2026-01-22T14:36:57","guid":{"rendered":"https:\/\/label.bet\/pl\/?page_id=1743"},"modified":"2026-01-31T08:33:00","modified_gmt":"2026-01-31T05:33:00","slug":"volleyball","status":"publish","type":"page","link":"https:\/\/label.bet\/pl\/volleyball\/","title":{"rendered":"Siatk\u00f3wka"},"content":{"rendered":"","protected":false},"excerpt":{"rendered":"","protected":false},"author":1,"featured_media":0,"parent":0,"menu_order":0,"comment_status":"closed","ping_status":"closed","template":"","meta":{"_acf_changed":false,"footnotes":""},"class_list":["post-1743","page","type-page","status-publish","hentry"],"acf":[],"yoast_head":"<!-- This site is optimized with the Yoast SEO plugin v26.5 - https:\/\/yoast.com\/wordpress\/plugins\/seo\/ -->\n<title>BetLabel Zak\u0142ady na siatk\u00f3wk\u0119 \u1409 Kursy i wyj\u0105tkowy bonus<\/title>\n<meta name=\"description\" content=\"Obstawiaj siatk\u00f3wk\u0119 z BetLabel! Wysokie kursy, r\u00f3\u017cnorodne ligi i turnieje, a tak\u017ce wyj\u0105tkowe bonusy gwarantuj\u0105 ekscytuj\u0105ce wra\u017cenia z obstawiania. Do\u0142\u0105cz do nas i zacznij wygrywa\u0107 ju\u017c dzi\u015b!\" \/>\n<meta name=\"robots\" content=\"index, follow, max-snippet:-1, max-image-preview:large, max-video-preview:-1\" \/>\n<meta property=\"og:locale\" content=\"pl_PL\" \/>\n<meta property=\"og:type\" content=\"article\" \/>\n<meta property=\"og:title\" content=\"BetLabel Zak\u0142ady na siatk\u00f3wk\u0119 \u1409 Kursy i wyj\u0105tkowy bonus\" \/>\n<meta property=\"og:description\" content=\"Obstawiaj siatk\u00f3wk\u0119 z BetLabel! Wysokie kursy, r\u00f3\u017cnorodne ligi i turnieje, a tak\u017ce wyj\u0105tkowe bonusy gwarantuj\u0105 ekscytuj\u0105ce wra\u017cenia z obstawiania. Do\u0142\u0105cz do nas i zacznij wygrywa\u0107 ju\u017c dzi\u015b!\" \/>\n<meta property=\"og:url\" content=\"https:\/\/label.bet\/pl\/volleyball\/\" \/>\n<meta property=\"og:site_name\" content=\"BetLabel pl\" \/>\n<meta property=\"article:modified_time\" content=\"2026-01-31T05:33:00+00:00\" \/>\n<meta name=\"twitter:card\" content=\"summary_large_image\" \/>\n<script type=\"application\/ld+json\" class=\"yoast-schema-graph\">{\"@context\":\"https:\/\/schema.org\",\"@graph\":[{\"@type\":\"WebPage\",\"@id\":\"https:\/\/label.bet\/pl\/volleyball\/\",\"url\":\"https:\/\/label.bet\/pl\/volleyball\/\",\"name\":\"BetLabel Zak\u0142ady na siatk\u00f3wk\u0119 \u1409 Kursy i wyj\u0105tkowy bonus\",\"isPartOf\":{\"@id\":\"https:\/\/label.bet\/pl\/#website\"},\"datePublished\":\"2026-01-22T14:36:57+00:00\",\"dateModified\":\"2026-01-31T05:33:00+00:00\",\"description\":\"Obstawiaj siatk\u00f3wk\u0119 z BetLabel! Wysokie kursy, r\u00f3\u017cnorodne ligi i turnieje, a tak\u017ce wyj\u0105tkowe bonusy gwarantuj\u0105 ekscytuj\u0105ce wra\u017cenia z obstawiania. Do\u0142\u0105cz do nas i zacznij wygrywa\u0107 ju\u017c dzi\u015b!\",\"inLanguage\":\"pl-PL\",\"potentialAction\":[{\"@type\":\"ReadAction\",\"target\":[\"https:\/\/label.bet\/pl\/volleyball\/\"]}]},{\"@type\":\"WebSite\",\"@id\":\"https:\/\/label.bet\/pl\/#website\",\"url\":\"https:\/\/label.bet\/pl\/\",\"name\":\"BetLabel pl\",\"description\":\"\",\"potentialAction\":[{\"@type\":\"SearchAction\",\"target\":{\"@type\":\"EntryPoint\",\"urlTemplate\":\"https:\/\/label.bet\/pl\/?s={search_term_string}\"},\"query-input\":{\"@type\":\"PropertyValueSpecification\",\"valueRequired\":true,\"valueName\":\"search_term_string\"}}],\"inLanguage\":\"pl-PL\"}]}<\/script>\n<!-- \/ Yoast SEO plugin. -->","yoast_head_json":{"title":"BetLabel Zak\u0142ady na siatk\u00f3wk\u0119 \u1409 Kursy i wyj\u0105tkowy bonus","description":"Obstawiaj siatk\u00f3wk\u0119 z BetLabel! Wysokie kursy, r\u00f3\u017cnorodne ligi i turnieje, a tak\u017ce wyj\u0105tkowe bonusy gwarantuj\u0105 ekscytuj\u0105ce wra\u017cenia z obstawiania. Do\u0142\u0105cz do nas i zacznij wygrywa\u0107 ju\u017c dzi\u015b!","robots":{"index":"index","follow":"follow","max-snippet":"max-snippet:-1","max-image-preview":"max-image-preview:large","max-video-preview":"max-video-preview:-1"},"og_locale":"pl_PL","og_type":"article","og_title":"BetLabel Zak\u0142ady na siatk\u00f3wk\u0119 \u1409 Kursy i wyj\u0105tkowy bonus","og_description":"Obstawiaj siatk\u00f3wk\u0119 z BetLabel! Wysokie kursy, r\u00f3\u017cnorodne ligi i turnieje, a tak\u017ce wyj\u0105tkowe bonusy gwarantuj\u0105 ekscytuj\u0105ce wra\u017cenia z obstawiania. Do\u0142\u0105cz do nas i zacznij wygrywa\u0107 ju\u017c dzi\u015b!","og_url":"https:\/\/label.bet\/pl\/volleyball\/","og_site_name":"BetLabel pl","article_modified_time":"2026-01-31T05:33:00+00:00","twitter_card":"summary_large_image","schema":{"@context":"https:\/\/schema.org","@graph":[{"@type":"WebPage","@id":"https:\/\/label.bet\/pl\/volleyball\/","url":"https:\/\/label.bet\/pl\/volleyball\/","name":"BetLabel Zak\u0142ady na siatk\u00f3wk\u0119 \u1409 Kursy i wyj\u0105tkowy bonus","isPartOf":{"@id":"https:\/\/label.bet\/pl\/#website"},"datePublished":"2026-01-22T14:36:57+00:00","dateModified":"2026-01-31T05:33:00+00:00","description":"Obstawiaj siatk\u00f3wk\u0119 z BetLabel! Wysokie kursy, r\u00f3\u017cnorodne ligi i turnieje, a tak\u017ce wyj\u0105tkowe bonusy gwarantuj\u0105 ekscytuj\u0105ce wra\u017cenia z obstawiania. Do\u0142\u0105cz do nas i zacznij wygrywa\u0107 ju\u017c dzi\u015b!","inLanguage":"pl-PL","potentialAction":[{"@type":"ReadAction","target":["https:\/\/label.bet\/pl\/volleyball\/"]}]},{"@type":"WebSite","@id":"https:\/\/label.bet\/pl\/#website","url":"https:\/\/label.bet\/pl\/","name":"BetLabel pl","description":"","potentialAction":[{"@type":"SearchAction","target":{"@type":"EntryPoint","urlTemplate":"https:\/\/label.bet\/pl\/?s={search_term_string}"},"query-input":{"@type":"PropertyValueSpecification","valueRequired":true,"valueName":"search_term_string"}}],"inLanguage":"pl-PL"}]}},"_links":{"self":[{"href":"https:\/\/label.bet\/pl\/wp-json\/wp\/v2\/pages\/1743","targetHints":{"allow":["GET"]}}],"collection":[{"href":"https:\/\/label.bet\/pl\/wp-json\/wp\/v2\/pages"}],"about":[{"href":"https:\/\/label.bet\/pl\/wp-json\/wp\/v2\/types\/page"}],"author":[{"embeddable":true,"href":"https:\/\/label.bet\/pl\/wp-json\/wp\/v2\/users\/1"}],"replies":[{"embeddable":true,"href":"https:\/\/label.bet\/pl\/wp-json\/wp\/v2\/comments?post=1743"}],"version-history":[{"count":5,"href":"https:\/\/label.bet\/pl\/wp-json\/wp\/v2\/pages\/1743\/revisions"}],"predecessor-version":[{"id":1957,"href":"https:\/\/label.bet\/pl\/wp-json\/wp\/v2\/pages\/1743\/revisions\/1957"}],"wp:attachment":[{"href":"https:\/\/label.bet\/pl\/wp-json\/wp\/v2\/media?parent=1743"}],"curies":[{"name":"wp","href":"https:\/\/api.w.org\/{rel}","templated":true}]}}