{"id":1794,"date":"2026-01-23T13:55:38","date_gmt":"2026-01-23T10:55:38","guid":{"rendered":"https:\/\/label.bet\/pl\/?page_id=1794"},"modified":"2026-01-30T19:21:53","modified_gmt":"2026-01-30T16:21:53","slug":"chicken-road","status":"publish","type":"page","link":"https:\/\/label.bet\/pl\/chicken-road\/","title":{"rendered":"Chicken Road"},"content":{"rendered":"","protected":false},"excerpt":{"rendered":"","protected":false},"author":1,"featured_media":0,"parent":0,"menu_order":0,"comment_status":"closed","ping_status":"closed","template":"","meta":{"_acf_changed":false,"footnotes":""},"class_list":["post-1794","page","type-page","status-publish","hentry"],"acf":[],"yoast_head":"<!-- This site is optimized with the Yoast SEO plugin v26.5 - https:\/\/yoast.com\/wordpress\/plugins\/seo\/ -->\n<title>Zagraj w Chicken Road na BetLabel \u2714\ufe0f Gra crash z wysokim RTP<\/title>\n<meta name=\"description\" content=\"Chicken Road w kasynie BetLabel \ud83d\udcbb to dynamiczna gra typu crash z wysokim RTP. Postaw zak\u0142ad, obserwuj wzrost mno\u017cnika i odbierz wygran\u0105 w odpowiednim momencie. Idealna gra dla os\u00f3b lubi\u0105cych szybk\u0105 akcj\u0119 i emocjonuj\u0105ce rozgrywki.\" \/>\n<meta name=\"robots\" content=\"index, follow, max-snippet:-1, max-image-preview:large, max-video-preview:-1\" \/>\n<meta property=\"og:locale\" content=\"pl_PL\" \/>\n<meta property=\"og:type\" content=\"article\" \/>\n<meta property=\"og:title\" content=\"Zagraj w Chicken Road na BetLabel \u2714\ufe0f Gra crash z wysokim RTP\" \/>\n<meta property=\"og:description\" content=\"Chicken Road w kasynie BetLabel \ud83d\udcbb to dynamiczna gra typu crash z wysokim RTP. Postaw zak\u0142ad, obserwuj wzrost mno\u017cnika i odbierz wygran\u0105 w odpowiednim momencie. Idealna gra dla os\u00f3b lubi\u0105cych szybk\u0105 akcj\u0119 i emocjonuj\u0105ce rozgrywki.\" \/>\n<meta property=\"og:url\" content=\"https:\/\/label.bet\/pl\/chicken-road\/\" \/>\n<meta property=\"og:site_name\" content=\"BetLabel pl\" \/>\n<meta property=\"article:modified_time\" content=\"2026-01-30T16:21:53+00:00\" \/>\n<meta name=\"twitter:card\" content=\"summary_large_image\" \/>\n<script type=\"application\/ld+json\" class=\"yoast-schema-graph\">{\"@context\":\"https:\/\/schema.org\",\"@graph\":[{\"@type\":\"WebPage\",\"@id\":\"https:\/\/label.bet\/pl\/chicken-road\/\",\"url\":\"https:\/\/label.bet\/pl\/chicken-road\/\",\"name\":\"Zagraj w Chicken Road na BetLabel \u2714\ufe0f Gra crash z wysokim RTP\",\"isPartOf\":{\"@id\":\"https:\/\/label.bet\/pl\/#website\"},\"datePublished\":\"2026-01-23T10:55:38+00:00\",\"dateModified\":\"2026-01-30T16:21:53+00:00\",\"description\":\"Chicken Road w kasynie BetLabel \ud83d\udcbb to dynamiczna gra typu crash z wysokim RTP. Postaw zak\u0142ad, obserwuj wzrost mno\u017cnika i odbierz wygran\u0105 w odpowiednim momencie. Idealna gra dla os\u00f3b lubi\u0105cych szybk\u0105 akcj\u0119 i emocjonuj\u0105ce rozgrywki.\",\"inLanguage\":\"pl-PL\",\"potentialAction\":[{\"@type\":\"ReadAction\",\"target\":[\"https:\/\/label.bet\/pl\/chicken-road\/\"]}]},{\"@type\":\"WebSite\",\"@id\":\"https:\/\/label.bet\/pl\/#website\",\"url\":\"https:\/\/label.bet\/pl\/\",\"name\":\"BetLabel pl\",\"description\":\"\",\"potentialAction\":[{\"@type\":\"SearchAction\",\"target\":{\"@type\":\"EntryPoint\",\"urlTemplate\":\"https:\/\/label.bet\/pl\/?s={search_term_string}\"},\"query-input\":{\"@type\":\"PropertyValueSpecification\",\"valueRequired\":true,\"valueName\":\"search_term_string\"}}],\"inLanguage\":\"pl-PL\"}]}<\/script>\n<!-- \/ Yoast SEO plugin. -->","yoast_head_json":{"title":"Zagraj w Chicken Road na BetLabel \u2714\ufe0f Gra crash z wysokim RTP","description":"Chicken Road w kasynie BetLabel \ud83d\udcbb to dynamiczna gra typu crash z wysokim RTP. Postaw zak\u0142ad, obserwuj wzrost mno\u017cnika i odbierz wygran\u0105 w odpowiednim momencie. Idealna gra dla os\u00f3b lubi\u0105cych szybk\u0105 akcj\u0119 i emocjonuj\u0105ce rozgrywki.","robots":{"index":"index","follow":"follow","max-snippet":"max-snippet:-1","max-image-preview":"max-image-preview:large","max-video-preview":"max-video-preview:-1"},"og_locale":"pl_PL","og_type":"article","og_title":"Zagraj w Chicken Road na BetLabel \u2714\ufe0f Gra crash z wysokim RTP","og_description":"Chicken Road w kasynie BetLabel \ud83d\udcbb to dynamiczna gra typu crash z wysokim RTP. Postaw zak\u0142ad, obserwuj wzrost mno\u017cnika i odbierz wygran\u0105 w odpowiednim momencie. Idealna gra dla os\u00f3b lubi\u0105cych szybk\u0105 akcj\u0119 i emocjonuj\u0105ce rozgrywki.","og_url":"https:\/\/label.bet\/pl\/chicken-road\/","og_site_name":"BetLabel pl","article_modified_time":"2026-01-30T16:21:53+00:00","twitter_card":"summary_large_image","schema":{"@context":"https:\/\/schema.org","@graph":[{"@type":"WebPage","@id":"https:\/\/label.bet\/pl\/chicken-road\/","url":"https:\/\/label.bet\/pl\/chicken-road\/","name":"Zagraj w Chicken Road na BetLabel \u2714\ufe0f Gra crash z wysokim RTP","isPartOf":{"@id":"https:\/\/label.bet\/pl\/#website"},"datePublished":"2026-01-23T10:55:38+00:00","dateModified":"2026-01-30T16:21:53+00:00","description":"Chicken Road w kasynie BetLabel \ud83d\udcbb to dynamiczna gra typu crash z wysokim RTP. Postaw zak\u0142ad, obserwuj wzrost mno\u017cnika i odbierz wygran\u0105 w odpowiednim momencie. Idealna gra dla os\u00f3b lubi\u0105cych szybk\u0105 akcj\u0119 i emocjonuj\u0105ce rozgrywki.","inLanguage":"pl-PL","potentialAction":[{"@type":"ReadAction","target":["https:\/\/label.bet\/pl\/chicken-road\/"]}]},{"@type":"WebSite","@id":"https:\/\/label.bet\/pl\/#website","url":"https:\/\/label.bet\/pl\/","name":"BetLabel pl","description":"","potentialAction":[{"@type":"SearchAction","target":{"@type":"EntryPoint","urlTemplate":"https:\/\/label.bet\/pl\/?s={search_term_string}"},"query-input":{"@type":"PropertyValueSpecification","valueRequired":true,"valueName":"search_term_string"}}],"inLanguage":"pl-PL"}]}},"_links":{"self":[{"href":"https:\/\/label.bet\/pl\/wp-json\/wp\/v2\/pages\/1794","targetHints":{"allow":["GET"]}}],"collection":[{"href":"https:\/\/label.bet\/pl\/wp-json\/wp\/v2\/pages"}],"about":[{"href":"https:\/\/label.bet\/pl\/wp-json\/wp\/v2\/types\/page"}],"author":[{"embeddable":true,"href":"https:\/\/label.bet\/pl\/wp-json\/wp\/v2\/users\/1"}],"replies":[{"embeddable":true,"href":"https:\/\/label.bet\/pl\/wp-json\/wp\/v2\/comments?post=1794"}],"version-history":[{"count":5,"href":"https:\/\/label.bet\/pl\/wp-json\/wp\/v2\/pages\/1794\/revisions"}],"predecessor-version":[{"id":1915,"href":"https:\/\/label.bet\/pl\/wp-json\/wp\/v2\/pages\/1794\/revisions\/1915"}],"wp:attachment":[{"href":"https:\/\/label.bet\/pl\/wp-json\/wp\/v2\/media?parent=1794"}],"curies":[{"name":"wp","href":"https:\/\/api.w.org\/{rel}","templated":true}]}}