{"id":1821,"date":"2026-01-25T16:26:05","date_gmt":"2026-01-25T13:26:05","guid":{"rendered":"https:\/\/label.bet\/pl\/?page_id=1821"},"modified":"2026-01-30T19:54:38","modified_gmt":"2026-01-30T16:54:38","slug":"gates-of-olympus","status":"publish","type":"page","link":"https:\/\/label.bet\/pl\/gates-of-olympus\/","title":{"rendered":"Gates of Olympus"},"content":{"rendered":"","protected":false},"excerpt":{"rendered":"","protected":false},"author":1,"featured_media":0,"parent":0,"menu_order":0,"comment_status":"closed","ping_status":"closed","template":"","meta":{"_acf_changed":false,"footnotes":""},"class_list":["post-1821","page","type-page","status-publish","hentry"],"acf":[],"yoast_head":"<!-- This site is optimized with the Yoast SEO plugin v26.5 - https:\/\/yoast.com\/wordpress\/plugins\/seo\/ -->\n<title>Gates of Olympus w BetLabel \u2714\ufe0f Slot z mno\u017cnikami do 500x<\/title>\n<meta name=\"description\" content=\"Zagraj w Gates of Olympus w kasynie BetLabel \u2714\ufe0f Popularny automat Pragmatic Play z kaskadowymi b\u0119bnami, opcj\u0105 zakupu bonus\u00f3w i mno\u017cnikami do 500x. Przegl\u0105d rozgrywki, zmienno\u015bci i mo\u017cliwo\u015bci du\u017cych wygranych.\" \/>\n<meta name=\"robots\" content=\"index, follow, max-snippet:-1, max-image-preview:large, max-video-preview:-1\" \/>\n<meta property=\"og:locale\" content=\"pl_PL\" \/>\n<meta property=\"og:type\" content=\"article\" \/>\n<meta property=\"og:title\" content=\"Gates of Olympus w BetLabel \u2714\ufe0f Slot z mno\u017cnikami do 500x\" \/>\n<meta property=\"og:description\" content=\"Zagraj w Gates of Olympus w kasynie BetLabel \u2714\ufe0f Popularny automat Pragmatic Play z kaskadowymi b\u0119bnami, opcj\u0105 zakupu bonus\u00f3w i mno\u017cnikami do 500x. Przegl\u0105d rozgrywki, zmienno\u015bci i mo\u017cliwo\u015bci du\u017cych wygranych.\" \/>\n<meta property=\"og:url\" content=\"https:\/\/label.bet\/pl\/gates-of-olympus\/\" \/>\n<meta property=\"og:site_name\" content=\"BetLabel pl\" \/>\n<meta property=\"article:modified_time\" content=\"2026-01-30T16:54:38+00:00\" \/>\n<meta name=\"twitter:card\" content=\"summary_large_image\" \/>\n<script type=\"application\/ld+json\" class=\"yoast-schema-graph\">{\"@context\":\"https:\/\/schema.org\",\"@graph\":[{\"@type\":\"WebPage\",\"@id\":\"https:\/\/label.bet\/pl\/gates-of-olympus\/\",\"url\":\"https:\/\/label.bet\/pl\/gates-of-olympus\/\",\"name\":\"Gates of Olympus w BetLabel \u2714\ufe0f Slot z mno\u017cnikami do 500x\",\"isPartOf\":{\"@id\":\"https:\/\/label.bet\/pl\/#website\"},\"datePublished\":\"2026-01-25T13:26:05+00:00\",\"dateModified\":\"2026-01-30T16:54:38+00:00\",\"description\":\"Zagraj w Gates of Olympus w kasynie BetLabel \u2714\ufe0f Popularny automat Pragmatic Play z kaskadowymi b\u0119bnami, opcj\u0105 zakupu bonus\u00f3w i mno\u017cnikami do 500x. Przegl\u0105d rozgrywki, zmienno\u015bci i mo\u017cliwo\u015bci du\u017cych wygranych.\",\"inLanguage\":\"pl-PL\",\"potentialAction\":[{\"@type\":\"ReadAction\",\"target\":[\"https:\/\/label.bet\/pl\/gates-of-olympus\/\"]}]},{\"@type\":\"WebSite\",\"@id\":\"https:\/\/label.bet\/pl\/#website\",\"url\":\"https:\/\/label.bet\/pl\/\",\"name\":\"BetLabel pl\",\"description\":\"\",\"potentialAction\":[{\"@type\":\"SearchAction\",\"target\":{\"@type\":\"EntryPoint\",\"urlTemplate\":\"https:\/\/label.bet\/pl\/?s={search_term_string}\"},\"query-input\":{\"@type\":\"PropertyValueSpecification\",\"valueRequired\":true,\"valueName\":\"search_term_string\"}}],\"inLanguage\":\"pl-PL\"}]}<\/script>\n<!-- \/ Yoast SEO plugin. -->","yoast_head_json":{"title":"Gates of Olympus w BetLabel \u2714\ufe0f Slot z mno\u017cnikami do 500x","description":"Zagraj w Gates of Olympus w kasynie BetLabel \u2714\ufe0f Popularny automat Pragmatic Play z kaskadowymi b\u0119bnami, opcj\u0105 zakupu bonus\u00f3w i mno\u017cnikami do 500x. Przegl\u0105d rozgrywki, zmienno\u015bci i mo\u017cliwo\u015bci du\u017cych wygranych.","robots":{"index":"index","follow":"follow","max-snippet":"max-snippet:-1","max-image-preview":"max-image-preview:large","max-video-preview":"max-video-preview:-1"},"og_locale":"pl_PL","og_type":"article","og_title":"Gates of Olympus w BetLabel \u2714\ufe0f Slot z mno\u017cnikami do 500x","og_description":"Zagraj w Gates of Olympus w kasynie BetLabel \u2714\ufe0f Popularny automat Pragmatic Play z kaskadowymi b\u0119bnami, opcj\u0105 zakupu bonus\u00f3w i mno\u017cnikami do 500x. Przegl\u0105d rozgrywki, zmienno\u015bci i mo\u017cliwo\u015bci du\u017cych wygranych.","og_url":"https:\/\/label.bet\/pl\/gates-of-olympus\/","og_site_name":"BetLabel pl","article_modified_time":"2026-01-30T16:54:38+00:00","twitter_card":"summary_large_image","schema":{"@context":"https:\/\/schema.org","@graph":[{"@type":"WebPage","@id":"https:\/\/label.bet\/pl\/gates-of-olympus\/","url":"https:\/\/label.bet\/pl\/gates-of-olympus\/","name":"Gates of Olympus w BetLabel \u2714\ufe0f Slot z mno\u017cnikami do 500x","isPartOf":{"@id":"https:\/\/label.bet\/pl\/#website"},"datePublished":"2026-01-25T13:26:05+00:00","dateModified":"2026-01-30T16:54:38+00:00","description":"Zagraj w Gates of Olympus w kasynie BetLabel \u2714\ufe0f Popularny automat Pragmatic Play z kaskadowymi b\u0119bnami, opcj\u0105 zakupu bonus\u00f3w i mno\u017cnikami do 500x. Przegl\u0105d rozgrywki, zmienno\u015bci i mo\u017cliwo\u015bci du\u017cych wygranych.","inLanguage":"pl-PL","potentialAction":[{"@type":"ReadAction","target":["https:\/\/label.bet\/pl\/gates-of-olympus\/"]}]},{"@type":"WebSite","@id":"https:\/\/label.bet\/pl\/#website","url":"https:\/\/label.bet\/pl\/","name":"BetLabel pl","description":"","potentialAction":[{"@type":"SearchAction","target":{"@type":"EntryPoint","urlTemplate":"https:\/\/label.bet\/pl\/?s={search_term_string}"},"query-input":{"@type":"PropertyValueSpecification","valueRequired":true,"valueName":"search_term_string"}}],"inLanguage":"pl-PL"}]}},"_links":{"self":[{"href":"https:\/\/label.bet\/pl\/wp-json\/wp\/v2\/pages\/1821","targetHints":{"allow":["GET"]}}],"collection":[{"href":"https:\/\/label.bet\/pl\/wp-json\/wp\/v2\/pages"}],"about":[{"href":"https:\/\/label.bet\/pl\/wp-json\/wp\/v2\/types\/page"}],"author":[{"embeddable":true,"href":"https:\/\/label.bet\/pl\/wp-json\/wp\/v2\/users\/1"}],"replies":[{"embeddable":true,"href":"https:\/\/label.bet\/pl\/wp-json\/wp\/v2\/comments?post=1821"}],"version-history":[{"count":4,"href":"https:\/\/label.bet\/pl\/wp-json\/wp\/v2\/pages\/1821\/revisions"}],"predecessor-version":[{"id":1925,"href":"https:\/\/label.bet\/pl\/wp-json\/wp\/v2\/pages\/1821\/revisions\/1925"}],"wp:attachment":[{"href":"https:\/\/label.bet\/pl\/wp-json\/wp\/v2\/media?parent=1821"}],"curies":[{"name":"wp","href":"https:\/\/api.w.org\/{rel}","templated":true}]}}