{"id":1835,"date":"2026-01-25T17:34:39","date_gmt":"2026-01-25T14:34:39","guid":{"rendered":"https:\/\/label.bet\/pl\/?page_id=1835"},"modified":"2026-01-31T07:07:34","modified_gmt":"2026-01-31T04:07:34","slug":"mines","status":"publish","type":"page","link":"https:\/\/label.bet\/pl\/mines\/","title":{"rendered":"Mines"},"content":{"rendered":"","protected":false},"excerpt":{"rendered":"","protected":false},"author":1,"featured_media":0,"parent":0,"menu_order":0,"comment_status":"closed","ping_status":"closed","template":"","meta":{"_acf_changed":false,"footnotes":""},"class_list":["post-1835","page","type-page","status-publish","hentry"],"acf":[],"yoast_head":"<!-- This site is optimized with the Yoast SEO plugin v26.5 - https:\/\/yoast.com\/wordpress\/plugins\/seo\/ -->\n<title>Mines w BetLabel \u2714\ufe0f Gra z kontrol\u0105 ryzyka i szybkimi wygranymi<\/title>\n<meta name=\"description\" content=\"Zagraj w Mines w kasynie BetLabel \u27a4 dynamiczna gra b\u0142yskawiczna z mo\u017cliwo\u015bci\u0105 dostosowania ryzyka. Wybierz liczb\u0119 min, kontroluj szanse i odbierz wygrane w dowolnym momencie.\" \/>\n<meta name=\"robots\" content=\"index, follow, max-snippet:-1, max-image-preview:large, max-video-preview:-1\" \/>\n<meta property=\"og:locale\" content=\"pl_PL\" \/>\n<meta property=\"og:type\" content=\"article\" \/>\n<meta property=\"og:title\" content=\"Mines w BetLabel \u2714\ufe0f Gra z kontrol\u0105 ryzyka i szybkimi wygranymi\" \/>\n<meta property=\"og:description\" content=\"Zagraj w Mines w kasynie BetLabel \u27a4 dynamiczna gra b\u0142yskawiczna z mo\u017cliwo\u015bci\u0105 dostosowania ryzyka. Wybierz liczb\u0119 min, kontroluj szanse i odbierz wygrane w dowolnym momencie.\" \/>\n<meta property=\"og:url\" content=\"https:\/\/label.bet\/pl\/mines\/\" \/>\n<meta property=\"og:site_name\" content=\"BetLabel pl\" \/>\n<meta property=\"article:modified_time\" content=\"2026-01-31T04:07:34+00:00\" \/>\n<meta name=\"twitter:card\" content=\"summary_large_image\" \/>\n<script type=\"application\/ld+json\" class=\"yoast-schema-graph\">{\"@context\":\"https:\/\/schema.org\",\"@graph\":[{\"@type\":\"WebPage\",\"@id\":\"https:\/\/label.bet\/pl\/mines\/\",\"url\":\"https:\/\/label.bet\/pl\/mines\/\",\"name\":\"Mines w BetLabel \u2714\ufe0f Gra z kontrol\u0105 ryzyka i szybkimi wygranymi\",\"isPartOf\":{\"@id\":\"https:\/\/label.bet\/pl\/#website\"},\"datePublished\":\"2026-01-25T14:34:39+00:00\",\"dateModified\":\"2026-01-31T04:07:34+00:00\",\"description\":\"Zagraj w Mines w kasynie BetLabel \u27a4 dynamiczna gra b\u0142yskawiczna z mo\u017cliwo\u015bci\u0105 dostosowania ryzyka. Wybierz liczb\u0119 min, kontroluj szanse i odbierz wygrane w dowolnym momencie.\",\"inLanguage\":\"pl-PL\",\"potentialAction\":[{\"@type\":\"ReadAction\",\"target\":[\"https:\/\/label.bet\/pl\/mines\/\"]}]},{\"@type\":\"WebSite\",\"@id\":\"https:\/\/label.bet\/pl\/#website\",\"url\":\"https:\/\/label.bet\/pl\/\",\"name\":\"BetLabel pl\",\"description\":\"\",\"potentialAction\":[{\"@type\":\"SearchAction\",\"target\":{\"@type\":\"EntryPoint\",\"urlTemplate\":\"https:\/\/label.bet\/pl\/?s={search_term_string}\"},\"query-input\":{\"@type\":\"PropertyValueSpecification\",\"valueRequired\":true,\"valueName\":\"search_term_string\"}}],\"inLanguage\":\"pl-PL\"}]}<\/script>\n<!-- \/ Yoast SEO plugin. -->","yoast_head_json":{"title":"Mines w BetLabel \u2714\ufe0f Gra z kontrol\u0105 ryzyka i szybkimi wygranymi","description":"Zagraj w Mines w kasynie BetLabel \u27a4 dynamiczna gra b\u0142yskawiczna z mo\u017cliwo\u015bci\u0105 dostosowania ryzyka. Wybierz liczb\u0119 min, kontroluj szanse i odbierz wygrane w dowolnym momencie.","robots":{"index":"index","follow":"follow","max-snippet":"max-snippet:-1","max-image-preview":"max-image-preview:large","max-video-preview":"max-video-preview:-1"},"og_locale":"pl_PL","og_type":"article","og_title":"Mines w BetLabel \u2714\ufe0f Gra z kontrol\u0105 ryzyka i szybkimi wygranymi","og_description":"Zagraj w Mines w kasynie BetLabel \u27a4 dynamiczna gra b\u0142yskawiczna z mo\u017cliwo\u015bci\u0105 dostosowania ryzyka. Wybierz liczb\u0119 min, kontroluj szanse i odbierz wygrane w dowolnym momencie.","og_url":"https:\/\/label.bet\/pl\/mines\/","og_site_name":"BetLabel pl","article_modified_time":"2026-01-31T04:07:34+00:00","twitter_card":"summary_large_image","schema":{"@context":"https:\/\/schema.org","@graph":[{"@type":"WebPage","@id":"https:\/\/label.bet\/pl\/mines\/","url":"https:\/\/label.bet\/pl\/mines\/","name":"Mines w BetLabel \u2714\ufe0f Gra z kontrol\u0105 ryzyka i szybkimi wygranymi","isPartOf":{"@id":"https:\/\/label.bet\/pl\/#website"},"datePublished":"2026-01-25T14:34:39+00:00","dateModified":"2026-01-31T04:07:34+00:00","description":"Zagraj w Mines w kasynie BetLabel \u27a4 dynamiczna gra b\u0142yskawiczna z mo\u017cliwo\u015bci\u0105 dostosowania ryzyka. Wybierz liczb\u0119 min, kontroluj szanse i odbierz wygrane w dowolnym momencie.","inLanguage":"pl-PL","potentialAction":[{"@type":"ReadAction","target":["https:\/\/label.bet\/pl\/mines\/"]}]},{"@type":"WebSite","@id":"https:\/\/label.bet\/pl\/#website","url":"https:\/\/label.bet\/pl\/","name":"BetLabel pl","description":"","potentialAction":[{"@type":"SearchAction","target":{"@type":"EntryPoint","urlTemplate":"https:\/\/label.bet\/pl\/?s={search_term_string}"},"query-input":{"@type":"PropertyValueSpecification","valueRequired":true,"valueName":"search_term_string"}}],"inLanguage":"pl-PL"}]}},"_links":{"self":[{"href":"https:\/\/label.bet\/pl\/wp-json\/wp\/v2\/pages\/1835","targetHints":{"allow":["GET"]}}],"collection":[{"href":"https:\/\/label.bet\/pl\/wp-json\/wp\/v2\/pages"}],"about":[{"href":"https:\/\/label.bet\/pl\/wp-json\/wp\/v2\/types\/page"}],"author":[{"embeddable":true,"href":"https:\/\/label.bet\/pl\/wp-json\/wp\/v2\/users\/1"}],"replies":[{"embeddable":true,"href":"https:\/\/label.bet\/pl\/wp-json\/wp\/v2\/comments?post=1835"}],"version-history":[{"count":5,"href":"https:\/\/label.bet\/pl\/wp-json\/wp\/v2\/pages\/1835\/revisions"}],"predecessor-version":[{"id":1936,"href":"https:\/\/label.bet\/pl\/wp-json\/wp\/v2\/pages\/1835\/revisions\/1936"}],"wp:attachment":[{"href":"https:\/\/label.bet\/pl\/wp-json\/wp\/v2\/media?parent=1835"}],"curies":[{"name":"wp","href":"https:\/\/api.w.org\/{rel}","templated":true}]}}