{"id":1842,"date":"2026-01-26T10:38:10","date_gmt":"2026-01-26T07:38:10","guid":{"rendered":"https:\/\/label.bet\/pl\/?page_id=1842"},"modified":"2026-01-31T07:13:26","modified_gmt":"2026-01-31T04:13:26","slug":"jetx","status":"publish","type":"page","link":"https:\/\/label.bet\/pl\/jetx\/","title":{"rendered":"JetX"},"content":{"rendered":"","protected":false},"excerpt":{"rendered":"","protected":false},"author":1,"featured_media":0,"parent":0,"menu_order":0,"comment_status":"closed","ping_status":"closed","template":"","meta":{"_acf_changed":false,"footnotes":""},"class_list":["post-1842","page","type-page","status-publish","hentry"],"acf":[],"yoast_head":"<!-- This site is optimized with the Yoast SEO plugin v26.5 - https:\/\/yoast.com\/wordpress\/plugins\/seo\/ -->\n<title>JetX w kasynie BetLabel \u2611\ufe0f Gra typu crash z rosn\u0105cymi kursami<\/title>\n<meta name=\"description\" content=\"JetX w BetLabel to popularna gra typu crash, w kt\u00f3rej kursy rosn\u0105 w czasie rzeczywistym. Dowiedz si\u0119, jak gra\u0107, kiedy wyp\u0142aca\u0107 wygrane, kt\u00f3re strategie sprawdzaj\u0105 si\u0119 najlepiej i dlaczego JetX jest idealny do szybkich sesji.\" \/>\n<meta name=\"robots\" content=\"index, follow, max-snippet:-1, max-image-preview:large, max-video-preview:-1\" \/>\n<meta property=\"og:locale\" content=\"pl_PL\" \/>\n<meta property=\"og:type\" content=\"article\" \/>\n<meta property=\"og:title\" content=\"JetX w kasynie BetLabel \u2611\ufe0f Gra typu crash z rosn\u0105cymi kursami\" \/>\n<meta property=\"og:description\" content=\"JetX w BetLabel to popularna gra typu crash, w kt\u00f3rej kursy rosn\u0105 w czasie rzeczywistym. Dowiedz si\u0119, jak gra\u0107, kiedy wyp\u0142aca\u0107 wygrane, kt\u00f3re strategie sprawdzaj\u0105 si\u0119 najlepiej i dlaczego JetX jest idealny do szybkich sesji.\" \/>\n<meta property=\"og:url\" content=\"https:\/\/label.bet\/pl\/jetx\/\" \/>\n<meta property=\"og:site_name\" content=\"BetLabel pl\" \/>\n<meta property=\"article:modified_time\" content=\"2026-01-31T04:13:26+00:00\" \/>\n<meta name=\"twitter:card\" content=\"summary_large_image\" \/>\n<script type=\"application\/ld+json\" class=\"yoast-schema-graph\">{\"@context\":\"https:\/\/schema.org\",\"@graph\":[{\"@type\":\"WebPage\",\"@id\":\"https:\/\/label.bet\/pl\/jetx\/\",\"url\":\"https:\/\/label.bet\/pl\/jetx\/\",\"name\":\"JetX w kasynie BetLabel \u2611\ufe0f Gra typu crash z rosn\u0105cymi kursami\",\"isPartOf\":{\"@id\":\"https:\/\/label.bet\/pl\/#website\"},\"datePublished\":\"2026-01-26T07:38:10+00:00\",\"dateModified\":\"2026-01-31T04:13:26+00:00\",\"description\":\"JetX w BetLabel to popularna gra typu crash, w kt\u00f3rej kursy rosn\u0105 w czasie rzeczywistym. Dowiedz si\u0119, jak gra\u0107, kiedy wyp\u0142aca\u0107 wygrane, kt\u00f3re strategie sprawdzaj\u0105 si\u0119 najlepiej i dlaczego JetX jest idealny do szybkich sesji.\",\"inLanguage\":\"pl-PL\",\"potentialAction\":[{\"@type\":\"ReadAction\",\"target\":[\"https:\/\/label.bet\/pl\/jetx\/\"]}]},{\"@type\":\"WebSite\",\"@id\":\"https:\/\/label.bet\/pl\/#website\",\"url\":\"https:\/\/label.bet\/pl\/\",\"name\":\"BetLabel pl\",\"description\":\"\",\"potentialAction\":[{\"@type\":\"SearchAction\",\"target\":{\"@type\":\"EntryPoint\",\"urlTemplate\":\"https:\/\/label.bet\/pl\/?s={search_term_string}\"},\"query-input\":{\"@type\":\"PropertyValueSpecification\",\"valueRequired\":true,\"valueName\":\"search_term_string\"}}],\"inLanguage\":\"pl-PL\"}]}<\/script>\n<!-- \/ Yoast SEO plugin. -->","yoast_head_json":{"title":"JetX w kasynie BetLabel \u2611\ufe0f Gra typu crash z rosn\u0105cymi kursami","description":"JetX w BetLabel to popularna gra typu crash, w kt\u00f3rej kursy rosn\u0105 w czasie rzeczywistym. Dowiedz si\u0119, jak gra\u0107, kiedy wyp\u0142aca\u0107 wygrane, kt\u00f3re strategie sprawdzaj\u0105 si\u0119 najlepiej i dlaczego JetX jest idealny do szybkich sesji.","robots":{"index":"index","follow":"follow","max-snippet":"max-snippet:-1","max-image-preview":"max-image-preview:large","max-video-preview":"max-video-preview:-1"},"og_locale":"pl_PL","og_type":"article","og_title":"JetX w kasynie BetLabel \u2611\ufe0f Gra typu crash z rosn\u0105cymi kursami","og_description":"JetX w BetLabel to popularna gra typu crash, w kt\u00f3rej kursy rosn\u0105 w czasie rzeczywistym. Dowiedz si\u0119, jak gra\u0107, kiedy wyp\u0142aca\u0107 wygrane, kt\u00f3re strategie sprawdzaj\u0105 si\u0119 najlepiej i dlaczego JetX jest idealny do szybkich sesji.","og_url":"https:\/\/label.bet\/pl\/jetx\/","og_site_name":"BetLabel pl","article_modified_time":"2026-01-31T04:13:26+00:00","twitter_card":"summary_large_image","schema":{"@context":"https:\/\/schema.org","@graph":[{"@type":"WebPage","@id":"https:\/\/label.bet\/pl\/jetx\/","url":"https:\/\/label.bet\/pl\/jetx\/","name":"JetX w kasynie BetLabel \u2611\ufe0f Gra typu crash z rosn\u0105cymi kursami","isPartOf":{"@id":"https:\/\/label.bet\/pl\/#website"},"datePublished":"2026-01-26T07:38:10+00:00","dateModified":"2026-01-31T04:13:26+00:00","description":"JetX w BetLabel to popularna gra typu crash, w kt\u00f3rej kursy rosn\u0105 w czasie rzeczywistym. Dowiedz si\u0119, jak gra\u0107, kiedy wyp\u0142aca\u0107 wygrane, kt\u00f3re strategie sprawdzaj\u0105 si\u0119 najlepiej i dlaczego JetX jest idealny do szybkich sesji.","inLanguage":"pl-PL","potentialAction":[{"@type":"ReadAction","target":["https:\/\/label.bet\/pl\/jetx\/"]}]},{"@type":"WebSite","@id":"https:\/\/label.bet\/pl\/#website","url":"https:\/\/label.bet\/pl\/","name":"BetLabel pl","description":"","potentialAction":[{"@type":"SearchAction","target":{"@type":"EntryPoint","urlTemplate":"https:\/\/label.bet\/pl\/?s={search_term_string}"},"query-input":{"@type":"PropertyValueSpecification","valueRequired":true,"valueName":"search_term_string"}}],"inLanguage":"pl-PL"}]}},"_links":{"self":[{"href":"https:\/\/label.bet\/pl\/wp-json\/wp\/v2\/pages\/1842","targetHints":{"allow":["GET"]}}],"collection":[{"href":"https:\/\/label.bet\/pl\/wp-json\/wp\/v2\/pages"}],"about":[{"href":"https:\/\/label.bet\/pl\/wp-json\/wp\/v2\/types\/page"}],"author":[{"embeddable":true,"href":"https:\/\/label.bet\/pl\/wp-json\/wp\/v2\/users\/1"}],"replies":[{"embeddable":true,"href":"https:\/\/label.bet\/pl\/wp-json\/wp\/v2\/comments?post=1842"}],"version-history":[{"count":5,"href":"https:\/\/label.bet\/pl\/wp-json\/wp\/v2\/pages\/1842\/revisions"}],"predecessor-version":[{"id":1939,"href":"https:\/\/label.bet\/pl\/wp-json\/wp\/v2\/pages\/1842\/revisions\/1939"}],"wp:attachment":[{"href":"https:\/\/label.bet\/pl\/wp-json\/wp\/v2\/media?parent=1842"}],"curies":[{"name":"wp","href":"https:\/\/api.w.org\/{rel}","templated":true}]}}