{"id":1853,"date":"2026-01-26T11:30:26","date_gmt":"2026-01-26T08:30:26","guid":{"rendered":"https:\/\/label.bet\/pl\/?page_id=1853"},"modified":"2026-01-30T16:50:46","modified_gmt":"2026-01-30T13:50:46","slug":"aviator","status":"publish","type":"page","link":"https:\/\/label.bet\/pl\/aviator\/","title":{"rendered":"Aviator"},"content":{"rendered":"","protected":false},"excerpt":{"rendered":"","protected":false},"author":1,"featured_media":0,"parent":0,"menu_order":0,"comment_status":"closed","ping_status":"closed","template":"","meta":{"_acf_changed":false,"footnotes":""},"class_list":["post-1853","page","type-page","status-publish","hentry"],"acf":[],"yoast_head":"<!-- This site is optimized with the Yoast SEO plugin v26.5 - https:\/\/yoast.com\/wordpress\/plugins\/seo\/ -->\n<title>Zagraj BetLabel Aviator \u1409 Le\u0107 wysoko i wygraj nawet 10,000x!<\/title>\n<meta name=\"description\" content=\"Zanurz si\u0119 w \u015bwiecie ekscytuj\u0105cych przyg\u00f3d z BetLabel Aviator! Poczuj przyp\u0142yw adrenaliny, obstawiaj zak\u0142ady i wygraj nawet 10 000-krotno\u015b\u0107 stawki! Wykorzystaj swoj\u0105 szans\u0119, aby z\u0142apa\u0107 szcz\u0119\u015bcie za ogon.\" \/>\n<meta name=\"robots\" content=\"index, follow, max-snippet:-1, max-image-preview:large, max-video-preview:-1\" \/>\n<meta property=\"og:locale\" content=\"pl_PL\" \/>\n<meta property=\"og:type\" content=\"article\" \/>\n<meta property=\"og:title\" content=\"Zagraj BetLabel Aviator \u1409 Le\u0107 wysoko i wygraj nawet 10,000x!\" \/>\n<meta property=\"og:description\" content=\"Zanurz si\u0119 w \u015bwiecie ekscytuj\u0105cych przyg\u00f3d z BetLabel Aviator! Poczuj przyp\u0142yw adrenaliny, obstawiaj zak\u0142ady i wygraj nawet 10 000-krotno\u015b\u0107 stawki! Wykorzystaj swoj\u0105 szans\u0119, aby z\u0142apa\u0107 szcz\u0119\u015bcie za ogon.\" \/>\n<meta property=\"og:url\" content=\"https:\/\/label.bet\/pl\/aviator\/\" \/>\n<meta property=\"og:site_name\" content=\"BetLabel pl\" \/>\n<meta property=\"article:modified_time\" content=\"2026-01-30T13:50:46+00:00\" \/>\n<meta name=\"twitter:card\" content=\"summary_large_image\" \/>\n<script type=\"application\/ld+json\" class=\"yoast-schema-graph\">{\"@context\":\"https:\/\/schema.org\",\"@graph\":[{\"@type\":\"WebPage\",\"@id\":\"https:\/\/label.bet\/pl\/aviator\/\",\"url\":\"https:\/\/label.bet\/pl\/aviator\/\",\"name\":\"Zagraj BetLabel Aviator \u1409 Le\u0107 wysoko i wygraj nawet 10,000x!\",\"isPartOf\":{\"@id\":\"https:\/\/label.bet\/pl\/#website\"},\"datePublished\":\"2026-01-26T08:30:26+00:00\",\"dateModified\":\"2026-01-30T13:50:46+00:00\",\"description\":\"Zanurz si\u0119 w \u015bwiecie ekscytuj\u0105cych przyg\u00f3d z BetLabel Aviator! Poczuj przyp\u0142yw adrenaliny, obstawiaj zak\u0142ady i wygraj nawet 10 000-krotno\u015b\u0107 stawki! Wykorzystaj swoj\u0105 szans\u0119, aby z\u0142apa\u0107 szcz\u0119\u015bcie za ogon.\",\"inLanguage\":\"pl-PL\",\"potentialAction\":[{\"@type\":\"ReadAction\",\"target\":[\"https:\/\/label.bet\/pl\/aviator\/\"]}]},{\"@type\":\"WebSite\",\"@id\":\"https:\/\/label.bet\/pl\/#website\",\"url\":\"https:\/\/label.bet\/pl\/\",\"name\":\"BetLabel pl\",\"description\":\"\",\"potentialAction\":[{\"@type\":\"SearchAction\",\"target\":{\"@type\":\"EntryPoint\",\"urlTemplate\":\"https:\/\/label.bet\/pl\/?s={search_term_string}\"},\"query-input\":{\"@type\":\"PropertyValueSpecification\",\"valueRequired\":true,\"valueName\":\"search_term_string\"}}],\"inLanguage\":\"pl-PL\"}]}<\/script>\n<!-- \/ Yoast SEO plugin. -->","yoast_head_json":{"title":"Zagraj BetLabel Aviator \u1409 Le\u0107 wysoko i wygraj nawet 10,000x!","description":"Zanurz si\u0119 w \u015bwiecie ekscytuj\u0105cych przyg\u00f3d z BetLabel Aviator! Poczuj przyp\u0142yw adrenaliny, obstawiaj zak\u0142ady i wygraj nawet 10 000-krotno\u015b\u0107 stawki! Wykorzystaj swoj\u0105 szans\u0119, aby z\u0142apa\u0107 szcz\u0119\u015bcie za ogon.","robots":{"index":"index","follow":"follow","max-snippet":"max-snippet:-1","max-image-preview":"max-image-preview:large","max-video-preview":"max-video-preview:-1"},"og_locale":"pl_PL","og_type":"article","og_title":"Zagraj BetLabel Aviator \u1409 Le\u0107 wysoko i wygraj nawet 10,000x!","og_description":"Zanurz si\u0119 w \u015bwiecie ekscytuj\u0105cych przyg\u00f3d z BetLabel Aviator! Poczuj przyp\u0142yw adrenaliny, obstawiaj zak\u0142ady i wygraj nawet 10 000-krotno\u015b\u0107 stawki! Wykorzystaj swoj\u0105 szans\u0119, aby z\u0142apa\u0107 szcz\u0119\u015bcie za ogon.","og_url":"https:\/\/label.bet\/pl\/aviator\/","og_site_name":"BetLabel pl","article_modified_time":"2026-01-30T13:50:46+00:00","twitter_card":"summary_large_image","schema":{"@context":"https:\/\/schema.org","@graph":[{"@type":"WebPage","@id":"https:\/\/label.bet\/pl\/aviator\/","url":"https:\/\/label.bet\/pl\/aviator\/","name":"Zagraj BetLabel Aviator \u1409 Le\u0107 wysoko i wygraj nawet 10,000x!","isPartOf":{"@id":"https:\/\/label.bet\/pl\/#website"},"datePublished":"2026-01-26T08:30:26+00:00","dateModified":"2026-01-30T13:50:46+00:00","description":"Zanurz si\u0119 w \u015bwiecie ekscytuj\u0105cych przyg\u00f3d z BetLabel Aviator! Poczuj przyp\u0142yw adrenaliny, obstawiaj zak\u0142ady i wygraj nawet 10 000-krotno\u015b\u0107 stawki! Wykorzystaj swoj\u0105 szans\u0119, aby z\u0142apa\u0107 szcz\u0119\u015bcie za ogon.","inLanguage":"pl-PL","potentialAction":[{"@type":"ReadAction","target":["https:\/\/label.bet\/pl\/aviator\/"]}]},{"@type":"WebSite","@id":"https:\/\/label.bet\/pl\/#website","url":"https:\/\/label.bet\/pl\/","name":"BetLabel pl","description":"","potentialAction":[{"@type":"SearchAction","target":{"@type":"EntryPoint","urlTemplate":"https:\/\/label.bet\/pl\/?s={search_term_string}"},"query-input":{"@type":"PropertyValueSpecification","valueRequired":true,"valueName":"search_term_string"}}],"inLanguage":"pl-PL"}]}},"_links":{"self":[{"href":"https:\/\/label.bet\/pl\/wp-json\/wp\/v2\/pages\/1853","targetHints":{"allow":["GET"]}}],"collection":[{"href":"https:\/\/label.bet\/pl\/wp-json\/wp\/v2\/pages"}],"about":[{"href":"https:\/\/label.bet\/pl\/wp-json\/wp\/v2\/types\/page"}],"author":[{"embeddable":true,"href":"https:\/\/label.bet\/pl\/wp-json\/wp\/v2\/users\/1"}],"replies":[{"embeddable":true,"href":"https:\/\/label.bet\/pl\/wp-json\/wp\/v2\/comments?post=1853"}],"version-history":[{"count":5,"href":"https:\/\/label.bet\/pl\/wp-json\/wp\/v2\/pages\/1853\/revisions"}],"predecessor-version":[{"id":1905,"href":"https:\/\/label.bet\/pl\/wp-json\/wp\/v2\/pages\/1853\/revisions\/1905"}],"wp:attachment":[{"href":"https:\/\/label.bet\/pl\/wp-json\/wp\/v2\/media?parent=1853"}],"curies":[{"name":"wp","href":"https:\/\/api.w.org\/{rel}","templated":true}]}}