{"id":1981,"date":"2026-02-27T12:55:34","date_gmt":"2026-02-27T09:55:34","guid":{"rendered":"https:\/\/label.bet\/pl\/?page_id=1981"},"modified":"2026-02-27T15:06:59","modified_gmt":"2026-02-27T12:06:59","slug":"trustpilot","status":"publish","type":"page","link":"https:\/\/label.bet\/pl\/trustpilot\/","title":{"rendered":"Trustpilot"},"content":{"rendered":"","protected":false},"excerpt":{"rendered":"","protected":false},"author":1,"featured_media":0,"parent":0,"menu_order":0,"comment_status":"closed","ping_status":"closed","template":"","meta":{"_acf_changed":false,"footnotes":""},"class_list":["post-1981","page","type-page","status-publish","hentry"],"acf":[],"yoast_head":"<!-- This site is optimized with the Yoast SEO plugin v26.5 - https:\/\/yoast.com\/wordpress\/plugins\/seo\/ -->\n<title>BetLabel Trustpilot \u2014 prawdziwe recenzje graczy<\/title>\n<meta name=\"description\" content=\"BetLabel otrzymuje og\u00f3lnie pozytywne recenzje na Trustpilot: gracze chwal\u0105 szybkie wyp\u0142aty, przyjazny dla u\u017cytkownika interfejs, osobist\u0105 obs\u0142ug\u0119 VIP i uczciwe warunki bonus\u00f3w, ale niekt\u00f3re recenzje zwracaj\u0105 uwag\u0119 na trudno\u015bci z wyp\u0142atami przy u\u017cyciu niekt\u00f3rych metod p\u0142atno\u015bci oraz kontrowersyjne sytuacje dotycz\u0105ce weryfikacji.\" \/>\n<meta name=\"robots\" content=\"index, follow, max-snippet:-1, max-image-preview:large, max-video-preview:-1\" \/>\n<link rel=\"canonical\" href=\"https:\/\/label.bet\/pl\/trustpilot\/\" \/>\n<meta property=\"og:locale\" content=\"pl_PL\" \/>\n<meta property=\"og:type\" content=\"article\" \/>\n<meta property=\"og:title\" content=\"BetLabel Trustpilot \u2014 prawdziwe recenzje graczy\" \/>\n<meta property=\"og:description\" content=\"BetLabel otrzymuje og\u00f3lnie pozytywne recenzje na Trustpilot: gracze chwal\u0105 szybkie wyp\u0142aty, przyjazny dla u\u017cytkownika interfejs, osobist\u0105 obs\u0142ug\u0119 VIP i uczciwe warunki bonus\u00f3w, ale niekt\u00f3re recenzje zwracaj\u0105 uwag\u0119 na trudno\u015bci z wyp\u0142atami przy u\u017cyciu niekt\u00f3rych metod p\u0142atno\u015bci oraz kontrowersyjne sytuacje dotycz\u0105ce weryfikacji.\" \/>\n<meta property=\"og:url\" content=\"https:\/\/label.bet\/pl\/trustpilot\/\" \/>\n<meta property=\"og:site_name\" content=\"BetLabel pl\" \/>\n<meta property=\"article:modified_time\" content=\"2026-02-27T12:06:59+00:00\" \/>\n<meta name=\"twitter:card\" content=\"summary_large_image\" \/>\n<script type=\"application\/ld+json\" class=\"yoast-schema-graph\">{\"@context\":\"https:\/\/schema.org\",\"@graph\":[{\"@type\":\"WebPage\",\"@id\":\"https:\/\/label.bet\/pl\/trustpilot\/\",\"url\":\"https:\/\/label.bet\/pl\/trustpilot\/\",\"name\":\"BetLabel Trustpilot \u2014 prawdziwe recenzje graczy\",\"isPartOf\":{\"@id\":\"https:\/\/label.bet\/pl\/#website\"},\"datePublished\":\"2026-02-27T09:55:34+00:00\",\"dateModified\":\"2026-02-27T12:06:59+00:00\",\"description\":\"BetLabel otrzymuje og\u00f3lnie pozytywne recenzje na Trustpilot: gracze chwal\u0105 szybkie wyp\u0142aty, przyjazny dla u\u017cytkownika interfejs, osobist\u0105 obs\u0142ug\u0119 VIP i uczciwe warunki bonus\u00f3w, ale niekt\u00f3re recenzje zwracaj\u0105 uwag\u0119 na trudno\u015bci z wyp\u0142atami przy u\u017cyciu niekt\u00f3rych metod p\u0142atno\u015bci oraz kontrowersyjne sytuacje dotycz\u0105ce weryfikacji.\",\"inLanguage\":\"pl-PL\",\"potentialAction\":[{\"@type\":\"ReadAction\",\"target\":[\"https:\/\/label.bet\/pl\/trustpilot\/\"]}]},{\"@type\":\"WebSite\",\"@id\":\"https:\/\/label.bet\/pl\/#website\",\"url\":\"https:\/\/label.bet\/pl\/\",\"name\":\"BetLabel pl\",\"description\":\"\",\"potentialAction\":[{\"@type\":\"SearchAction\",\"target\":{\"@type\":\"EntryPoint\",\"urlTemplate\":\"https:\/\/label.bet\/pl\/?s={search_term_string}\"},\"query-input\":{\"@type\":\"PropertyValueSpecification\",\"valueRequired\":true,\"valueName\":\"search_term_string\"}}],\"inLanguage\":\"pl-PL\"}]}<\/script>\n<!-- \/ Yoast SEO plugin. -->","yoast_head_json":{"title":"BetLabel Trustpilot \u2014 prawdziwe recenzje graczy","description":"BetLabel otrzymuje og\u00f3lnie pozytywne recenzje na Trustpilot: gracze chwal\u0105 szybkie wyp\u0142aty, przyjazny dla u\u017cytkownika interfejs, osobist\u0105 obs\u0142ug\u0119 VIP i uczciwe warunki bonus\u00f3w, ale niekt\u00f3re recenzje zwracaj\u0105 uwag\u0119 na trudno\u015bci z wyp\u0142atami przy u\u017cyciu niekt\u00f3rych metod p\u0142atno\u015bci oraz kontrowersyjne sytuacje dotycz\u0105ce weryfikacji.","robots":{"index":"index","follow":"follow","max-snippet":"max-snippet:-1","max-image-preview":"max-image-preview:large","max-video-preview":"max-video-preview:-1"},"canonical":"https:\/\/label.bet\/pl\/trustpilot\/","og_locale":"pl_PL","og_type":"article","og_title":"BetLabel Trustpilot \u2014 prawdziwe recenzje graczy","og_description":"BetLabel otrzymuje og\u00f3lnie pozytywne recenzje na Trustpilot: gracze chwal\u0105 szybkie wyp\u0142aty, przyjazny dla u\u017cytkownika interfejs, osobist\u0105 obs\u0142ug\u0119 VIP i uczciwe warunki bonus\u00f3w, ale niekt\u00f3re recenzje zwracaj\u0105 uwag\u0119 na trudno\u015bci z wyp\u0142atami przy u\u017cyciu niekt\u00f3rych metod p\u0142atno\u015bci oraz kontrowersyjne sytuacje dotycz\u0105ce weryfikacji.","og_url":"https:\/\/label.bet\/pl\/trustpilot\/","og_site_name":"BetLabel pl","article_modified_time":"2026-02-27T12:06:59+00:00","twitter_card":"summary_large_image","schema":{"@context":"https:\/\/schema.org","@graph":[{"@type":"WebPage","@id":"https:\/\/label.bet\/pl\/trustpilot\/","url":"https:\/\/label.bet\/pl\/trustpilot\/","name":"BetLabel Trustpilot \u2014 prawdziwe recenzje graczy","isPartOf":{"@id":"https:\/\/label.bet\/pl\/#website"},"datePublished":"2026-02-27T09:55:34+00:00","dateModified":"2026-02-27T12:06:59+00:00","description":"BetLabel otrzymuje og\u00f3lnie pozytywne recenzje na Trustpilot: gracze chwal\u0105 szybkie wyp\u0142aty, przyjazny dla u\u017cytkownika interfejs, osobist\u0105 obs\u0142ug\u0119 VIP i uczciwe warunki bonus\u00f3w, ale niekt\u00f3re recenzje zwracaj\u0105 uwag\u0119 na trudno\u015bci z wyp\u0142atami przy u\u017cyciu niekt\u00f3rych metod p\u0142atno\u015bci oraz kontrowersyjne sytuacje dotycz\u0105ce weryfikacji.","inLanguage":"pl-PL","potentialAction":[{"@type":"ReadAction","target":["https:\/\/label.bet\/pl\/trustpilot\/"]}]},{"@type":"WebSite","@id":"https:\/\/label.bet\/pl\/#website","url":"https:\/\/label.bet\/pl\/","name":"BetLabel pl","description":"","potentialAction":[{"@type":"SearchAction","target":{"@type":"EntryPoint","urlTemplate":"https:\/\/label.bet\/pl\/?s={search_term_string}"},"query-input":{"@type":"PropertyValueSpecification","valueRequired":true,"valueName":"search_term_string"}}],"inLanguage":"pl-PL"}]}},"_links":{"self":[{"href":"https:\/\/label.bet\/pl\/wp-json\/wp\/v2\/pages\/1981","targetHints":{"allow":["GET"]}}],"collection":[{"href":"https:\/\/label.bet\/pl\/wp-json\/wp\/v2\/pages"}],"about":[{"href":"https:\/\/label.bet\/pl\/wp-json\/wp\/v2\/types\/page"}],"author":[{"embeddable":true,"href":"https:\/\/label.bet\/pl\/wp-json\/wp\/v2\/users\/1"}],"replies":[{"embeddable":true,"href":"https:\/\/label.bet\/pl\/wp-json\/wp\/v2\/comments?post=1981"}],"version-history":[{"count":5,"href":"https:\/\/label.bet\/pl\/wp-json\/wp\/v2\/pages\/1981\/revisions"}],"predecessor-version":[{"id":1992,"href":"https:\/\/label.bet\/pl\/wp-json\/wp\/v2\/pages\/1981\/revisions\/1992"}],"wp:attachment":[{"href":"https:\/\/label.bet\/pl\/wp-json\/wp\/v2\/media?parent=1981"}],"curies":[{"name":"wp","href":"https:\/\/api.w.org\/{rel}","templated":true}]}}