{"id":1629,"date":"2025-12-29T16:26:05","date_gmt":"2025-12-29T13:26:05","guid":{"rendered":"https:\/\/label.bet\/pt\/?page_id=1629"},"modified":"2026-03-28T15:57:04","modified_gmt":"2026-03-28T12:57:04","slug":"promo-code","status":"publish","type":"page","link":"https:\/\/label.bet\/pt\/promo-code\/","title":{"rendered":"C\u00f3digo promocional"},"content":{"rendered":"","protected":false},"excerpt":{"rendered":"","protected":false},"author":1,"featured_media":0,"parent":0,"menu_order":0,"comment_status":"closed","ping_status":"closed","template":"","meta":{"_acf_changed":false,"footnotes":""},"class_list":["post-1629","page","type-page","status-publish","hentry"],"acf":[],"yoast_head":"<!-- This site is optimized with the Yoast SEO plugin v26.5 - https:\/\/yoast.com\/wordpress\/plugins\/seo\/ -->\n<title>C\u00f3digo promocional BetLabel \u1409 C\u00f3digo de b\u00f3nus atual para registo<\/title>\n<meta name=\"description\" content=\"C\u00f3digo promocional atual da BetLabel para novos jogadores: b\u00f3nus de registo, apostas gr\u00e1tis e vantagens adicionais para apostas e casino. Descubra como ativar o c\u00f3digo promocional corretamente.\" \/>\n<meta name=\"robots\" content=\"index, follow, max-snippet:-1, max-image-preview:large, max-video-preview:-1\" \/>\n<link rel=\"canonical\" href=\"https:\/\/label.bet\/pt\/promo-code\/\" \/>\n<meta property=\"og:locale\" content=\"pt_PT\" \/>\n<meta property=\"og:type\" content=\"article\" \/>\n<meta property=\"og:title\" content=\"C\u00f3digo promocional BetLabel \u1409 C\u00f3digo de b\u00f3nus atual para registo\" \/>\n<meta property=\"og:description\" content=\"C\u00f3digo promocional atual da BetLabel para novos jogadores: b\u00f3nus de registo, apostas gr\u00e1tis e vantagens adicionais para apostas e casino. Descubra como ativar o c\u00f3digo promocional corretamente.\" \/>\n<meta property=\"og:url\" content=\"https:\/\/label.bet\/pt\/promo-code\/\" \/>\n<meta property=\"og:site_name\" content=\"BetLabel pt\" \/>\n<meta property=\"article:modified_time\" content=\"2026-03-28T12:57:04+00:00\" \/>\n<meta name=\"twitter:card\" content=\"summary_large_image\" \/>\n<script type=\"application\/ld+json\" class=\"yoast-schema-graph\">{\"@context\":\"https:\/\/schema.org\",\"@graph\":[{\"@type\":\"WebPage\",\"@id\":\"https:\/\/label.bet\/pt\/promo-code\/\",\"url\":\"https:\/\/label.bet\/pt\/promo-code\/\",\"name\":\"C\u00f3digo promocional BetLabel \u1409 C\u00f3digo de b\u00f3nus atual para registo\",\"isPartOf\":{\"@id\":\"https:\/\/label.bet\/pt\/#website\"},\"datePublished\":\"2025-12-29T13:26:05+00:00\",\"dateModified\":\"2026-03-28T12:57:04+00:00\",\"description\":\"C\u00f3digo promocional atual da BetLabel para novos jogadores: b\u00f3nus de registo, apostas gr\u00e1tis e vantagens adicionais para apostas e casino. Descubra como ativar o c\u00f3digo promocional corretamente.\",\"inLanguage\":\"pt-PT\",\"potentialAction\":[{\"@type\":\"ReadAction\",\"target\":[\"https:\/\/label.bet\/pt\/promo-code\/\"]}]},{\"@type\":\"WebSite\",\"@id\":\"https:\/\/label.bet\/pt\/#website\",\"url\":\"https:\/\/label.bet\/pt\/\",\"name\":\"BetLabel pt\",\"description\":\"\",\"potentialAction\":[{\"@type\":\"SearchAction\",\"target\":{\"@type\":\"EntryPoint\",\"urlTemplate\":\"https:\/\/label.bet\/pt\/?s={search_term_string}\"},\"query-input\":{\"@type\":\"PropertyValueSpecification\",\"valueRequired\":true,\"valueName\":\"search_term_string\"}}],\"inLanguage\":\"pt-PT\"}]}<\/script>\n<!-- \/ Yoast SEO plugin. -->","yoast_head_json":{"title":"C\u00f3digo promocional BetLabel \u1409 C\u00f3digo de b\u00f3nus atual para registo","description":"C\u00f3digo promocional atual da BetLabel para novos jogadores: b\u00f3nus de registo, apostas gr\u00e1tis e vantagens adicionais para apostas e casino. Descubra como ativar o c\u00f3digo promocional corretamente.","robots":{"index":"index","follow":"follow","max-snippet":"max-snippet:-1","max-image-preview":"max-image-preview:large","max-video-preview":"max-video-preview:-1"},"canonical":"https:\/\/label.bet\/pt\/promo-code\/","og_locale":"pt_PT","og_type":"article","og_title":"C\u00f3digo promocional BetLabel \u1409 C\u00f3digo de b\u00f3nus atual para registo","og_description":"C\u00f3digo promocional atual da BetLabel para novos jogadores: b\u00f3nus de registo, apostas gr\u00e1tis e vantagens adicionais para apostas e casino. Descubra como ativar o c\u00f3digo promocional corretamente.","og_url":"https:\/\/label.bet\/pt\/promo-code\/","og_site_name":"BetLabel pt","article_modified_time":"2026-03-28T12:57:04+00:00","twitter_card":"summary_large_image","schema":{"@context":"https:\/\/schema.org","@graph":[{"@type":"WebPage","@id":"https:\/\/label.bet\/pt\/promo-code\/","url":"https:\/\/label.bet\/pt\/promo-code\/","name":"C\u00f3digo promocional BetLabel \u1409 C\u00f3digo de b\u00f3nus atual para registo","isPartOf":{"@id":"https:\/\/label.bet\/pt\/#website"},"datePublished":"2025-12-29T13:26:05+00:00","dateModified":"2026-03-28T12:57:04+00:00","description":"C\u00f3digo promocional atual da BetLabel para novos jogadores: b\u00f3nus de registo, apostas gr\u00e1tis e vantagens adicionais para apostas e casino. Descubra como ativar o c\u00f3digo promocional corretamente.","inLanguage":"pt-PT","potentialAction":[{"@type":"ReadAction","target":["https:\/\/label.bet\/pt\/promo-code\/"]}]},{"@type":"WebSite","@id":"https:\/\/label.bet\/pt\/#website","url":"https:\/\/label.bet\/pt\/","name":"BetLabel pt","description":"","potentialAction":[{"@type":"SearchAction","target":{"@type":"EntryPoint","urlTemplate":"https:\/\/label.bet\/pt\/?s={search_term_string}"},"query-input":{"@type":"PropertyValueSpecification","valueRequired":true,"valueName":"search_term_string"}}],"inLanguage":"pt-PT"}]}},"_links":{"self":[{"href":"https:\/\/label.bet\/pt\/wp-json\/wp\/v2\/pages\/1629","targetHints":{"allow":["GET"]}}],"collection":[{"href":"https:\/\/label.bet\/pt\/wp-json\/wp\/v2\/pages"}],"about":[{"href":"https:\/\/label.bet\/pt\/wp-json\/wp\/v2\/types\/page"}],"author":[{"embeddable":true,"href":"https:\/\/label.bet\/pt\/wp-json\/wp\/v2\/users\/1"}],"replies":[{"embeddable":true,"href":"https:\/\/label.bet\/pt\/wp-json\/wp\/v2\/comments?post=1629"}],"version-history":[{"count":5,"href":"https:\/\/label.bet\/pt\/wp-json\/wp\/v2\/pages\/1629\/revisions"}],"predecessor-version":[{"id":2147,"href":"https:\/\/label.bet\/pt\/wp-json\/wp\/v2\/pages\/1629\/revisions\/2147"}],"wp:attachment":[{"href":"https:\/\/label.bet\/pt\/wp-json\/wp\/v2\/media?parent=1629"}],"curies":[{"name":"wp","href":"https:\/\/api.w.org\/{rel}","templated":true}]}}