{"id":1736,"date":"2026-01-22T15:56:50","date_gmt":"2026-01-22T12:56:50","guid":{"rendered":"https:\/\/label.bet\/pt\/?page_id=1736"},"modified":"2026-03-28T15:23:17","modified_gmt":"2026-03-28T12:23:17","slug":"ufc","status":"publish","type":"page","link":"https:\/\/label.bet\/pt\/ufc\/","title":{"rendered":"UFC"},"content":{"rendered":"","protected":false},"excerpt":{"rendered":"","protected":false},"author":1,"featured_media":0,"parent":0,"menu_order":0,"comment_status":"closed","ping_status":"closed","template":"","meta":{"_acf_changed":false,"footnotes":""},"class_list":["post-1736","page","type-page","status-publish","hentry"],"acf":[],"yoast_head":"<!-- This site is optimized with the Yoast SEO plugin v26.5 - https:\/\/yoast.com\/wordpress\/plugins\/seo\/ -->\n<title>BetLabel: Apostas no UFC e no MMA \ud83e\udd4a Odds elevadas, combates ao vivo<\/title>\n<meta name=\"description\" content=\"Aposte na BetLabel no UFC e no MMA \ud83e\udd4a. B\u00f3nus para novos jogadores, combates ao vivo, odds e pagamentos fi\u00e1veis. Junte-se a n\u00f3s e comece a ganhar hoje mesmo!\" \/>\n<meta name=\"robots\" content=\"index, follow, max-snippet:-1, max-image-preview:large, max-video-preview:-1\" \/>\n<meta property=\"og:locale\" content=\"pt_PT\" \/>\n<meta property=\"og:type\" content=\"article\" \/>\n<meta property=\"og:title\" content=\"BetLabel: Apostas no UFC e no MMA \ud83e\udd4a Odds elevadas, combates ao vivo\" \/>\n<meta property=\"og:description\" content=\"Aposte na BetLabel no UFC e no MMA \ud83e\udd4a. B\u00f3nus para novos jogadores, combates ao vivo, odds e pagamentos fi\u00e1veis. Junte-se a n\u00f3s e comece a ganhar hoje mesmo!\" \/>\n<meta property=\"og:url\" content=\"https:\/\/label.bet\/pt\/ufc\/\" \/>\n<meta property=\"og:site_name\" content=\"BetLabel pt\" \/>\n<meta property=\"article:modified_time\" content=\"2026-03-28T12:23:17+00:00\" \/>\n<meta name=\"twitter:card\" content=\"summary_large_image\" \/>\n<script type=\"application\/ld+json\" class=\"yoast-schema-graph\">{\"@context\":\"https:\/\/schema.org\",\"@graph\":[{\"@type\":\"WebPage\",\"@id\":\"https:\/\/label.bet\/pt\/ufc\/\",\"url\":\"https:\/\/label.bet\/pt\/ufc\/\",\"name\":\"BetLabel: Apostas no UFC e no MMA \ud83e\udd4a Odds elevadas, combates ao vivo\",\"isPartOf\":{\"@id\":\"https:\/\/label.bet\/pt\/#website\"},\"datePublished\":\"2026-01-22T12:56:50+00:00\",\"dateModified\":\"2026-03-28T12:23:17+00:00\",\"description\":\"Aposte na BetLabel no UFC e no MMA \ud83e\udd4a. B\u00f3nus para novos jogadores, combates ao vivo, odds e pagamentos fi\u00e1veis. Junte-se a n\u00f3s e comece a ganhar hoje mesmo!\",\"inLanguage\":\"pt-PT\",\"potentialAction\":[{\"@type\":\"ReadAction\",\"target\":[\"https:\/\/label.bet\/pt\/ufc\/\"]}]},{\"@type\":\"WebSite\",\"@id\":\"https:\/\/label.bet\/pt\/#website\",\"url\":\"https:\/\/label.bet\/pt\/\",\"name\":\"BetLabel pt\",\"description\":\"\",\"potentialAction\":[{\"@type\":\"SearchAction\",\"target\":{\"@type\":\"EntryPoint\",\"urlTemplate\":\"https:\/\/label.bet\/pt\/?s={search_term_string}\"},\"query-input\":{\"@type\":\"PropertyValueSpecification\",\"valueRequired\":true,\"valueName\":\"search_term_string\"}}],\"inLanguage\":\"pt-PT\"}]}<\/script>\n<!-- \/ Yoast SEO plugin. -->","yoast_head_json":{"title":"BetLabel: Apostas no UFC e no MMA \ud83e\udd4a Odds elevadas, combates ao vivo","description":"Aposte na BetLabel no UFC e no MMA \ud83e\udd4a. B\u00f3nus para novos jogadores, combates ao vivo, odds e pagamentos fi\u00e1veis. Junte-se a n\u00f3s e comece a ganhar hoje mesmo!","robots":{"index":"index","follow":"follow","max-snippet":"max-snippet:-1","max-image-preview":"max-image-preview:large","max-video-preview":"max-video-preview:-1"},"og_locale":"pt_PT","og_type":"article","og_title":"BetLabel: Apostas no UFC e no MMA \ud83e\udd4a Odds elevadas, combates ao vivo","og_description":"Aposte na BetLabel no UFC e no MMA \ud83e\udd4a. B\u00f3nus para novos jogadores, combates ao vivo, odds e pagamentos fi\u00e1veis. Junte-se a n\u00f3s e comece a ganhar hoje mesmo!","og_url":"https:\/\/label.bet\/pt\/ufc\/","og_site_name":"BetLabel pt","article_modified_time":"2026-03-28T12:23:17+00:00","twitter_card":"summary_large_image","schema":{"@context":"https:\/\/schema.org","@graph":[{"@type":"WebPage","@id":"https:\/\/label.bet\/pt\/ufc\/","url":"https:\/\/label.bet\/pt\/ufc\/","name":"BetLabel: Apostas no UFC e no MMA \ud83e\udd4a Odds elevadas, combates ao vivo","isPartOf":{"@id":"https:\/\/label.bet\/pt\/#website"},"datePublished":"2026-01-22T12:56:50+00:00","dateModified":"2026-03-28T12:23:17+00:00","description":"Aposte na BetLabel no UFC e no MMA \ud83e\udd4a. B\u00f3nus para novos jogadores, combates ao vivo, odds e pagamentos fi\u00e1veis. Junte-se a n\u00f3s e comece a ganhar hoje mesmo!","inLanguage":"pt-PT","potentialAction":[{"@type":"ReadAction","target":["https:\/\/label.bet\/pt\/ufc\/"]}]},{"@type":"WebSite","@id":"https:\/\/label.bet\/pt\/#website","url":"https:\/\/label.bet\/pt\/","name":"BetLabel pt","description":"","potentialAction":[{"@type":"SearchAction","target":{"@type":"EntryPoint","urlTemplate":"https:\/\/label.bet\/pt\/?s={search_term_string}"},"query-input":{"@type":"PropertyValueSpecification","valueRequired":true,"valueName":"search_term_string"}}],"inLanguage":"pt-PT"}]}},"_links":{"self":[{"href":"https:\/\/label.bet\/pt\/wp-json\/wp\/v2\/pages\/1736","targetHints":{"allow":["GET"]}}],"collection":[{"href":"https:\/\/label.bet\/pt\/wp-json\/wp\/v2\/pages"}],"about":[{"href":"https:\/\/label.bet\/pt\/wp-json\/wp\/v2\/types\/page"}],"author":[{"embeddable":true,"href":"https:\/\/label.bet\/pt\/wp-json\/wp\/v2\/users\/1"}],"replies":[{"embeddable":true,"href":"https:\/\/label.bet\/pt\/wp-json\/wp\/v2\/comments?post=1736"}],"version-history":[{"count":5,"href":"https:\/\/label.bet\/pt\/wp-json\/wp\/v2\/pages\/1736\/revisions"}],"predecessor-version":[{"id":2132,"href":"https:\/\/label.bet\/pt\/wp-json\/wp\/v2\/pages\/1736\/revisions\/2132"}],"wp:attachment":[{"href":"https:\/\/label.bet\/pt\/wp-json\/wp\/v2\/media?parent=1736"}],"curies":[{"name":"wp","href":"https:\/\/api.w.org\/{rel}","templated":true}]}}