{"id":1815,"date":"2026-01-25T14:57:29","date_gmt":"2026-01-25T11:57:29","guid":{"rendered":"https:\/\/label.bet\/pt\/?page_id=1815"},"modified":"2026-03-28T15:13:30","modified_gmt":"2026-03-28T12:13:30","slug":"sweet-bonanza","status":"publish","type":"page","link":"https:\/\/label.bet\/pt\/sweet-bonanza\/","title":{"rendered":"Sweet Bonanza"},"content":{"rendered":"","protected":false},"excerpt":{"rendered":"","protected":false},"author":1,"featured_media":0,"parent":0,"menu_order":0,"comment_status":"closed","ping_status":"closed","template":"","meta":{"_acf_changed":false,"footnotes":""},"class_list":["post-1815","page","type-page","status-publish","hentry"],"acf":[],"yoast_head":"<!-- This site is optimized with the Yoast SEO plugin v26.5 - https:\/\/yoast.com\/wordpress\/plugins\/seo\/ -->\n<title>Sweet Bonanza na BetLabel \u26a1\ufe0f Slot da Pragmatic Play com b\u00f3nus<\/title>\n<meta name=\"description\" content=\"Jogue Sweet Bonanza da Pragmatic Play no BetLabel Casino \u27a4 uma slot de frutas vibrante com vit\u00f3rias em cascata, rodadas gr\u00e1tis e multiplicadores. Jogabilidade r\u00e1pida e rondas de b\u00f3nus sem regras complicadas.\" \/>\n<meta name=\"robots\" content=\"index, follow, max-snippet:-1, max-image-preview:large, max-video-preview:-1\" \/>\n<meta property=\"og:locale\" content=\"pt_PT\" \/>\n<meta property=\"og:type\" content=\"article\" \/>\n<meta property=\"og:title\" content=\"Sweet Bonanza na BetLabel \u26a1\ufe0f Slot da Pragmatic Play com b\u00f3nus\" \/>\n<meta property=\"og:description\" content=\"Jogue Sweet Bonanza da Pragmatic Play no BetLabel Casino \u27a4 uma slot de frutas vibrante com vit\u00f3rias em cascata, rodadas gr\u00e1tis e multiplicadores. Jogabilidade r\u00e1pida e rondas de b\u00f3nus sem regras complicadas.\" \/>\n<meta property=\"og:url\" content=\"https:\/\/label.bet\/pt\/sweet-bonanza\/\" \/>\n<meta property=\"og:site_name\" content=\"BetLabel pt\" \/>\n<meta property=\"article:modified_time\" content=\"2026-03-28T12:13:30+00:00\" \/>\n<meta name=\"twitter:card\" content=\"summary_large_image\" \/>\n<script type=\"application\/ld+json\" class=\"yoast-schema-graph\">{\"@context\":\"https:\/\/schema.org\",\"@graph\":[{\"@type\":\"WebPage\",\"@id\":\"https:\/\/label.bet\/pt\/sweet-bonanza\/\",\"url\":\"https:\/\/label.bet\/pt\/sweet-bonanza\/\",\"name\":\"Sweet Bonanza na BetLabel \u26a1\ufe0f Slot da Pragmatic Play com b\u00f3nus\",\"isPartOf\":{\"@id\":\"https:\/\/label.bet\/pt\/#website\"},\"datePublished\":\"2026-01-25T11:57:29+00:00\",\"dateModified\":\"2026-03-28T12:13:30+00:00\",\"description\":\"Jogue Sweet Bonanza da Pragmatic Play no BetLabel Casino \u27a4 uma slot de frutas vibrante com vit\u00f3rias em cascata, rodadas gr\u00e1tis e multiplicadores. Jogabilidade r\u00e1pida e rondas de b\u00f3nus sem regras complicadas.\",\"inLanguage\":\"pt-PT\",\"potentialAction\":[{\"@type\":\"ReadAction\",\"target\":[\"https:\/\/label.bet\/pt\/sweet-bonanza\/\"]}]},{\"@type\":\"WebSite\",\"@id\":\"https:\/\/label.bet\/pt\/#website\",\"url\":\"https:\/\/label.bet\/pt\/\",\"name\":\"BetLabel pt\",\"description\":\"\",\"potentialAction\":[{\"@type\":\"SearchAction\",\"target\":{\"@type\":\"EntryPoint\",\"urlTemplate\":\"https:\/\/label.bet\/pt\/?s={search_term_string}\"},\"query-input\":{\"@type\":\"PropertyValueSpecification\",\"valueRequired\":true,\"valueName\":\"search_term_string\"}}],\"inLanguage\":\"pt-PT\"}]}<\/script>\n<!-- \/ Yoast SEO plugin. -->","yoast_head_json":{"title":"Sweet Bonanza na BetLabel \u26a1\ufe0f Slot da Pragmatic Play com b\u00f3nus","description":"Jogue Sweet Bonanza da Pragmatic Play no BetLabel Casino \u27a4 uma slot de frutas vibrante com vit\u00f3rias em cascata, rodadas gr\u00e1tis e multiplicadores. Jogabilidade r\u00e1pida e rondas de b\u00f3nus sem regras complicadas.","robots":{"index":"index","follow":"follow","max-snippet":"max-snippet:-1","max-image-preview":"max-image-preview:large","max-video-preview":"max-video-preview:-1"},"og_locale":"pt_PT","og_type":"article","og_title":"Sweet Bonanza na BetLabel \u26a1\ufe0f Slot da Pragmatic Play com b\u00f3nus","og_description":"Jogue Sweet Bonanza da Pragmatic Play no BetLabel Casino \u27a4 uma slot de frutas vibrante com vit\u00f3rias em cascata, rodadas gr\u00e1tis e multiplicadores. Jogabilidade r\u00e1pida e rondas de b\u00f3nus sem regras complicadas.","og_url":"https:\/\/label.bet\/pt\/sweet-bonanza\/","og_site_name":"BetLabel pt","article_modified_time":"2026-03-28T12:13:30+00:00","twitter_card":"summary_large_image","schema":{"@context":"https:\/\/schema.org","@graph":[{"@type":"WebPage","@id":"https:\/\/label.bet\/pt\/sweet-bonanza\/","url":"https:\/\/label.bet\/pt\/sweet-bonanza\/","name":"Sweet Bonanza na BetLabel \u26a1\ufe0f Slot da Pragmatic Play com b\u00f3nus","isPartOf":{"@id":"https:\/\/label.bet\/pt\/#website"},"datePublished":"2026-01-25T11:57:29+00:00","dateModified":"2026-03-28T12:13:30+00:00","description":"Jogue Sweet Bonanza da Pragmatic Play no BetLabel Casino \u27a4 uma slot de frutas vibrante com vit\u00f3rias em cascata, rodadas gr\u00e1tis e multiplicadores. Jogabilidade r\u00e1pida e rondas de b\u00f3nus sem regras complicadas.","inLanguage":"pt-PT","potentialAction":[{"@type":"ReadAction","target":["https:\/\/label.bet\/pt\/sweet-bonanza\/"]}]},{"@type":"WebSite","@id":"https:\/\/label.bet\/pt\/#website","url":"https:\/\/label.bet\/pt\/","name":"BetLabel pt","description":"","potentialAction":[{"@type":"SearchAction","target":{"@type":"EntryPoint","urlTemplate":"https:\/\/label.bet\/pt\/?s={search_term_string}"},"query-input":{"@type":"PropertyValueSpecification","valueRequired":true,"valueName":"search_term_string"}}],"inLanguage":"pt-PT"}]}},"_links":{"self":[{"href":"https:\/\/label.bet\/pt\/wp-json\/wp\/v2\/pages\/1815","targetHints":{"allow":["GET"]}}],"collection":[{"href":"https:\/\/label.bet\/pt\/wp-json\/wp\/v2\/pages"}],"about":[{"href":"https:\/\/label.bet\/pt\/wp-json\/wp\/v2\/types\/page"}],"author":[{"embeddable":true,"href":"https:\/\/label.bet\/pt\/wp-json\/wp\/v2\/users\/1"}],"replies":[{"embeddable":true,"href":"https:\/\/label.bet\/pt\/wp-json\/wp\/v2\/comments?post=1815"}],"version-history":[{"count":5,"href":"https:\/\/label.bet\/pt\/wp-json\/wp\/v2\/pages\/1815\/revisions"}],"predecessor-version":[{"id":2125,"href":"https:\/\/label.bet\/pt\/wp-json\/wp\/v2\/pages\/1815\/revisions\/2125"}],"wp:attachment":[{"href":"https:\/\/label.bet\/pt\/wp-json\/wp\/v2\/media?parent=1815"}],"curies":[{"name":"wp","href":"https:\/\/api.w.org\/{rel}","templated":true}]}}