{"id":1828,"date":"2026-01-25T16:47:31","date_gmt":"2026-01-25T13:47:31","guid":{"rendered":"https:\/\/label.bet\/pt\/?page_id=1828"},"modified":"2026-03-27T13:14:25","modified_gmt":"2026-03-27T10:14:25","slug":"book-of-dead","status":"publish","type":"page","link":"https:\/\/label.bet\/pt\/book-of-dead\/","title":{"rendered":"Book of Dead"},"content":{"rendered":"","protected":false},"excerpt":{"rendered":"","protected":false},"author":1,"featured_media":0,"parent":0,"menu_order":0,"comment_status":"closed","ping_status":"closed","template":"","meta":{"_acf_changed":false,"footnotes":""},"class_list":["post-1828","page","type-page","status-publish","hentry"],"acf":[],"yoast_head":"<!-- This site is optimized with the Yoast SEO plugin v26.5 - https:\/\/yoast.com\/wordpress\/plugins\/seo\/ -->\n<title>Book of Dead no BetLabel Casino \u2b50\ufe0f Slot cl\u00e1ssica da Play&#039;n GO<\/title>\n<meta name=\"description\" content=\"Jogue Book of Dead na BetLabel \u27a4 a lend\u00e1ria slot da Play&#039;n GO com rodadas gr\u00e1tis e grande potencial de ganhos. Regras simples, rodadas r\u00e1pidas e um cl\u00e1ssico favorito dos casinos online.\" \/>\n<meta name=\"robots\" content=\"index, follow, max-snippet:-1, max-image-preview:large, max-video-preview:-1\" \/>\n<meta property=\"og:locale\" content=\"pt_PT\" \/>\n<meta property=\"og:type\" content=\"article\" \/>\n<meta property=\"og:title\" content=\"Book of Dead no BetLabel Casino \u2b50\ufe0f Slot cl\u00e1ssica da Play&#039;n GO\" \/>\n<meta property=\"og:description\" content=\"Jogue Book of Dead na BetLabel \u27a4 a lend\u00e1ria slot da Play&#039;n GO com rodadas gr\u00e1tis e grande potencial de ganhos. Regras simples, rodadas r\u00e1pidas e um cl\u00e1ssico favorito dos casinos online.\" \/>\n<meta property=\"og:url\" content=\"https:\/\/label.bet\/pt\/book-of-dead\/\" \/>\n<meta property=\"og:site_name\" content=\"BetLabel pt\" \/>\n<meta property=\"article:modified_time\" content=\"2026-03-27T10:14:25+00:00\" \/>\n<meta name=\"twitter:card\" content=\"summary_large_image\" \/>\n<script type=\"application\/ld+json\" class=\"yoast-schema-graph\">{\"@context\":\"https:\/\/schema.org\",\"@graph\":[{\"@type\":\"WebPage\",\"@id\":\"https:\/\/label.bet\/pt\/book-of-dead\/\",\"url\":\"https:\/\/label.bet\/pt\/book-of-dead\/\",\"name\":\"Book of Dead no BetLabel Casino \u2b50\ufe0f Slot cl\u00e1ssica da Play'n GO\",\"isPartOf\":{\"@id\":\"https:\/\/label.bet\/pt\/#website\"},\"datePublished\":\"2026-01-25T13:47:31+00:00\",\"dateModified\":\"2026-03-27T10:14:25+00:00\",\"description\":\"Jogue Book of Dead na BetLabel \u27a4 a lend\u00e1ria slot da Play'n GO com rodadas gr\u00e1tis e grande potencial de ganhos. Regras simples, rodadas r\u00e1pidas e um cl\u00e1ssico favorito dos casinos online.\",\"inLanguage\":\"pt-PT\",\"potentialAction\":[{\"@type\":\"ReadAction\",\"target\":[\"https:\/\/label.bet\/pt\/book-of-dead\/\"]}]},{\"@type\":\"WebSite\",\"@id\":\"https:\/\/label.bet\/pt\/#website\",\"url\":\"https:\/\/label.bet\/pt\/\",\"name\":\"BetLabel pt\",\"description\":\"\",\"potentialAction\":[{\"@type\":\"SearchAction\",\"target\":{\"@type\":\"EntryPoint\",\"urlTemplate\":\"https:\/\/label.bet\/pt\/?s={search_term_string}\"},\"query-input\":{\"@type\":\"PropertyValueSpecification\",\"valueRequired\":true,\"valueName\":\"search_term_string\"}}],\"inLanguage\":\"pt-PT\"}]}<\/script>\n<!-- \/ Yoast SEO plugin. -->","yoast_head_json":{"title":"Book of Dead no BetLabel Casino \u2b50\ufe0f Slot cl\u00e1ssica da Play'n GO","description":"Jogue Book of Dead na BetLabel \u27a4 a lend\u00e1ria slot da Play'n GO com rodadas gr\u00e1tis e grande potencial de ganhos. Regras simples, rodadas r\u00e1pidas e um cl\u00e1ssico favorito dos casinos online.","robots":{"index":"index","follow":"follow","max-snippet":"max-snippet:-1","max-image-preview":"max-image-preview:large","max-video-preview":"max-video-preview:-1"},"og_locale":"pt_PT","og_type":"article","og_title":"Book of Dead no BetLabel Casino \u2b50\ufe0f Slot cl\u00e1ssica da Play'n GO","og_description":"Jogue Book of Dead na BetLabel \u27a4 a lend\u00e1ria slot da Play'n GO com rodadas gr\u00e1tis e grande potencial de ganhos. Regras simples, rodadas r\u00e1pidas e um cl\u00e1ssico favorito dos casinos online.","og_url":"https:\/\/label.bet\/pt\/book-of-dead\/","og_site_name":"BetLabel pt","article_modified_time":"2026-03-27T10:14:25+00:00","twitter_card":"summary_large_image","schema":{"@context":"https:\/\/schema.org","@graph":[{"@type":"WebPage","@id":"https:\/\/label.bet\/pt\/book-of-dead\/","url":"https:\/\/label.bet\/pt\/book-of-dead\/","name":"Book of Dead no BetLabel Casino \u2b50\ufe0f Slot cl\u00e1ssica da Play'n GO","isPartOf":{"@id":"https:\/\/label.bet\/pt\/#website"},"datePublished":"2026-01-25T13:47:31+00:00","dateModified":"2026-03-27T10:14:25+00:00","description":"Jogue Book of Dead na BetLabel \u27a4 a lend\u00e1ria slot da Play'n GO com rodadas gr\u00e1tis e grande potencial de ganhos. Regras simples, rodadas r\u00e1pidas e um cl\u00e1ssico favorito dos casinos online.","inLanguage":"pt-PT","potentialAction":[{"@type":"ReadAction","target":["https:\/\/label.bet\/pt\/book-of-dead\/"]}]},{"@type":"WebSite","@id":"https:\/\/label.bet\/pt\/#website","url":"https:\/\/label.bet\/pt\/","name":"BetLabel pt","description":"","potentialAction":[{"@type":"SearchAction","target":{"@type":"EntryPoint","urlTemplate":"https:\/\/label.bet\/pt\/?s={search_term_string}"},"query-input":{"@type":"PropertyValueSpecification","valueRequired":true,"valueName":"search_term_string"}}],"inLanguage":"pt-PT"}]}},"_links":{"self":[{"href":"https:\/\/label.bet\/pt\/wp-json\/wp\/v2\/pages\/1828","targetHints":{"allow":["GET"]}}],"collection":[{"href":"https:\/\/label.bet\/pt\/wp-json\/wp\/v2\/pages"}],"about":[{"href":"https:\/\/label.bet\/pt\/wp-json\/wp\/v2\/types\/page"}],"author":[{"embeddable":true,"href":"https:\/\/label.bet\/pt\/wp-json\/wp\/v2\/users\/1"}],"replies":[{"embeddable":true,"href":"https:\/\/label.bet\/pt\/wp-json\/wp\/v2\/comments?post=1828"}],"version-history":[{"count":4,"href":"https:\/\/label.bet\/pt\/wp-json\/wp\/v2\/pages\/1828\/revisions"}],"predecessor-version":[{"id":2093,"href":"https:\/\/label.bet\/pt\/wp-json\/wp\/v2\/pages\/1828\/revisions\/2093"}],"wp:attachment":[{"href":"https:\/\/label.bet\/pt\/wp-json\/wp\/v2\/media?parent=1828"}],"curies":[{"name":"wp","href":"https:\/\/api.w.org\/{rel}","templated":true}]}}