{"id":1914,"date":"2026-02-12T17:09:47","date_gmt":"2026-02-12T14:09:47","guid":{"rendered":"https:\/\/label.bet\/pt\/?page_id=1914"},"modified":"2026-03-28T15:15:31","modified_gmt":"2026-03-28T12:15:31","slug":"telegram","status":"publish","type":"page","link":"https:\/\/label.bet\/pt\/telegram\/","title":{"rendered":"Telegram"},"content":{"rendered":"","protected":false},"excerpt":{"rendered":"","protected":false},"author":1,"featured_media":0,"parent":0,"menu_order":0,"comment_status":"closed","ping_status":"closed","template":"","meta":{"_acf_changed":false,"footnotes":""},"class_list":["post-1914","page","type-page","status-publish","hentry"],"acf":[],"yoast_head":"<!-- This site is optimized with the Yoast SEO plugin v26.5 - https:\/\/yoast.com\/wordpress\/plugins\/seo\/ -->\n<title>Canal do BetLabel no Telegram \u2014 B\u00f3nus e previs\u00f5es desportivas<\/title>\n<meta name=\"description\" content=\"Inscreva-se no canal do BetLabel no Telegram e seja o primeiro a receber os b\u00f3nus mais recentes, c\u00f3digos promocionais exclusivos, promo\u00e7\u00f5es atuais e previs\u00f5es para os principais eventos desportivos.\" \/>\n<meta name=\"robots\" content=\"index, follow, max-snippet:-1, max-image-preview:large, max-video-preview:-1\" \/>\n<link rel=\"canonical\" href=\"https:\/\/label.bet\/pt\/telegram\/\" \/>\n<meta property=\"og:locale\" content=\"pt_PT\" \/>\n<meta property=\"og:type\" content=\"article\" \/>\n<meta property=\"og:title\" content=\"Canal do BetLabel no Telegram \u2014 B\u00f3nus e previs\u00f5es desportivas\" \/>\n<meta property=\"og:description\" content=\"Inscreva-se no canal do BetLabel no Telegram e seja o primeiro a receber os b\u00f3nus mais recentes, c\u00f3digos promocionais exclusivos, promo\u00e7\u00f5es atuais e previs\u00f5es para os principais eventos desportivos.\" \/>\n<meta property=\"og:url\" content=\"https:\/\/label.bet\/pt\/telegram\/\" \/>\n<meta property=\"og:site_name\" content=\"BetLabel pt\" \/>\n<meta property=\"article:modified_time\" content=\"2026-03-28T12:15:31+00:00\" \/>\n<meta name=\"twitter:card\" content=\"summary_large_image\" \/>\n<script type=\"application\/ld+json\" class=\"yoast-schema-graph\">{\"@context\":\"https:\/\/schema.org\",\"@graph\":[{\"@type\":\"WebPage\",\"@id\":\"https:\/\/label.bet\/pt\/telegram\/\",\"url\":\"https:\/\/label.bet\/pt\/telegram\/\",\"name\":\"Canal do BetLabel no Telegram \u2014 B\u00f3nus e previs\u00f5es desportivas\",\"isPartOf\":{\"@id\":\"https:\/\/label.bet\/pt\/#website\"},\"datePublished\":\"2026-02-12T14:09:47+00:00\",\"dateModified\":\"2026-03-28T12:15:31+00:00\",\"description\":\"Inscreva-se no canal do BetLabel no Telegram e seja o primeiro a receber os b\u00f3nus mais recentes, c\u00f3digos promocionais exclusivos, promo\u00e7\u00f5es atuais e previs\u00f5es para os principais eventos desportivos.\",\"inLanguage\":\"pt-PT\",\"potentialAction\":[{\"@type\":\"ReadAction\",\"target\":[\"https:\/\/label.bet\/pt\/telegram\/\"]}]},{\"@type\":\"WebSite\",\"@id\":\"https:\/\/label.bet\/pt\/#website\",\"url\":\"https:\/\/label.bet\/pt\/\",\"name\":\"BetLabel pt\",\"description\":\"\",\"potentialAction\":[{\"@type\":\"SearchAction\",\"target\":{\"@type\":\"EntryPoint\",\"urlTemplate\":\"https:\/\/label.bet\/pt\/?s={search_term_string}\"},\"query-input\":{\"@type\":\"PropertyValueSpecification\",\"valueRequired\":true,\"valueName\":\"search_term_string\"}}],\"inLanguage\":\"pt-PT\"}]}<\/script>\n<!-- \/ Yoast SEO plugin. -->","yoast_head_json":{"title":"Canal do BetLabel no Telegram \u2014 B\u00f3nus e previs\u00f5es desportivas","description":"Inscreva-se no canal do BetLabel no Telegram e seja o primeiro a receber os b\u00f3nus mais recentes, c\u00f3digos promocionais exclusivos, promo\u00e7\u00f5es atuais e previs\u00f5es para os principais eventos desportivos.","robots":{"index":"index","follow":"follow","max-snippet":"max-snippet:-1","max-image-preview":"max-image-preview:large","max-video-preview":"max-video-preview:-1"},"canonical":"https:\/\/label.bet\/pt\/telegram\/","og_locale":"pt_PT","og_type":"article","og_title":"Canal do BetLabel no Telegram \u2014 B\u00f3nus e previs\u00f5es desportivas","og_description":"Inscreva-se no canal do BetLabel no Telegram e seja o primeiro a receber os b\u00f3nus mais recentes, c\u00f3digos promocionais exclusivos, promo\u00e7\u00f5es atuais e previs\u00f5es para os principais eventos desportivos.","og_url":"https:\/\/label.bet\/pt\/telegram\/","og_site_name":"BetLabel pt","article_modified_time":"2026-03-28T12:15:31+00:00","twitter_card":"summary_large_image","schema":{"@context":"https:\/\/schema.org","@graph":[{"@type":"WebPage","@id":"https:\/\/label.bet\/pt\/telegram\/","url":"https:\/\/label.bet\/pt\/telegram\/","name":"Canal do BetLabel no Telegram \u2014 B\u00f3nus e previs\u00f5es desportivas","isPartOf":{"@id":"https:\/\/label.bet\/pt\/#website"},"datePublished":"2026-02-12T14:09:47+00:00","dateModified":"2026-03-28T12:15:31+00:00","description":"Inscreva-se no canal do BetLabel no Telegram e seja o primeiro a receber os b\u00f3nus mais recentes, c\u00f3digos promocionais exclusivos, promo\u00e7\u00f5es atuais e previs\u00f5es para os principais eventos desportivos.","inLanguage":"pt-PT","potentialAction":[{"@type":"ReadAction","target":["https:\/\/label.bet\/pt\/telegram\/"]}]},{"@type":"WebSite","@id":"https:\/\/label.bet\/pt\/#website","url":"https:\/\/label.bet\/pt\/","name":"BetLabel pt","description":"","potentialAction":[{"@type":"SearchAction","target":{"@type":"EntryPoint","urlTemplate":"https:\/\/label.bet\/pt\/?s={search_term_string}"},"query-input":{"@type":"PropertyValueSpecification","valueRequired":true,"valueName":"search_term_string"}}],"inLanguage":"pt-PT"}]}},"_links":{"self":[{"href":"https:\/\/label.bet\/pt\/wp-json\/wp\/v2\/pages\/1914","targetHints":{"allow":["GET"]}}],"collection":[{"href":"https:\/\/label.bet\/pt\/wp-json\/wp\/v2\/pages"}],"about":[{"href":"https:\/\/label.bet\/pt\/wp-json\/wp\/v2\/types\/page"}],"author":[{"embeddable":true,"href":"https:\/\/label.bet\/pt\/wp-json\/wp\/v2\/users\/1"}],"replies":[{"embeddable":true,"href":"https:\/\/label.bet\/pt\/wp-json\/wp\/v2\/comments?post=1914"}],"version-history":[{"count":4,"href":"https:\/\/label.bet\/pt\/wp-json\/wp\/v2\/pages\/1914\/revisions"}],"predecessor-version":[{"id":2126,"href":"https:\/\/label.bet\/pt\/wp-json\/wp\/v2\/pages\/1914\/revisions\/2126"}],"wp:attachment":[{"href":"https:\/\/label.bet\/pt\/wp-json\/wp\/v2\/media?parent=1914"}],"curies":[{"name":"wp","href":"https:\/\/api.w.org\/{rel}","templated":true}]}}