{"id":1931,"date":"2026-02-27T09:53:57","date_gmt":"2026-02-27T06:53:57","guid":{"rendered":"https:\/\/label.bet\/pt\/?page_id=1931"},"modified":"2026-03-28T15:19:35","modified_gmt":"2026-03-28T12:19:35","slug":"trustpilot","status":"publish","type":"page","link":"https:\/\/label.bet\/pt\/trustpilot\/","title":{"rendered":"Trustpilot"},"content":{"rendered":"","protected":false},"excerpt":{"rendered":"","protected":false},"author":1,"featured_media":0,"parent":0,"menu_order":0,"comment_status":"closed","ping_status":"closed","template":"","meta":{"_acf_changed":false,"footnotes":""},"class_list":["post-1931","page","type-page","status-publish","hentry"],"acf":[],"yoast_head":"<!-- This site is optimized with the Yoast SEO plugin v26.5 - https:\/\/yoast.com\/wordpress\/plugins\/seo\/ -->\n<title>BetLabel Trustpilot \u2014 Avalia\u00e7\u00f5es reais de jogadores<\/title>\n<meta name=\"description\" content=\"O BetLabel recebe, em geral, cr\u00edticas positivas no Trustpilot: os jogadores elogiam os pagamentos r\u00e1pidos, uma interface intuitiva, o servi\u00e7o VIP personalizado e os termos justos dos b\u00f3nus, mas algumas cr\u00edticas referem dificuldades nos levantamentos com determinados m\u00e9todos de pagamento e situa\u00e7\u00f5es controversas relacionadas com a verifica\u00e7\u00e3o.\" \/>\n<meta name=\"robots\" content=\"index, follow, max-snippet:-1, max-image-preview:large, max-video-preview:-1\" \/>\n<link rel=\"canonical\" href=\"https:\/\/label.bet\/pt\/trustpilot\/\" \/>\n<meta property=\"og:locale\" content=\"pt_PT\" \/>\n<meta property=\"og:type\" content=\"article\" \/>\n<meta property=\"og:title\" content=\"BetLabel Trustpilot \u2014 Avalia\u00e7\u00f5es reais de jogadores\" \/>\n<meta property=\"og:description\" content=\"O BetLabel recebe, em geral, cr\u00edticas positivas no Trustpilot: os jogadores elogiam os pagamentos r\u00e1pidos, uma interface intuitiva, o servi\u00e7o VIP personalizado e os termos justos dos b\u00f3nus, mas algumas cr\u00edticas referem dificuldades nos levantamentos com determinados m\u00e9todos de pagamento e situa\u00e7\u00f5es controversas relacionadas com a verifica\u00e7\u00e3o.\" \/>\n<meta property=\"og:url\" content=\"https:\/\/label.bet\/pt\/trustpilot\/\" \/>\n<meta property=\"og:site_name\" content=\"BetLabel pt\" \/>\n<meta property=\"article:modified_time\" content=\"2026-03-28T12:19:35+00:00\" \/>\n<meta name=\"twitter:card\" content=\"summary_large_image\" \/>\n<script type=\"application\/ld+json\" class=\"yoast-schema-graph\">{\"@context\":\"https:\/\/schema.org\",\"@graph\":[{\"@type\":\"WebPage\",\"@id\":\"https:\/\/label.bet\/pt\/trustpilot\/\",\"url\":\"https:\/\/label.bet\/pt\/trustpilot\/\",\"name\":\"BetLabel Trustpilot \u2014 Avalia\u00e7\u00f5es reais de jogadores\",\"isPartOf\":{\"@id\":\"https:\/\/label.bet\/pt\/#website\"},\"datePublished\":\"2026-02-27T06:53:57+00:00\",\"dateModified\":\"2026-03-28T12:19:35+00:00\",\"description\":\"O BetLabel recebe, em geral, cr\u00edticas positivas no Trustpilot: os jogadores elogiam os pagamentos r\u00e1pidos, uma interface intuitiva, o servi\u00e7o VIP personalizado e os termos justos dos b\u00f3nus, mas algumas cr\u00edticas referem dificuldades nos levantamentos com determinados m\u00e9todos de pagamento e situa\u00e7\u00f5es controversas relacionadas com a verifica\u00e7\u00e3o.\",\"inLanguage\":\"pt-PT\",\"potentialAction\":[{\"@type\":\"ReadAction\",\"target\":[\"https:\/\/label.bet\/pt\/trustpilot\/\"]}]},{\"@type\":\"WebSite\",\"@id\":\"https:\/\/label.bet\/pt\/#website\",\"url\":\"https:\/\/label.bet\/pt\/\",\"name\":\"BetLabel pt\",\"description\":\"\",\"potentialAction\":[{\"@type\":\"SearchAction\",\"target\":{\"@type\":\"EntryPoint\",\"urlTemplate\":\"https:\/\/label.bet\/pt\/?s={search_term_string}\"},\"query-input\":{\"@type\":\"PropertyValueSpecification\",\"valueRequired\":true,\"valueName\":\"search_term_string\"}}],\"inLanguage\":\"pt-PT\"}]}<\/script>\n<!-- \/ Yoast SEO plugin. -->","yoast_head_json":{"title":"BetLabel Trustpilot \u2014 Avalia\u00e7\u00f5es reais de jogadores","description":"O BetLabel recebe, em geral, cr\u00edticas positivas no Trustpilot: os jogadores elogiam os pagamentos r\u00e1pidos, uma interface intuitiva, o servi\u00e7o VIP personalizado e os termos justos dos b\u00f3nus, mas algumas cr\u00edticas referem dificuldades nos levantamentos com determinados m\u00e9todos de pagamento e situa\u00e7\u00f5es controversas relacionadas com a verifica\u00e7\u00e3o.","robots":{"index":"index","follow":"follow","max-snippet":"max-snippet:-1","max-image-preview":"max-image-preview:large","max-video-preview":"max-video-preview:-1"},"canonical":"https:\/\/label.bet\/pt\/trustpilot\/","og_locale":"pt_PT","og_type":"article","og_title":"BetLabel Trustpilot \u2014 Avalia\u00e7\u00f5es reais de jogadores","og_description":"O BetLabel recebe, em geral, cr\u00edticas positivas no Trustpilot: os jogadores elogiam os pagamentos r\u00e1pidos, uma interface intuitiva, o servi\u00e7o VIP personalizado e os termos justos dos b\u00f3nus, mas algumas cr\u00edticas referem dificuldades nos levantamentos com determinados m\u00e9todos de pagamento e situa\u00e7\u00f5es controversas relacionadas com a verifica\u00e7\u00e3o.","og_url":"https:\/\/label.bet\/pt\/trustpilot\/","og_site_name":"BetLabel pt","article_modified_time":"2026-03-28T12:19:35+00:00","twitter_card":"summary_large_image","schema":{"@context":"https:\/\/schema.org","@graph":[{"@type":"WebPage","@id":"https:\/\/label.bet\/pt\/trustpilot\/","url":"https:\/\/label.bet\/pt\/trustpilot\/","name":"BetLabel Trustpilot \u2014 Avalia\u00e7\u00f5es reais de jogadores","isPartOf":{"@id":"https:\/\/label.bet\/pt\/#website"},"datePublished":"2026-02-27T06:53:57+00:00","dateModified":"2026-03-28T12:19:35+00:00","description":"O BetLabel recebe, em geral, cr\u00edticas positivas no Trustpilot: os jogadores elogiam os pagamentos r\u00e1pidos, uma interface intuitiva, o servi\u00e7o VIP personalizado e os termos justos dos b\u00f3nus, mas algumas cr\u00edticas referem dificuldades nos levantamentos com determinados m\u00e9todos de pagamento e situa\u00e7\u00f5es controversas relacionadas com a verifica\u00e7\u00e3o.","inLanguage":"pt-PT","potentialAction":[{"@type":"ReadAction","target":["https:\/\/label.bet\/pt\/trustpilot\/"]}]},{"@type":"WebSite","@id":"https:\/\/label.bet\/pt\/#website","url":"https:\/\/label.bet\/pt\/","name":"BetLabel pt","description":"","potentialAction":[{"@type":"SearchAction","target":{"@type":"EntryPoint","urlTemplate":"https:\/\/label.bet\/pt\/?s={search_term_string}"},"query-input":{"@type":"PropertyValueSpecification","valueRequired":true,"valueName":"search_term_string"}}],"inLanguage":"pt-PT"}]}},"_links":{"self":[{"href":"https:\/\/label.bet\/pt\/wp-json\/wp\/v2\/pages\/1931","targetHints":{"allow":["GET"]}}],"collection":[{"href":"https:\/\/label.bet\/pt\/wp-json\/wp\/v2\/pages"}],"about":[{"href":"https:\/\/label.bet\/pt\/wp-json\/wp\/v2\/types\/page"}],"author":[{"embeddable":true,"href":"https:\/\/label.bet\/pt\/wp-json\/wp\/v2\/users\/1"}],"replies":[{"embeddable":true,"href":"https:\/\/label.bet\/pt\/wp-json\/wp\/v2\/comments?post=1931"}],"version-history":[{"count":5,"href":"https:\/\/label.bet\/pt\/wp-json\/wp\/v2\/pages\/1931\/revisions"}],"predecessor-version":[{"id":2129,"href":"https:\/\/label.bet\/pt\/wp-json\/wp\/v2\/pages\/1931\/revisions\/2129"}],"wp:attachment":[{"href":"https:\/\/label.bet\/pt\/wp-json\/wp\/v2\/media?parent=1931"}],"curies":[{"name":"wp","href":"https:\/\/api.w.org\/{rel}","templated":true}]}}