{"id":2008,"date":"2026-03-16T11:01:19","date_gmt":"2026-03-16T08:01:19","guid":{"rendered":"https:\/\/label.bet\/pt\/?page_id=2008"},"modified":"2026-03-27T14:52:10","modified_gmt":"2026-03-27T11:52:10","slug":"free-bet","status":"publish","type":"page","link":"https:\/\/label.bet\/pt\/free-bet\/","title":{"rendered":"Aposta Gr\u00e1tis"},"content":{"rendered":"","protected":false},"excerpt":{"rendered":"","protected":false},"author":1,"featured_media":0,"parent":0,"menu_order":0,"comment_status":"closed","ping_status":"closed","template":"","meta":{"_acf_changed":false,"footnotes":""},"class_list":["post-2008","page","type-page","status-publish","hentry"],"acf":[],"yoast_head":"<!-- This site is optimized with the Yoast SEO plugin v26.5 - https:\/\/yoast.com\/wordpress\/plugins\/seo\/ -->\n<title>BetLabel: Aposta Gr\u00e1tis de 15% no Primeiro Dep\u00f3sito \u2013 Reivindicar B\u00f3nus<\/title>\n<meta name=\"description\" content=\"Fa\u00e7a o seu primeiro dep\u00f3sito na BetLabel e receba uma aposta gr\u00e1tis de 15% com base no valor do seu dep\u00f3sito. Registe-se hoje mesmo e melhore as suas apostas desportivas com uma aposta extra.\" \/>\n<meta name=\"robots\" content=\"index, follow, max-snippet:-1, max-image-preview:large, max-video-preview:-1\" \/>\n<meta property=\"og:locale\" content=\"pt_PT\" \/>\n<meta property=\"og:type\" content=\"article\" \/>\n<meta property=\"og:title\" content=\"BetLabel: Aposta Gr\u00e1tis de 15% no Primeiro Dep\u00f3sito \u2013 Reivindicar B\u00f3nus\" \/>\n<meta property=\"og:description\" content=\"Fa\u00e7a o seu primeiro dep\u00f3sito na BetLabel e receba uma aposta gr\u00e1tis de 15% com base no valor do seu dep\u00f3sito. Registe-se hoje mesmo e melhore as suas apostas desportivas com uma aposta extra.\" \/>\n<meta property=\"og:url\" content=\"https:\/\/label.bet\/pt\/free-bet\/\" \/>\n<meta property=\"og:site_name\" content=\"BetLabel pt\" \/>\n<meta property=\"article:modified_time\" content=\"2026-03-27T11:52:10+00:00\" \/>\n<meta name=\"twitter:card\" content=\"summary_large_image\" \/>\n<script type=\"application\/ld+json\" class=\"yoast-schema-graph\">{\"@context\":\"https:\/\/schema.org\",\"@graph\":[{\"@type\":\"WebPage\",\"@id\":\"https:\/\/label.bet\/pt\/free-bet\/\",\"url\":\"https:\/\/label.bet\/pt\/free-bet\/\",\"name\":\"BetLabel: Aposta Gr\u00e1tis de 15% no Primeiro Dep\u00f3sito \u2013 Reivindicar B\u00f3nus\",\"isPartOf\":{\"@id\":\"https:\/\/label.bet\/pt\/#website\"},\"datePublished\":\"2026-03-16T08:01:19+00:00\",\"dateModified\":\"2026-03-27T11:52:10+00:00\",\"description\":\"Fa\u00e7a o seu primeiro dep\u00f3sito na BetLabel e receba uma aposta gr\u00e1tis de 15% com base no valor do seu dep\u00f3sito. Registe-se hoje mesmo e melhore as suas apostas desportivas com uma aposta extra.\",\"inLanguage\":\"pt-PT\",\"potentialAction\":[{\"@type\":\"ReadAction\",\"target\":[\"https:\/\/label.bet\/pt\/free-bet\/\"]}]},{\"@type\":\"WebSite\",\"@id\":\"https:\/\/label.bet\/pt\/#website\",\"url\":\"https:\/\/label.bet\/pt\/\",\"name\":\"BetLabel pt\",\"description\":\"\",\"potentialAction\":[{\"@type\":\"SearchAction\",\"target\":{\"@type\":\"EntryPoint\",\"urlTemplate\":\"https:\/\/label.bet\/pt\/?s={search_term_string}\"},\"query-input\":{\"@type\":\"PropertyValueSpecification\",\"valueRequired\":true,\"valueName\":\"search_term_string\"}}],\"inLanguage\":\"pt-PT\"}]}<\/script>\n<!-- \/ Yoast SEO plugin. -->","yoast_head_json":{"title":"BetLabel: Aposta Gr\u00e1tis de 15% no Primeiro Dep\u00f3sito \u2013 Reivindicar B\u00f3nus","description":"Fa\u00e7a o seu primeiro dep\u00f3sito na BetLabel e receba uma aposta gr\u00e1tis de 15% com base no valor do seu dep\u00f3sito. Registe-se hoje mesmo e melhore as suas apostas desportivas com uma aposta extra.","robots":{"index":"index","follow":"follow","max-snippet":"max-snippet:-1","max-image-preview":"max-image-preview:large","max-video-preview":"max-video-preview:-1"},"og_locale":"pt_PT","og_type":"article","og_title":"BetLabel: Aposta Gr\u00e1tis de 15% no Primeiro Dep\u00f3sito \u2013 Reivindicar B\u00f3nus","og_description":"Fa\u00e7a o seu primeiro dep\u00f3sito na BetLabel e receba uma aposta gr\u00e1tis de 15% com base no valor do seu dep\u00f3sito. Registe-se hoje mesmo e melhore as suas apostas desportivas com uma aposta extra.","og_url":"https:\/\/label.bet\/pt\/free-bet\/","og_site_name":"BetLabel pt","article_modified_time":"2026-03-27T11:52:10+00:00","twitter_card":"summary_large_image","schema":{"@context":"https:\/\/schema.org","@graph":[{"@type":"WebPage","@id":"https:\/\/label.bet\/pt\/free-bet\/","url":"https:\/\/label.bet\/pt\/free-bet\/","name":"BetLabel: Aposta Gr\u00e1tis de 15% no Primeiro Dep\u00f3sito \u2013 Reivindicar B\u00f3nus","isPartOf":{"@id":"https:\/\/label.bet\/pt\/#website"},"datePublished":"2026-03-16T08:01:19+00:00","dateModified":"2026-03-27T11:52:10+00:00","description":"Fa\u00e7a o seu primeiro dep\u00f3sito na BetLabel e receba uma aposta gr\u00e1tis de 15% com base no valor do seu dep\u00f3sito. Registe-se hoje mesmo e melhore as suas apostas desportivas com uma aposta extra.","inLanguage":"pt-PT","potentialAction":[{"@type":"ReadAction","target":["https:\/\/label.bet\/pt\/free-bet\/"]}]},{"@type":"WebSite","@id":"https:\/\/label.bet\/pt\/#website","url":"https:\/\/label.bet\/pt\/","name":"BetLabel pt","description":"","potentialAction":[{"@type":"SearchAction","target":{"@type":"EntryPoint","urlTemplate":"https:\/\/label.bet\/pt\/?s={search_term_string}"},"query-input":{"@type":"PropertyValueSpecification","valueRequired":true,"valueName":"search_term_string"}}],"inLanguage":"pt-PT"}]}},"_links":{"self":[{"href":"https:\/\/label.bet\/pt\/wp-json\/wp\/v2\/pages\/2008","targetHints":{"allow":["GET"]}}],"collection":[{"href":"https:\/\/label.bet\/pt\/wp-json\/wp\/v2\/pages"}],"about":[{"href":"https:\/\/label.bet\/pt\/wp-json\/wp\/v2\/types\/page"}],"author":[{"embeddable":true,"href":"https:\/\/label.bet\/pt\/wp-json\/wp\/v2\/users\/1"}],"replies":[{"embeddable":true,"href":"https:\/\/label.bet\/pt\/wp-json\/wp\/v2\/comments?post=2008"}],"version-history":[{"count":4,"href":"https:\/\/label.bet\/pt\/wp-json\/wp\/v2\/pages\/2008\/revisions"}],"predecessor-version":[{"id":2101,"href":"https:\/\/label.bet\/pt\/wp-json\/wp\/v2\/pages\/2008\/revisions\/2101"}],"wp:attachment":[{"href":"https:\/\/label.bet\/pt\/wp-json\/wp\/v2\/media?parent=2008"}],"curies":[{"name":"wp","href":"https:\/\/api.w.org\/{rel}","templated":true}]}}