{"id":2016,"date":"2026-03-16T12:21:51","date_gmt":"2026-03-16T09:21:51","guid":{"rendered":"https:\/\/label.bet\/pt\/?page_id=2016"},"modified":"2026-03-28T15:52:13","modified_gmt":"2026-03-28T12:52:13","slug":"bonus-app","status":"publish","type":"page","link":"https:\/\/label.bet\/pt\/bonus-app\/","title":{"rendered":"B\u00f3nus da aplica\u00e7\u00e3o m\u00f3vel"},"content":{"rendered":"","protected":false},"excerpt":{"rendered":"","protected":false},"author":1,"featured_media":0,"parent":0,"menu_order":0,"comment_status":"closed","ping_status":"closed","template":"","meta":{"_acf_changed":false,"footnotes":""},"class_list":["post-2016","page","type-page","status-publish","hentry"],"acf":[],"yoast_head":"<!-- This site is optimized with the Yoast SEO plugin v26.5 - https:\/\/yoast.com\/wordpress\/plugins\/seo\/ -->\n<title>B\u00f3nus da aplica\u00e7\u00e3o BetLabel \u2013 250 \u20ac por apostar atrav\u00e9s da aplica\u00e7\u00e3o m\u00f3vel<\/title>\n<meta name=\"description\" content=\"Fa\u00e7a as suas apostas atrav\u00e9s da aplica\u00e7\u00e3o m\u00f3vel BetLabel e receba um b\u00f3nus mensal de at\u00e9 250 \u20ac. Mantenha-se ativo, aposte a partir do seu telem\u00f3vel e desfrute de recompensas exclusivas da aplica\u00e7\u00e3o.\" \/>\n<meta name=\"robots\" content=\"index, follow, max-snippet:-1, max-image-preview:large, max-video-preview:-1\" \/>\n<meta property=\"og:locale\" content=\"pt_PT\" \/>\n<meta property=\"og:type\" content=\"article\" \/>\n<meta property=\"og:title\" content=\"B\u00f3nus da aplica\u00e7\u00e3o BetLabel \u2013 250 \u20ac por apostar atrav\u00e9s da aplica\u00e7\u00e3o m\u00f3vel\" \/>\n<meta property=\"og:description\" content=\"Fa\u00e7a as suas apostas atrav\u00e9s da aplica\u00e7\u00e3o m\u00f3vel BetLabel e receba um b\u00f3nus mensal de at\u00e9 250 \u20ac. Mantenha-se ativo, aposte a partir do seu telem\u00f3vel e desfrute de recompensas exclusivas da aplica\u00e7\u00e3o.\" \/>\n<meta property=\"og:url\" content=\"https:\/\/label.bet\/pt\/bonus-app\/\" \/>\n<meta property=\"og:site_name\" content=\"BetLabel pt\" \/>\n<meta property=\"article:modified_time\" content=\"2026-03-28T12:52:13+00:00\" \/>\n<meta name=\"twitter:card\" content=\"summary_large_image\" \/>\n<script type=\"application\/ld+json\" class=\"yoast-schema-graph\">{\"@context\":\"https:\/\/schema.org\",\"@graph\":[{\"@type\":\"WebPage\",\"@id\":\"https:\/\/label.bet\/pt\/bonus-app\/\",\"url\":\"https:\/\/label.bet\/pt\/bonus-app\/\",\"name\":\"B\u00f3nus da aplica\u00e7\u00e3o BetLabel \u2013 250 \u20ac por apostar atrav\u00e9s da aplica\u00e7\u00e3o m\u00f3vel\",\"isPartOf\":{\"@id\":\"https:\/\/label.bet\/pt\/#website\"},\"datePublished\":\"2026-03-16T09:21:51+00:00\",\"dateModified\":\"2026-03-28T12:52:13+00:00\",\"description\":\"Fa\u00e7a as suas apostas atrav\u00e9s da aplica\u00e7\u00e3o m\u00f3vel BetLabel e receba um b\u00f3nus mensal de at\u00e9 250 \u20ac. Mantenha-se ativo, aposte a partir do seu telem\u00f3vel e desfrute de recompensas exclusivas da aplica\u00e7\u00e3o.\",\"inLanguage\":\"pt-PT\",\"potentialAction\":[{\"@type\":\"ReadAction\",\"target\":[\"https:\/\/label.bet\/pt\/bonus-app\/\"]}]},{\"@type\":\"WebSite\",\"@id\":\"https:\/\/label.bet\/pt\/#website\",\"url\":\"https:\/\/label.bet\/pt\/\",\"name\":\"BetLabel pt\",\"description\":\"\",\"potentialAction\":[{\"@type\":\"SearchAction\",\"target\":{\"@type\":\"EntryPoint\",\"urlTemplate\":\"https:\/\/label.bet\/pt\/?s={search_term_string}\"},\"query-input\":{\"@type\":\"PropertyValueSpecification\",\"valueRequired\":true,\"valueName\":\"search_term_string\"}}],\"inLanguage\":\"pt-PT\"}]}<\/script>\n<!-- \/ Yoast SEO plugin. -->","yoast_head_json":{"title":"B\u00f3nus da aplica\u00e7\u00e3o BetLabel \u2013 250 \u20ac por apostar atrav\u00e9s da aplica\u00e7\u00e3o m\u00f3vel","description":"Fa\u00e7a as suas apostas atrav\u00e9s da aplica\u00e7\u00e3o m\u00f3vel BetLabel e receba um b\u00f3nus mensal de at\u00e9 250 \u20ac. Mantenha-se ativo, aposte a partir do seu telem\u00f3vel e desfrute de recompensas exclusivas da aplica\u00e7\u00e3o.","robots":{"index":"index","follow":"follow","max-snippet":"max-snippet:-1","max-image-preview":"max-image-preview:large","max-video-preview":"max-video-preview:-1"},"og_locale":"pt_PT","og_type":"article","og_title":"B\u00f3nus da aplica\u00e7\u00e3o BetLabel \u2013 250 \u20ac por apostar atrav\u00e9s da aplica\u00e7\u00e3o m\u00f3vel","og_description":"Fa\u00e7a as suas apostas atrav\u00e9s da aplica\u00e7\u00e3o m\u00f3vel BetLabel e receba um b\u00f3nus mensal de at\u00e9 250 \u20ac. Mantenha-se ativo, aposte a partir do seu telem\u00f3vel e desfrute de recompensas exclusivas da aplica\u00e7\u00e3o.","og_url":"https:\/\/label.bet\/pt\/bonus-app\/","og_site_name":"BetLabel pt","article_modified_time":"2026-03-28T12:52:13+00:00","twitter_card":"summary_large_image","schema":{"@context":"https:\/\/schema.org","@graph":[{"@type":"WebPage","@id":"https:\/\/label.bet\/pt\/bonus-app\/","url":"https:\/\/label.bet\/pt\/bonus-app\/","name":"B\u00f3nus da aplica\u00e7\u00e3o BetLabel \u2013 250 \u20ac por apostar atrav\u00e9s da aplica\u00e7\u00e3o m\u00f3vel","isPartOf":{"@id":"https:\/\/label.bet\/pt\/#website"},"datePublished":"2026-03-16T09:21:51+00:00","dateModified":"2026-03-28T12:52:13+00:00","description":"Fa\u00e7a as suas apostas atrav\u00e9s da aplica\u00e7\u00e3o m\u00f3vel BetLabel e receba um b\u00f3nus mensal de at\u00e9 250 \u20ac. Mantenha-se ativo, aposte a partir do seu telem\u00f3vel e desfrute de recompensas exclusivas da aplica\u00e7\u00e3o.","inLanguage":"pt-PT","potentialAction":[{"@type":"ReadAction","target":["https:\/\/label.bet\/pt\/bonus-app\/"]}]},{"@type":"WebSite","@id":"https:\/\/label.bet\/pt\/#website","url":"https:\/\/label.bet\/pt\/","name":"BetLabel pt","description":"","potentialAction":[{"@type":"SearchAction","target":{"@type":"EntryPoint","urlTemplate":"https:\/\/label.bet\/pt\/?s={search_term_string}"},"query-input":{"@type":"PropertyValueSpecification","valueRequired":true,"valueName":"search_term_string"}}],"inLanguage":"pt-PT"}]}},"_links":{"self":[{"href":"https:\/\/label.bet\/pt\/wp-json\/wp\/v2\/pages\/2016","targetHints":{"allow":["GET"]}}],"collection":[{"href":"https:\/\/label.bet\/pt\/wp-json\/wp\/v2\/pages"}],"about":[{"href":"https:\/\/label.bet\/pt\/wp-json\/wp\/v2\/types\/page"}],"author":[{"embeddable":true,"href":"https:\/\/label.bet\/pt\/wp-json\/wp\/v2\/users\/1"}],"replies":[{"embeddable":true,"href":"https:\/\/label.bet\/pt\/wp-json\/wp\/v2\/comments?post=2016"}],"version-history":[{"count":4,"href":"https:\/\/label.bet\/pt\/wp-json\/wp\/v2\/pages\/2016\/revisions"}],"predecessor-version":[{"id":2145,"href":"https:\/\/label.bet\/pt\/wp-json\/wp\/v2\/pages\/2016\/revisions\/2145"}],"wp:attachment":[{"href":"https:\/\/label.bet\/pt\/wp-json\/wp\/v2\/media?parent=2016"}],"curies":[{"name":"wp","href":"https:\/\/api.w.org\/{rel}","templated":true}]}}