{"id":1086,"date":"2025-11-15T16:52:15","date_gmt":"2025-11-15T13:52:15","guid":{"rendered":"https:\/\/label.bet\/ro\/?page_id=1086"},"modified":"2026-03-27T17:17:33","modified_gmt":"2026-03-27T14:17:33","slug":"home","status":"publish","type":"page","link":"https:\/\/label.bet\/ro\/","title":{"rendered":"Acas\u0103"},"content":{"rendered":"","protected":false},"excerpt":{"rendered":"","protected":false},"author":1,"featured_media":0,"parent":0,"menu_order":0,"comment_status":"closed","ping_status":"closed","template":"","meta":{"_acf_changed":false,"footnotes":""},"class_list":["post-1086","page","type-page","status-publish","hentry"],"acf":[],"yoast_head":"<!-- This site is optimized with the Yoast SEO plugin v26.5 - https:\/\/yoast.com\/wordpress\/plugins\/seo\/ -->\n<title>Pariuri sportive \u0219i cote de top \u2014 Bet Label \u2014 aprilie 2026<\/title>\n<meta name=\"description\" content=\"Betlabel ofer\u0103 pariuri sportive pe ligile majore \u0219i evenimentele globale, cu cote competitive, acoperire larg\u0103 a pie\u021bei, plasare rapid\u0103 a pariurilor \u0219i o experien\u021b\u0103 pl\u0103cut\u0103 pentru pariorii activi.\" \/>\n<meta name=\"robots\" content=\"index, follow, max-snippet:-1, max-image-preview:large, max-video-preview:-1\" \/>\n<link rel=\"canonical\" href=\"https:\/\/label.bet\/ro\/\" \/>\n<meta property=\"og:locale\" content=\"ro_RO\" \/>\n<meta property=\"og:type\" content=\"article\" \/>\n<meta property=\"og:title\" content=\"Pariuri sportive \u0219i cote de top \u2014 Bet Label \u2014 aprilie 2026\" \/>\n<meta property=\"og:description\" content=\"Betlabel ofer\u0103 pariuri sportive pe ligile majore \u0219i evenimentele globale, cu cote competitive, acoperire larg\u0103 a pie\u021bei, plasare rapid\u0103 a pariurilor \u0219i o experien\u021b\u0103 pl\u0103cut\u0103 pentru pariorii activi.\" \/>\n<meta property=\"og:url\" content=\"https:\/\/label.bet\/ro\/\" \/>\n<meta property=\"og:site_name\" content=\"BetLabel\" \/>\n<meta property=\"article:modified_time\" content=\"2026-03-27T14:17:33+00:00\" \/>\n<meta name=\"twitter:card\" content=\"summary_large_image\" \/>\n<script type=\"application\/ld+json\" class=\"yoast-schema-graph\">{\"@context\":\"https:\/\/schema.org\",\"@graph\":[{\"@type\":\"WebPage\",\"@id\":\"https:\/\/label.bet\/ro\/\",\"url\":\"https:\/\/label.bet\/ro\/\",\"name\":\"Pariuri sportive \u0219i cote de top \u2014 Bet Label \u2014 aprilie 2026\",\"isPartOf\":{\"@id\":\"https:\/\/label.bet\/ro\/#website\"},\"datePublished\":\"2025-11-15T13:52:15+00:00\",\"dateModified\":\"2026-03-27T14:17:33+00:00\",\"description\":\"Betlabel ofer\u0103 pariuri sportive pe ligile majore \u0219i evenimentele globale, cu cote competitive, acoperire larg\u0103 a pie\u021bei, plasare rapid\u0103 a pariurilor \u0219i o experien\u021b\u0103 pl\u0103cut\u0103 pentru pariorii activi.\",\"inLanguage\":\"ro-RO\",\"potentialAction\":[{\"@type\":\"ReadAction\",\"target\":[\"https:\/\/label.bet\/ro\/\"]}]},{\"@type\":\"WebSite\",\"@id\":\"https:\/\/label.bet\/ro\/#website\",\"url\":\"https:\/\/label.bet\/ro\/\",\"name\":\"BetLabel\",\"description\":\"\",\"potentialAction\":[{\"@type\":\"SearchAction\",\"target\":{\"@type\":\"EntryPoint\",\"urlTemplate\":\"https:\/\/label.bet\/ro\/?s={search_term_string}\"},\"query-input\":{\"@type\":\"PropertyValueSpecification\",\"valueRequired\":true,\"valueName\":\"search_term_string\"}}],\"inLanguage\":\"ro-RO\"}]}<\/script>\n<!-- \/ Yoast SEO plugin. -->","yoast_head_json":{"title":"Pariuri sportive \u0219i cote de top \u2014 Bet Label \u2014 aprilie 2026","description":"Betlabel ofer\u0103 pariuri sportive pe ligile majore \u0219i evenimentele globale, cu cote competitive, acoperire larg\u0103 a pie\u021bei, plasare rapid\u0103 a pariurilor \u0219i o experien\u021b\u0103 pl\u0103cut\u0103 pentru pariorii activi.","robots":{"index":"index","follow":"follow","max-snippet":"max-snippet:-1","max-image-preview":"max-image-preview:large","max-video-preview":"max-video-preview:-1"},"canonical":"https:\/\/label.bet\/ro\/","og_locale":"ro_RO","og_type":"article","og_title":"Pariuri sportive \u0219i cote de top \u2014 Bet Label \u2014 aprilie 2026","og_description":"Betlabel ofer\u0103 pariuri sportive pe ligile majore \u0219i evenimentele globale, cu cote competitive, acoperire larg\u0103 a pie\u021bei, plasare rapid\u0103 a pariurilor \u0219i o experien\u021b\u0103 pl\u0103cut\u0103 pentru pariorii activi.","og_url":"https:\/\/label.bet\/ro\/","og_site_name":"BetLabel","article_modified_time":"2026-03-27T14:17:33+00:00","twitter_card":"summary_large_image","schema":{"@context":"https:\/\/schema.org","@graph":[{"@type":"WebPage","@id":"https:\/\/label.bet\/ro\/","url":"https:\/\/label.bet\/ro\/","name":"Pariuri sportive \u0219i cote de top \u2014 Bet Label \u2014 aprilie 2026","isPartOf":{"@id":"https:\/\/label.bet\/ro\/#website"},"datePublished":"2025-11-15T13:52:15+00:00","dateModified":"2026-03-27T14:17:33+00:00","description":"Betlabel ofer\u0103 pariuri sportive pe ligile majore \u0219i evenimentele globale, cu cote competitive, acoperire larg\u0103 a pie\u021bei, plasare rapid\u0103 a pariurilor \u0219i o experien\u021b\u0103 pl\u0103cut\u0103 pentru pariorii activi.","inLanguage":"ro-RO","potentialAction":[{"@type":"ReadAction","target":["https:\/\/label.bet\/ro\/"]}]},{"@type":"WebSite","@id":"https:\/\/label.bet\/ro\/#website","url":"https:\/\/label.bet\/ro\/","name":"BetLabel","description":"","potentialAction":[{"@type":"SearchAction","target":{"@type":"EntryPoint","urlTemplate":"https:\/\/label.bet\/ro\/?s={search_term_string}"},"query-input":{"@type":"PropertyValueSpecification","valueRequired":true,"valueName":"search_term_string"}}],"inLanguage":"ro-RO"}]}},"_links":{"self":[{"href":"https:\/\/label.bet\/ro\/wp-json\/wp\/v2\/pages\/1086","targetHints":{"allow":["GET"]}}],"collection":[{"href":"https:\/\/label.bet\/ro\/wp-json\/wp\/v2\/pages"}],"about":[{"href":"https:\/\/label.bet\/ro\/wp-json\/wp\/v2\/types\/page"}],"author":[{"embeddable":true,"href":"https:\/\/label.bet\/ro\/wp-json\/wp\/v2\/users\/1"}],"replies":[{"embeddable":true,"href":"https:\/\/label.bet\/ro\/wp-json\/wp\/v2\/comments?post=1086"}],"version-history":[{"count":4,"href":"https:\/\/label.bet\/ro\/wp-json\/wp\/v2\/pages\/1086\/revisions"}],"predecessor-version":[{"id":2021,"href":"https:\/\/label.bet\/ro\/wp-json\/wp\/v2\/pages\/1086\/revisions\/2021"}],"wp:attachment":[{"href":"https:\/\/label.bet\/ro\/wp-json\/wp\/v2\/media?parent=1086"}],"curies":[{"name":"wp","href":"https:\/\/api.w.org\/{rel}","templated":true}]}}