{"id":1612,"date":"2025-12-29T10:50:54","date_gmt":"2025-12-29T07:50:54","guid":{"rendered":"https:\/\/label.bet\/ro\/?page_id=1612"},"modified":"2026-03-27T18:39:16","modified_gmt":"2026-03-27T15:39:16","slug":"bonus","status":"publish","type":"page","link":"https:\/\/label.bet\/ro\/bonus\/","title":{"rendered":"Bonus"},"content":{"rendered":"","protected":false},"excerpt":{"rendered":"","protected":false},"author":1,"featured_media":0,"parent":0,"menu_order":0,"comment_status":"closed","ping_status":"closed","template":"","meta":{"_acf_changed":false,"footnotes":""},"class_list":["post-1612","page","type-page","status-publish","hentry"],"acf":[],"yoast_head":"<!-- This site is optimized with the Yoast SEO plugin v26.5 - https:\/\/yoast.com\/wordpress\/plugins\/seo\/ -->\n<title>Bonusuri BetLabel \u1409 Pachet de bun venit, promo\u021bii, pariuri gratuite<\/title>\n<meta name=\"description\" content=\"Bonusuri BetLabel: un bonus generos de bun venit, pariuri gratuite, bonusuri pentru pariuri \u0219i cazinou, promo\u021bii s\u0103pt\u0103m\u00e2nale \u0219i oferte speciale pentru juc\u0103torii noi \u0219i obi\u0219nui\u021bi.\" \/>\n<meta name=\"robots\" content=\"index, follow, max-snippet:-1, max-image-preview:large, max-video-preview:-1\" \/>\n<link rel=\"canonical\" href=\"https:\/\/label.bet\/ro\/bonus\/\" \/>\n<meta property=\"og:locale\" content=\"ro_RO\" \/>\n<meta property=\"og:type\" content=\"article\" \/>\n<meta property=\"og:title\" content=\"Bonusuri BetLabel \u1409 Pachet de bun venit, promo\u021bii, pariuri gratuite\" \/>\n<meta property=\"og:description\" content=\"Bonusuri BetLabel: un bonus generos de bun venit, pariuri gratuite, bonusuri pentru pariuri \u0219i cazinou, promo\u021bii s\u0103pt\u0103m\u00e2nale \u0219i oferte speciale pentru juc\u0103torii noi \u0219i obi\u0219nui\u021bi.\" \/>\n<meta property=\"og:url\" content=\"https:\/\/label.bet\/ro\/bonus\/\" \/>\n<meta property=\"og:site_name\" content=\"BetLabel\" \/>\n<meta property=\"article:modified_time\" content=\"2026-03-27T15:39:16+00:00\" \/>\n<meta name=\"twitter:card\" content=\"summary_large_image\" \/>\n<script type=\"application\/ld+json\" class=\"yoast-schema-graph\">{\"@context\":\"https:\/\/schema.org\",\"@graph\":[{\"@type\":\"WebPage\",\"@id\":\"https:\/\/label.bet\/ro\/bonus\/\",\"url\":\"https:\/\/label.bet\/ro\/bonus\/\",\"name\":\"Bonusuri BetLabel \u1409 Pachet de bun venit, promo\u021bii, pariuri gratuite\",\"isPartOf\":{\"@id\":\"https:\/\/label.bet\/ro\/#website\"},\"datePublished\":\"2025-12-29T07:50:54+00:00\",\"dateModified\":\"2026-03-27T15:39:16+00:00\",\"description\":\"Bonusuri BetLabel: un bonus generos de bun venit, pariuri gratuite, bonusuri pentru pariuri \u0219i cazinou, promo\u021bii s\u0103pt\u0103m\u00e2nale \u0219i oferte speciale pentru juc\u0103torii noi \u0219i obi\u0219nui\u021bi.\",\"inLanguage\":\"ro-RO\",\"potentialAction\":[{\"@type\":\"ReadAction\",\"target\":[\"https:\/\/label.bet\/ro\/bonus\/\"]}]},{\"@type\":\"WebSite\",\"@id\":\"https:\/\/label.bet\/ro\/#website\",\"url\":\"https:\/\/label.bet\/ro\/\",\"name\":\"BetLabel\",\"description\":\"\",\"potentialAction\":[{\"@type\":\"SearchAction\",\"target\":{\"@type\":\"EntryPoint\",\"urlTemplate\":\"https:\/\/label.bet\/ro\/?s={search_term_string}\"},\"query-input\":{\"@type\":\"PropertyValueSpecification\",\"valueRequired\":true,\"valueName\":\"search_term_string\"}}],\"inLanguage\":\"ro-RO\"}]}<\/script>\n<!-- \/ Yoast SEO plugin. -->","yoast_head_json":{"title":"Bonusuri BetLabel \u1409 Pachet de bun venit, promo\u021bii, pariuri gratuite","description":"Bonusuri BetLabel: un bonus generos de bun venit, pariuri gratuite, bonusuri pentru pariuri \u0219i cazinou, promo\u021bii s\u0103pt\u0103m\u00e2nale \u0219i oferte speciale pentru juc\u0103torii noi \u0219i obi\u0219nui\u021bi.","robots":{"index":"index","follow":"follow","max-snippet":"max-snippet:-1","max-image-preview":"max-image-preview:large","max-video-preview":"max-video-preview:-1"},"canonical":"https:\/\/label.bet\/ro\/bonus\/","og_locale":"ro_RO","og_type":"article","og_title":"Bonusuri BetLabel \u1409 Pachet de bun venit, promo\u021bii, pariuri gratuite","og_description":"Bonusuri BetLabel: un bonus generos de bun venit, pariuri gratuite, bonusuri pentru pariuri \u0219i cazinou, promo\u021bii s\u0103pt\u0103m\u00e2nale \u0219i oferte speciale pentru juc\u0103torii noi \u0219i obi\u0219nui\u021bi.","og_url":"https:\/\/label.bet\/ro\/bonus\/","og_site_name":"BetLabel","article_modified_time":"2026-03-27T15:39:16+00:00","twitter_card":"summary_large_image","schema":{"@context":"https:\/\/schema.org","@graph":[{"@type":"WebPage","@id":"https:\/\/label.bet\/ro\/bonus\/","url":"https:\/\/label.bet\/ro\/bonus\/","name":"Bonusuri BetLabel \u1409 Pachet de bun venit, promo\u021bii, pariuri gratuite","isPartOf":{"@id":"https:\/\/label.bet\/ro\/#website"},"datePublished":"2025-12-29T07:50:54+00:00","dateModified":"2026-03-27T15:39:16+00:00","description":"Bonusuri BetLabel: un bonus generos de bun venit, pariuri gratuite, bonusuri pentru pariuri \u0219i cazinou, promo\u021bii s\u0103pt\u0103m\u00e2nale \u0219i oferte speciale pentru juc\u0103torii noi \u0219i obi\u0219nui\u021bi.","inLanguage":"ro-RO","potentialAction":[{"@type":"ReadAction","target":["https:\/\/label.bet\/ro\/bonus\/"]}]},{"@type":"WebSite","@id":"https:\/\/label.bet\/ro\/#website","url":"https:\/\/label.bet\/ro\/","name":"BetLabel","description":"","potentialAction":[{"@type":"SearchAction","target":{"@type":"EntryPoint","urlTemplate":"https:\/\/label.bet\/ro\/?s={search_term_string}"},"query-input":{"@type":"PropertyValueSpecification","valueRequired":true,"valueName":"search_term_string"}}],"inLanguage":"ro-RO"}]}},"_links":{"self":[{"href":"https:\/\/label.bet\/ro\/wp-json\/wp\/v2\/pages\/1612","targetHints":{"allow":["GET"]}}],"collection":[{"href":"https:\/\/label.bet\/ro\/wp-json\/wp\/v2\/pages"}],"about":[{"href":"https:\/\/label.bet\/ro\/wp-json\/wp\/v2\/types\/page"}],"author":[{"embeddable":true,"href":"https:\/\/label.bet\/ro\/wp-json\/wp\/v2\/users\/1"}],"replies":[{"embeddable":true,"href":"https:\/\/label.bet\/ro\/wp-json\/wp\/v2\/comments?post=1612"}],"version-history":[{"count":5,"href":"https:\/\/label.bet\/ro\/wp-json\/wp\/v2\/pages\/1612\/revisions"}],"predecessor-version":[{"id":2077,"href":"https:\/\/label.bet\/ro\/wp-json\/wp\/v2\/pages\/1612\/revisions\/2077"}],"wp:attachment":[{"href":"https:\/\/label.bet\/ro\/wp-json\/wp\/v2\/media?parent=1612"}],"curies":[{"name":"wp","href":"https:\/\/api.w.org\/{rel}","templated":true}]}}