{"id":1662,"date":"2025-12-31T11:18:43","date_gmt":"2025-12-31T08:18:43","guid":{"rendered":"https:\/\/label.bet\/ro\/?page_id=1662"},"modified":"2026-02-22T19:56:48","modified_gmt":"2026-02-22T16:56:48","slug":"registration","status":"publish","type":"page","link":"https:\/\/label.bet\/ro\/registration\/","title":{"rendered":"\u00cenregistrare"},"content":{"rendered":"","protected":false},"excerpt":{"rendered":"","protected":false},"author":1,"featured_media":0,"parent":0,"menu_order":0,"comment_status":"closed","ping_status":"closed","template":"","meta":{"_acf_changed":false,"footnotes":""},"class_list":["post-1662","page","type-page","status-publish","hentry"],"acf":[],"yoast_head":"<!-- This site is optimized with the Yoast SEO plugin v26.5 - https:\/\/yoast.com\/wordpress\/plugins\/seo\/ -->\n<title>\u00cenregistrare BetLabel \u1409 Mod rapid \u0219i u\u0219or de a crea un cont<\/title>\n<meta name=\"description\" content=\"Cum s\u0103 te \u00eenregistrezi pe BetLabel: un ghid pas cu pas pentru crearea unui cont, alegerea unei metode de \u00eenregistrare \u0219i primirea unui bonus de bun venit pentru pariuri \u0219i jocuri de cazino.\" \/>\n<meta name=\"robots\" content=\"index, follow, max-snippet:-1, max-image-preview:large, max-video-preview:-1\" \/>\n<meta property=\"og:locale\" content=\"ro_RO\" \/>\n<meta property=\"og:type\" content=\"article\" \/>\n<meta property=\"og:title\" content=\"\u00cenregistrare BetLabel \u1409 Mod rapid \u0219i u\u0219or de a crea un cont\" \/>\n<meta property=\"og:description\" content=\"Cum s\u0103 te \u00eenregistrezi pe BetLabel: un ghid pas cu pas pentru crearea unui cont, alegerea unei metode de \u00eenregistrare \u0219i primirea unui bonus de bun venit pentru pariuri \u0219i jocuri de cazino.\" \/>\n<meta property=\"og:url\" content=\"https:\/\/label.bet\/ro\/registration\/\" \/>\n<meta property=\"og:site_name\" content=\"BetLabel\" \/>\n<meta property=\"article:modified_time\" content=\"2026-02-22T16:56:48+00:00\" \/>\n<meta name=\"twitter:card\" content=\"summary_large_image\" \/>\n<script type=\"application\/ld+json\" class=\"yoast-schema-graph\">{\"@context\":\"https:\/\/schema.org\",\"@graph\":[{\"@type\":\"WebPage\",\"@id\":\"https:\/\/label.bet\/ro\/registration\/\",\"url\":\"https:\/\/label.bet\/ro\/registration\/\",\"name\":\"\u00cenregistrare BetLabel \u1409 Mod rapid \u0219i u\u0219or de a crea un cont\",\"isPartOf\":{\"@id\":\"https:\/\/label.bet\/ro\/#website\"},\"datePublished\":\"2025-12-31T08:18:43+00:00\",\"dateModified\":\"2026-02-22T16:56:48+00:00\",\"description\":\"Cum s\u0103 te \u00eenregistrezi pe BetLabel: un ghid pas cu pas pentru crearea unui cont, alegerea unei metode de \u00eenregistrare \u0219i primirea unui bonus de bun venit pentru pariuri \u0219i jocuri de cazino.\",\"inLanguage\":\"ro-RO\",\"potentialAction\":[{\"@type\":\"ReadAction\",\"target\":[\"https:\/\/label.bet\/ro\/registration\/\"]}]},{\"@type\":\"WebSite\",\"@id\":\"https:\/\/label.bet\/ro\/#website\",\"url\":\"https:\/\/label.bet\/ro\/\",\"name\":\"BetLabel\",\"description\":\"\",\"potentialAction\":[{\"@type\":\"SearchAction\",\"target\":{\"@type\":\"EntryPoint\",\"urlTemplate\":\"https:\/\/label.bet\/ro\/?s={search_term_string}\"},\"query-input\":{\"@type\":\"PropertyValueSpecification\",\"valueRequired\":true,\"valueName\":\"search_term_string\"}}],\"inLanguage\":\"ro-RO\"}]}<\/script>\n<!-- \/ Yoast SEO plugin. -->","yoast_head_json":{"title":"\u00cenregistrare BetLabel \u1409 Mod rapid \u0219i u\u0219or de a crea un cont","description":"Cum s\u0103 te \u00eenregistrezi pe BetLabel: un ghid pas cu pas pentru crearea unui cont, alegerea unei metode de \u00eenregistrare \u0219i primirea unui bonus de bun venit pentru pariuri \u0219i jocuri de cazino.","robots":{"index":"index","follow":"follow","max-snippet":"max-snippet:-1","max-image-preview":"max-image-preview:large","max-video-preview":"max-video-preview:-1"},"og_locale":"ro_RO","og_type":"article","og_title":"\u00cenregistrare BetLabel \u1409 Mod rapid \u0219i u\u0219or de a crea un cont","og_description":"Cum s\u0103 te \u00eenregistrezi pe BetLabel: un ghid pas cu pas pentru crearea unui cont, alegerea unei metode de \u00eenregistrare \u0219i primirea unui bonus de bun venit pentru pariuri \u0219i jocuri de cazino.","og_url":"https:\/\/label.bet\/ro\/registration\/","og_site_name":"BetLabel","article_modified_time":"2026-02-22T16:56:48+00:00","twitter_card":"summary_large_image","schema":{"@context":"https:\/\/schema.org","@graph":[{"@type":"WebPage","@id":"https:\/\/label.bet\/ro\/registration\/","url":"https:\/\/label.bet\/ro\/registration\/","name":"\u00cenregistrare BetLabel \u1409 Mod rapid \u0219i u\u0219or de a crea un cont","isPartOf":{"@id":"https:\/\/label.bet\/ro\/#website"},"datePublished":"2025-12-31T08:18:43+00:00","dateModified":"2026-02-22T16:56:48+00:00","description":"Cum s\u0103 te \u00eenregistrezi pe BetLabel: un ghid pas cu pas pentru crearea unui cont, alegerea unei metode de \u00eenregistrare \u0219i primirea unui bonus de bun venit pentru pariuri \u0219i jocuri de cazino.","inLanguage":"ro-RO","potentialAction":[{"@type":"ReadAction","target":["https:\/\/label.bet\/ro\/registration\/"]}]},{"@type":"WebSite","@id":"https:\/\/label.bet\/ro\/#website","url":"https:\/\/label.bet\/ro\/","name":"BetLabel","description":"","potentialAction":[{"@type":"SearchAction","target":{"@type":"EntryPoint","urlTemplate":"https:\/\/label.bet\/ro\/?s={search_term_string}"},"query-input":{"@type":"PropertyValueSpecification","valueRequired":true,"valueName":"search_term_string"}}],"inLanguage":"ro-RO"}]}},"_links":{"self":[{"href":"https:\/\/label.bet\/ro\/wp-json\/wp\/v2\/pages\/1662","targetHints":{"allow":["GET"]}}],"collection":[{"href":"https:\/\/label.bet\/ro\/wp-json\/wp\/v2\/pages"}],"about":[{"href":"https:\/\/label.bet\/ro\/wp-json\/wp\/v2\/types\/page"}],"author":[{"embeddable":true,"href":"https:\/\/label.bet\/ro\/wp-json\/wp\/v2\/users\/1"}],"replies":[{"embeddable":true,"href":"https:\/\/label.bet\/ro\/wp-json\/wp\/v2\/comments?post=1662"}],"version-history":[{"count":6,"href":"https:\/\/label.bet\/ro\/wp-json\/wp\/v2\/pages\/1662\/revisions"}],"predecessor-version":[{"id":1980,"href":"https:\/\/label.bet\/ro\/wp-json\/wp\/v2\/pages\/1662\/revisions\/1980"}],"wp:attachment":[{"href":"https:\/\/label.bet\/ro\/wp-json\/wp\/v2\/media?parent=1662"}],"curies":[{"name":"wp","href":"https:\/\/api.w.org\/{rel}","templated":true}]}}