{"id":1679,"date":"2026-01-02T15:08:59","date_gmt":"2026-01-02T12:08:59","guid":{"rendered":"https:\/\/label.bet\/ro\/?page_id=1679"},"modified":"2026-02-22T20:06:08","modified_gmt":"2026-02-22T17:06:08","slug":"partners","status":"publish","type":"page","link":"https:\/\/label.bet\/ro\/partners\/","title":{"rendered":"Afiliat"},"content":{"rendered":"","protected":false},"excerpt":{"rendered":"","protected":false},"author":1,"featured_media":0,"parent":0,"menu_order":0,"comment_status":"closed","ping_status":"closed","template":"","meta":{"_acf_changed":false,"footnotes":""},"class_list":["post-1679","page","type-page","status-publish","hentry"],"acf":[],"yoast_head":"<!-- This site is optimized with the Yoast SEO plugin v26.5 - https:\/\/yoast.com\/wordpress\/plugins\/seo\/ -->\n<title>BetLabel Parteneri \ud83d\ude80 Program de afiliere CPA \u0219i RS<\/title>\n<meta name=\"description\" content=\"Programul de afiliere BetLabel Parteneri \u2014 RevShare de p\u00e2n\u0103 la 50% pe via\u021b\u0103, CPA de p\u00e2n\u0103 la 1.000 RON \u0219i modele hibride. Pl\u0103\u021bi s\u0103pt\u0103m\u00e2nale de la 250 RON, orice tip de trafic, manager personal \u0219i f\u0103r\u0103 report negativ. \u00cenregistreaz\u0103-te ACUM!\" \/>\n<meta name=\"robots\" content=\"index, follow, max-snippet:-1, max-image-preview:large, max-video-preview:-1\" \/>\n<meta property=\"og:locale\" content=\"ro_RO\" \/>\n<meta property=\"og:type\" content=\"article\" \/>\n<meta property=\"og:title\" content=\"BetLabel Parteneri \ud83d\ude80 Program de afiliere CPA \u0219i RS\" \/>\n<meta property=\"og:description\" content=\"Programul de afiliere BetLabel Parteneri \u2014 RevShare de p\u00e2n\u0103 la 50% pe via\u021b\u0103, CPA de p\u00e2n\u0103 la 1.000 RON \u0219i modele hibride. Pl\u0103\u021bi s\u0103pt\u0103m\u00e2nale de la 250 RON, orice tip de trafic, manager personal \u0219i f\u0103r\u0103 report negativ. \u00cenregistreaz\u0103-te ACUM!\" \/>\n<meta property=\"og:url\" content=\"https:\/\/label.bet\/ro\/partners\/\" \/>\n<meta property=\"og:site_name\" content=\"BetLabel\" \/>\n<meta property=\"article:modified_time\" content=\"2026-02-22T17:06:08+00:00\" \/>\n<meta name=\"twitter:card\" content=\"summary_large_image\" \/>\n<script type=\"application\/ld+json\" class=\"yoast-schema-graph\">{\"@context\":\"https:\/\/schema.org\",\"@graph\":[{\"@type\":\"WebPage\",\"@id\":\"https:\/\/label.bet\/ro\/partners\/\",\"url\":\"https:\/\/label.bet\/ro\/partners\/\",\"name\":\"BetLabel Parteneri \ud83d\ude80 Program de afiliere CPA \u0219i RS\",\"isPartOf\":{\"@id\":\"https:\/\/label.bet\/ro\/#website\"},\"datePublished\":\"2026-01-02T12:08:59+00:00\",\"dateModified\":\"2026-02-22T17:06:08+00:00\",\"description\":\"Programul de afiliere BetLabel Parteneri \u2014 RevShare de p\u00e2n\u0103 la 50% pe via\u021b\u0103, CPA de p\u00e2n\u0103 la 1.000 RON \u0219i modele hibride. Pl\u0103\u021bi s\u0103pt\u0103m\u00e2nale de la 250 RON, orice tip de trafic, manager personal \u0219i f\u0103r\u0103 report negativ. \u00cenregistreaz\u0103-te ACUM!\",\"inLanguage\":\"ro-RO\",\"potentialAction\":[{\"@type\":\"ReadAction\",\"target\":[\"https:\/\/label.bet\/ro\/partners\/\"]}]},{\"@type\":\"WebSite\",\"@id\":\"https:\/\/label.bet\/ro\/#website\",\"url\":\"https:\/\/label.bet\/ro\/\",\"name\":\"BetLabel\",\"description\":\"\",\"potentialAction\":[{\"@type\":\"SearchAction\",\"target\":{\"@type\":\"EntryPoint\",\"urlTemplate\":\"https:\/\/label.bet\/ro\/?s={search_term_string}\"},\"query-input\":{\"@type\":\"PropertyValueSpecification\",\"valueRequired\":true,\"valueName\":\"search_term_string\"}}],\"inLanguage\":\"ro-RO\"}]}<\/script>\n<!-- \/ Yoast SEO plugin. -->","yoast_head_json":{"title":"BetLabel Parteneri \ud83d\ude80 Program de afiliere CPA \u0219i RS","description":"Programul de afiliere BetLabel Parteneri \u2014 RevShare de p\u00e2n\u0103 la 50% pe via\u021b\u0103, CPA de p\u00e2n\u0103 la 1.000 RON \u0219i modele hibride. Pl\u0103\u021bi s\u0103pt\u0103m\u00e2nale de la 250 RON, orice tip de trafic, manager personal \u0219i f\u0103r\u0103 report negativ. \u00cenregistreaz\u0103-te ACUM!","robots":{"index":"index","follow":"follow","max-snippet":"max-snippet:-1","max-image-preview":"max-image-preview:large","max-video-preview":"max-video-preview:-1"},"og_locale":"ro_RO","og_type":"article","og_title":"BetLabel Parteneri \ud83d\ude80 Program de afiliere CPA \u0219i RS","og_description":"Programul de afiliere BetLabel Parteneri \u2014 RevShare de p\u00e2n\u0103 la 50% pe via\u021b\u0103, CPA de p\u00e2n\u0103 la 1.000 RON \u0219i modele hibride. Pl\u0103\u021bi s\u0103pt\u0103m\u00e2nale de la 250 RON, orice tip de trafic, manager personal \u0219i f\u0103r\u0103 report negativ. \u00cenregistreaz\u0103-te ACUM!","og_url":"https:\/\/label.bet\/ro\/partners\/","og_site_name":"BetLabel","article_modified_time":"2026-02-22T17:06:08+00:00","twitter_card":"summary_large_image","schema":{"@context":"https:\/\/schema.org","@graph":[{"@type":"WebPage","@id":"https:\/\/label.bet\/ro\/partners\/","url":"https:\/\/label.bet\/ro\/partners\/","name":"BetLabel Parteneri \ud83d\ude80 Program de afiliere CPA \u0219i RS","isPartOf":{"@id":"https:\/\/label.bet\/ro\/#website"},"datePublished":"2026-01-02T12:08:59+00:00","dateModified":"2026-02-22T17:06:08+00:00","description":"Programul de afiliere BetLabel Parteneri \u2014 RevShare de p\u00e2n\u0103 la 50% pe via\u021b\u0103, CPA de p\u00e2n\u0103 la 1.000 RON \u0219i modele hibride. Pl\u0103\u021bi s\u0103pt\u0103m\u00e2nale de la 250 RON, orice tip de trafic, manager personal \u0219i f\u0103r\u0103 report negativ. \u00cenregistreaz\u0103-te ACUM!","inLanguage":"ro-RO","potentialAction":[{"@type":"ReadAction","target":["https:\/\/label.bet\/ro\/partners\/"]}]},{"@type":"WebSite","@id":"https:\/\/label.bet\/ro\/#website","url":"https:\/\/label.bet\/ro\/","name":"BetLabel","description":"","potentialAction":[{"@type":"SearchAction","target":{"@type":"EntryPoint","urlTemplate":"https:\/\/label.bet\/ro\/?s={search_term_string}"},"query-input":{"@type":"PropertyValueSpecification","valueRequired":true,"valueName":"search_term_string"}}],"inLanguage":"ro-RO"}]}},"_links":{"self":[{"href":"https:\/\/label.bet\/ro\/wp-json\/wp\/v2\/pages\/1679","targetHints":{"allow":["GET"]}}],"collection":[{"href":"https:\/\/label.bet\/ro\/wp-json\/wp\/v2\/pages"}],"about":[{"href":"https:\/\/label.bet\/ro\/wp-json\/wp\/v2\/types\/page"}],"author":[{"embeddable":true,"href":"https:\/\/label.bet\/ro\/wp-json\/wp\/v2\/users\/1"}],"replies":[{"embeddable":true,"href":"https:\/\/label.bet\/ro\/wp-json\/wp\/v2\/comments?post=1679"}],"version-history":[{"count":5,"href":"https:\/\/label.bet\/ro\/wp-json\/wp\/v2\/pages\/1679\/revisions"}],"predecessor-version":[{"id":1972,"href":"https:\/\/label.bet\/ro\/wp-json\/wp\/v2\/pages\/1679\/revisions\/1972"}],"wp:attachment":[{"href":"https:\/\/label.bet\/ro\/wp-json\/wp\/v2\/media?parent=1679"}],"curies":[{"name":"wp","href":"https:\/\/api.w.org\/{rel}","templated":true}]}}