{"id":1718,"date":"2026-01-22T13:07:55","date_gmt":"2026-01-22T10:07:55","guid":{"rendered":"https:\/\/label.bet\/ro\/?page_id=1718"},"modified":"2026-02-22T20:02:49","modified_gmt":"2026-02-22T17:02:49","slug":"football","status":"publish","type":"page","link":"https:\/\/label.bet\/ro\/football\/","title":{"rendered":"Fotbal"},"content":{"rendered":"","protected":false},"excerpt":{"rendered":"","protected":false},"author":1,"featured_media":0,"parent":0,"menu_order":0,"comment_status":"closed","ping_status":"closed","template":"","meta":{"_acf_changed":false,"footnotes":""},"class_list":["post-1718","page","type-page","status-publish","hentry"],"acf":[],"yoast_head":"<!-- This site is optimized with the Yoast SEO plugin v26.5 - https:\/\/yoast.com\/wordpress\/plugins\/seo\/ -->\n<title>BetLabel Fotbal \u25b6\ufe0f Cote de pariuri \u0219i predic\u021bii pentru meciuri<\/title>\n<meta name=\"description\" content=\"Joac\u0103 fotbal la BetLabel! F\u0103 predic\u021bii precise privind campionatele \u0219i turneele, ob\u021bine cote mari \u0219i c\u00e2\u0219tig\u0103. Te a\u0219teapt\u0103 o cas\u0103 de pariuri modern\u0103, specializat\u0103 \u00een pariuri sportive.\" \/>\n<meta name=\"robots\" content=\"index, follow, max-snippet:-1, max-image-preview:large, max-video-preview:-1\" \/>\n<meta property=\"og:locale\" content=\"ro_RO\" \/>\n<meta property=\"og:type\" content=\"article\" \/>\n<meta property=\"og:title\" content=\"BetLabel Fotbal \u25b6\ufe0f Cote de pariuri \u0219i predic\u021bii pentru meciuri\" \/>\n<meta property=\"og:description\" content=\"Joac\u0103 fotbal la BetLabel! F\u0103 predic\u021bii precise privind campionatele \u0219i turneele, ob\u021bine cote mari \u0219i c\u00e2\u0219tig\u0103. Te a\u0219teapt\u0103 o cas\u0103 de pariuri modern\u0103, specializat\u0103 \u00een pariuri sportive.\" \/>\n<meta property=\"og:url\" content=\"https:\/\/label.bet\/ro\/football\/\" \/>\n<meta property=\"og:site_name\" content=\"BetLabel\" \/>\n<meta property=\"article:modified_time\" content=\"2026-02-22T17:02:49+00:00\" \/>\n<meta name=\"twitter:card\" content=\"summary_large_image\" \/>\n<script type=\"application\/ld+json\" class=\"yoast-schema-graph\">{\"@context\":\"https:\/\/schema.org\",\"@graph\":[{\"@type\":\"WebPage\",\"@id\":\"https:\/\/label.bet\/ro\/football\/\",\"url\":\"https:\/\/label.bet\/ro\/football\/\",\"name\":\"BetLabel Fotbal \u25b6\ufe0f Cote de pariuri \u0219i predic\u021bii pentru meciuri\",\"isPartOf\":{\"@id\":\"https:\/\/label.bet\/ro\/#website\"},\"datePublished\":\"2026-01-22T10:07:55+00:00\",\"dateModified\":\"2026-02-22T17:02:49+00:00\",\"description\":\"Joac\u0103 fotbal la BetLabel! F\u0103 predic\u021bii precise privind campionatele \u0219i turneele, ob\u021bine cote mari \u0219i c\u00e2\u0219tig\u0103. Te a\u0219teapt\u0103 o cas\u0103 de pariuri modern\u0103, specializat\u0103 \u00een pariuri sportive.\",\"inLanguage\":\"ro-RO\",\"potentialAction\":[{\"@type\":\"ReadAction\",\"target\":[\"https:\/\/label.bet\/ro\/football\/\"]}]},{\"@type\":\"WebSite\",\"@id\":\"https:\/\/label.bet\/ro\/#website\",\"url\":\"https:\/\/label.bet\/ro\/\",\"name\":\"BetLabel\",\"description\":\"\",\"potentialAction\":[{\"@type\":\"SearchAction\",\"target\":{\"@type\":\"EntryPoint\",\"urlTemplate\":\"https:\/\/label.bet\/ro\/?s={search_term_string}\"},\"query-input\":{\"@type\":\"PropertyValueSpecification\",\"valueRequired\":true,\"valueName\":\"search_term_string\"}}],\"inLanguage\":\"ro-RO\"}]}<\/script>\n<!-- \/ Yoast SEO plugin. -->","yoast_head_json":{"title":"BetLabel Fotbal \u25b6\ufe0f Cote de pariuri \u0219i predic\u021bii pentru meciuri","description":"Joac\u0103 fotbal la BetLabel! F\u0103 predic\u021bii precise privind campionatele \u0219i turneele, ob\u021bine cote mari \u0219i c\u00e2\u0219tig\u0103. Te a\u0219teapt\u0103 o cas\u0103 de pariuri modern\u0103, specializat\u0103 \u00een pariuri sportive.","robots":{"index":"index","follow":"follow","max-snippet":"max-snippet:-1","max-image-preview":"max-image-preview:large","max-video-preview":"max-video-preview:-1"},"og_locale":"ro_RO","og_type":"article","og_title":"BetLabel Fotbal \u25b6\ufe0f Cote de pariuri \u0219i predic\u021bii pentru meciuri","og_description":"Joac\u0103 fotbal la BetLabel! F\u0103 predic\u021bii precise privind campionatele \u0219i turneele, ob\u021bine cote mari \u0219i c\u00e2\u0219tig\u0103. Te a\u0219teapt\u0103 o cas\u0103 de pariuri modern\u0103, specializat\u0103 \u00een pariuri sportive.","og_url":"https:\/\/label.bet\/ro\/football\/","og_site_name":"BetLabel","article_modified_time":"2026-02-22T17:02:49+00:00","twitter_card":"summary_large_image","schema":{"@context":"https:\/\/schema.org","@graph":[{"@type":"WebPage","@id":"https:\/\/label.bet\/ro\/football\/","url":"https:\/\/label.bet\/ro\/football\/","name":"BetLabel Fotbal \u25b6\ufe0f Cote de pariuri \u0219i predic\u021bii pentru meciuri","isPartOf":{"@id":"https:\/\/label.bet\/ro\/#website"},"datePublished":"2026-01-22T10:07:55+00:00","dateModified":"2026-02-22T17:02:49+00:00","description":"Joac\u0103 fotbal la BetLabel! F\u0103 predic\u021bii precise privind campionatele \u0219i turneele, ob\u021bine cote mari \u0219i c\u00e2\u0219tig\u0103. Te a\u0219teapt\u0103 o cas\u0103 de pariuri modern\u0103, specializat\u0103 \u00een pariuri sportive.","inLanguage":"ro-RO","potentialAction":[{"@type":"ReadAction","target":["https:\/\/label.bet\/ro\/football\/"]}]},{"@type":"WebSite","@id":"https:\/\/label.bet\/ro\/#website","url":"https:\/\/label.bet\/ro\/","name":"BetLabel","description":"","potentialAction":[{"@type":"SearchAction","target":{"@type":"EntryPoint","urlTemplate":"https:\/\/label.bet\/ro\/?s={search_term_string}"},"query-input":{"@type":"PropertyValueSpecification","valueRequired":true,"valueName":"search_term_string"}}],"inLanguage":"ro-RO"}]}},"_links":{"self":[{"href":"https:\/\/label.bet\/ro\/wp-json\/wp\/v2\/pages\/1718","targetHints":{"allow":["GET"]}}],"collection":[{"href":"https:\/\/label.bet\/ro\/wp-json\/wp\/v2\/pages"}],"about":[{"href":"https:\/\/label.bet\/ro\/wp-json\/wp\/v2\/types\/page"}],"author":[{"embeddable":true,"href":"https:\/\/label.bet\/ro\/wp-json\/wp\/v2\/users\/1"}],"replies":[{"embeddable":true,"href":"https:\/\/label.bet\/ro\/wp-json\/wp\/v2\/comments?post=1718"}],"version-history":[{"count":4,"href":"https:\/\/label.bet\/ro\/wp-json\/wp\/v2\/pages\/1718\/revisions"}],"predecessor-version":[{"id":1981,"href":"https:\/\/label.bet\/ro\/wp-json\/wp\/v2\/pages\/1718\/revisions\/1981"}],"wp:attachment":[{"href":"https:\/\/label.bet\/ro\/wp-json\/wp\/v2\/media?parent=1718"}],"curies":[{"name":"wp","href":"https:\/\/api.w.org\/{rel}","templated":true}]}}