{"id":1723,"date":"2026-01-22T14:27:58","date_gmt":"2026-01-22T11:27:58","guid":{"rendered":"https:\/\/label.bet\/ro\/?page_id=1723"},"modified":"2026-02-20T09:03:28","modified_gmt":"2026-02-20T06:03:28","slug":"hockey","status":"publish","type":"page","link":"https:\/\/label.bet\/ro\/hockey\/","title":{"rendered":"Hochei"},"content":{"rendered":"","protected":false},"excerpt":{"rendered":"","protected":false},"author":1,"featured_media":0,"parent":0,"menu_order":0,"comment_status":"closed","ping_status":"closed","template":"","meta":{"_acf_changed":false,"footnotes":""},"class_list":["post-1723","page","type-page","status-publish","hentry"],"acf":[],"yoast_head":"<!-- This site is optimized with the Yoast SEO plugin v26.5 - https:\/\/yoast.com\/wordpress\/plugins\/seo\/ -->\n<title>Hochei la BetLabel \ud83d\udc8e Cote \u0219i predic\u021bii pentru meciurile de top<\/title>\n<meta name=\"description\" content=\"Pariuri pe hochei la BetLabel! F\u0103 predic\u021bii precise pentru meciurile de top din KHL \u0219i NHL, ob\u021bine cote avantajoase \u0219i c\u00e2\u0219tig\u0103. O cas\u0103 de pariuri de \u00eencredere pentru fanii hocheiului te a\u0219teapt\u0103.\" \/>\n<meta name=\"robots\" content=\"index, follow, max-snippet:-1, max-image-preview:large, max-video-preview:-1\" \/>\n<link rel=\"canonical\" href=\"https:\/\/label.bet\/ro\/hockey\/\" \/>\n<meta property=\"og:locale\" content=\"ro_RO\" \/>\n<meta property=\"og:type\" content=\"article\" \/>\n<meta property=\"og:title\" content=\"Hochei la BetLabel \ud83d\udc8e Cote \u0219i predic\u021bii pentru meciurile de top\" \/>\n<meta property=\"og:description\" content=\"Pariuri pe hochei la BetLabel! F\u0103 predic\u021bii precise pentru meciurile de top din KHL \u0219i NHL, ob\u021bine cote avantajoase \u0219i c\u00e2\u0219tig\u0103. O cas\u0103 de pariuri de \u00eencredere pentru fanii hocheiului te a\u0219teapt\u0103.\" \/>\n<meta property=\"og:url\" content=\"https:\/\/label.bet\/ro\/hockey\/\" \/>\n<meta property=\"og:site_name\" content=\"BetLabel\" \/>\n<meta property=\"article:modified_time\" content=\"2026-02-20T06:03:28+00:00\" \/>\n<meta name=\"twitter:card\" content=\"summary_large_image\" \/>\n<script type=\"application\/ld+json\" class=\"yoast-schema-graph\">{\"@context\":\"https:\/\/schema.org\",\"@graph\":[{\"@type\":\"WebPage\",\"@id\":\"https:\/\/label.bet\/ro\/hockey\/\",\"url\":\"https:\/\/label.bet\/ro\/hockey\/\",\"name\":\"Hochei la BetLabel \ud83d\udc8e Cote \u0219i predic\u021bii pentru meciurile de top\",\"isPartOf\":{\"@id\":\"https:\/\/label.bet\/ro\/#website\"},\"datePublished\":\"2026-01-22T11:27:58+00:00\",\"dateModified\":\"2026-02-20T06:03:28+00:00\",\"description\":\"Pariuri pe hochei la BetLabel! F\u0103 predic\u021bii precise pentru meciurile de top din KHL \u0219i NHL, ob\u021bine cote avantajoase \u0219i c\u00e2\u0219tig\u0103. O cas\u0103 de pariuri de \u00eencredere pentru fanii hocheiului te a\u0219teapt\u0103.\",\"inLanguage\":\"ro-RO\",\"potentialAction\":[{\"@type\":\"ReadAction\",\"target\":[\"https:\/\/label.bet\/ro\/hockey\/\"]}]},{\"@type\":\"WebSite\",\"@id\":\"https:\/\/label.bet\/ro\/#website\",\"url\":\"https:\/\/label.bet\/ro\/\",\"name\":\"BetLabel\",\"description\":\"\",\"potentialAction\":[{\"@type\":\"SearchAction\",\"target\":{\"@type\":\"EntryPoint\",\"urlTemplate\":\"https:\/\/label.bet\/ro\/?s={search_term_string}\"},\"query-input\":{\"@type\":\"PropertyValueSpecification\",\"valueRequired\":true,\"valueName\":\"search_term_string\"}}],\"inLanguage\":\"ro-RO\"}]}<\/script>\n<!-- \/ Yoast SEO plugin. -->","yoast_head_json":{"title":"Hochei la BetLabel \ud83d\udc8e Cote \u0219i predic\u021bii pentru meciurile de top","description":"Pariuri pe hochei la BetLabel! F\u0103 predic\u021bii precise pentru meciurile de top din KHL \u0219i NHL, ob\u021bine cote avantajoase \u0219i c\u00e2\u0219tig\u0103. O cas\u0103 de pariuri de \u00eencredere pentru fanii hocheiului te a\u0219teapt\u0103.","robots":{"index":"index","follow":"follow","max-snippet":"max-snippet:-1","max-image-preview":"max-image-preview:large","max-video-preview":"max-video-preview:-1"},"canonical":"https:\/\/label.bet\/ro\/hockey\/","og_locale":"ro_RO","og_type":"article","og_title":"Hochei la BetLabel \ud83d\udc8e Cote \u0219i predic\u021bii pentru meciurile de top","og_description":"Pariuri pe hochei la BetLabel! F\u0103 predic\u021bii precise pentru meciurile de top din KHL \u0219i NHL, ob\u021bine cote avantajoase \u0219i c\u00e2\u0219tig\u0103. O cas\u0103 de pariuri de \u00eencredere pentru fanii hocheiului te a\u0219teapt\u0103.","og_url":"https:\/\/label.bet\/ro\/hockey\/","og_site_name":"BetLabel","article_modified_time":"2026-02-20T06:03:28+00:00","twitter_card":"summary_large_image","schema":{"@context":"https:\/\/schema.org","@graph":[{"@type":"WebPage","@id":"https:\/\/label.bet\/ro\/hockey\/","url":"https:\/\/label.bet\/ro\/hockey\/","name":"Hochei la BetLabel \ud83d\udc8e Cote \u0219i predic\u021bii pentru meciurile de top","isPartOf":{"@id":"https:\/\/label.bet\/ro\/#website"},"datePublished":"2026-01-22T11:27:58+00:00","dateModified":"2026-02-20T06:03:28+00:00","description":"Pariuri pe hochei la BetLabel! F\u0103 predic\u021bii precise pentru meciurile de top din KHL \u0219i NHL, ob\u021bine cote avantajoase \u0219i c\u00e2\u0219tig\u0103. O cas\u0103 de pariuri de \u00eencredere pentru fanii hocheiului te a\u0219teapt\u0103.","inLanguage":"ro-RO","potentialAction":[{"@type":"ReadAction","target":["https:\/\/label.bet\/ro\/hockey\/"]}]},{"@type":"WebSite","@id":"https:\/\/label.bet\/ro\/#website","url":"https:\/\/label.bet\/ro\/","name":"BetLabel","description":"","potentialAction":[{"@type":"SearchAction","target":{"@type":"EntryPoint","urlTemplate":"https:\/\/label.bet\/ro\/?s={search_term_string}"},"query-input":{"@type":"PropertyValueSpecification","valueRequired":true,"valueName":"search_term_string"}}],"inLanguage":"ro-RO"}]}},"_links":{"self":[{"href":"https:\/\/label.bet\/ro\/wp-json\/wp\/v2\/pages\/1723","targetHints":{"allow":["GET"]}}],"collection":[{"href":"https:\/\/label.bet\/ro\/wp-json\/wp\/v2\/pages"}],"about":[{"href":"https:\/\/label.bet\/ro\/wp-json\/wp\/v2\/types\/page"}],"author":[{"embeddable":true,"href":"https:\/\/label.bet\/ro\/wp-json\/wp\/v2\/users\/1"}],"replies":[{"embeddable":true,"href":"https:\/\/label.bet\/ro\/wp-json\/wp\/v2\/comments?post=1723"}],"version-history":[{"count":5,"href":"https:\/\/label.bet\/ro\/wp-json\/wp\/v2\/pages\/1723\/revisions"}],"predecessor-version":[{"id":1956,"href":"https:\/\/label.bet\/ro\/wp-json\/wp\/v2\/pages\/1723\/revisions\/1956"}],"wp:attachment":[{"href":"https:\/\/label.bet\/ro\/wp-json\/wp\/v2\/media?parent=1723"}],"curies":[{"name":"wp","href":"https:\/\/api.w.org\/{rel}","templated":true}]}}