{"id":1736,"date":"2026-01-22T15:56:50","date_gmt":"2026-01-22T12:56:50","guid":{"rendered":"https:\/\/label.bet\/ro\/?page_id=1736"},"modified":"2026-02-19T20:24:10","modified_gmt":"2026-02-19T17:24:10","slug":"ufc","status":"publish","type":"page","link":"https:\/\/label.bet\/ro\/ufc\/","title":{"rendered":"UFC"},"content":{"rendered":"","protected":false},"excerpt":{"rendered":"","protected":false},"author":1,"featured_media":0,"parent":0,"menu_order":0,"comment_status":"closed","ping_status":"closed","template":"","meta":{"_acf_changed":false,"footnotes":""},"class_list":["post-1736","page","type-page","status-publish","hentry"],"acf":[],"yoast_head":"<!-- This site is optimized with the Yoast SEO plugin v26.5 - https:\/\/yoast.com\/wordpress\/plugins\/seo\/ -->\n<title>BetLabel Pariuri UFC \u0219i MMA \ud83e\udd4a Cote mari, lupte live<\/title>\n<meta name=\"description\" content=\"BetLabel pariuri pe UFC \u0219i MMA \ud83e\udd4a . Bonusuri pentru juc\u0103torii noi, lupte live, cote \u0219i pl\u0103\u021bi fiabile. Al\u0103tur\u0103-te nou\u0103 \u0219i \u00eencepe s\u0103 c\u00e2\u0219tigi chiar azi!\" \/>\n<meta name=\"robots\" content=\"index, follow, max-snippet:-1, max-image-preview:large, max-video-preview:-1\" \/>\n<link rel=\"canonical\" href=\"https:\/\/label.bet\/ro\/ufc\/\" \/>\n<meta property=\"og:locale\" content=\"ro_RO\" \/>\n<meta property=\"og:type\" content=\"article\" \/>\n<meta property=\"og:title\" content=\"BetLabel Pariuri UFC \u0219i MMA \ud83e\udd4a Cote mari, lupte live\" \/>\n<meta property=\"og:description\" content=\"BetLabel pariuri pe UFC \u0219i MMA \ud83e\udd4a . Bonusuri pentru juc\u0103torii noi, lupte live, cote \u0219i pl\u0103\u021bi fiabile. Al\u0103tur\u0103-te nou\u0103 \u0219i \u00eencepe s\u0103 c\u00e2\u0219tigi chiar azi!\" \/>\n<meta property=\"og:url\" content=\"https:\/\/label.bet\/ro\/ufc\/\" \/>\n<meta property=\"og:site_name\" content=\"BetLabel\" \/>\n<meta property=\"article:modified_time\" content=\"2026-02-19T17:24:10+00:00\" \/>\n<meta name=\"twitter:card\" content=\"summary_large_image\" \/>\n<script type=\"application\/ld+json\" class=\"yoast-schema-graph\">{\"@context\":\"https:\/\/schema.org\",\"@graph\":[{\"@type\":\"WebPage\",\"@id\":\"https:\/\/label.bet\/ro\/ufc\/\",\"url\":\"https:\/\/label.bet\/ro\/ufc\/\",\"name\":\"BetLabel Pariuri UFC \u0219i MMA \ud83e\udd4a Cote mari, lupte live\",\"isPartOf\":{\"@id\":\"https:\/\/label.bet\/ro\/#website\"},\"datePublished\":\"2026-01-22T12:56:50+00:00\",\"dateModified\":\"2026-02-19T17:24:10+00:00\",\"description\":\"BetLabel pariuri pe UFC \u0219i MMA \ud83e\udd4a . Bonusuri pentru juc\u0103torii noi, lupte live, cote \u0219i pl\u0103\u021bi fiabile. Al\u0103tur\u0103-te nou\u0103 \u0219i \u00eencepe s\u0103 c\u00e2\u0219tigi chiar azi!\",\"inLanguage\":\"ro-RO\",\"potentialAction\":[{\"@type\":\"ReadAction\",\"target\":[\"https:\/\/label.bet\/ro\/ufc\/\"]}]},{\"@type\":\"WebSite\",\"@id\":\"https:\/\/label.bet\/ro\/#website\",\"url\":\"https:\/\/label.bet\/ro\/\",\"name\":\"BetLabel\",\"description\":\"\",\"potentialAction\":[{\"@type\":\"SearchAction\",\"target\":{\"@type\":\"EntryPoint\",\"urlTemplate\":\"https:\/\/label.bet\/ro\/?s={search_term_string}\"},\"query-input\":{\"@type\":\"PropertyValueSpecification\",\"valueRequired\":true,\"valueName\":\"search_term_string\"}}],\"inLanguage\":\"ro-RO\"}]}<\/script>\n<!-- \/ Yoast SEO plugin. -->","yoast_head_json":{"title":"BetLabel Pariuri UFC \u0219i MMA \ud83e\udd4a Cote mari, lupte live","description":"BetLabel pariuri pe UFC \u0219i MMA \ud83e\udd4a . Bonusuri pentru juc\u0103torii noi, lupte live, cote \u0219i pl\u0103\u021bi fiabile. Al\u0103tur\u0103-te nou\u0103 \u0219i \u00eencepe s\u0103 c\u00e2\u0219tigi chiar azi!","robots":{"index":"index","follow":"follow","max-snippet":"max-snippet:-1","max-image-preview":"max-image-preview:large","max-video-preview":"max-video-preview:-1"},"canonical":"https:\/\/label.bet\/ro\/ufc\/","og_locale":"ro_RO","og_type":"article","og_title":"BetLabel Pariuri UFC \u0219i MMA \ud83e\udd4a Cote mari, lupte live","og_description":"BetLabel pariuri pe UFC \u0219i MMA \ud83e\udd4a . Bonusuri pentru juc\u0103torii noi, lupte live, cote \u0219i pl\u0103\u021bi fiabile. Al\u0103tur\u0103-te nou\u0103 \u0219i \u00eencepe s\u0103 c\u00e2\u0219tigi chiar azi!","og_url":"https:\/\/label.bet\/ro\/ufc\/","og_site_name":"BetLabel","article_modified_time":"2026-02-19T17:24:10+00:00","twitter_card":"summary_large_image","schema":{"@context":"https:\/\/schema.org","@graph":[{"@type":"WebPage","@id":"https:\/\/label.bet\/ro\/ufc\/","url":"https:\/\/label.bet\/ro\/ufc\/","name":"BetLabel Pariuri UFC \u0219i MMA \ud83e\udd4a Cote mari, lupte live","isPartOf":{"@id":"https:\/\/label.bet\/ro\/#website"},"datePublished":"2026-01-22T12:56:50+00:00","dateModified":"2026-02-19T17:24:10+00:00","description":"BetLabel pariuri pe UFC \u0219i MMA \ud83e\udd4a . Bonusuri pentru juc\u0103torii noi, lupte live, cote \u0219i pl\u0103\u021bi fiabile. Al\u0103tur\u0103-te nou\u0103 \u0219i \u00eencepe s\u0103 c\u00e2\u0219tigi chiar azi!","inLanguage":"ro-RO","potentialAction":[{"@type":"ReadAction","target":["https:\/\/label.bet\/ro\/ufc\/"]}]},{"@type":"WebSite","@id":"https:\/\/label.bet\/ro\/#website","url":"https:\/\/label.bet\/ro\/","name":"BetLabel","description":"","potentialAction":[{"@type":"SearchAction","target":{"@type":"EntryPoint","urlTemplate":"https:\/\/label.bet\/ro\/?s={search_term_string}"},"query-input":{"@type":"PropertyValueSpecification","valueRequired":true,"valueName":"search_term_string"}}],"inLanguage":"ro-RO"}]}},"_links":{"self":[{"href":"https:\/\/label.bet\/ro\/wp-json\/wp\/v2\/pages\/1736","targetHints":{"allow":["GET"]}}],"collection":[{"href":"https:\/\/label.bet\/ro\/wp-json\/wp\/v2\/pages"}],"about":[{"href":"https:\/\/label.bet\/ro\/wp-json\/wp\/v2\/types\/page"}],"author":[{"embeddable":true,"href":"https:\/\/label.bet\/ro\/wp-json\/wp\/v2\/users\/1"}],"replies":[{"embeddable":true,"href":"https:\/\/label.bet\/ro\/wp-json\/wp\/v2\/comments?post=1736"}],"version-history":[{"count":5,"href":"https:\/\/label.bet\/ro\/wp-json\/wp\/v2\/pages\/1736\/revisions"}],"predecessor-version":[{"id":1939,"href":"https:\/\/label.bet\/ro\/wp-json\/wp\/v2\/pages\/1736\/revisions\/1939"}],"wp:attachment":[{"href":"https:\/\/label.bet\/ro\/wp-json\/wp\/v2\/media?parent=1736"}],"curies":[{"name":"wp","href":"https:\/\/api.w.org\/{rel}","templated":true}]}}