{"id":1743,"date":"2026-01-22T17:36:57","date_gmt":"2026-01-22T14:36:57","guid":{"rendered":"https:\/\/label.bet\/ro\/?page_id=1743"},"modified":"2026-02-20T09:02:18","modified_gmt":"2026-02-20T06:02:18","slug":"volleyball","status":"publish","type":"page","link":"https:\/\/label.bet\/ro\/volleyball\/","title":{"rendered":"Volei"},"content":{"rendered":"","protected":false},"excerpt":{"rendered":"","protected":false},"author":1,"featured_media":0,"parent":0,"menu_order":0,"comment_status":"closed","ping_status":"closed","template":"","meta":{"_acf_changed":false,"footnotes":""},"class_list":["post-1743","page","type-page","status-publish","hentry"],"acf":[],"yoast_head":"<!-- This site is optimized with the Yoast SEO plugin v26.5 - https:\/\/yoast.com\/wordpress\/plugins\/seo\/ -->\n<title>Pariuri pe volei BetLabel \u1409 Cote mari \u0219i bonusuri unice<\/title>\n<meta name=\"description\" content=\"Paria\u021bi pe volei cu BetLabel! Cote mari, o varietate de ligi \u0219i turnee, precum \u0219i bonusuri unice garanteaz\u0103 o experien\u021b\u0103 de pariere captivant\u0103. Al\u0103tura\u021bi-v\u0103 nou\u0103 \u0219i \u00eencepe\u021bi s\u0103 c\u00e2\u0219tiga\u021bi chiar ast\u0103zi!\" \/>\n<meta name=\"robots\" content=\"index, follow, max-snippet:-1, max-image-preview:large, max-video-preview:-1\" \/>\n<link rel=\"canonical\" href=\"https:\/\/label.bet\/ro\/volleyball\/\" \/>\n<meta property=\"og:locale\" content=\"ro_RO\" \/>\n<meta property=\"og:type\" content=\"article\" \/>\n<meta property=\"og:title\" content=\"Pariuri pe volei BetLabel \u1409 Cote mari \u0219i bonusuri unice\" \/>\n<meta property=\"og:description\" content=\"Paria\u021bi pe volei cu BetLabel! Cote mari, o varietate de ligi \u0219i turnee, precum \u0219i bonusuri unice garanteaz\u0103 o experien\u021b\u0103 de pariere captivant\u0103. Al\u0103tura\u021bi-v\u0103 nou\u0103 \u0219i \u00eencepe\u021bi s\u0103 c\u00e2\u0219tiga\u021bi chiar ast\u0103zi!\" \/>\n<meta property=\"og:url\" content=\"https:\/\/label.bet\/ro\/volleyball\/\" \/>\n<meta property=\"og:site_name\" content=\"BetLabel\" \/>\n<meta property=\"article:modified_time\" content=\"2026-02-20T06:02:18+00:00\" \/>\n<meta name=\"twitter:card\" content=\"summary_large_image\" \/>\n<script type=\"application\/ld+json\" class=\"yoast-schema-graph\">{\"@context\":\"https:\/\/schema.org\",\"@graph\":[{\"@type\":\"WebPage\",\"@id\":\"https:\/\/label.bet\/ro\/volleyball\/\",\"url\":\"https:\/\/label.bet\/ro\/volleyball\/\",\"name\":\"Pariuri pe volei BetLabel \u1409 Cote mari \u0219i bonusuri unice\",\"isPartOf\":{\"@id\":\"https:\/\/label.bet\/ro\/#website\"},\"datePublished\":\"2026-01-22T14:36:57+00:00\",\"dateModified\":\"2026-02-20T06:02:18+00:00\",\"description\":\"Paria\u021bi pe volei cu BetLabel! Cote mari, o varietate de ligi \u0219i turnee, precum \u0219i bonusuri unice garanteaz\u0103 o experien\u021b\u0103 de pariere captivant\u0103. Al\u0103tura\u021bi-v\u0103 nou\u0103 \u0219i \u00eencepe\u021bi s\u0103 c\u00e2\u0219tiga\u021bi chiar ast\u0103zi!\",\"inLanguage\":\"ro-RO\",\"potentialAction\":[{\"@type\":\"ReadAction\",\"target\":[\"https:\/\/label.bet\/ro\/volleyball\/\"]}]},{\"@type\":\"WebSite\",\"@id\":\"https:\/\/label.bet\/ro\/#website\",\"url\":\"https:\/\/label.bet\/ro\/\",\"name\":\"BetLabel\",\"description\":\"\",\"potentialAction\":[{\"@type\":\"SearchAction\",\"target\":{\"@type\":\"EntryPoint\",\"urlTemplate\":\"https:\/\/label.bet\/ro\/?s={search_term_string}\"},\"query-input\":{\"@type\":\"PropertyValueSpecification\",\"valueRequired\":true,\"valueName\":\"search_term_string\"}}],\"inLanguage\":\"ro-RO\"}]}<\/script>\n<!-- \/ Yoast SEO plugin. -->","yoast_head_json":{"title":"Pariuri pe volei BetLabel \u1409 Cote mari \u0219i bonusuri unice","description":"Paria\u021bi pe volei cu BetLabel! Cote mari, o varietate de ligi \u0219i turnee, precum \u0219i bonusuri unice garanteaz\u0103 o experien\u021b\u0103 de pariere captivant\u0103. Al\u0103tura\u021bi-v\u0103 nou\u0103 \u0219i \u00eencepe\u021bi s\u0103 c\u00e2\u0219tiga\u021bi chiar ast\u0103zi!","robots":{"index":"index","follow":"follow","max-snippet":"max-snippet:-1","max-image-preview":"max-image-preview:large","max-video-preview":"max-video-preview:-1"},"canonical":"https:\/\/label.bet\/ro\/volleyball\/","og_locale":"ro_RO","og_type":"article","og_title":"Pariuri pe volei BetLabel \u1409 Cote mari \u0219i bonusuri unice","og_description":"Paria\u021bi pe volei cu BetLabel! Cote mari, o varietate de ligi \u0219i turnee, precum \u0219i bonusuri unice garanteaz\u0103 o experien\u021b\u0103 de pariere captivant\u0103. Al\u0103tura\u021bi-v\u0103 nou\u0103 \u0219i \u00eencepe\u021bi s\u0103 c\u00e2\u0219tiga\u021bi chiar ast\u0103zi!","og_url":"https:\/\/label.bet\/ro\/volleyball\/","og_site_name":"BetLabel","article_modified_time":"2026-02-20T06:02:18+00:00","twitter_card":"summary_large_image","schema":{"@context":"https:\/\/schema.org","@graph":[{"@type":"WebPage","@id":"https:\/\/label.bet\/ro\/volleyball\/","url":"https:\/\/label.bet\/ro\/volleyball\/","name":"Pariuri pe volei BetLabel \u1409 Cote mari \u0219i bonusuri unice","isPartOf":{"@id":"https:\/\/label.bet\/ro\/#website"},"datePublished":"2026-01-22T14:36:57+00:00","dateModified":"2026-02-20T06:02:18+00:00","description":"Paria\u021bi pe volei cu BetLabel! Cote mari, o varietate de ligi \u0219i turnee, precum \u0219i bonusuri unice garanteaz\u0103 o experien\u021b\u0103 de pariere captivant\u0103. Al\u0103tura\u021bi-v\u0103 nou\u0103 \u0219i \u00eencepe\u021bi s\u0103 c\u00e2\u0219tiga\u021bi chiar ast\u0103zi!","inLanguage":"ro-RO","potentialAction":[{"@type":"ReadAction","target":["https:\/\/label.bet\/ro\/volleyball\/"]}]},{"@type":"WebSite","@id":"https:\/\/label.bet\/ro\/#website","url":"https:\/\/label.bet\/ro\/","name":"BetLabel","description":"","potentialAction":[{"@type":"SearchAction","target":{"@type":"EntryPoint","urlTemplate":"https:\/\/label.bet\/ro\/?s={search_term_string}"},"query-input":{"@type":"PropertyValueSpecification","valueRequired":true,"valueName":"search_term_string"}}],"inLanguage":"ro-RO"}]}},"_links":{"self":[{"href":"https:\/\/label.bet\/ro\/wp-json\/wp\/v2\/pages\/1743","targetHints":{"allow":["GET"]}}],"collection":[{"href":"https:\/\/label.bet\/ro\/wp-json\/wp\/v2\/pages"}],"about":[{"href":"https:\/\/label.bet\/ro\/wp-json\/wp\/v2\/types\/page"}],"author":[{"embeddable":true,"href":"https:\/\/label.bet\/ro\/wp-json\/wp\/v2\/users\/1"}],"replies":[{"embeddable":true,"href":"https:\/\/label.bet\/ro\/wp-json\/wp\/v2\/comments?post=1743"}],"version-history":[{"count":5,"href":"https:\/\/label.bet\/ro\/wp-json\/wp\/v2\/pages\/1743\/revisions"}],"predecessor-version":[{"id":1938,"href":"https:\/\/label.bet\/ro\/wp-json\/wp\/v2\/pages\/1743\/revisions\/1938"}],"wp:attachment":[{"href":"https:\/\/label.bet\/ro\/wp-json\/wp\/v2\/media?parent=1743"}],"curies":[{"name":"wp","href":"https:\/\/api.w.org\/{rel}","templated":true}]}}