{"id":1842,"date":"2026-01-26T10:38:10","date_gmt":"2026-01-26T07:38:10","guid":{"rendered":"https:\/\/label.bet\/ro\/?page_id=1842"},"modified":"2026-02-19T20:13:10","modified_gmt":"2026-02-19T17:13:10","slug":"jetx","status":"publish","type":"page","link":"https:\/\/label.bet\/ro\/jetx\/","title":{"rendered":"JetX"},"content":{"rendered":"","protected":false},"excerpt":{"rendered":"","protected":false},"author":1,"featured_media":0,"parent":0,"menu_order":0,"comment_status":"closed","ping_status":"closed","template":"","meta":{"_acf_changed":false,"footnotes":""},"class_list":["post-1842","page","type-page","status-publish","hentry"],"acf":[],"yoast_head":"<!-- This site is optimized with the Yoast SEO plugin v26.5 - https:\/\/yoast.com\/wordpress\/plugins\/seo\/ -->\n<title>JetX la BetLabel Casino \u2611\ufe0f Joc Crash cu cote cresc\u00e2nde<\/title>\n<meta name=\"description\" content=\"JetX de la BetLabel este un joc popular de tip crash \u00een care cotele cresc \u00een timp real. Afla\u021bi cum se joac\u0103, c\u00e2nd s\u0103 \u00eencasa\u021bi, ce strategii func\u021bioneaz\u0103 cel mai bine \u0219i de ce JetX este ideal pentru sesiuni rapide.\" \/>\n<meta name=\"robots\" content=\"index, follow, max-snippet:-1, max-image-preview:large, max-video-preview:-1\" \/>\n<meta property=\"og:locale\" content=\"ro_RO\" \/>\n<meta property=\"og:type\" content=\"article\" \/>\n<meta property=\"og:title\" content=\"JetX la BetLabel Casino \u2611\ufe0f Joc Crash cu cote cresc\u00e2nde\" \/>\n<meta property=\"og:description\" content=\"JetX de la BetLabel este un joc popular de tip crash \u00een care cotele cresc \u00een timp real. Afla\u021bi cum se joac\u0103, c\u00e2nd s\u0103 \u00eencasa\u021bi, ce strategii func\u021bioneaz\u0103 cel mai bine \u0219i de ce JetX este ideal pentru sesiuni rapide.\" \/>\n<meta property=\"og:url\" content=\"https:\/\/label.bet\/ro\/jetx\/\" \/>\n<meta property=\"og:site_name\" content=\"BetLabel\" \/>\n<meta property=\"article:modified_time\" content=\"2026-02-19T17:13:10+00:00\" \/>\n<meta name=\"twitter:card\" content=\"summary_large_image\" \/>\n<script type=\"application\/ld+json\" class=\"yoast-schema-graph\">{\"@context\":\"https:\/\/schema.org\",\"@graph\":[{\"@type\":\"WebPage\",\"@id\":\"https:\/\/label.bet\/ro\/jetx\/\",\"url\":\"https:\/\/label.bet\/ro\/jetx\/\",\"name\":\"JetX la BetLabel Casino \u2611\ufe0f Joc Crash cu cote cresc\u00e2nde\",\"isPartOf\":{\"@id\":\"https:\/\/label.bet\/ro\/#website\"},\"datePublished\":\"2026-01-26T07:38:10+00:00\",\"dateModified\":\"2026-02-19T17:13:10+00:00\",\"description\":\"JetX de la BetLabel este un joc popular de tip crash \u00een care cotele cresc \u00een timp real. Afla\u021bi cum se joac\u0103, c\u00e2nd s\u0103 \u00eencasa\u021bi, ce strategii func\u021bioneaz\u0103 cel mai bine \u0219i de ce JetX este ideal pentru sesiuni rapide.\",\"inLanguage\":\"ro-RO\",\"potentialAction\":[{\"@type\":\"ReadAction\",\"target\":[\"https:\/\/label.bet\/ro\/jetx\/\"]}]},{\"@type\":\"WebSite\",\"@id\":\"https:\/\/label.bet\/ro\/#website\",\"url\":\"https:\/\/label.bet\/ro\/\",\"name\":\"BetLabel\",\"description\":\"\",\"potentialAction\":[{\"@type\":\"SearchAction\",\"target\":{\"@type\":\"EntryPoint\",\"urlTemplate\":\"https:\/\/label.bet\/ro\/?s={search_term_string}\"},\"query-input\":{\"@type\":\"PropertyValueSpecification\",\"valueRequired\":true,\"valueName\":\"search_term_string\"}}],\"inLanguage\":\"ro-RO\"}]}<\/script>\n<!-- \/ Yoast SEO plugin. -->","yoast_head_json":{"title":"JetX la BetLabel Casino \u2611\ufe0f Joc Crash cu cote cresc\u00e2nde","description":"JetX de la BetLabel este un joc popular de tip crash \u00een care cotele cresc \u00een timp real. Afla\u021bi cum se joac\u0103, c\u00e2nd s\u0103 \u00eencasa\u021bi, ce strategii func\u021bioneaz\u0103 cel mai bine \u0219i de ce JetX este ideal pentru sesiuni rapide.","robots":{"index":"index","follow":"follow","max-snippet":"max-snippet:-1","max-image-preview":"max-image-preview:large","max-video-preview":"max-video-preview:-1"},"og_locale":"ro_RO","og_type":"article","og_title":"JetX la BetLabel Casino \u2611\ufe0f Joc Crash cu cote cresc\u00e2nde","og_description":"JetX de la BetLabel este un joc popular de tip crash \u00een care cotele cresc \u00een timp real. Afla\u021bi cum se joac\u0103, c\u00e2nd s\u0103 \u00eencasa\u021bi, ce strategii func\u021bioneaz\u0103 cel mai bine \u0219i de ce JetX este ideal pentru sesiuni rapide.","og_url":"https:\/\/label.bet\/ro\/jetx\/","og_site_name":"BetLabel","article_modified_time":"2026-02-19T17:13:10+00:00","twitter_card":"summary_large_image","schema":{"@context":"https:\/\/schema.org","@graph":[{"@type":"WebPage","@id":"https:\/\/label.bet\/ro\/jetx\/","url":"https:\/\/label.bet\/ro\/jetx\/","name":"JetX la BetLabel Casino \u2611\ufe0f Joc Crash cu cote cresc\u00e2nde","isPartOf":{"@id":"https:\/\/label.bet\/ro\/#website"},"datePublished":"2026-01-26T07:38:10+00:00","dateModified":"2026-02-19T17:13:10+00:00","description":"JetX de la BetLabel este un joc popular de tip crash \u00een care cotele cresc \u00een timp real. Afla\u021bi cum se joac\u0103, c\u00e2nd s\u0103 \u00eencasa\u021bi, ce strategii func\u021bioneaz\u0103 cel mai bine \u0219i de ce JetX este ideal pentru sesiuni rapide.","inLanguage":"ro-RO","potentialAction":[{"@type":"ReadAction","target":["https:\/\/label.bet\/ro\/jetx\/"]}]},{"@type":"WebSite","@id":"https:\/\/label.bet\/ro\/#website","url":"https:\/\/label.bet\/ro\/","name":"BetLabel","description":"","potentialAction":[{"@type":"SearchAction","target":{"@type":"EntryPoint","urlTemplate":"https:\/\/label.bet\/ro\/?s={search_term_string}"},"query-input":{"@type":"PropertyValueSpecification","valueRequired":true,"valueName":"search_term_string"}}],"inLanguage":"ro-RO"}]}},"_links":{"self":[{"href":"https:\/\/label.bet\/ro\/wp-json\/wp\/v2\/pages\/1842","targetHints":{"allow":["GET"]}}],"collection":[{"href":"https:\/\/label.bet\/ro\/wp-json\/wp\/v2\/pages"}],"about":[{"href":"https:\/\/label.bet\/ro\/wp-json\/wp\/v2\/types\/page"}],"author":[{"embeddable":true,"href":"https:\/\/label.bet\/ro\/wp-json\/wp\/v2\/users\/1"}],"replies":[{"embeddable":true,"href":"https:\/\/label.bet\/ro\/wp-json\/wp\/v2\/comments?post=1842"}],"version-history":[{"count":5,"href":"https:\/\/label.bet\/ro\/wp-json\/wp\/v2\/pages\/1842\/revisions"}],"predecessor-version":[{"id":1936,"href":"https:\/\/label.bet\/ro\/wp-json\/wp\/v2\/pages\/1842\/revisions\/1936"}],"wp:attachment":[{"href":"https:\/\/label.bet\/ro\/wp-json\/wp\/v2\/media?parent=1842"}],"curies":[{"name":"wp","href":"https:\/\/api.w.org\/{rel}","templated":true}]}}