{"id":1853,"date":"2026-01-26T11:30:26","date_gmt":"2026-01-26T08:30:26","guid":{"rendered":"https:\/\/label.bet\/ro\/?page_id=1853"},"modified":"2026-02-20T09:06:35","modified_gmt":"2026-02-20T06:06:35","slug":"aviator","status":"publish","type":"page","link":"https:\/\/label.bet\/ro\/aviator\/","title":{"rendered":"Aviator"},"content":{"rendered":"","protected":false},"excerpt":{"rendered":"","protected":false},"author":1,"featured_media":0,"parent":0,"menu_order":0,"comment_status":"closed","ping_status":"closed","template":"","meta":{"_acf_changed":false,"footnotes":""},"class_list":["post-1853","page","type-page","status-publish","hentry"],"acf":[],"yoast_head":"<!-- This site is optimized with the Yoast SEO plugin v26.5 - https:\/\/yoast.com\/wordpress\/plugins\/seo\/ -->\n<title>Joac\u0103 BetLabel Aviator \u1409 Zboar\u0103 sus \u0219i c\u00e2\u0219tig\u0103 p\u00e2n\u0103 la 10.000x!<\/title>\n<meta name=\"description\" content=\"P\u0103trunde\u021bi \u00een lumea aventurilor palpitante cu BetLabel Aviator! Sim\u021bi\u021bi adrenalina, paria\u021bi \u0219i c\u00e2\u0219tiga\u021bi p\u00e2n\u0103 la 10.000x! Profita\u021bi de \u0219ansa de a prinde norocul de coad\u0103.\" \/>\n<meta name=\"robots\" content=\"index, follow, max-snippet:-1, max-image-preview:large, max-video-preview:-1\" \/>\n<meta property=\"og:locale\" content=\"ro_RO\" \/>\n<meta property=\"og:type\" content=\"article\" \/>\n<meta property=\"og:title\" content=\"Joac\u0103 BetLabel Aviator \u1409 Zboar\u0103 sus \u0219i c\u00e2\u0219tig\u0103 p\u00e2n\u0103 la 10.000x!\" \/>\n<meta property=\"og:description\" content=\"P\u0103trunde\u021bi \u00een lumea aventurilor palpitante cu BetLabel Aviator! Sim\u021bi\u021bi adrenalina, paria\u021bi \u0219i c\u00e2\u0219tiga\u021bi p\u00e2n\u0103 la 10.000x! Profita\u021bi de \u0219ansa de a prinde norocul de coad\u0103.\" \/>\n<meta property=\"og:url\" content=\"https:\/\/label.bet\/ro\/aviator\/\" \/>\n<meta property=\"og:site_name\" content=\"BetLabel\" \/>\n<meta property=\"article:modified_time\" content=\"2026-02-20T06:06:35+00:00\" \/>\n<meta name=\"twitter:card\" content=\"summary_large_image\" \/>\n<script type=\"application\/ld+json\" class=\"yoast-schema-graph\">{\"@context\":\"https:\/\/schema.org\",\"@graph\":[{\"@type\":\"WebPage\",\"@id\":\"https:\/\/label.bet\/ro\/aviator\/\",\"url\":\"https:\/\/label.bet\/ro\/aviator\/\",\"name\":\"Joac\u0103 BetLabel Aviator \u1409 Zboar\u0103 sus \u0219i c\u00e2\u0219tig\u0103 p\u00e2n\u0103 la 10.000x!\",\"isPartOf\":{\"@id\":\"https:\/\/label.bet\/ro\/#website\"},\"datePublished\":\"2026-01-26T08:30:26+00:00\",\"dateModified\":\"2026-02-20T06:06:35+00:00\",\"description\":\"P\u0103trunde\u021bi \u00een lumea aventurilor palpitante cu BetLabel Aviator! Sim\u021bi\u021bi adrenalina, paria\u021bi \u0219i c\u00e2\u0219tiga\u021bi p\u00e2n\u0103 la 10.000x! Profita\u021bi de \u0219ansa de a prinde norocul de coad\u0103.\",\"inLanguage\":\"ro-RO\",\"potentialAction\":[{\"@type\":\"ReadAction\",\"target\":[\"https:\/\/label.bet\/ro\/aviator\/\"]}]},{\"@type\":\"WebSite\",\"@id\":\"https:\/\/label.bet\/ro\/#website\",\"url\":\"https:\/\/label.bet\/ro\/\",\"name\":\"BetLabel\",\"description\":\"\",\"potentialAction\":[{\"@type\":\"SearchAction\",\"target\":{\"@type\":\"EntryPoint\",\"urlTemplate\":\"https:\/\/label.bet\/ro\/?s={search_term_string}\"},\"query-input\":{\"@type\":\"PropertyValueSpecification\",\"valueRequired\":true,\"valueName\":\"search_term_string\"}}],\"inLanguage\":\"ro-RO\"}]}<\/script>\n<!-- \/ Yoast SEO plugin. -->","yoast_head_json":{"title":"Joac\u0103 BetLabel Aviator \u1409 Zboar\u0103 sus \u0219i c\u00e2\u0219tig\u0103 p\u00e2n\u0103 la 10.000x!","description":"P\u0103trunde\u021bi \u00een lumea aventurilor palpitante cu BetLabel Aviator! Sim\u021bi\u021bi adrenalina, paria\u021bi \u0219i c\u00e2\u0219tiga\u021bi p\u00e2n\u0103 la 10.000x! Profita\u021bi de \u0219ansa de a prinde norocul de coad\u0103.","robots":{"index":"index","follow":"follow","max-snippet":"max-snippet:-1","max-image-preview":"max-image-preview:large","max-video-preview":"max-video-preview:-1"},"og_locale":"ro_RO","og_type":"article","og_title":"Joac\u0103 BetLabel Aviator \u1409 Zboar\u0103 sus \u0219i c\u00e2\u0219tig\u0103 p\u00e2n\u0103 la 10.000x!","og_description":"P\u0103trunde\u021bi \u00een lumea aventurilor palpitante cu BetLabel Aviator! Sim\u021bi\u021bi adrenalina, paria\u021bi \u0219i c\u00e2\u0219tiga\u021bi p\u00e2n\u0103 la 10.000x! Profita\u021bi de \u0219ansa de a prinde norocul de coad\u0103.","og_url":"https:\/\/label.bet\/ro\/aviator\/","og_site_name":"BetLabel","article_modified_time":"2026-02-20T06:06:35+00:00","twitter_card":"summary_large_image","schema":{"@context":"https:\/\/schema.org","@graph":[{"@type":"WebPage","@id":"https:\/\/label.bet\/ro\/aviator\/","url":"https:\/\/label.bet\/ro\/aviator\/","name":"Joac\u0103 BetLabel Aviator \u1409 Zboar\u0103 sus \u0219i c\u00e2\u0219tig\u0103 p\u00e2n\u0103 la 10.000x!","isPartOf":{"@id":"https:\/\/label.bet\/ro\/#website"},"datePublished":"2026-01-26T08:30:26+00:00","dateModified":"2026-02-20T06:06:35+00:00","description":"P\u0103trunde\u021bi \u00een lumea aventurilor palpitante cu BetLabel Aviator! Sim\u021bi\u021bi adrenalina, paria\u021bi \u0219i c\u00e2\u0219tiga\u021bi p\u00e2n\u0103 la 10.000x! Profita\u021bi de \u0219ansa de a prinde norocul de coad\u0103.","inLanguage":"ro-RO","potentialAction":[{"@type":"ReadAction","target":["https:\/\/label.bet\/ro\/aviator\/"]}]},{"@type":"WebSite","@id":"https:\/\/label.bet\/ro\/#website","url":"https:\/\/label.bet\/ro\/","name":"BetLabel","description":"","potentialAction":[{"@type":"SearchAction","target":{"@type":"EntryPoint","urlTemplate":"https:\/\/label.bet\/ro\/?s={search_term_string}"},"query-input":{"@type":"PropertyValueSpecification","valueRequired":true,"valueName":"search_term_string"}}],"inLanguage":"ro-RO"}]}},"_links":{"self":[{"href":"https:\/\/label.bet\/ro\/wp-json\/wp\/v2\/pages\/1853","targetHints":{"allow":["GET"]}}],"collection":[{"href":"https:\/\/label.bet\/ro\/wp-json\/wp\/v2\/pages"}],"about":[{"href":"https:\/\/label.bet\/ro\/wp-json\/wp\/v2\/types\/page"}],"author":[{"embeddable":true,"href":"https:\/\/label.bet\/ro\/wp-json\/wp\/v2\/users\/1"}],"replies":[{"embeddable":true,"href":"https:\/\/label.bet\/ro\/wp-json\/wp\/v2\/comments?post=1853"}],"version-history":[{"count":5,"href":"https:\/\/label.bet\/ro\/wp-json\/wp\/v2\/pages\/1853\/revisions"}],"predecessor-version":[{"id":1963,"href":"https:\/\/label.bet\/ro\/wp-json\/wp\/v2\/pages\/1853\/revisions\/1963"}],"wp:attachment":[{"href":"https:\/\/label.bet\/ro\/wp-json\/wp\/v2\/media?parent=1853"}],"curies":[{"name":"wp","href":"https:\/\/api.w.org\/{rel}","templated":true}]}}