{"id":2024,"date":"2026-03-16T10:14:38","date_gmt":"2026-03-16T07:14:38","guid":{"rendered":"https:\/\/label.bet\/?page_id=1999"},"modified":"2026-03-27T18:24:37","modified_gmt":"2026-03-27T15:24:37","slug":"first-deposit","status":"publish","type":"page","link":"https:\/\/label.bet\/ro\/first-deposit\/","title":{"rendered":"Prima depunere"},"content":{"rendered":"","protected":false},"excerpt":{"rendered":"","protected":false},"author":1,"featured_media":0,"parent":0,"menu_order":0,"comment_status":"closed","ping_status":"closed","template":"","meta":{"_acf_changed":false,"footnotes":""},"class_list":["post-2024","page","type-page","status-publish","hentry"],"acf":[],"yoast_head":"<!-- This site is optimized with the Yoast SEO plugin v26.5 - https:\/\/yoast.com\/wordpress\/plugins\/seo\/ -->\n<title>BetLabel Bonus de 100% la prima depunere, de p\u00e2n\u0103 la 500 RON<\/title>\n<meta name=\"description\" content=\"\u00censcrie-te la BetLabel \u0219i prime\u0219ti un bonus de 100% la prima depunere, de p\u00e2n\u0103 la 500 RON. Dubleaz\u0103-\u021bi fondurile, plaseaz\u0103 pariuri \u0219i \u00eencepe s\u0103 joci chiar azi cu oferta de bun venit de la BetLabel.\" \/>\n<meta name=\"robots\" content=\"index, follow, max-snippet:-1, max-image-preview:large, max-video-preview:-1\" \/>\n<meta property=\"og:locale\" content=\"ro_RO\" \/>\n<meta property=\"og:type\" content=\"article\" \/>\n<meta property=\"og:title\" content=\"BetLabel Bonus de 100% la prima depunere, de p\u00e2n\u0103 la 500 RON\" \/>\n<meta property=\"og:description\" content=\"\u00censcrie-te la BetLabel \u0219i prime\u0219ti un bonus de 100% la prima depunere, de p\u00e2n\u0103 la 500 RON. Dubleaz\u0103-\u021bi fondurile, plaseaz\u0103 pariuri \u0219i \u00eencepe s\u0103 joci chiar azi cu oferta de bun venit de la BetLabel.\" \/>\n<meta property=\"og:url\" content=\"https:\/\/label.bet\/ro\/first-deposit\/\" \/>\n<meta property=\"og:site_name\" content=\"BetLabel\" \/>\n<meta property=\"article:modified_time\" content=\"2026-03-27T15:24:37+00:00\" \/>\n<meta name=\"twitter:card\" content=\"summary_large_image\" \/>\n<script type=\"application\/ld+json\" class=\"yoast-schema-graph\">{\"@context\":\"https:\/\/schema.org\",\"@graph\":[{\"@type\":\"WebPage\",\"@id\":\"https:\/\/label.bet\/ro\/first-deposit\/\",\"url\":\"https:\/\/label.bet\/ro\/first-deposit\/\",\"name\":\"BetLabel Bonus de 100% la prima depunere, de p\u00e2n\u0103 la 500 RON\",\"isPartOf\":{\"@id\":\"https:\/\/label.bet\/ro\/#website\"},\"datePublished\":\"2026-03-16T07:14:38+00:00\",\"dateModified\":\"2026-03-27T15:24:37+00:00\",\"description\":\"\u00censcrie-te la BetLabel \u0219i prime\u0219ti un bonus de 100% la prima depunere, de p\u00e2n\u0103 la 500 RON. Dubleaz\u0103-\u021bi fondurile, plaseaz\u0103 pariuri \u0219i \u00eencepe s\u0103 joci chiar azi cu oferta de bun venit de la BetLabel.\",\"inLanguage\":\"ro-RO\",\"potentialAction\":[{\"@type\":\"ReadAction\",\"target\":[\"https:\/\/label.bet\/ro\/first-deposit\/\"]}]},{\"@type\":\"WebSite\",\"@id\":\"https:\/\/label.bet\/ro\/#website\",\"url\":\"https:\/\/label.bet\/ro\/\",\"name\":\"BetLabel\",\"description\":\"\",\"potentialAction\":[{\"@type\":\"SearchAction\",\"target\":{\"@type\":\"EntryPoint\",\"urlTemplate\":\"https:\/\/label.bet\/ro\/?s={search_term_string}\"},\"query-input\":{\"@type\":\"PropertyValueSpecification\",\"valueRequired\":true,\"valueName\":\"search_term_string\"}}],\"inLanguage\":\"ro-RO\"}]}<\/script>\n<!-- \/ Yoast SEO plugin. -->","yoast_head_json":{"title":"BetLabel Bonus de 100% la prima depunere, de p\u00e2n\u0103 la 500 RON","description":"\u00censcrie-te la BetLabel \u0219i prime\u0219ti un bonus de 100% la prima depunere, de p\u00e2n\u0103 la 500 RON. Dubleaz\u0103-\u021bi fondurile, plaseaz\u0103 pariuri \u0219i \u00eencepe s\u0103 joci chiar azi cu oferta de bun venit de la BetLabel.","robots":{"index":"index","follow":"follow","max-snippet":"max-snippet:-1","max-image-preview":"max-image-preview:large","max-video-preview":"max-video-preview:-1"},"og_locale":"ro_RO","og_type":"article","og_title":"BetLabel Bonus de 100% la prima depunere, de p\u00e2n\u0103 la 500 RON","og_description":"\u00censcrie-te la BetLabel \u0219i prime\u0219ti un bonus de 100% la prima depunere, de p\u00e2n\u0103 la 500 RON. Dubleaz\u0103-\u021bi fondurile, plaseaz\u0103 pariuri \u0219i \u00eencepe s\u0103 joci chiar azi cu oferta de bun venit de la BetLabel.","og_url":"https:\/\/label.bet\/ro\/first-deposit\/","og_site_name":"BetLabel","article_modified_time":"2026-03-27T15:24:37+00:00","twitter_card":"summary_large_image","schema":{"@context":"https:\/\/schema.org","@graph":[{"@type":"WebPage","@id":"https:\/\/label.bet\/ro\/first-deposit\/","url":"https:\/\/label.bet\/ro\/first-deposit\/","name":"BetLabel Bonus de 100% la prima depunere, de p\u00e2n\u0103 la 500 RON","isPartOf":{"@id":"https:\/\/label.bet\/ro\/#website"},"datePublished":"2026-03-16T07:14:38+00:00","dateModified":"2026-03-27T15:24:37+00:00","description":"\u00censcrie-te la BetLabel \u0219i prime\u0219ti un bonus de 100% la prima depunere, de p\u00e2n\u0103 la 500 RON. Dubleaz\u0103-\u021bi fondurile, plaseaz\u0103 pariuri \u0219i \u00eencepe s\u0103 joci chiar azi cu oferta de bun venit de la BetLabel.","inLanguage":"ro-RO","potentialAction":[{"@type":"ReadAction","target":["https:\/\/label.bet\/ro\/first-deposit\/"]}]},{"@type":"WebSite","@id":"https:\/\/label.bet\/ro\/#website","url":"https:\/\/label.bet\/ro\/","name":"BetLabel","description":"","potentialAction":[{"@type":"SearchAction","target":{"@type":"EntryPoint","urlTemplate":"https:\/\/label.bet\/ro\/?s={search_term_string}"},"query-input":{"@type":"PropertyValueSpecification","valueRequired":true,"valueName":"search_term_string"}}],"inLanguage":"ro-RO"}]}},"_links":{"self":[{"href":"https:\/\/label.bet\/ro\/wp-json\/wp\/v2\/pages\/2024","targetHints":{"allow":["GET"]}}],"collection":[{"href":"https:\/\/label.bet\/ro\/wp-json\/wp\/v2\/pages"}],"about":[{"href":"https:\/\/label.bet\/ro\/wp-json\/wp\/v2\/types\/page"}],"author":[{"embeddable":true,"href":"https:\/\/label.bet\/ro\/wp-json\/wp\/v2\/users\/1"}],"replies":[{"embeddable":true,"href":"https:\/\/label.bet\/ro\/wp-json\/wp\/v2\/comments?post=2024"}],"version-history":[{"count":2,"href":"https:\/\/label.bet\/ro\/wp-json\/wp\/v2\/pages\/2024\/revisions"}],"predecessor-version":[{"id":2073,"href":"https:\/\/label.bet\/ro\/wp-json\/wp\/v2\/pages\/2024\/revisions\/2073"}],"wp:attachment":[{"href":"https:\/\/label.bet\/ro\/wp-json\/wp\/v2\/media?parent=2024"}],"curies":[{"name":"wp","href":"https:\/\/api.w.org\/{rel}","templated":true}]}}