{"id":2028,"date":"2026-03-16T11:01:19","date_gmt":"2026-03-16T08:01:19","guid":{"rendered":"https:\/\/label.bet\/?page_id=2008"},"modified":"2026-03-27T18:14:25","modified_gmt":"2026-03-27T15:14:25","slug":"free-bet","status":"publish","type":"page","link":"https:\/\/label.bet\/ro\/free-bet\/","title":{"rendered":"Pariu gratuit"},"content":{"rendered":"","protected":false},"excerpt":{"rendered":"","protected":false},"author":1,"featured_media":0,"parent":0,"menu_order":0,"comment_status":"closed","ping_status":"closed","template":"","meta":{"_acf_changed":false,"footnotes":""},"class_list":["post-2028","page","type-page","status-publish","hentry"],"acf":[],"yoast_head":"<!-- This site is optimized with the Yoast SEO plugin v26.5 - https:\/\/yoast.com\/wordpress\/plugins\/seo\/ -->\n<title>BetLabel: 15% pariu gratuit la prima depunere \u2013 Revendic\u0103 bonusul<\/title>\n<meta name=\"description\" content=\"Efectueaz\u0103 prima ta depunere la BetLabel \u0219i prime\u0219ti un pariu gratuit de 15% din valoarea depunerii. \u00censcrie-te ast\u0103zi \u0219i \u00eembun\u0103t\u0103\u021be\u0219te-\u021bi experien\u021ba de pariuri sportive cu un pariu suplimentar.\" \/>\n<meta name=\"robots\" content=\"index, follow, max-snippet:-1, max-image-preview:large, max-video-preview:-1\" \/>\n<meta property=\"og:locale\" content=\"ro_RO\" \/>\n<meta property=\"og:type\" content=\"article\" \/>\n<meta property=\"og:title\" content=\"BetLabel: 15% pariu gratuit la prima depunere \u2013 Revendic\u0103 bonusul\" \/>\n<meta property=\"og:description\" content=\"Efectueaz\u0103 prima ta depunere la BetLabel \u0219i prime\u0219ti un pariu gratuit de 15% din valoarea depunerii. \u00censcrie-te ast\u0103zi \u0219i \u00eembun\u0103t\u0103\u021be\u0219te-\u021bi experien\u021ba de pariuri sportive cu un pariu suplimentar.\" \/>\n<meta property=\"og:url\" content=\"https:\/\/label.bet\/ro\/free-bet\/\" \/>\n<meta property=\"og:site_name\" content=\"BetLabel\" \/>\n<meta property=\"article:modified_time\" content=\"2026-03-27T15:14:25+00:00\" \/>\n<meta name=\"twitter:card\" content=\"summary_large_image\" \/>\n<script type=\"application\/ld+json\" class=\"yoast-schema-graph\">{\"@context\":\"https:\/\/schema.org\",\"@graph\":[{\"@type\":\"WebPage\",\"@id\":\"https:\/\/label.bet\/ro\/free-bet\/\",\"url\":\"https:\/\/label.bet\/ro\/free-bet\/\",\"name\":\"BetLabel: 15% pariu gratuit la prima depunere \u2013 Revendic\u0103 bonusul\",\"isPartOf\":{\"@id\":\"https:\/\/label.bet\/ro\/#website\"},\"datePublished\":\"2026-03-16T08:01:19+00:00\",\"dateModified\":\"2026-03-27T15:14:25+00:00\",\"description\":\"Efectueaz\u0103 prima ta depunere la BetLabel \u0219i prime\u0219ti un pariu gratuit de 15% din valoarea depunerii. \u00censcrie-te ast\u0103zi \u0219i \u00eembun\u0103t\u0103\u021be\u0219te-\u021bi experien\u021ba de pariuri sportive cu un pariu suplimentar.\",\"inLanguage\":\"ro-RO\",\"potentialAction\":[{\"@type\":\"ReadAction\",\"target\":[\"https:\/\/label.bet\/ro\/free-bet\/\"]}]},{\"@type\":\"WebSite\",\"@id\":\"https:\/\/label.bet\/ro\/#website\",\"url\":\"https:\/\/label.bet\/ro\/\",\"name\":\"BetLabel\",\"description\":\"\",\"potentialAction\":[{\"@type\":\"SearchAction\",\"target\":{\"@type\":\"EntryPoint\",\"urlTemplate\":\"https:\/\/label.bet\/ro\/?s={search_term_string}\"},\"query-input\":{\"@type\":\"PropertyValueSpecification\",\"valueRequired\":true,\"valueName\":\"search_term_string\"}}],\"inLanguage\":\"ro-RO\"}]}<\/script>\n<!-- \/ Yoast SEO plugin. -->","yoast_head_json":{"title":"BetLabel: 15% pariu gratuit la prima depunere \u2013 Revendic\u0103 bonusul","description":"Efectueaz\u0103 prima ta depunere la BetLabel \u0219i prime\u0219ti un pariu gratuit de 15% din valoarea depunerii. \u00censcrie-te ast\u0103zi \u0219i \u00eembun\u0103t\u0103\u021be\u0219te-\u021bi experien\u021ba de pariuri sportive cu un pariu suplimentar.","robots":{"index":"index","follow":"follow","max-snippet":"max-snippet:-1","max-image-preview":"max-image-preview:large","max-video-preview":"max-video-preview:-1"},"og_locale":"ro_RO","og_type":"article","og_title":"BetLabel: 15% pariu gratuit la prima depunere \u2013 Revendic\u0103 bonusul","og_description":"Efectueaz\u0103 prima ta depunere la BetLabel \u0219i prime\u0219ti un pariu gratuit de 15% din valoarea depunerii. \u00censcrie-te ast\u0103zi \u0219i \u00eembun\u0103t\u0103\u021be\u0219te-\u021bi experien\u021ba de pariuri sportive cu un pariu suplimentar.","og_url":"https:\/\/label.bet\/ro\/free-bet\/","og_site_name":"BetLabel","article_modified_time":"2026-03-27T15:14:25+00:00","twitter_card":"summary_large_image","schema":{"@context":"https:\/\/schema.org","@graph":[{"@type":"WebPage","@id":"https:\/\/label.bet\/ro\/free-bet\/","url":"https:\/\/label.bet\/ro\/free-bet\/","name":"BetLabel: 15% pariu gratuit la prima depunere \u2013 Revendic\u0103 bonusul","isPartOf":{"@id":"https:\/\/label.bet\/ro\/#website"},"datePublished":"2026-03-16T08:01:19+00:00","dateModified":"2026-03-27T15:14:25+00:00","description":"Efectueaz\u0103 prima ta depunere la BetLabel \u0219i prime\u0219ti un pariu gratuit de 15% din valoarea depunerii. \u00censcrie-te ast\u0103zi \u0219i \u00eembun\u0103t\u0103\u021be\u0219te-\u021bi experien\u021ba de pariuri sportive cu un pariu suplimentar.","inLanguage":"ro-RO","potentialAction":[{"@type":"ReadAction","target":["https:\/\/label.bet\/ro\/free-bet\/"]}]},{"@type":"WebSite","@id":"https:\/\/label.bet\/ro\/#website","url":"https:\/\/label.bet\/ro\/","name":"BetLabel","description":"","potentialAction":[{"@type":"SearchAction","target":{"@type":"EntryPoint","urlTemplate":"https:\/\/label.bet\/ro\/?s={search_term_string}"},"query-input":{"@type":"PropertyValueSpecification","valueRequired":true,"valueName":"search_term_string"}}],"inLanguage":"ro-RO"}]}},"_links":{"self":[{"href":"https:\/\/label.bet\/ro\/wp-json\/wp\/v2\/pages\/2028","targetHints":{"allow":["GET"]}}],"collection":[{"href":"https:\/\/label.bet\/ro\/wp-json\/wp\/v2\/pages"}],"about":[{"href":"https:\/\/label.bet\/ro\/wp-json\/wp\/v2\/types\/page"}],"author":[{"embeddable":true,"href":"https:\/\/label.bet\/ro\/wp-json\/wp\/v2\/users\/1"}],"replies":[{"embeddable":true,"href":"https:\/\/label.bet\/ro\/wp-json\/wp\/v2\/comments?post=2028"}],"version-history":[{"count":2,"href":"https:\/\/label.bet\/ro\/wp-json\/wp\/v2\/pages\/2028\/revisions"}],"predecessor-version":[{"id":2068,"href":"https:\/\/label.bet\/ro\/wp-json\/wp\/v2\/pages\/2028\/revisions\/2068"}],"wp:attachment":[{"href":"https:\/\/label.bet\/ro\/wp-json\/wp\/v2\/media?parent=2028"}],"curies":[{"name":"wp","href":"https:\/\/api.w.org\/{rel}","templated":true}]}}