{"id":2033,"date":"2026-03-16T12:21:51","date_gmt":"2026-03-16T09:21:51","guid":{"rendered":"https:\/\/label.bet\/?page_id=2016"},"modified":"2026-03-27T18:08:14","modified_gmt":"2026-03-27T15:08:14","slug":"bonus-app","status":"publish","type":"page","link":"https:\/\/label.bet\/ro\/bonus-app\/","title":{"rendered":"Bonus pentru aplica\u021bia mobil\u0103"},"content":{"rendered":"","protected":false},"excerpt":{"rendered":"","protected":false},"author":1,"featured_media":0,"parent":0,"menu_order":0,"comment_status":"closed","ping_status":"closed","template":"","meta":{"_acf_changed":false,"footnotes":""},"class_list":["post-2033","page","type-page","status-publish","hentry"],"acf":[],"yoast_head":"<!-- This site is optimized with the Yoast SEO plugin v26.5 - https:\/\/yoast.com\/wordpress\/plugins\/seo\/ -->\n<title>Bonusul aplica\u021biei BetLabel \u2013 Prime\u0219te p\u00e2n\u0103 la 1275 RON<\/title>\n<meta name=\"description\" content=\"Plasa\u021bi-v\u0103 pariurile prin aplica\u021bia mobil\u0103 BetLabel \u0219i primi\u021bi un bonus lunar de p\u00e2n\u0103 la 1275 RON. R\u0103m\u00e2ne\u021bi activi, paria\u021bi de pe telefon \u0219i bucura\u021bi-v\u0103 de recompense exclusive oferite de aplica\u021bie.\" \/>\n<meta name=\"robots\" content=\"index, follow, max-snippet:-1, max-image-preview:large, max-video-preview:-1\" \/>\n<meta property=\"og:locale\" content=\"ro_RO\" \/>\n<meta property=\"og:type\" content=\"article\" \/>\n<meta property=\"og:title\" content=\"Bonusul aplica\u021biei BetLabel \u2013 Prime\u0219te p\u00e2n\u0103 la 1275 RON\" \/>\n<meta property=\"og:description\" content=\"Plasa\u021bi-v\u0103 pariurile prin aplica\u021bia mobil\u0103 BetLabel \u0219i primi\u021bi un bonus lunar de p\u00e2n\u0103 la 1275 RON. R\u0103m\u00e2ne\u021bi activi, paria\u021bi de pe telefon \u0219i bucura\u021bi-v\u0103 de recompense exclusive oferite de aplica\u021bie.\" \/>\n<meta property=\"og:url\" content=\"https:\/\/label.bet\/ro\/bonus-app\/\" \/>\n<meta property=\"og:site_name\" content=\"BetLabel\" \/>\n<meta property=\"article:modified_time\" content=\"2026-03-27T15:08:14+00:00\" \/>\n<meta name=\"twitter:card\" content=\"summary_large_image\" \/>\n<script type=\"application\/ld+json\" class=\"yoast-schema-graph\">{\"@context\":\"https:\/\/schema.org\",\"@graph\":[{\"@type\":\"WebPage\",\"@id\":\"https:\/\/label.bet\/ro\/bonus-app\/\",\"url\":\"https:\/\/label.bet\/ro\/bonus-app\/\",\"name\":\"Bonusul aplica\u021biei BetLabel \u2013 Prime\u0219te p\u00e2n\u0103 la 1275 RON\",\"isPartOf\":{\"@id\":\"https:\/\/label.bet\/ro\/#website\"},\"datePublished\":\"2026-03-16T09:21:51+00:00\",\"dateModified\":\"2026-03-27T15:08:14+00:00\",\"description\":\"Plasa\u021bi-v\u0103 pariurile prin aplica\u021bia mobil\u0103 BetLabel \u0219i primi\u021bi un bonus lunar de p\u00e2n\u0103 la 1275 RON. R\u0103m\u00e2ne\u021bi activi, paria\u021bi de pe telefon \u0219i bucura\u021bi-v\u0103 de recompense exclusive oferite de aplica\u021bie.\",\"inLanguage\":\"ro-RO\",\"potentialAction\":[{\"@type\":\"ReadAction\",\"target\":[\"https:\/\/label.bet\/ro\/bonus-app\/\"]}]},{\"@type\":\"WebSite\",\"@id\":\"https:\/\/label.bet\/ro\/#website\",\"url\":\"https:\/\/label.bet\/ro\/\",\"name\":\"BetLabel\",\"description\":\"\",\"potentialAction\":[{\"@type\":\"SearchAction\",\"target\":{\"@type\":\"EntryPoint\",\"urlTemplate\":\"https:\/\/label.bet\/ro\/?s={search_term_string}\"},\"query-input\":{\"@type\":\"PropertyValueSpecification\",\"valueRequired\":true,\"valueName\":\"search_term_string\"}}],\"inLanguage\":\"ro-RO\"}]}<\/script>\n<!-- \/ Yoast SEO plugin. -->","yoast_head_json":{"title":"Bonusul aplica\u021biei BetLabel \u2013 Prime\u0219te p\u00e2n\u0103 la 1275 RON","description":"Plasa\u021bi-v\u0103 pariurile prin aplica\u021bia mobil\u0103 BetLabel \u0219i primi\u021bi un bonus lunar de p\u00e2n\u0103 la 1275 RON. R\u0103m\u00e2ne\u021bi activi, paria\u021bi de pe telefon \u0219i bucura\u021bi-v\u0103 de recompense exclusive oferite de aplica\u021bie.","robots":{"index":"index","follow":"follow","max-snippet":"max-snippet:-1","max-image-preview":"max-image-preview:large","max-video-preview":"max-video-preview:-1"},"og_locale":"ro_RO","og_type":"article","og_title":"Bonusul aplica\u021biei BetLabel \u2013 Prime\u0219te p\u00e2n\u0103 la 1275 RON","og_description":"Plasa\u021bi-v\u0103 pariurile prin aplica\u021bia mobil\u0103 BetLabel \u0219i primi\u021bi un bonus lunar de p\u00e2n\u0103 la 1275 RON. R\u0103m\u00e2ne\u021bi activi, paria\u021bi de pe telefon \u0219i bucura\u021bi-v\u0103 de recompense exclusive oferite de aplica\u021bie.","og_url":"https:\/\/label.bet\/ro\/bonus-app\/","og_site_name":"BetLabel","article_modified_time":"2026-03-27T15:08:14+00:00","twitter_card":"summary_large_image","schema":{"@context":"https:\/\/schema.org","@graph":[{"@type":"WebPage","@id":"https:\/\/label.bet\/ro\/bonus-app\/","url":"https:\/\/label.bet\/ro\/bonus-app\/","name":"Bonusul aplica\u021biei BetLabel \u2013 Prime\u0219te p\u00e2n\u0103 la 1275 RON","isPartOf":{"@id":"https:\/\/label.bet\/ro\/#website"},"datePublished":"2026-03-16T09:21:51+00:00","dateModified":"2026-03-27T15:08:14+00:00","description":"Plasa\u021bi-v\u0103 pariurile prin aplica\u021bia mobil\u0103 BetLabel \u0219i primi\u021bi un bonus lunar de p\u00e2n\u0103 la 1275 RON. R\u0103m\u00e2ne\u021bi activi, paria\u021bi de pe telefon \u0219i bucura\u021bi-v\u0103 de recompense exclusive oferite de aplica\u021bie.","inLanguage":"ro-RO","potentialAction":[{"@type":"ReadAction","target":["https:\/\/label.bet\/ro\/bonus-app\/"]}]},{"@type":"WebSite","@id":"https:\/\/label.bet\/ro\/#website","url":"https:\/\/label.bet\/ro\/","name":"BetLabel","description":"","potentialAction":[{"@type":"SearchAction","target":{"@type":"EntryPoint","urlTemplate":"https:\/\/label.bet\/ro\/?s={search_term_string}"},"query-input":{"@type":"PropertyValueSpecification","valueRequired":true,"valueName":"search_term_string"}}],"inLanguage":"ro-RO"}]}},"_links":{"self":[{"href":"https:\/\/label.bet\/ro\/wp-json\/wp\/v2\/pages\/2033","targetHints":{"allow":["GET"]}}],"collection":[{"href":"https:\/\/label.bet\/ro\/wp-json\/wp\/v2\/pages"}],"about":[{"href":"https:\/\/label.bet\/ro\/wp-json\/wp\/v2\/types\/page"}],"author":[{"embeddable":true,"href":"https:\/\/label.bet\/ro\/wp-json\/wp\/v2\/users\/1"}],"replies":[{"embeddable":true,"href":"https:\/\/label.bet\/ro\/wp-json\/wp\/v2\/comments?post=2033"}],"version-history":[{"count":3,"href":"https:\/\/label.bet\/ro\/wp-json\/wp\/v2\/pages\/2033\/revisions"}],"predecessor-version":[{"id":2064,"href":"https:\/\/label.bet\/ro\/wp-json\/wp\/v2\/pages\/2033\/revisions\/2064"}],"wp:attachment":[{"href":"https:\/\/label.bet\/ro\/wp-json\/wp\/v2\/media?parent=2033"}],"curies":[{"name":"wp","href":"https:\/\/api.w.org\/{rel}","templated":true}]}}