{"id":2036,"date":"2026-03-16T12:48:19","date_gmt":"2026-03-16T09:48:19","guid":{"rendered":"https:\/\/label.bet\/?page_id=2022"},"modified":"2026-03-27T17:56:45","modified_gmt":"2026-03-27T14:56:45","slug":"wednesday-bonus","status":"publish","type":"page","link":"https:\/\/label.bet\/ro\/wednesday-bonus\/","title":{"rendered":"Bonusul de miercuri"},"content":{"rendered":"","protected":false},"excerpt":{"rendered":"","protected":false},"author":1,"featured_media":0,"parent":0,"menu_order":0,"comment_status":"closed","ping_status":"closed","template":"","meta":{"_acf_changed":false,"footnotes":""},"class_list":["post-2036","page","type-page","status-publish","hentry"],"acf":[],"yoast_head":"<!-- This site is optimized with the Yoast SEO plugin v26.5 - https:\/\/yoast.com\/wordpress\/plugins\/seo\/ -->\n<title>Bonus BetLabel de 50% \u00een fiecare miercuri \u2013 P\u00e2n\u0103 la 1500 RON<\/title>\n<meta name=\"description\" content=\"Efectueaz\u0103 o depunere miercurea la BetLabel \u0219i prime\u0219ti un bonus de 50% p\u00e2n\u0103 la 1.500 RON. M\u0103re\u0219te-\u021bi fondurile de joc la mijlocul s\u0103pt\u0103m\u00e2nii \u0219i bucur\u0103-te de fonduri suplimentare pentru pariuri sportive \u00een fiecare miercuri.\" \/>\n<meta name=\"robots\" content=\"index, follow, max-snippet:-1, max-image-preview:large, max-video-preview:-1\" \/>\n<meta property=\"og:locale\" content=\"ro_RO\" \/>\n<meta property=\"og:type\" content=\"article\" \/>\n<meta property=\"og:title\" content=\"Bonus BetLabel de 50% \u00een fiecare miercuri \u2013 P\u00e2n\u0103 la 1500 RON\" \/>\n<meta property=\"og:description\" content=\"Efectueaz\u0103 o depunere miercurea la BetLabel \u0219i prime\u0219ti un bonus de 50% p\u00e2n\u0103 la 1.500 RON. M\u0103re\u0219te-\u021bi fondurile de joc la mijlocul s\u0103pt\u0103m\u00e2nii \u0219i bucur\u0103-te de fonduri suplimentare pentru pariuri sportive \u00een fiecare miercuri.\" \/>\n<meta property=\"og:url\" content=\"https:\/\/label.bet\/ro\/wednesday-bonus\/\" \/>\n<meta property=\"og:site_name\" content=\"BetLabel\" \/>\n<meta property=\"article:modified_time\" content=\"2026-03-27T14:56:45+00:00\" \/>\n<meta name=\"twitter:card\" content=\"summary_large_image\" \/>\n<script type=\"application\/ld+json\" class=\"yoast-schema-graph\">{\"@context\":\"https:\/\/schema.org\",\"@graph\":[{\"@type\":\"WebPage\",\"@id\":\"https:\/\/label.bet\/ro\/wednesday-bonus\/\",\"url\":\"https:\/\/label.bet\/ro\/wednesday-bonus\/\",\"name\":\"Bonus BetLabel de 50% \u00een fiecare miercuri \u2013 P\u00e2n\u0103 la 1500 RON\",\"isPartOf\":{\"@id\":\"https:\/\/label.bet\/ro\/#website\"},\"datePublished\":\"2026-03-16T09:48:19+00:00\",\"dateModified\":\"2026-03-27T14:56:45+00:00\",\"description\":\"Efectueaz\u0103 o depunere miercurea la BetLabel \u0219i prime\u0219ti un bonus de 50% p\u00e2n\u0103 la 1.500 RON. M\u0103re\u0219te-\u021bi fondurile de joc la mijlocul s\u0103pt\u0103m\u00e2nii \u0219i bucur\u0103-te de fonduri suplimentare pentru pariuri sportive \u00een fiecare miercuri.\",\"inLanguage\":\"ro-RO\",\"potentialAction\":[{\"@type\":\"ReadAction\",\"target\":[\"https:\/\/label.bet\/ro\/wednesday-bonus\/\"]}]},{\"@type\":\"WebSite\",\"@id\":\"https:\/\/label.bet\/ro\/#website\",\"url\":\"https:\/\/label.bet\/ro\/\",\"name\":\"BetLabel\",\"description\":\"\",\"potentialAction\":[{\"@type\":\"SearchAction\",\"target\":{\"@type\":\"EntryPoint\",\"urlTemplate\":\"https:\/\/label.bet\/ro\/?s={search_term_string}\"},\"query-input\":{\"@type\":\"PropertyValueSpecification\",\"valueRequired\":true,\"valueName\":\"search_term_string\"}}],\"inLanguage\":\"ro-RO\"}]}<\/script>\n<!-- \/ Yoast SEO plugin. -->","yoast_head_json":{"title":"Bonus BetLabel de 50% \u00een fiecare miercuri \u2013 P\u00e2n\u0103 la 1500 RON","description":"Efectueaz\u0103 o depunere miercurea la BetLabel \u0219i prime\u0219ti un bonus de 50% p\u00e2n\u0103 la 1.500 RON. M\u0103re\u0219te-\u021bi fondurile de joc la mijlocul s\u0103pt\u0103m\u00e2nii \u0219i bucur\u0103-te de fonduri suplimentare pentru pariuri sportive \u00een fiecare miercuri.","robots":{"index":"index","follow":"follow","max-snippet":"max-snippet:-1","max-image-preview":"max-image-preview:large","max-video-preview":"max-video-preview:-1"},"og_locale":"ro_RO","og_type":"article","og_title":"Bonus BetLabel de 50% \u00een fiecare miercuri \u2013 P\u00e2n\u0103 la 1500 RON","og_description":"Efectueaz\u0103 o depunere miercurea la BetLabel \u0219i prime\u0219ti un bonus de 50% p\u00e2n\u0103 la 1.500 RON. M\u0103re\u0219te-\u021bi fondurile de joc la mijlocul s\u0103pt\u0103m\u00e2nii \u0219i bucur\u0103-te de fonduri suplimentare pentru pariuri sportive \u00een fiecare miercuri.","og_url":"https:\/\/label.bet\/ro\/wednesday-bonus\/","og_site_name":"BetLabel","article_modified_time":"2026-03-27T14:56:45+00:00","twitter_card":"summary_large_image","schema":{"@context":"https:\/\/schema.org","@graph":[{"@type":"WebPage","@id":"https:\/\/label.bet\/ro\/wednesday-bonus\/","url":"https:\/\/label.bet\/ro\/wednesday-bonus\/","name":"Bonus BetLabel de 50% \u00een fiecare miercuri \u2013 P\u00e2n\u0103 la 1500 RON","isPartOf":{"@id":"https:\/\/label.bet\/ro\/#website"},"datePublished":"2026-03-16T09:48:19+00:00","dateModified":"2026-03-27T14:56:45+00:00","description":"Efectueaz\u0103 o depunere miercurea la BetLabel \u0219i prime\u0219ti un bonus de 50% p\u00e2n\u0103 la 1.500 RON. M\u0103re\u0219te-\u021bi fondurile de joc la mijlocul s\u0103pt\u0103m\u00e2nii \u0219i bucur\u0103-te de fonduri suplimentare pentru pariuri sportive \u00een fiecare miercuri.","inLanguage":"ro-RO","potentialAction":[{"@type":"ReadAction","target":["https:\/\/label.bet\/ro\/wednesday-bonus\/"]}]},{"@type":"WebSite","@id":"https:\/\/label.bet\/ro\/#website","url":"https:\/\/label.bet\/ro\/","name":"BetLabel","description":"","potentialAction":[{"@type":"SearchAction","target":{"@type":"EntryPoint","urlTemplate":"https:\/\/label.bet\/ro\/?s={search_term_string}"},"query-input":{"@type":"PropertyValueSpecification","valueRequired":true,"valueName":"search_term_string"}}],"inLanguage":"ro-RO"}]}},"_links":{"self":[{"href":"https:\/\/label.bet\/ro\/wp-json\/wp\/v2\/pages\/2036","targetHints":{"allow":["GET"]}}],"collection":[{"href":"https:\/\/label.bet\/ro\/wp-json\/wp\/v2\/pages"}],"about":[{"href":"https:\/\/label.bet\/ro\/wp-json\/wp\/v2\/types\/page"}],"author":[{"embeddable":true,"href":"https:\/\/label.bet\/ro\/wp-json\/wp\/v2\/users\/1"}],"replies":[{"embeddable":true,"href":"https:\/\/label.bet\/ro\/wp-json\/wp\/v2\/comments?post=2036"}],"version-history":[{"count":2,"href":"https:\/\/label.bet\/ro\/wp-json\/wp\/v2\/pages\/2036\/revisions"}],"predecessor-version":[{"id":2059,"href":"https:\/\/label.bet\/ro\/wp-json\/wp\/v2\/pages\/2036\/revisions\/2059"}],"wp:attachment":[{"href":"https:\/\/label.bet\/ro\/wp-json\/wp\/v2\/media?parent=2036"}],"curies":[{"name":"wp","href":"https:\/\/api.w.org\/{rel}","templated":true}]}}