{"id":2037,"date":"2026-03-16T13:17:17","date_gmt":"2026-03-16T10:17:17","guid":{"rendered":"https:\/\/label.bet\/?page_id=2027"},"modified":"2026-03-27T17:51:37","modified_gmt":"2026-03-27T14:51:37","slug":"accumulator-insurance","status":"publish","type":"page","link":"https:\/\/label.bet\/ro\/accumulator-insurance\/","title":{"rendered":"Asigurarea pentru acumulatori"},"content":{"rendered":"","protected":false},"excerpt":{"rendered":"","protected":false},"author":1,"featured_media":0,"parent":0,"menu_order":0,"comment_status":"closed","ping_status":"closed","template":"","meta":{"_acf_changed":false,"footnotes":""},"class_list":["post-2037","page","type-page","status-publish","hentry"],"acf":[],"yoast_head":"<!-- This site is optimized with the Yoast SEO plugin v26.5 - https:\/\/yoast.com\/wordpress\/plugins\/seo\/ -->\n<title>Asigurarea pariurilor combinate BetLabel \u2013 Rambursare 100%<\/title>\n<meta name=\"description\" content=\"Plasa\u021bi pariuri combinate cu 7 sau mai multe selec\u021bii pe BetLabel \u0219i beneficia\u021bi de o asigurare de 100% pentru pariurile combinate. Dac\u0103 doar o singur\u0103 selec\u021bie este pierdut\u0103, miza v\u0103 este rambursat\u0103. Sunt incluse at\u00e2t pariurile \u00eenainte de meci, c\u00e2t \u0219i cele live.\" \/>\n<meta name=\"robots\" content=\"index, follow, max-snippet:-1, max-image-preview:large, max-video-preview:-1\" \/>\n<meta property=\"og:locale\" content=\"ro_RO\" \/>\n<meta property=\"og:type\" content=\"article\" \/>\n<meta property=\"og:title\" content=\"Asigurarea pariurilor combinate BetLabel \u2013 Rambursare 100%\" \/>\n<meta property=\"og:description\" content=\"Plasa\u021bi pariuri combinate cu 7 sau mai multe selec\u021bii pe BetLabel \u0219i beneficia\u021bi de o asigurare de 100% pentru pariurile combinate. Dac\u0103 doar o singur\u0103 selec\u021bie este pierdut\u0103, miza v\u0103 este rambursat\u0103. Sunt incluse at\u00e2t pariurile \u00eenainte de meci, c\u00e2t \u0219i cele live.\" \/>\n<meta property=\"og:url\" content=\"https:\/\/label.bet\/ro\/accumulator-insurance\/\" \/>\n<meta property=\"og:site_name\" content=\"BetLabel\" \/>\n<meta property=\"article:modified_time\" content=\"2026-03-27T14:51:37+00:00\" \/>\n<meta name=\"twitter:card\" content=\"summary_large_image\" \/>\n<script type=\"application\/ld+json\" class=\"yoast-schema-graph\">{\"@context\":\"https:\/\/schema.org\",\"@graph\":[{\"@type\":\"WebPage\",\"@id\":\"https:\/\/label.bet\/ro\/accumulator-insurance\/\",\"url\":\"https:\/\/label.bet\/ro\/accumulator-insurance\/\",\"name\":\"Asigurarea pariurilor combinate BetLabel \u2013 Rambursare 100%\",\"isPartOf\":{\"@id\":\"https:\/\/label.bet\/ro\/#website\"},\"datePublished\":\"2026-03-16T10:17:17+00:00\",\"dateModified\":\"2026-03-27T14:51:37+00:00\",\"description\":\"Plasa\u021bi pariuri combinate cu 7 sau mai multe selec\u021bii pe BetLabel \u0219i beneficia\u021bi de o asigurare de 100% pentru pariurile combinate. Dac\u0103 doar o singur\u0103 selec\u021bie este pierdut\u0103, miza v\u0103 este rambursat\u0103. Sunt incluse at\u00e2t pariurile \u00eenainte de meci, c\u00e2t \u0219i cele live.\",\"inLanguage\":\"ro-RO\",\"potentialAction\":[{\"@type\":\"ReadAction\",\"target\":[\"https:\/\/label.bet\/ro\/accumulator-insurance\/\"]}]},{\"@type\":\"WebSite\",\"@id\":\"https:\/\/label.bet\/ro\/#website\",\"url\":\"https:\/\/label.bet\/ro\/\",\"name\":\"BetLabel\",\"description\":\"\",\"potentialAction\":[{\"@type\":\"SearchAction\",\"target\":{\"@type\":\"EntryPoint\",\"urlTemplate\":\"https:\/\/label.bet\/ro\/?s={search_term_string}\"},\"query-input\":{\"@type\":\"PropertyValueSpecification\",\"valueRequired\":true,\"valueName\":\"search_term_string\"}}],\"inLanguage\":\"ro-RO\"}]}<\/script>\n<!-- \/ Yoast SEO plugin. -->","yoast_head_json":{"title":"Asigurarea pariurilor combinate BetLabel \u2013 Rambursare 100%","description":"Plasa\u021bi pariuri combinate cu 7 sau mai multe selec\u021bii pe BetLabel \u0219i beneficia\u021bi de o asigurare de 100% pentru pariurile combinate. Dac\u0103 doar o singur\u0103 selec\u021bie este pierdut\u0103, miza v\u0103 este rambursat\u0103. Sunt incluse at\u00e2t pariurile \u00eenainte de meci, c\u00e2t \u0219i cele live.","robots":{"index":"index","follow":"follow","max-snippet":"max-snippet:-1","max-image-preview":"max-image-preview:large","max-video-preview":"max-video-preview:-1"},"og_locale":"ro_RO","og_type":"article","og_title":"Asigurarea pariurilor combinate BetLabel \u2013 Rambursare 100%","og_description":"Plasa\u021bi pariuri combinate cu 7 sau mai multe selec\u021bii pe BetLabel \u0219i beneficia\u021bi de o asigurare de 100% pentru pariurile combinate. Dac\u0103 doar o singur\u0103 selec\u021bie este pierdut\u0103, miza v\u0103 este rambursat\u0103. Sunt incluse at\u00e2t pariurile \u00eenainte de meci, c\u00e2t \u0219i cele live.","og_url":"https:\/\/label.bet\/ro\/accumulator-insurance\/","og_site_name":"BetLabel","article_modified_time":"2026-03-27T14:51:37+00:00","twitter_card":"summary_large_image","schema":{"@context":"https:\/\/schema.org","@graph":[{"@type":"WebPage","@id":"https:\/\/label.bet\/ro\/accumulator-insurance\/","url":"https:\/\/label.bet\/ro\/accumulator-insurance\/","name":"Asigurarea pariurilor combinate BetLabel \u2013 Rambursare 100%","isPartOf":{"@id":"https:\/\/label.bet\/ro\/#website"},"datePublished":"2026-03-16T10:17:17+00:00","dateModified":"2026-03-27T14:51:37+00:00","description":"Plasa\u021bi pariuri combinate cu 7 sau mai multe selec\u021bii pe BetLabel \u0219i beneficia\u021bi de o asigurare de 100% pentru pariurile combinate. Dac\u0103 doar o singur\u0103 selec\u021bie este pierdut\u0103, miza v\u0103 este rambursat\u0103. Sunt incluse at\u00e2t pariurile \u00eenainte de meci, c\u00e2t \u0219i cele live.","inLanguage":"ro-RO","potentialAction":[{"@type":"ReadAction","target":["https:\/\/label.bet\/ro\/accumulator-insurance\/"]}]},{"@type":"WebSite","@id":"https:\/\/label.bet\/ro\/#website","url":"https:\/\/label.bet\/ro\/","name":"BetLabel","description":"","potentialAction":[{"@type":"SearchAction","target":{"@type":"EntryPoint","urlTemplate":"https:\/\/label.bet\/ro\/?s={search_term_string}"},"query-input":{"@type":"PropertyValueSpecification","valueRequired":true,"valueName":"search_term_string"}}],"inLanguage":"ro-RO"}]}},"_links":{"self":[{"href":"https:\/\/label.bet\/ro\/wp-json\/wp\/v2\/pages\/2037","targetHints":{"allow":["GET"]}}],"collection":[{"href":"https:\/\/label.bet\/ro\/wp-json\/wp\/v2\/pages"}],"about":[{"href":"https:\/\/label.bet\/ro\/wp-json\/wp\/v2\/types\/page"}],"author":[{"embeddable":true,"href":"https:\/\/label.bet\/ro\/wp-json\/wp\/v2\/users\/1"}],"replies":[{"embeddable":true,"href":"https:\/\/label.bet\/ro\/wp-json\/wp\/v2\/comments?post=2037"}],"version-history":[{"count":2,"href":"https:\/\/label.bet\/ro\/wp-json\/wp\/v2\/pages\/2037\/revisions"}],"predecessor-version":[{"id":2057,"href":"https:\/\/label.bet\/ro\/wp-json\/wp\/v2\/pages\/2037\/revisions\/2057"}],"wp:attachment":[{"href":"https:\/\/label.bet\/ro\/wp-json\/wp\/v2\/media?parent=2037"}],"curies":[{"name":"wp","href":"https:\/\/api.w.org\/{rel}","templated":true}]}}