{"id":2038,"date":"2026-03-16T13:36:20","date_gmt":"2026-03-16T10:36:20","guid":{"rendered":"https:\/\/label.bet\/?page_id=2031"},"modified":"2026-03-27T17:48:26","modified_gmt":"2026-03-27T14:48:26","slug":"tuesday-cashback","status":"publish","type":"page","link":"https:\/\/label.bet\/ro\/tuesday-cashback\/","title":{"rendered":"Rambursare mar\u021bi"},"content":{"rendered":"","protected":false},"excerpt":{"rendered":"","protected":false},"author":1,"featured_media":0,"parent":0,"menu_order":0,"comment_status":"closed","ping_status":"closed","template":"","meta":{"_acf_changed":false,"footnotes":""},"class_list":["post-2038","page","type-page","status-publish","hentry"],"acf":[],"yoast_head":"<!-- This site is optimized with the Yoast SEO plugin v26.5 - https:\/\/yoast.com\/wordpress\/plugins\/seo\/ -->\n<title>BetLabel: 3% rambursare mar\u021bi \u2013 Rambursare s\u0103pt\u0103m\u00e2nal\u0103<\/title>\n<meta name=\"description\" content=\"Plasa\u021bi pariuri pe tot parcursul s\u0103pt\u0103m\u00e2nii la BetLabel \u0219i primi\u021bi \u00een fiecare mar\u021bi un ramburs de 3% din valoarea total\u0103 a mizelor dvs. R\u0103m\u00e2ne\u021bi activ \u0219i m\u0103ri\u021bi-v\u0103 fondurile de joc cu aceast\u0103 recompens\u0103 s\u0103pt\u0103m\u00e2nal\u0103.\" \/>\n<meta name=\"robots\" content=\"index, follow, max-snippet:-1, max-image-preview:large, max-video-preview:-1\" \/>\n<meta property=\"og:locale\" content=\"ro_RO\" \/>\n<meta property=\"og:type\" content=\"article\" \/>\n<meta property=\"og:title\" content=\"BetLabel: 3% rambursare mar\u021bi \u2013 Rambursare s\u0103pt\u0103m\u00e2nal\u0103\" \/>\n<meta property=\"og:description\" content=\"Plasa\u021bi pariuri pe tot parcursul s\u0103pt\u0103m\u00e2nii la BetLabel \u0219i primi\u021bi \u00een fiecare mar\u021bi un ramburs de 3% din valoarea total\u0103 a mizelor dvs. R\u0103m\u00e2ne\u021bi activ \u0219i m\u0103ri\u021bi-v\u0103 fondurile de joc cu aceast\u0103 recompens\u0103 s\u0103pt\u0103m\u00e2nal\u0103.\" \/>\n<meta property=\"og:url\" content=\"https:\/\/label.bet\/ro\/tuesday-cashback\/\" \/>\n<meta property=\"og:site_name\" content=\"BetLabel\" \/>\n<meta property=\"article:modified_time\" content=\"2026-03-27T14:48:26+00:00\" \/>\n<meta name=\"twitter:card\" content=\"summary_large_image\" \/>\n<script type=\"application\/ld+json\" class=\"yoast-schema-graph\">{\"@context\":\"https:\/\/schema.org\",\"@graph\":[{\"@type\":\"WebPage\",\"@id\":\"https:\/\/label.bet\/ro\/tuesday-cashback\/\",\"url\":\"https:\/\/label.bet\/ro\/tuesday-cashback\/\",\"name\":\"BetLabel: 3% rambursare mar\u021bi \u2013 Rambursare s\u0103pt\u0103m\u00e2nal\u0103\",\"isPartOf\":{\"@id\":\"https:\/\/label.bet\/ro\/#website\"},\"datePublished\":\"2026-03-16T10:36:20+00:00\",\"dateModified\":\"2026-03-27T14:48:26+00:00\",\"description\":\"Plasa\u021bi pariuri pe tot parcursul s\u0103pt\u0103m\u00e2nii la BetLabel \u0219i primi\u021bi \u00een fiecare mar\u021bi un ramburs de 3% din valoarea total\u0103 a mizelor dvs. R\u0103m\u00e2ne\u021bi activ \u0219i m\u0103ri\u021bi-v\u0103 fondurile de joc cu aceast\u0103 recompens\u0103 s\u0103pt\u0103m\u00e2nal\u0103.\",\"inLanguage\":\"ro-RO\",\"potentialAction\":[{\"@type\":\"ReadAction\",\"target\":[\"https:\/\/label.bet\/ro\/tuesday-cashback\/\"]}]},{\"@type\":\"WebSite\",\"@id\":\"https:\/\/label.bet\/ro\/#website\",\"url\":\"https:\/\/label.bet\/ro\/\",\"name\":\"BetLabel\",\"description\":\"\",\"potentialAction\":[{\"@type\":\"SearchAction\",\"target\":{\"@type\":\"EntryPoint\",\"urlTemplate\":\"https:\/\/label.bet\/ro\/?s={search_term_string}\"},\"query-input\":{\"@type\":\"PropertyValueSpecification\",\"valueRequired\":true,\"valueName\":\"search_term_string\"}}],\"inLanguage\":\"ro-RO\"}]}<\/script>\n<!-- \/ Yoast SEO plugin. -->","yoast_head_json":{"title":"BetLabel: 3% rambursare mar\u021bi \u2013 Rambursare s\u0103pt\u0103m\u00e2nal\u0103","description":"Plasa\u021bi pariuri pe tot parcursul s\u0103pt\u0103m\u00e2nii la BetLabel \u0219i primi\u021bi \u00een fiecare mar\u021bi un ramburs de 3% din valoarea total\u0103 a mizelor dvs. R\u0103m\u00e2ne\u021bi activ \u0219i m\u0103ri\u021bi-v\u0103 fondurile de joc cu aceast\u0103 recompens\u0103 s\u0103pt\u0103m\u00e2nal\u0103.","robots":{"index":"index","follow":"follow","max-snippet":"max-snippet:-1","max-image-preview":"max-image-preview:large","max-video-preview":"max-video-preview:-1"},"og_locale":"ro_RO","og_type":"article","og_title":"BetLabel: 3% rambursare mar\u021bi \u2013 Rambursare s\u0103pt\u0103m\u00e2nal\u0103","og_description":"Plasa\u021bi pariuri pe tot parcursul s\u0103pt\u0103m\u00e2nii la BetLabel \u0219i primi\u021bi \u00een fiecare mar\u021bi un ramburs de 3% din valoarea total\u0103 a mizelor dvs. R\u0103m\u00e2ne\u021bi activ \u0219i m\u0103ri\u021bi-v\u0103 fondurile de joc cu aceast\u0103 recompens\u0103 s\u0103pt\u0103m\u00e2nal\u0103.","og_url":"https:\/\/label.bet\/ro\/tuesday-cashback\/","og_site_name":"BetLabel","article_modified_time":"2026-03-27T14:48:26+00:00","twitter_card":"summary_large_image","schema":{"@context":"https:\/\/schema.org","@graph":[{"@type":"WebPage","@id":"https:\/\/label.bet\/ro\/tuesday-cashback\/","url":"https:\/\/label.bet\/ro\/tuesday-cashback\/","name":"BetLabel: 3% rambursare mar\u021bi \u2013 Rambursare s\u0103pt\u0103m\u00e2nal\u0103","isPartOf":{"@id":"https:\/\/label.bet\/ro\/#website"},"datePublished":"2026-03-16T10:36:20+00:00","dateModified":"2026-03-27T14:48:26+00:00","description":"Plasa\u021bi pariuri pe tot parcursul s\u0103pt\u0103m\u00e2nii la BetLabel \u0219i primi\u021bi \u00een fiecare mar\u021bi un ramburs de 3% din valoarea total\u0103 a mizelor dvs. R\u0103m\u00e2ne\u021bi activ \u0219i m\u0103ri\u021bi-v\u0103 fondurile de joc cu aceast\u0103 recompens\u0103 s\u0103pt\u0103m\u00e2nal\u0103.","inLanguage":"ro-RO","potentialAction":[{"@type":"ReadAction","target":["https:\/\/label.bet\/ro\/tuesday-cashback\/"]}]},{"@type":"WebSite","@id":"https:\/\/label.bet\/ro\/#website","url":"https:\/\/label.bet\/ro\/","name":"BetLabel","description":"","potentialAction":[{"@type":"SearchAction","target":{"@type":"EntryPoint","urlTemplate":"https:\/\/label.bet\/ro\/?s={search_term_string}"},"query-input":{"@type":"PropertyValueSpecification","valueRequired":true,"valueName":"search_term_string"}}],"inLanguage":"ro-RO"}]}},"_links":{"self":[{"href":"https:\/\/label.bet\/ro\/wp-json\/wp\/v2\/pages\/2038","targetHints":{"allow":["GET"]}}],"collection":[{"href":"https:\/\/label.bet\/ro\/wp-json\/wp\/v2\/pages"}],"about":[{"href":"https:\/\/label.bet\/ro\/wp-json\/wp\/v2\/types\/page"}],"author":[{"embeddable":true,"href":"https:\/\/label.bet\/ro\/wp-json\/wp\/v2\/users\/1"}],"replies":[{"embeddable":true,"href":"https:\/\/label.bet\/ro\/wp-json\/wp\/v2\/comments?post=2038"}],"version-history":[{"count":2,"href":"https:\/\/label.bet\/ro\/wp-json\/wp\/v2\/pages\/2038\/revisions"}],"predecessor-version":[{"id":2055,"href":"https:\/\/label.bet\/ro\/wp-json\/wp\/v2\/pages\/2038\/revisions\/2055"}],"wp:attachment":[{"href":"https:\/\/label.bet\/ro\/wp-json\/wp\/v2\/media?parent=2038"}],"curies":[{"name":"wp","href":"https:\/\/api.w.org\/{rel}","templated":true}]}}