{"id":2039,"date":"2026-03-16T13:49:55","date_gmt":"2026-03-16T10:49:55","guid":{"rendered":"https:\/\/label.bet\/?page_id=2034"},"modified":"2026-03-27T17:44:36","modified_gmt":"2026-03-27T14:44:36","slug":"losing-bets","status":"publish","type":"page","link":"https:\/\/label.bet\/ro\/losing-bets\/","title":{"rendered":"Pariuri pierdute"},"content":{"rendered":"","protected":false},"excerpt":{"rendered":"","protected":false},"author":1,"featured_media":0,"parent":0,"menu_order":0,"comment_status":"closed","ping_status":"closed","template":"","meta":{"_acf_changed":false,"footnotes":""},"class_list":["post-2039","page","type-page","status-publish","hentry"],"acf":[],"yoast_head":"<!-- This site is optimized with the Yoast SEO plugin v26.5 - https:\/\/yoast.com\/wordpress\/plugins\/seo\/ -->\n<title>Bonusul BetLabel pentru serii de pierderi \u2013 Bonus pentru pariurile pierdute<\/title>\n<meta name=\"description\" content=\"BetLabel \u00ee\u0219i sus\u021bine juc\u0103torii cu un bonus acordat \u00een urma unei serii de pariuri pierdute. Continu\u0103 s\u0103 pariezi cu \u00eencredere \u0219i vei fi recompensat chiar dac\u0103 norocul nu \u00ee\u021bi sur\u00e2de.\" \/>\n<meta name=\"robots\" content=\"index, follow, max-snippet:-1, max-image-preview:large, max-video-preview:-1\" \/>\n<meta property=\"og:locale\" content=\"ro_RO\" \/>\n<meta property=\"og:type\" content=\"article\" \/>\n<meta property=\"og:title\" content=\"Bonusul BetLabel pentru serii de pierderi \u2013 Bonus pentru pariurile pierdute\" \/>\n<meta property=\"og:description\" content=\"BetLabel \u00ee\u0219i sus\u021bine juc\u0103torii cu un bonus acordat \u00een urma unei serii de pariuri pierdute. Continu\u0103 s\u0103 pariezi cu \u00eencredere \u0219i vei fi recompensat chiar dac\u0103 norocul nu \u00ee\u021bi sur\u00e2de.\" \/>\n<meta property=\"og:url\" content=\"https:\/\/label.bet\/ro\/losing-bets\/\" \/>\n<meta property=\"og:site_name\" content=\"BetLabel\" \/>\n<meta property=\"article:modified_time\" content=\"2026-03-27T14:44:36+00:00\" \/>\n<meta name=\"twitter:card\" content=\"summary_large_image\" \/>\n<script type=\"application\/ld+json\" class=\"yoast-schema-graph\">{\"@context\":\"https:\/\/schema.org\",\"@graph\":[{\"@type\":\"WebPage\",\"@id\":\"https:\/\/label.bet\/ro\/losing-bets\/\",\"url\":\"https:\/\/label.bet\/ro\/losing-bets\/\",\"name\":\"Bonusul BetLabel pentru serii de pierderi \u2013 Bonus pentru pariurile pierdute\",\"isPartOf\":{\"@id\":\"https:\/\/label.bet\/ro\/#website\"},\"datePublished\":\"2026-03-16T10:49:55+00:00\",\"dateModified\":\"2026-03-27T14:44:36+00:00\",\"description\":\"BetLabel \u00ee\u0219i sus\u021bine juc\u0103torii cu un bonus acordat \u00een urma unei serii de pariuri pierdute. Continu\u0103 s\u0103 pariezi cu \u00eencredere \u0219i vei fi recompensat chiar dac\u0103 norocul nu \u00ee\u021bi sur\u00e2de.\",\"inLanguage\":\"ro-RO\",\"potentialAction\":[{\"@type\":\"ReadAction\",\"target\":[\"https:\/\/label.bet\/ro\/losing-bets\/\"]}]},{\"@type\":\"WebSite\",\"@id\":\"https:\/\/label.bet\/ro\/#website\",\"url\":\"https:\/\/label.bet\/ro\/\",\"name\":\"BetLabel\",\"description\":\"\",\"potentialAction\":[{\"@type\":\"SearchAction\",\"target\":{\"@type\":\"EntryPoint\",\"urlTemplate\":\"https:\/\/label.bet\/ro\/?s={search_term_string}\"},\"query-input\":{\"@type\":\"PropertyValueSpecification\",\"valueRequired\":true,\"valueName\":\"search_term_string\"}}],\"inLanguage\":\"ro-RO\"}]}<\/script>\n<!-- \/ Yoast SEO plugin. -->","yoast_head_json":{"title":"Bonusul BetLabel pentru serii de pierderi \u2013 Bonus pentru pariurile pierdute","description":"BetLabel \u00ee\u0219i sus\u021bine juc\u0103torii cu un bonus acordat \u00een urma unei serii de pariuri pierdute. Continu\u0103 s\u0103 pariezi cu \u00eencredere \u0219i vei fi recompensat chiar dac\u0103 norocul nu \u00ee\u021bi sur\u00e2de.","robots":{"index":"index","follow":"follow","max-snippet":"max-snippet:-1","max-image-preview":"max-image-preview:large","max-video-preview":"max-video-preview:-1"},"og_locale":"ro_RO","og_type":"article","og_title":"Bonusul BetLabel pentru serii de pierderi \u2013 Bonus pentru pariurile pierdute","og_description":"BetLabel \u00ee\u0219i sus\u021bine juc\u0103torii cu un bonus acordat \u00een urma unei serii de pariuri pierdute. Continu\u0103 s\u0103 pariezi cu \u00eencredere \u0219i vei fi recompensat chiar dac\u0103 norocul nu \u00ee\u021bi sur\u00e2de.","og_url":"https:\/\/label.bet\/ro\/losing-bets\/","og_site_name":"BetLabel","article_modified_time":"2026-03-27T14:44:36+00:00","twitter_card":"summary_large_image","schema":{"@context":"https:\/\/schema.org","@graph":[{"@type":"WebPage","@id":"https:\/\/label.bet\/ro\/losing-bets\/","url":"https:\/\/label.bet\/ro\/losing-bets\/","name":"Bonusul BetLabel pentru serii de pierderi \u2013 Bonus pentru pariurile pierdute","isPartOf":{"@id":"https:\/\/label.bet\/ro\/#website"},"datePublished":"2026-03-16T10:49:55+00:00","dateModified":"2026-03-27T14:44:36+00:00","description":"BetLabel \u00ee\u0219i sus\u021bine juc\u0103torii cu un bonus acordat \u00een urma unei serii de pariuri pierdute. Continu\u0103 s\u0103 pariezi cu \u00eencredere \u0219i vei fi recompensat chiar dac\u0103 norocul nu \u00ee\u021bi sur\u00e2de.","inLanguage":"ro-RO","potentialAction":[{"@type":"ReadAction","target":["https:\/\/label.bet\/ro\/losing-bets\/"]}]},{"@type":"WebSite","@id":"https:\/\/label.bet\/ro\/#website","url":"https:\/\/label.bet\/ro\/","name":"BetLabel","description":"","potentialAction":[{"@type":"SearchAction","target":{"@type":"EntryPoint","urlTemplate":"https:\/\/label.bet\/ro\/?s={search_term_string}"},"query-input":{"@type":"PropertyValueSpecification","valueRequired":true,"valueName":"search_term_string"}}],"inLanguage":"ro-RO"}]}},"_links":{"self":[{"href":"https:\/\/label.bet\/ro\/wp-json\/wp\/v2\/pages\/2039","targetHints":{"allow":["GET"]}}],"collection":[{"href":"https:\/\/label.bet\/ro\/wp-json\/wp\/v2\/pages"}],"about":[{"href":"https:\/\/label.bet\/ro\/wp-json\/wp\/v2\/types\/page"}],"author":[{"embeddable":true,"href":"https:\/\/label.bet\/ro\/wp-json\/wp\/v2\/users\/1"}],"replies":[{"embeddable":true,"href":"https:\/\/label.bet\/ro\/wp-json\/wp\/v2\/comments?post=2039"}],"version-history":[{"count":2,"href":"https:\/\/label.bet\/ro\/wp-json\/wp\/v2\/pages\/2039\/revisions"}],"predecessor-version":[{"id":2053,"href":"https:\/\/label.bet\/ro\/wp-json\/wp\/v2\/pages\/2039\/revisions\/2053"}],"wp:attachment":[{"href":"https:\/\/label.bet\/ro\/wp-json\/wp\/v2\/media?parent=2039"}],"curies":[{"name":"wp","href":"https:\/\/api.w.org\/{rel}","templated":true}]}}