{"id":2041,"date":"2026-03-16T14:15:07","date_gmt":"2026-03-16T11:15:07","guid":{"rendered":"https:\/\/label.bet\/?page_id=2040"},"modified":"2026-03-27T17:35:11","modified_gmt":"2026-03-27T14:35:11","slug":"bet-slip","status":"publish","type":"page","link":"https:\/\/label.bet\/ro\/bet-slip\/","title":{"rendered":"Bet Slip"},"content":{"rendered":"","protected":false},"excerpt":{"rendered":"","protected":false},"author":1,"featured_media":0,"parent":0,"menu_order":0,"comment_status":"closed","ping_status":"closed","template":"","meta":{"_acf_changed":false,"footnotes":""},"class_list":["post-2041","page","type-page","status-publish","hentry"],"acf":[],"yoast_head":"<!-- This site is optimized with the Yoast SEO plugin v26.5 - https:\/\/yoast.com\/wordpress\/plugins\/seo\/ -->\n<title>Promo\u021bie bilet de pariuri BetLabel \u2013 Retragere integral\u0103<\/title>\n<meta name=\"description\" content=\"BetLabel ofer\u0103 op\u021biuni de v\u00e2nzare a biletelor de pariuri, at\u00e2t integral\u0103, c\u00e2t \u0219i par\u021bial\u0103. Vinde\u021bi-v\u0103 pariurile simple, combinate sau de sistem oric\u00e2nd \u0219i primi\u021bi banii instantaneu, \u00eenainte de stabilirea rezultatului.\" \/>\n<meta name=\"robots\" content=\"index, follow, max-snippet:-1, max-image-preview:large, max-video-preview:-1\" \/>\n<meta property=\"og:locale\" content=\"ro_RO\" \/>\n<meta property=\"og:type\" content=\"article\" \/>\n<meta property=\"og:title\" content=\"Promo\u021bie bilet de pariuri BetLabel \u2013 Retragere integral\u0103\" \/>\n<meta property=\"og:description\" content=\"BetLabel ofer\u0103 op\u021biuni de v\u00e2nzare a biletelor de pariuri, at\u00e2t integral\u0103, c\u00e2t \u0219i par\u021bial\u0103. Vinde\u021bi-v\u0103 pariurile simple, combinate sau de sistem oric\u00e2nd \u0219i primi\u021bi banii instantaneu, \u00eenainte de stabilirea rezultatului.\" \/>\n<meta property=\"og:url\" content=\"https:\/\/label.bet\/ro\/bet-slip\/\" \/>\n<meta property=\"og:site_name\" content=\"BetLabel\" \/>\n<meta property=\"article:modified_time\" content=\"2026-03-27T14:35:11+00:00\" \/>\n<meta name=\"twitter:card\" content=\"summary_large_image\" \/>\n<script type=\"application\/ld+json\" class=\"yoast-schema-graph\">{\"@context\":\"https:\/\/schema.org\",\"@graph\":[{\"@type\":\"WebPage\",\"@id\":\"https:\/\/label.bet\/ro\/bet-slip\/\",\"url\":\"https:\/\/label.bet\/ro\/bet-slip\/\",\"name\":\"Promo\u021bie bilet de pariuri BetLabel \u2013 Retragere integral\u0103\",\"isPartOf\":{\"@id\":\"https:\/\/label.bet\/ro\/#website\"},\"datePublished\":\"2026-03-16T11:15:07+00:00\",\"dateModified\":\"2026-03-27T14:35:11+00:00\",\"description\":\"BetLabel ofer\u0103 op\u021biuni de v\u00e2nzare a biletelor de pariuri, at\u00e2t integral\u0103, c\u00e2t \u0219i par\u021bial\u0103. Vinde\u021bi-v\u0103 pariurile simple, combinate sau de sistem oric\u00e2nd \u0219i primi\u021bi banii instantaneu, \u00eenainte de stabilirea rezultatului.\",\"inLanguage\":\"ro-RO\",\"potentialAction\":[{\"@type\":\"ReadAction\",\"target\":[\"https:\/\/label.bet\/ro\/bet-slip\/\"]}]},{\"@type\":\"WebSite\",\"@id\":\"https:\/\/label.bet\/ro\/#website\",\"url\":\"https:\/\/label.bet\/ro\/\",\"name\":\"BetLabel\",\"description\":\"\",\"potentialAction\":[{\"@type\":\"SearchAction\",\"target\":{\"@type\":\"EntryPoint\",\"urlTemplate\":\"https:\/\/label.bet\/ro\/?s={search_term_string}\"},\"query-input\":{\"@type\":\"PropertyValueSpecification\",\"valueRequired\":true,\"valueName\":\"search_term_string\"}}],\"inLanguage\":\"ro-RO\"}]}<\/script>\n<!-- \/ Yoast SEO plugin. -->","yoast_head_json":{"title":"Promo\u021bie bilet de pariuri BetLabel \u2013 Retragere integral\u0103","description":"BetLabel ofer\u0103 op\u021biuni de v\u00e2nzare a biletelor de pariuri, at\u00e2t integral\u0103, c\u00e2t \u0219i par\u021bial\u0103. Vinde\u021bi-v\u0103 pariurile simple, combinate sau de sistem oric\u00e2nd \u0219i primi\u021bi banii instantaneu, \u00eenainte de stabilirea rezultatului.","robots":{"index":"index","follow":"follow","max-snippet":"max-snippet:-1","max-image-preview":"max-image-preview:large","max-video-preview":"max-video-preview:-1"},"og_locale":"ro_RO","og_type":"article","og_title":"Promo\u021bie bilet de pariuri BetLabel \u2013 Retragere integral\u0103","og_description":"BetLabel ofer\u0103 op\u021biuni de v\u00e2nzare a biletelor de pariuri, at\u00e2t integral\u0103, c\u00e2t \u0219i par\u021bial\u0103. Vinde\u021bi-v\u0103 pariurile simple, combinate sau de sistem oric\u00e2nd \u0219i primi\u021bi banii instantaneu, \u00eenainte de stabilirea rezultatului.","og_url":"https:\/\/label.bet\/ro\/bet-slip\/","og_site_name":"BetLabel","article_modified_time":"2026-03-27T14:35:11+00:00","twitter_card":"summary_large_image","schema":{"@context":"https:\/\/schema.org","@graph":[{"@type":"WebPage","@id":"https:\/\/label.bet\/ro\/bet-slip\/","url":"https:\/\/label.bet\/ro\/bet-slip\/","name":"Promo\u021bie bilet de pariuri BetLabel \u2013 Retragere integral\u0103","isPartOf":{"@id":"https:\/\/label.bet\/ro\/#website"},"datePublished":"2026-03-16T11:15:07+00:00","dateModified":"2026-03-27T14:35:11+00:00","description":"BetLabel ofer\u0103 op\u021biuni de v\u00e2nzare a biletelor de pariuri, at\u00e2t integral\u0103, c\u00e2t \u0219i par\u021bial\u0103. Vinde\u021bi-v\u0103 pariurile simple, combinate sau de sistem oric\u00e2nd \u0219i primi\u021bi banii instantaneu, \u00eenainte de stabilirea rezultatului.","inLanguage":"ro-RO","potentialAction":[{"@type":"ReadAction","target":["https:\/\/label.bet\/ro\/bet-slip\/"]}]},{"@type":"WebSite","@id":"https:\/\/label.bet\/ro\/#website","url":"https:\/\/label.bet\/ro\/","name":"BetLabel","description":"","potentialAction":[{"@type":"SearchAction","target":{"@type":"EntryPoint","urlTemplate":"https:\/\/label.bet\/ro\/?s={search_term_string}"},"query-input":{"@type":"PropertyValueSpecification","valueRequired":true,"valueName":"search_term_string"}}],"inLanguage":"ro-RO"}]}},"_links":{"self":[{"href":"https:\/\/label.bet\/ro\/wp-json\/wp\/v2\/pages\/2041","targetHints":{"allow":["GET"]}}],"collection":[{"href":"https:\/\/label.bet\/ro\/wp-json\/wp\/v2\/pages"}],"about":[{"href":"https:\/\/label.bet\/ro\/wp-json\/wp\/v2\/types\/page"}],"author":[{"embeddable":true,"href":"https:\/\/label.bet\/ro\/wp-json\/wp\/v2\/users\/1"}],"replies":[{"embeddable":true,"href":"https:\/\/label.bet\/ro\/wp-json\/wp\/v2\/comments?post=2041"}],"version-history":[{"count":1,"href":"https:\/\/label.bet\/ro\/wp-json\/wp\/v2\/pages\/2041\/revisions"}],"predecessor-version":[{"id":2049,"href":"https:\/\/label.bet\/ro\/wp-json\/wp\/v2\/pages\/2041\/revisions\/2049"}],"wp:attachment":[{"href":"https:\/\/label.bet\/ro\/wp-json\/wp\/v2\/media?parent=2041"}],"curies":[{"name":"wp","href":"https:\/\/api.w.org\/{rel}","templated":true}]}}