{"id":1561,"date":"2025-12-26T09:04:18","date_gmt":"2025-12-26T06:04:18","guid":{"rendered":"https:\/\/label.bet\/sk\/?page_id=1561"},"modified":"2026-03-10T13:37:20","modified_gmt":"2026-03-10T10:37:20","slug":"casino","status":"publish","type":"page","link":"https:\/\/label.bet\/sk\/casino\/","title":{"rendered":"Kas\u00edno"},"content":{"rendered":"","protected":false},"excerpt":{"rendered":"","protected":false},"author":1,"featured_media":0,"parent":0,"menu_order":0,"comment_status":"closed","ping_status":"closed","template":"","meta":{"_acf_changed":false,"footnotes":""},"class_list":["post-1561","page","type-page","status-publish","hentry"],"acf":[],"yoast_head":"<!-- This site is optimized with the Yoast SEO plugin v26.5 - https:\/\/yoast.com\/wordpress\/plugins\/seo\/ -->\n<title>BetLabel Casino \u2014 9000+ automatov a bonus do 1500 \u20ac<\/title>\n<meta name=\"description\" content=\"Online kas\u00edno BetLabel \u2014 viac ako 9 000 hier, automatov, ruleta a \u017eiv\u00e9 \u0161ou s re\u00e1lnymi krupi\u00e9rmi. R\u00fdchla registr\u00e1cia, uv\u00edtac\u00ed bonus a\u017e do v\u00fd\u0161ky 1 500 \u20ac, denn\u00e9 akcie a okam\u017eit\u00e9 v\u00fdplaty pre v\u0161etk\u00fdch hr\u00e1\u010dov.\" \/>\n<meta name=\"robots\" content=\"index, follow, max-snippet:-1, max-image-preview:large, max-video-preview:-1\" \/>\n<meta property=\"og:locale\" content=\"sl_SI\" \/>\n<meta property=\"og:type\" content=\"article\" \/>\n<meta property=\"og:title\" content=\"BetLabel Casino \u2014 9000+ automatov a bonus do 1500 \u20ac\" \/>\n<meta property=\"og:description\" content=\"Online kas\u00edno BetLabel \u2014 viac ako 9 000 hier, automatov, ruleta a \u017eiv\u00e9 \u0161ou s re\u00e1lnymi krupi\u00e9rmi. R\u00fdchla registr\u00e1cia, uv\u00edtac\u00ed bonus a\u017e do v\u00fd\u0161ky 1 500 \u20ac, denn\u00e9 akcie a okam\u017eit\u00e9 v\u00fdplaty pre v\u0161etk\u00fdch hr\u00e1\u010dov.\" \/>\n<meta property=\"og:url\" content=\"https:\/\/label.bet\/sk\/casino\/\" \/>\n<meta property=\"og:site_name\" content=\"BetLabel\" \/>\n<meta property=\"article:modified_time\" content=\"2026-03-10T10:37:20+00:00\" \/>\n<meta name=\"twitter:card\" content=\"summary_large_image\" \/>\n<script type=\"application\/ld+json\" class=\"yoast-schema-graph\">{\"@context\":\"https:\/\/schema.org\",\"@graph\":[{\"@type\":\"WebPage\",\"@id\":\"https:\/\/label.bet\/sk\/casino\/\",\"url\":\"https:\/\/label.bet\/sk\/casino\/\",\"name\":\"BetLabel Casino \u2014 9000+ automatov a bonus do 1500 \u20ac\",\"isPartOf\":{\"@id\":\"https:\/\/label.bet\/sk\/#website\"},\"datePublished\":\"2025-12-26T06:04:18+00:00\",\"dateModified\":\"2026-03-10T10:37:20+00:00\",\"description\":\"Online kas\u00edno BetLabel \u2014 viac ako 9 000 hier, automatov, ruleta a \u017eiv\u00e9 \u0161ou s re\u00e1lnymi krupi\u00e9rmi. R\u00fdchla registr\u00e1cia, uv\u00edtac\u00ed bonus a\u017e do v\u00fd\u0161ky 1 500 \u20ac, denn\u00e9 akcie a okam\u017eit\u00e9 v\u00fdplaty pre v\u0161etk\u00fdch hr\u00e1\u010dov.\",\"inLanguage\":\"sl-SI\",\"potentialAction\":[{\"@type\":\"ReadAction\",\"target\":[\"https:\/\/label.bet\/sk\/casino\/\"]}]},{\"@type\":\"WebSite\",\"@id\":\"https:\/\/label.bet\/sk\/#website\",\"url\":\"https:\/\/label.bet\/sk\/\",\"name\":\"BetLabel\",\"description\":\"\",\"potentialAction\":[{\"@type\":\"SearchAction\",\"target\":{\"@type\":\"EntryPoint\",\"urlTemplate\":\"https:\/\/label.bet\/sk\/?s={search_term_string}\"},\"query-input\":{\"@type\":\"PropertyValueSpecification\",\"valueRequired\":true,\"valueName\":\"search_term_string\"}}],\"inLanguage\":\"sl-SI\"}]}<\/script>\n<!-- \/ Yoast SEO plugin. -->","yoast_head_json":{"title":"BetLabel Casino \u2014 9000+ automatov a bonus do 1500 \u20ac","description":"Online kas\u00edno BetLabel \u2014 viac ako 9 000 hier, automatov, ruleta a \u017eiv\u00e9 \u0161ou s re\u00e1lnymi krupi\u00e9rmi. R\u00fdchla registr\u00e1cia, uv\u00edtac\u00ed bonus a\u017e do v\u00fd\u0161ky 1 500 \u20ac, denn\u00e9 akcie a okam\u017eit\u00e9 v\u00fdplaty pre v\u0161etk\u00fdch hr\u00e1\u010dov.","robots":{"index":"index","follow":"follow","max-snippet":"max-snippet:-1","max-image-preview":"max-image-preview:large","max-video-preview":"max-video-preview:-1"},"og_locale":"sl_SI","og_type":"article","og_title":"BetLabel Casino \u2014 9000+ automatov a bonus do 1500 \u20ac","og_description":"Online kas\u00edno BetLabel \u2014 viac ako 9 000 hier, automatov, ruleta a \u017eiv\u00e9 \u0161ou s re\u00e1lnymi krupi\u00e9rmi. R\u00fdchla registr\u00e1cia, uv\u00edtac\u00ed bonus a\u017e do v\u00fd\u0161ky 1 500 \u20ac, denn\u00e9 akcie a okam\u017eit\u00e9 v\u00fdplaty pre v\u0161etk\u00fdch hr\u00e1\u010dov.","og_url":"https:\/\/label.bet\/sk\/casino\/","og_site_name":"BetLabel","article_modified_time":"2026-03-10T10:37:20+00:00","twitter_card":"summary_large_image","schema":{"@context":"https:\/\/schema.org","@graph":[{"@type":"WebPage","@id":"https:\/\/label.bet\/sk\/casino\/","url":"https:\/\/label.bet\/sk\/casino\/","name":"BetLabel Casino \u2014 9000+ automatov a bonus do 1500 \u20ac","isPartOf":{"@id":"https:\/\/label.bet\/sk\/#website"},"datePublished":"2025-12-26T06:04:18+00:00","dateModified":"2026-03-10T10:37:20+00:00","description":"Online kas\u00edno BetLabel \u2014 viac ako 9 000 hier, automatov, ruleta a \u017eiv\u00e9 \u0161ou s re\u00e1lnymi krupi\u00e9rmi. R\u00fdchla registr\u00e1cia, uv\u00edtac\u00ed bonus a\u017e do v\u00fd\u0161ky 1 500 \u20ac, denn\u00e9 akcie a okam\u017eit\u00e9 v\u00fdplaty pre v\u0161etk\u00fdch hr\u00e1\u010dov.","inLanguage":"sl-SI","potentialAction":[{"@type":"ReadAction","target":["https:\/\/label.bet\/sk\/casino\/"]}]},{"@type":"WebSite","@id":"https:\/\/label.bet\/sk\/#website","url":"https:\/\/label.bet\/sk\/","name":"BetLabel","description":"","potentialAction":[{"@type":"SearchAction","target":{"@type":"EntryPoint","urlTemplate":"https:\/\/label.bet\/sk\/?s={search_term_string}"},"query-input":{"@type":"PropertyValueSpecification","valueRequired":true,"valueName":"search_term_string"}}],"inLanguage":"sl-SI"}]}},"_links":{"self":[{"href":"https:\/\/label.bet\/sk\/wp-json\/wp\/v2\/pages\/1561","targetHints":{"allow":["GET"]}}],"collection":[{"href":"https:\/\/label.bet\/sk\/wp-json\/wp\/v2\/pages"}],"about":[{"href":"https:\/\/label.bet\/sk\/wp-json\/wp\/v2\/types\/page"}],"author":[{"embeddable":true,"href":"https:\/\/label.bet\/sk\/wp-json\/wp\/v2\/users\/1"}],"replies":[{"embeddable":true,"href":"https:\/\/label.bet\/sk\/wp-json\/wp\/v2\/comments?post=1561"}],"version-history":[{"count":5,"href":"https:\/\/label.bet\/sk\/wp-json\/wp\/v2\/pages\/1561\/revisions"}],"predecessor-version":[{"id":2010,"href":"https:\/\/label.bet\/sk\/wp-json\/wp\/v2\/pages\/1561\/revisions\/2010"}],"wp:attachment":[{"href":"https:\/\/label.bet\/sk\/wp-json\/wp\/v2\/media?parent=1561"}],"curies":[{"name":"wp","href":"https:\/\/api.w.org\/{rel}","templated":true}]}}